{"id":242,"date":"2021-12-13T13:41:11","date_gmt":"2021-12-13T13:41:11","guid":{"rendered":"https:\/\/www.vblawgroup.com\/es\/?page_id=242"},"modified":"2021-12-26T17:57:24","modified_gmt":"2021-12-26T17:57:24","slug":"faqs","status":"publish","type":"page","link":"https:\/\/www.vblawgroup.com\/es\/faqs\/","title":{"rendered":"Preguntas Frecuentes"},"content":{"rendered":"<p class=\"paragraph_quote\"><strong>\u00bfC\u00f3mo s\u00e9 si necesito un abogado?<\/strong><\/p>\n<p>Respuesta: Respuesta: Si usted ha sido lesionado por la negligencia de alguien m\u00e1s es muy importante que hable con un abogado que sea experto en casos de lesiones personales y negligencia. Su abogado sabr\u00e1 cu\u00e1les son sus derechos bajo la ley de Texas. Usted puede tener derecho a una indemnizaci\u00f3n. S\u00f3lo un abogado con experiencia en el tema puede evaluar correctamente su caso y proteger sus derechos.<\/p>\n<p class=\"paragraph_quote\"><strong>\u00bfQu\u00e9 es un abogado de lesiones personales?<\/strong><\/p>\n<p>Respuesta: surgen demandas por lesiones personales cuando una persona se lesiona debido a la negligencia de otro. Un abogado de lesiones personales es expertoen el tema y tiene una amplia experiencia en demandas por lesiones personales y casos de negligencia. Desafortunadamente, las lesiones personales pueden conducir a la muerte, por lo que un abogado de lesiones personales tambi\u00e9n se experimenta en demandas por muerte injusta. Cada caso es \u00fanico, diferente y complejo, y estos mismos var\u00edan de un Estado a otro. Es muy importante hablar con un abogado de lesiones personales de Texas con experiencia en demandas por lesiones personales.<\/p>\n<p class=\"paragraph_quote\"><strong>Si me lesiono en un accidente, \u00bfqu\u00e9 debo hacer?<\/strong><\/p>\n<p>Respuesta: En primer lugar, usted debe buscar atenci\u00f3n m\u00e9dica inmediata. S\u00f3lo un profesional m\u00e9dico puede evaluar y tratar sus lesiones. Si le es posible, usted debe obtener los nombres de los testigos que hayan presenciado el accidente, tomar fotograf\u00edas de la zona del accidente es de gran ayuda y el siguiente paso a seguir es ponerse en contacto con su compa\u00f1\u00eda de seguros si es que usted tiene uno. Entonces, es imperativo que usted inmediatamente se comunique con un abogado experimentado en lesiones personales de Texas. Los primeros d\u00edas despu\u00e9s de un accidente pueden cambiar el curso de los resultados. Es muy importante que usted tenga a un abogado de su lado antes que los abogados de las compa\u00f1ia de seguros de la otra parte se comunique con usted o su familia.<\/p>\n<p class=\"paragraph_quote\"><strong>\u00bfTengo un caso legal por mi accidente?<\/strong><\/p>\n<p>Respuesta: S\u00f3lo un abogado de lesiones personales con experiencia puede evaluar su caso adecuadamente.Hay muchos factores que deben tomarse en cuenta. \u00bfEl otor conductor fue el culpable? \u00bfTuvo usted lesiones debido a su accidente? \u00bfHa perdido usted su salario o ha sido incapacitado para trabajar debido a su accidente? Existen estatutos de l\u00edmite de tiempo en el Estado de Texas que gobiernan muchos aspectos de su caso. Su abogado deber\u00e1 informarle todos los aspectos de un caso de lesiones personales, evaluar\u00e1 su reclamo y ayudar\u00e1 a guiarlo a trav\u00e9s del proceso.<\/p>\n<p class=\"paragraph_quote\"><strong>\u00bfC\u00f3mo s\u00e9 cu\u00e1nto vale mi caso? \u00bfC\u00f3mo s\u00e9 si necesito un abogado?<\/strong><\/p>\n<p>Respuesta: No hay manera de determinar una cantidad espec\u00edfica que podr\u00eda recibir. Usted puede tener derecho a una indemnizaci\u00f3n por gastos m\u00e9dicos a corto y largo plazo, indemnizaci\u00f3n por p\u00e9rdida de salarios, indemnizaci\u00f3n por reducci\u00f3n de capacidad laboral, el dolor y el sufrimiento y la angustia emocional. Es posible que se le puedan asignar da\u00f1os punitivos tambi\u00e9n. Todos los factores que rodean el incidente tienen que ser evaluados y considerados. Su abogado de lesiones personales de Texas evaluar\u00e1 su reclamo y determinar a qu\u00e9 compensaci\u00f3n podr\u00eda tener derecho.<\/p>\n<p class=\"paragraph_quote\"><strong>Si la compa\u00f1\u00eda de seguros ofrece un acuerdo, \u00bfpor qu\u00e9 necesito un abogado?<\/strong><\/p>\n<p>Respuesta: Cualquier entidad que trabaje para la contraparte no estar\u00e1  en favor de sus mejores intereses. En teor\u00eda puede ser que sean amables y que pretendan ayudarle, pero en realidad su \u00fanico inter\u00e9s en la protecci\u00f3n de su propio cliente. La compa\u00f1\u00eda de seguros genera dinero mediante la recopilaci\u00f3n de las primas y pagando lo menos possible por las mismas. Si lo llegan a convencer de firmar un acuerdo, es posible que haya renunciado a sus derechos a una indemnizaci\u00f3n justa. Usted debe tener un abogado experto en lesiones personales de su lado. S\u00f3lo su abogado debe hablar con cualquier persona en representaci\u00f3n de la parte demandada.<\/p>\n<p class=\"paragraph_quote\"><strong>\u00bfQu\u00e9 deber\u00eda decirle a la compa\u00f1\u00eda de seguros si me llaman?<\/strong><\/p>\n<p>Respuesta: No hable con ellos. Si usted tiene un abogado, no deben llamarle a usted directamente. Si usted no tiene un abogado, d\u00edgales que usted est\u00e1 en el proceso de contratar a un abogado y que posteriormente su abogado se comunicar\u00e1 con ellos. Bajo ninguna circunstancia hable de su accidente con ellos. No permita que te presionan para continuar la conversaci\u00f3n. Si no lo ha hecho, p\u00f3ngase en contacto con un abogado de lesiones personales de Texas. S\u00f3lo un abogado expert en lesiones personales puede realmente  proteger sus derechos.<\/p>\n<p class=\"paragraph_quote\"><strong>Si su abogado llama, \u00bfqu\u00e9 debo hacer?<\/strong><\/p>\n<p>Respuesta: No se involucre en ningun tipo de conversaci\u00f3n con un abogado que no sea el suyo propio. Ellos tienen la intenci\u00f3n de que no pagar nada o tan poco como sea posible. No discuta su accidente con nadie que no sea su propio abogado. Si no tiene un abogado, expliqueles que va a contratar a uno y el abogado tendr\u00e1 que llamarles a ellos directamente. En este punto, usted debe terminar cort\u00e9smente la llamada. Si usted tiene un abogado, les dan el nombre y n\u00famero de su abogado, a continuaci\u00f3n, finalice la llamada, Si elabogado de la contraparte sabe que usted tiene representaci\u00f3n legal no le deben volver a llamar.<\/p>\n<p class=\"paragraph_quote\"><strong>Si llamo a un abogado, \u00bfqu\u00e9 pasa despu\u00e9s?<\/strong><\/p>\n<p>Respuesta: Inicialmente, se reunir\u00e1 con el abogado para una consulta y evaluaci\u00f3n gratuita. Durante su consulta, van a hacer preguntas sobre el accidente, tales como d\u00f3nde y c\u00f3mo ocurri\u00f3 incluyendo lo que hizo despu\u00e9s del accidente. Durante la consulta, se evaluar\u00e1 el caso y aconsejarle si usted tiene un reclamo leg\u00edtimo. Una vez que haya contratado a un abogado, que se comunicar\u00e1 con el otro lado para informarles de que ahora se representan. Todos los futuros contactos con el acusado ahora ser\u00e1 manejado por su abogado. Su abogado de lesiones personales investigar a fondo todos los aspectos del incidente incluyendo la recolecci\u00f3n de cualquier informaci\u00f3n que tenga como nombres de testigos y fotograf\u00edas. Se convertir\u00e1n en su defensor y asegurarse de que sus derechos sean protegidos. Se le puede pedir m\u00e1s preguntas, pero recuerda, que est\u00e1n de su lado. Si necesario,<\/p>\n<p class=\"paragraph_quote\"><strong>\u00bfTengo que ir a la corte?<\/strong><\/p>\n<p>Respuesta: La mayor\u00eda de los casos se resuelven fuera de los tribunales. S\u00f3lo el 25% de todos los casos de lesiones personales terminan en juicio.<\/p>\n<p class=\"paragraph_quote\"><strong>\u00bfCu\u00e1nto tiempo lleva todo esto?<\/strong><\/p>\n<p>Respuesta: Cada situaci\u00f3n es diferente. Algunos casos se resuelven r\u00e1pidamente, mientras que otros toman mucho m\u00e1s tiempo. En algunos casos, puede tardar un a\u00f1o o m\u00e1s para lograr un resultado. Hay muchos factores que entran en juego tales como la gravedad de sus lesiones, los detalles del incidente e incluso el acusado en particular. Su abogado le mantendr\u00e1 informado y ser\u00e1 capaz de aconsejarle a medida que su caso progrese.<\/p>\n<p class=\"paragraph_quote\"><strong>Tengo una condici\u00f3n preexistente. \u00bfA\u00fan tengo un reclamo?<\/strong><\/p>\n<p>Respuesta: Su condici\u00f3n preexistente puede ser un factor atenuante. Sin embargo, su condici\u00f3n pre-existente no tiene que ver con la negligencia de otra persona. Si el accidente fue el resultado de la negligencia de alguien m\u00e1s, y sus lesiones actuales se puede atribuir a ese incidente, es posible que tenga un caso legal. Si usted ha sido lesionado en un accidente causado por la negligencia de otro, es muy importante hablarlo con su abogado. Ellos ser\u00e1n capaces de aconsejarle correctamente.<\/p>\n<p class=\"paragraph_quote\"><strong>\u00bfQu\u00e9 significa contingencia?<\/strong><\/p>\n<p>Respuesta: La definici\u00f3n de la contingencia es algo que se basa en acontecimientos imprevistos. En este tipo de situaciones, se refiere a las modalidades de pago entre usted y su abogado. Generalmente, sus  Abogados de Lesiones Personale en San Antonio trabajen bajo contingencia. Esto significa que firman un \u201cacuerdo de honorarios contingentes\u201d, que significa que su abogado se pagar\u00e1 un porcentaje de lo que usted recibe. Los detalles del porcentaje acordado estar\u00e1 estipulado en dicho contrato. Adem\u00e1s, el abogado puede proporcionar los recursos financieros para los costos y gastos que transcurran durante su caso y recuperar los honorarios de su compensaci\u00f3n. Ellos pueden trabajar con los profesionales m\u00e9dicos que proporcionar\u00e1n asistencia m\u00e9dica en la contingencia. En el caso de que no se gane en su caso, los acuerdos de honorarios contingentes pueden requerir que se paguen todos los costos que se han acumulado. Esto es aparte de pagar al abogado. Su cuota se basa \u00fanicamente en porcentaje. A ellos no se les paga si usted no gana. Es importante conocer los t\u00e9rminos de su contrato.<\/p>\n<p class=\"paragraph_quote\"><strong>\u00bfC\u00f3mo se determina la negligencia?<\/strong><\/p>\n<p>Respuesta: Hay varios factores que pueden determinar la negligencia. \u00bfTen\u00eda la otra parte culpa del accidente? Si exist\u00eda una condici\u00f3n peligrosa, \u00bfla contraparte tenia conocimiento de dicho peligro? \u00bfLa contraparte actuaba de imprudente o ilegal? los estatutos del estado de Texas se aplican tambi\u00e9n. No trate de hacer esa determinaci\u00f3n por su cuenta. No asuma que la negligencia no existe. P\u00f3ngase en contacto con un abogado experimentado en lesiones personales de Texas. Ellos pueden evaluar su caso y aconsejarle.<\/p>\n<p class=\"paragraph_quote\"><strong>\u00bfQu\u00e9 es la p\u00e9rdida de consorcio?<\/strong><\/p>\n<p>Respuesta: La p\u00e9rdida de consorcio se refiere a la p\u00e9rdida de compa\u00f1\u00eda conyugal y las relaciones conyugales normales debido a la lesi\u00f3n.<\/p>\n<p class=\"paragraph_quote\"><strong>\u00bfQu\u00e9 son da\u00f1os punitivos?<\/strong><\/p>\n<p>Respuesta: Punitiva se refiere al castigo. Donde los da\u00f1os compensatorios se refieren a las p\u00e9rdidas reales, los da\u00f1os punitivos pueden ser otorgados por encima y m\u00e1s all\u00e1 de las p\u00e9rdidas reales sufridas. Razones por las que los da\u00f1os punitivos podr\u00edan ser adjudicadas incluyen comportamiento malicioso o inusualmente imprudente.<\/p>\n<p class=\"paragraph_quote\"><strong>Estuve en un accidente automovil\u00edstico con un automovilista sin seguro. \u00bfQue pasa ahora?<\/strong><\/p>\n<p>Respuesta: Algunas p\u00f3lizas de autom\u00f3viles incluyen la cobertura de motorista sin seguro. Si ha adquirido ese tipo de cobertura, usted puede tener derecho al pago de sus da\u00f1os dentro de los l\u00edmites de su p\u00f3liza . Debe discutir esta y otras opciones con su abogado de lesiones personales de Texas. Ellos pueden evaluar su caso y hacer las recomendaciones apropiadas.<\/p>\n<p class=\"paragraph_quote\"><strong>\u00bfDebo hablar con los testigos?<\/strong><\/p>\n<p>Respuesta: Es importante obtener los nombres de los testigos y su informaci\u00f3n de contacto, sin embargo, no discuta sobre su accidente con ellos. Es imperativo que usted no haga ninguna declaraci\u00f3n de culpa. P\u00f3ngas en contacto con un abogado de lesiones personales de Texas experto tan pronto como sea posible. Ellos investigar\u00e1n el accidente incluyendo interrogar a cualquier testigo potencial sin poner en peligro el curso de su caso legal.<\/p>\n<p class=\"paragraph_quote\"><strong>\u00bfDebo hablar con amigos y familiares?<\/strong><\/p>\n<p>Respuesta: No hacer ninguna declaraci\u00f3n de culpa a nadie, incluyendo a los amigos, la familia o la polic\u00eda. Si bien es importante para tener acceso a su sistema de apoyo para la comodidad y la asistencia, es aconsejable que se abstengan de discutir el accidente con nadie, especialmente si esa persona es un testigo potencial. Es el trabajo de su abogado de lesiones personales de Texas para hablar en su nombre a todas las partes involucradas. Ellos est\u00e1n familiarizados con las leyes aplicables y proteger\u00e1n sus derechos bajo la ley.<\/p>\n<p class=\"paragraph_quote\"><strong>Me lastim\u00e9 hace 6 meses, pero no estoy mejor. \u00bfPuedo presentar un reclamo?<\/strong><\/p>\n<p>Respuesta: Es muy importante que se comunique con un abogado experimentado en lesiones personales tan pronto como sea posible. Usted todav\u00eda puede ser capaz de presentar una demanda legal, sin embargo, dependiendo de las acciones que ha tomado durante el tiempo desde el accidente, su caso puede haberse debilitado. Texas tiene un estatuto de l\u00edmite para la presentaci\u00f3n de una demanda por lesiones personales, as\u00ed como una demanda por muerte injusta. Un abogado ser\u00e1 capaz de evaluar su caso y aconsejarle adecuadamente<\/p>\n","protected":false},"excerpt":{"rendered":"<p>\u00bfC\u00f3mo s\u00e9 si necesito un abogado? Respuesta: Respuesta: Si usted ha sido lesionado por la negligencia de alguien m\u00e1s es muy importante que hable con un abogado que sea experto en casos de lesiones personales y negligencia. Su abogado sabr\u00e1 cu\u00e1les son sus derechos bajo la ley de Texas. Usted puede tener derecho a una&#8230; <a href=\"https:\/\/www.vblawgroup.com\/es\/faqs\/\">read more<\/a><\/p>\n","protected":false},"author":10,"featured_media":0,"parent":0,"menu_order":0,"comment_status":"closed","ping_status":"closed","template":"","meta":{"_acf_changed":false,"footnotes":""},"class_list":["post-242","page","type-page","status-publish","hentry"],"acf":[],"_links":{"self":[{"href":"https:\/\/www.vblawgroup.com\/es\/wp-json\/wp\/v2\/pages\/242","targetHints":{"allow":["GET"]}}],"collection":[{"href":"https:\/\/www.vblawgroup.com\/es\/wp-json\/wp\/v2\/pages"}],"about":[{"href":"https:\/\/www.vblawgroup.com\/es\/wp-json\/wp\/v2\/types\/page"}],"author":[{"embeddable":true,"href":"https:\/\/www.vblawgroup.com\/es\/wp-json\/wp\/v2\/users\/10"}],"replies":[{"embeddable":true,"href":"https:\/\/www.vblawgroup.com\/es\/wp-json\/wp\/v2\/comments?post=242"}],"version-history":[{"count":0,"href":"https:\/\/www.vblawgroup.com\/es\/wp-json\/wp\/v2\/pages\/242\/revisions"}],"wp:attachment":[{"href":"https:\/\/www.vblawgroup.com\/es\/wp-json\/wp\/v2\/media?parent=242"}],"curies":[{"name":"wp","href":"https:\/\/api.w.org\/{rel}","templated":true}]}}