{"id":269,"date":"2021-12-15T15:08:42","date_gmt":"2021-12-15T15:08:42","guid":{"rendered":"https:\/\/www.vblawgroup.com\/es\/?page_id=269"},"modified":"2023-07-22T14:21:49","modified_gmt":"2023-07-22T14:21:49","slug":"accidentes-de-camiones","status":"publish","type":"page","link":"https:\/\/www.vblawgroup.com\/es\/areas-de-practica\/accidentes-de-camiones\/","title":{"rendered":"Abogados de accidentes de camiones en San Antonio"},"content":{"rendered":"<p>Los camiones son veh\u00edculos grandes y potentes que son extremadamente \u00fatiles cuando se trata de transporte de grandes cantidades de materiales de un lugar a otro. Sin embargo, por su tama\u00f1o tienen un gran aumento en el grado de peligro que se puede presentar en caso de que surja alg\u00fan accidente contra ellos. Su gran tama\u00f1o pone a todos los otros automovilistas en riesgo de lesi\u00f3n cuando se ven involucrados en una colisi\u00f3n con camiones, y la variedad de formas en las que una persona puede sufrir lesiones es muy lamentable.<\/p>\n<p>Los camiones son m\u00e1quinas complejas que requieren un mantenimiento regular para asegurarse de que est\u00e1n funcionando correctamente. Si no se produce el mantenimiento requerido un cami\u00f3n puede experimentar problemas en el motor o falla de los frenos. Adem\u00e1s, los enganches en remolques deben ser inspeccionadas regularmente para evitar que se puedan soltar y provocar accidentes. Las luces de frenos y los reflectores laterales deben funcionar correctamente en todo momento para que los automovilistas que manejen en las proximidades de un cami\u00f3n grande puedan ser visibles y evitar accidentes. El no poder ver a un cami\u00f3n en la noche podr\u00eda resultar en una colisi\u00f3n de impacto trasero o una colisi\u00f3n bajo-peso en done un veh\u00edculo de pasajeros se queda prensado debajo del cami\u00f3n y es arrastrado por este mismo. Los conductores de camiones regularmente manejan por horas y a veces est\u00e1n cansados y esto incrementa de manera exponencial la posibilidad de tener accidentes.<\/p>\n<p><img loading=\"lazy\" decoding=\"async\" class=\"alignnone wp-image-270\" src=\"https:\/\/www.vblawgroup.com\/es\/wp-content\/uploads\/sites\/2\/2021\/12\/san_antonio_truck_accident_attorney.jpg\" alt=\"\" width=\"700\" height=\"525\" srcset=\"https:\/\/www.vblawgroup.com\/es\/wp-content\/uploads\/sites\/2\/2021\/12\/san_antonio_truck_accident_attorney.jpg 800w, https:\/\/www.vblawgroup.com\/es\/wp-content\/uploads\/sites\/2\/2021\/12\/san_antonio_truck_accident_attorney-300x225.jpg 300w, https:\/\/www.vblawgroup.com\/es\/wp-content\/uploads\/sites\/2\/2021\/12\/san_antonio_truck_accident_attorney-768x576.jpg 768w\" sizes=\"auto, (max-width: 700px) 100vw, 700px\" \/><\/p>\n<p>Los conductores de camiones plantean un gran peligro para los automovilistas. De acuerdo con los estatutos nacionales, a los conductores de camiones no se les permite conducir durante m\u00e1s de 11 horas seguidas, y deben tomar diariamente 10 horas de descanso. Por desgracia, muchos conductores de camiones, con el fin de entregar su carga m\u00e1s r\u00e1pido y aceptar m\u00e1s trabajos de entrega y tener m\u00e1s ingresos, deciden conducir por per\u00edodos m\u00e1s largos del tiempo permitido, a veces utilizando estimulantes para mantenerse alerta y despierto. Sin embargo, una vez que los estimulantes desaparecen de su sistema, e incluso mientras est\u00e1n a\u00fan bajo la influencia de dichos estimulantes, los conductores de camiones cansados tras el volante se convierten en un peligro en la carretera para los dem\u00e1s conductores. El factor de falta de sue\u00f1o puede convertir a los conductores de camiones en una amenaza de proporci\u00f3n mortal.<\/p>\n<p>Muchos de los accidentes de camiones en San Antonio, se puede atribuir a la negligencia de los conductores de camiones, compa\u00f1\u00edas de transporte y\/o el due\u00f1o del cami\u00f3n. Si alguna falla mec\u00e1nica provoc\u00f3 el accidente, entonces el due\u00f1o del cami\u00f3n puede ser considerado responsable de los da\u00f1os. Si un conductor pierde el control de su cami\u00f3n, posiblemente debido a que el conductor estaba bajo la influencia de una sustancia il\u00edcita, por consecuencia, el conductor debe ser considerado responsable de los da\u00f1os. De hecho, si las condiciones de la carretera son peligrosas, tales como carreteras mal pavimentadas o letreros\/se\u00f1ales de tr\u00e1fico no visibles entonces puede ser que incluso la ciudad o condado del lugar donde ocurri\u00f3 el accidente pueden ser considerados responsable de los da\u00f1os monetarios.<\/p>\n<p>En cualquier caso, es importante tener a un equipo legal experimentado a su lado que pueda encargarse de todos los detalles pertenecientes a su accidente y determinar la culpabilidad de la parte negligente. En Villarreal y Begum, nuestros Abogados de lesiones personales en San Antonio le ayudar\u00e1n a buscar una compensaci\u00f3n monetaria para ayudar a cubrir los gastos m\u00e9dicos, costos de terapia f\u00edsica, y salarios perdidos y posiblemente aquellas perdidas por lesiones sufridas que le han impedido ser capaz de seguir su rutina diaria de manera normal. Por favor, ll\u00e1menos hoy para una consulta gratuita, y un abogado de Villarreal y Begum con conocimientos en accidentes de camiones en Texas examinar\u00e1 todos los aspectos de su caso para asegurar que sus derechos sean respetados en un tribunal de justicia, y las partes negligentes sean justamente considerados responsables de sus acciones.<\/p>\n<p><img loading=\"lazy\" decoding=\"async\" class=\"alignnone wp-image-271\" src=\"https:\/\/www.vblawgroup.com\/es\/wp-content\/uploads\/sites\/2\/2021\/12\/san_antonio_truck_accident_lawyer.jpg\" alt=\"\" width=\"700\" height=\"175\" srcset=\"https:\/\/www.vblawgroup.com\/es\/wp-content\/uploads\/sites\/2\/2021\/12\/san_antonio_truck_accident_lawyer.jpg 800w, https:\/\/www.vblawgroup.com\/es\/wp-content\/uploads\/sites\/2\/2021\/12\/san_antonio_truck_accident_lawyer-300x75.jpg 300w, https:\/\/www.vblawgroup.com\/es\/wp-content\/uploads\/sites\/2\/2021\/12\/san_antonio_truck_accident_lawyer-768x192.jpg 768w\" sizes=\"auto, (max-width: 700px) 100vw, 700px\" \/><\/p>\n","protected":false},"excerpt":{"rendered":"<p>Los camiones son veh\u00edculos grandes y potentes que son extremadamente \u00fatiles cuando se trata de transporte de grandes cantidades de materiales de un lugar a otro. Sin embargo, por su tama\u00f1o tienen un gran aumento en el grado de peligro que se puede presentar en caso de que surja alg\u00fan accidente contra ellos. Su gran&#8230; <a href=\"https:\/\/www.vblawgroup.com\/es\/areas-de-practica\/accidentes-de-camiones\/\">read more<\/a><\/p>\n","protected":false},"author":10,"featured_media":0,"parent":226,"menu_order":0,"comment_status":"closed","ping_status":"closed","template":"","meta":{"_acf_changed":false,"footnotes":""},"class_list":["post-269","page","type-page","status-publish","hentry"],"acf":[],"_links":{"self":[{"href":"https:\/\/www.vblawgroup.com\/es\/wp-json\/wp\/v2\/pages\/269","targetHints":{"allow":["GET"]}}],"collection":[{"href":"https:\/\/www.vblawgroup.com\/es\/wp-json\/wp\/v2\/pages"}],"about":[{"href":"https:\/\/www.vblawgroup.com\/es\/wp-json\/wp\/v2\/types\/page"}],"author":[{"embeddable":true,"href":"https:\/\/www.vblawgroup.com\/es\/wp-json\/wp\/v2\/users\/10"}],"replies":[{"embeddable":true,"href":"https:\/\/www.vblawgroup.com\/es\/wp-json\/wp\/v2\/comments?post=269"}],"version-history":[{"count":0,"href":"https:\/\/www.vblawgroup.com\/es\/wp-json\/wp\/v2\/pages\/269\/revisions"}],"up":[{"embeddable":true,"href":"https:\/\/www.vblawgroup.com\/es\/wp-json\/wp\/v2\/pages\/226"}],"wp:attachment":[{"href":"https:\/\/www.vblawgroup.com\/es\/wp-json\/wp\/v2\/media?parent=269"}],"curies":[{"name":"wp","href":"https:\/\/api.w.org\/{rel}","templated":true}]}}