{"id":287,"date":"2021-12-15T18:03:33","date_gmt":"2021-12-15T18:03:33","guid":{"rendered":"https:\/\/www.vblawgroup.com\/es\/?page_id=287"},"modified":"2023-07-22T06:11:50","modified_gmt":"2023-07-22T06:11:50","slug":"accidentes-de-atv","status":"publish","type":"page","link":"https:\/\/www.vblawgroup.com\/es\/areas-de-practica\/accidentes-de-atv\/","title":{"rendered":"Abogados de accidentes de veh\u00edculos Todo Terreno (ATV) en San Antonio"},"content":{"rendered":"<p>Veh\u00edculos todo terreno son conocidos por causar da\u00f1os considerables en el cuerpo en volcaduras. La industria de veh\u00edculos Todo Terreno tambi\u00e9n conocidos como ATV trabaja para que estos veh\u00edculos de gran alcance en velocidad sean lo m\u00e1s seguros posible, pero algunos dise\u00f1os pueden tener defectos de f\u00e1brica y mientras que los veh\u00edculos se sigan produciendo seguir\u00e1 habiendo accidentes. San Antonio ve una amplia gama de accidentes de veh\u00edculos todo terreno ATV que conducen a huesos triturados, fracturas, lesiones cerebrales, trastornos emocionales e incluso la muerte.<\/p>\n<p>Los abogados de lesiones personales en el bufete de abogados Villarreal y Begum entienden que una muerte o lesi\u00f3n de un ser querido causa da\u00f1o emocional. Aquellos que se encuentran heridos por un accidente de cualquier veh\u00edculo todo terreno ATV puede tener derecho a recibir una indemnizaci\u00f3n. Los abogados de lesiones en el Villarreal y Begum luchar\u00e1n para obtener la compensaci\u00f3n que usted se merece.<\/p>\n<p>A pesar de que la industria de veh\u00edculos todo terreno- ATV se deshizo de veh\u00edculos todo terreno de 3 llantas debido al peligro que representaban, los veh\u00edculos todo terreno de 4 llantas son cada vez m\u00e1s r\u00e1pidos y extremos que nunca. Por consecuencia los accidentes en este tipo de veh\u00edculos son cada vez m\u00e1s comunes. El bufete de abogados Villarreal y Begum tiene los recursos y la capacidad para investigar la raz\u00f3n del accidente. En algunas ocasiones, si se encuentra un defecto en el veh\u00edculo todo terreno la persona lesionada puede presentar una demanda de defecto de fabricaci\u00f3n. Puede que sea el fabricante o el propietario del veh\u00edculo todo terreno quien tenga la responsabilidad. Con nuestra consulta gratuita tenemos el tiempo y los recursos para descubrir cu\u00e1l fue la parte negligente que haya propiciado el accidente.<\/p>\n<h2>\u00bfPor qu\u00e9 elegir el bufete de abogados Villarreal y Begum?<\/h2>\n<p>Con el tipo de terreno perfecto y el excelente clima con el que cuenta la ciudad de San Antonio, las personas anhelan la aventura que traen veh\u00edculos todo terreno. Tenemos una larga experiencia de trabajo con personas heridas en veh\u00edculos todo terreno y es importante que sepa que tiene un excelente equipo de abogados compasivos que trabajan arduamente para obtener la compensaci\u00f3n que usted se merece.<\/p>\n<p>Ll\u00e1menos si tiene alguna pregunta acerca de su accidente de veh\u00edculo todo terreno o ATV reciente o si desea obtener una indemnizaci\u00f3n econ\u00f3mica por alg\u00fan accidente de este tipo. Ll\u00e1menos al <a href=\"tel:2107774878\">210.777.4878<\/a> para recibir su consulta gratis, o env\u00ede un correo electr\u00f3nico si tiene alguna pregunta sobre el proceso. Entendemos perfectamente que los veh\u00edculos todo terreno ATV son una manera divertida de escape de la realidad, sin embargo si un veh\u00edculo todo terreno no es seguro de usarse entonces el fabricante o propietario deben ser responsable por dicho desperfecto. Vamos a descubrir la verdad sobre su caso y obtener una indemnizaci\u00f3n por sus lesiones.<\/p>\n","protected":false},"excerpt":{"rendered":"<p>Veh\u00edculos todo terreno son conocidos por causar da\u00f1os considerables en el cuerpo en volcaduras. La industria de veh\u00edculos Todo Terreno tambi\u00e9n conocidos como ATV trabaja para que estos veh\u00edculos de gran alcance en velocidad sean lo m\u00e1s seguros posible, pero algunos dise\u00f1os pueden tener defectos de f\u00e1brica y mientras que los veh\u00edculos se sigan produciendo&#8230; <a href=\"https:\/\/www.vblawgroup.com\/es\/areas-de-practica\/accidentes-de-atv\/\">read more<\/a><\/p>\n","protected":false},"author":10,"featured_media":0,"parent":226,"menu_order":0,"comment_status":"closed","ping_status":"closed","template":"","meta":{"_acf_changed":false,"footnotes":""},"class_list":["post-287","page","type-page","status-publish","hentry"],"acf":[],"_links":{"self":[{"href":"https:\/\/www.vblawgroup.com\/es\/wp-json\/wp\/v2\/pages\/287","targetHints":{"allow":["GET"]}}],"collection":[{"href":"https:\/\/www.vblawgroup.com\/es\/wp-json\/wp\/v2\/pages"}],"about":[{"href":"https:\/\/www.vblawgroup.com\/es\/wp-json\/wp\/v2\/types\/page"}],"author":[{"embeddable":true,"href":"https:\/\/www.vblawgroup.com\/es\/wp-json\/wp\/v2\/users\/10"}],"replies":[{"embeddable":true,"href":"https:\/\/www.vblawgroup.com\/es\/wp-json\/wp\/v2\/comments?post=287"}],"version-history":[{"count":0,"href":"https:\/\/www.vblawgroup.com\/es\/wp-json\/wp\/v2\/pages\/287\/revisions"}],"up":[{"embeddable":true,"href":"https:\/\/www.vblawgroup.com\/es\/wp-json\/wp\/v2\/pages\/226"}],"wp:attachment":[{"href":"https:\/\/www.vblawgroup.com\/es\/wp-json\/wp\/v2\/media?parent=287"}],"curies":[{"name":"wp","href":"https:\/\/api.w.org\/{rel}","templated":true}]}}