{"id":295,"date":"2021-12-16T03:07:24","date_gmt":"2021-12-16T03:07:24","guid":{"rendered":"https:\/\/www.vblawgroup.com\/es\/?page_id=295"},"modified":"2023-07-22T06:20:48","modified_gmt":"2023-07-22T06:20:48","slug":"accidentes-de-barco","status":"publish","type":"page","link":"https:\/\/www.vblawgroup.com\/es\/areas-de-practica\/accidentes-de-barco\/","title":{"rendered":"Abogados de Accidente de Barco en San Antonio"},"content":{"rendered":"<p>Abordajes en barcos representan un gran n\u00famero de lesiones y muertes en San Antonio, Texas cada a\u00f1o. Ya sea que usted estuvo involucrado en un accidente de embarcaci\u00f3n recreativo o un familiar muri\u00f3 mientras trabajaba en un barco o barcaza. El bufete de abogados de Villareal y Begum est\u00e1 aqu\u00ed para ayudar. Ofrecemos representaci\u00f3n compasiva, con experiencia, y de gran apoyo a las familias que se est\u00e1n ajustando a su vida despu\u00e9s de un accidente grave o mortal de barco. P\u00f3ngase en contacto para una asesor\u00eda jur\u00eddica y defensiva.<\/p>\n<p>El bufete de abogados de Villareal &amp; Begum representa a v\u00edctimas de accidentes de barco y a sus familias por lesiones personales y demandas por muerte injusta que surgen de diversos tipos de accidentes de motos acu\u00e1ticas, tales como:<\/p>\n<ul>\n<li>colisiones de navegaci\u00f3n<\/li>\n<li>naufragios de lanchas<\/li>\n<li>accidentes de motos acu\u00e1ticas<\/li>\n<li>accidentes de barcaza<\/li>\n<li>accidente de motos acu\u00e1ticas<\/li>\n<\/ul>\n<p>Lesiones de choque de barcos son frecuentemente causados por otros navegantes que est\u00e1n intoxicados y chocan con nadadores u otros nav\u00edos que entran en colisi\u00f3n con balsas o muelles, operadores de barcos j\u00f3venes que est\u00e1n navegando sin la supervisi\u00f3n adecuada, piezas defectuosas, entre muchos otros factores. En Villarreal y Begum nos comprometemos a llegar hasta el fondo de lo sucedido en su accidente.<\/p>\n<h2>Como pueden los accidentes de barcos cambiar su vida \u2026<\/h2>\n<p>Lagos, r\u00edos, y costas son elementos peligrosos porque sus mareas y corrientes son impredecibles. En muchos casos, no es el accidente o colisi\u00f3n lo que causa lesi\u00f3n o hasta la muerte, sino m\u00e1s bien lo que sucede despu\u00e9s del accidente es lo que causa el verdadero da\u00f1o. Cuando la gente se lanza en clavados, puede ser jalada hacia abajo por las corrientes sufriendo da\u00f1os cerebrales por falta de ox\u00edgeno o peor \u2013 se llegan a ahogar. La gente que salta al agua para escapar de un incendio en barco puede sumergirse en aguas poco profundas y sufrir lesiones de la m\u00e9dula espinal por caer en rocas o puede suceder que los sobrevivientes de accidentes no huyen de la zona lo suficientemente r\u00e1pido y est\u00e1n demasiado cerca cuando estalla el motor \u2013 que resulta en lesiones de quemaduras o hasta en la muerte.<\/p>\n<p>Los abogados Villarreal y Begum utilizamos habilidades y recursos para investigar adecuadamente la causa del accidente, as\u00ed como las lesiones de nuestros clientes, de modo que podamos determinar adecuadamente la responsabilidad culposa correctamente. Como resultado, somos capaces de recuperar la compensaci\u00f3n que les corresponde a nuestros clientes.<\/p>\n","protected":false},"excerpt":{"rendered":"<p>Abordajes en barcos representan un gran n\u00famero de lesiones y muertes en San Antonio, Texas cada a\u00f1o. Ya sea que usted estuvo involucrado en un accidente de embarcaci\u00f3n recreativo o un familiar muri\u00f3 mientras trabajaba en un barco o barcaza. El bufete de abogados de Villareal y Begum est\u00e1 aqu\u00ed para ayudar. Ofrecemos representaci\u00f3n compasiva,&#8230; <a href=\"https:\/\/www.vblawgroup.com\/es\/areas-de-practica\/accidentes-de-barco\/\">read more<\/a><\/p>\n","protected":false},"author":10,"featured_media":0,"parent":226,"menu_order":0,"comment_status":"closed","ping_status":"closed","template":"","meta":{"_acf_changed":false,"footnotes":""},"class_list":["post-295","page","type-page","status-publish","hentry"],"acf":[],"_links":{"self":[{"href":"https:\/\/www.vblawgroup.com\/es\/wp-json\/wp\/v2\/pages\/295","targetHints":{"allow":["GET"]}}],"collection":[{"href":"https:\/\/www.vblawgroup.com\/es\/wp-json\/wp\/v2\/pages"}],"about":[{"href":"https:\/\/www.vblawgroup.com\/es\/wp-json\/wp\/v2\/types\/page"}],"author":[{"embeddable":true,"href":"https:\/\/www.vblawgroup.com\/es\/wp-json\/wp\/v2\/users\/10"}],"replies":[{"embeddable":true,"href":"https:\/\/www.vblawgroup.com\/es\/wp-json\/wp\/v2\/comments?post=295"}],"version-history":[{"count":0,"href":"https:\/\/www.vblawgroup.com\/es\/wp-json\/wp\/v2\/pages\/295\/revisions"}],"up":[{"embeddable":true,"href":"https:\/\/www.vblawgroup.com\/es\/wp-json\/wp\/v2\/pages\/226"}],"wp:attachment":[{"href":"https:\/\/www.vblawgroup.com\/es\/wp-json\/wp\/v2\/media?parent=295"}],"curies":[{"name":"wp","href":"https:\/\/api.w.org\/{rel}","templated":true}]}}