{"id":300,"date":"2021-12-16T03:21:53","date_gmt":"2021-12-16T03:21:53","guid":{"rendered":"https:\/\/www.vblawgroup.com\/es\/?page_id=300"},"modified":"2023-07-22T06:23:59","modified_gmt":"2023-07-22T06:23:59","slug":"accidentes-de-autobus","status":"publish","type":"page","link":"https:\/\/www.vblawgroup.com\/es\/areas-de-practica\/accidentes-de-autobus\/","title":{"rendered":"Abogado de accidentes de autobus de San Antonio"},"content":{"rendered":"<p>Nadie deber\u00eda tener que preocuparse por lesionarse cuando se suben a un autob\u00fas. Sin embargo, hay ocasiones en las que las acciones negligentes o descuidadas de un conductor de autob\u00fas o de una empresa de autobuses pueden causar da\u00f1o a otros. En Texas Law Guns, Injury &#038; Accident Lawyers, nuestros abogados de accidentes de autob\u00fas en San Antonio est\u00e1n listos para ayudar si usted o un ser querido ha resultado lesionado. Trabajaremos diligentemente para asegurar la compensaci\u00f3n a la que tiene derecho.<\/p>\n<div id=\"ez-toc-container\" class=\"ez-toc-v2_0_76 counter-hierarchy ez-toc-counter ez-toc-grey ez-toc-container-direction\">\n<div class=\"ez-toc-title-container\">\n<p class=\"ez-toc-title\" style=\"cursor:inherit\">Table of Contents<\/p>\n<span class=\"ez-toc-title-toggle\"><a href=\"#\" class=\"ez-toc-pull-right ez-toc-btn ez-toc-btn-xs ez-toc-btn-default ez-toc-toggle\" aria-label=\"Toggle Table of Content\"><span class=\"ez-toc-js-icon-con\"><span class=\"\"><span class=\"eztoc-hide\" style=\"display:none;\">Toggle<\/span><span class=\"ez-toc-icon-toggle-span\"><svg style=\"fill: #999;color:#999\" xmlns=\"http:\/\/www.w3.org\/2000\/svg\" class=\"list-377408\" width=\"20px\" height=\"20px\" viewBox=\"0 0 24 24\" fill=\"none\"><path d=\"M6 6H4v2h2V6zm14 0H8v2h12V6zM4 11h2v2H4v-2zm16 0H8v2h12v-2zM4 16h2v2H4v-2zm16 0H8v2h12v-2z\" fill=\"currentColor\"><\/path><\/svg><svg style=\"fill: #999;color:#999\" class=\"arrow-unsorted-368013\" xmlns=\"http:\/\/www.w3.org\/2000\/svg\" width=\"10px\" height=\"10px\" viewBox=\"0 0 24 24\" version=\"1.2\" baseProfile=\"tiny\"><path d=\"M18.2 9.3l-6.2-6.3-6.2 6.3c-.2.2-.3.4-.3.7s.1.5.3.7c.2.2.4.3.7.3h11c.3 0 .5-.1.7-.3.2-.2.3-.5.3-.7s-.1-.5-.3-.7zM5.8 14.7l6.2 6.3 6.2-6.3c.2-.2.3-.5.3-.7s-.1-.5-.3-.7c-.2-.2-.4-.3-.7-.3h-11c-.3 0-.5.1-.7.3-.2.2-.3.5-.3.7s.1.5.3.7z\"\/><\/svg><\/span><\/span><\/span><\/a><\/span><\/div>\n<nav><ul class='ez-toc-list ez-toc-list-level-1 ' ><li class='ez-toc-page-1 ez-toc-heading-level-2'><a class=\"ez-toc-link ez-toc-heading-1\" href=\"https:\/\/www.vblawgroup.com\/es\/areas-de-practica\/accidentes-de-autobus\/#Puedes_contar_con_el_Texas_Law_Guns_Injury_Accident_Lawyers\" >Puedes contar con el Texas Law Guns, Injury &#038; Accident Lawyers<\/a><\/li><li class='ez-toc-page-1 ez-toc-heading-level-2'><a class=\"ez-toc-link ez-toc-heading-2\" href=\"https:\/\/www.vblawgroup.com\/es\/areas-de-practica\/accidentes-de-autobus\/#%C2%BFPor_que_necesita_un_abogado_para_un_caso_de_accidente_de_autobus\" >\u00bfPor qu\u00e9 necesita un abogado para un caso de accidente de autob\u00fas?<\/a><\/li><li class='ez-toc-page-1 ez-toc-heading-level-2'><a class=\"ez-toc-link ez-toc-heading-3\" href=\"https:\/\/www.vblawgroup.com\/es\/areas-de-practica\/accidentes-de-autobus\/#Los_accidentes_de_autobus_pueden_provocar_lesiones_devastadoras\" >Los accidentes de autob\u00fas pueden provocar lesiones devastadoras<\/a><\/li><li class='ez-toc-page-1 ez-toc-heading-level-2'><a class=\"ez-toc-link ez-toc-heading-4\" href=\"https:\/\/www.vblawgroup.com\/es\/areas-de-practica\/accidentes-de-autobus\/#%C2%BFPodra_obtener_una_compensacion_por_este_caso\" >\u00bfPodr\u00e1 obtener una compensaci\u00f3n por este caso?<\/a><\/li><li class='ez-toc-page-1 ez-toc-heading-level-2'><a class=\"ez-toc-link ez-toc-heading-5\" href=\"https:\/\/www.vblawgroup.com\/es\/areas-de-practica\/accidentes-de-autobus\/#Llama_al_Villarreal_Begum_las_armas_de_la_ley_hoy\" >Llama al Villarreal &amp; Begum, las armas de la ley hoy<\/a><\/li><\/ul><\/nav><\/div>\n<h2 class=\"FFpbKc\"><span class=\"ez-toc-section\" id=\"Puedes_contar_con_el_Texas_Law_Guns_Injury_Accident_Lawyers\"><\/span>Puedes contar con el Texas Law Guns, Injury &#038; Accident Lawyers<span class=\"ez-toc-section-end\"><\/span><\/h2>\n<p>Despu\u00e9s de sufrir una lesi\u00f3n en un accidente de autob\u00fas, es vital que obtenga la asistencia de un abogado de lesiones personales de confianza en San Antonio. El Texas Law Guns, Injury &#038; Accident Lawyers est\u00e1 a la espera.<\/p>\n<ul>\n<li>Somos un bufete de abogados de servicio completo dedicado a la ley de lesiones personales. Nos aseguramos de que cada cliente reciba la atenci\u00f3n exclusiva de su abogado.<\/li>\n<li>Buscaremos agresivamente la m\u00e1xima compensaci\u00f3n posible para usted y sus necesidades. Nuestro equipo no se conformar\u00e1 con menos de lo que vale su caso.<\/li>\n<li>Aceptamos casos de accidentes de autob\u00fas sobre la base de una tarifa de contingencia. No pagar\u00e1 costos por adelantado ni de su bolsillo, y solo pagar\u00e1 los honorarios legales despu\u00e9s de que obtengamos la compensaci\u00f3n que se merece.<\/li>\n<\/ul>\n<h2><span class=\"ez-toc-section\" id=\"%C2%BFPor_que_necesita_un_abogado_para_un_caso_de_accidente_de_autobus\"><\/span>\u00bfPor qu\u00e9 necesita un abogado para un caso de accidente de autob\u00fas?<span class=\"ez-toc-section-end\"><\/span><\/h2>\n<p>Los casos de accidentes de autob\u00fas pueden volverse incre\u00edblemente complicados e involucrar a varias partes, incluidas agencias gubernamentales, compa\u00f1\u00edas de seguros, equipos legales y empresas importantes. Su abogado de accidentes de autob\u00fas de San Antonio nivelar\u00e1 el campo de juego y se asegurar\u00e1 de que reciba un trato justo. Su abogado:<\/p>\n<ul>\n<li>Re\u00fana toda la evidencia relacionada con el accidente, incluidos informes de accidentes, relatos de testigos presenciales, videovigilancia y m\u00e1s.<\/li>\n<li>Obtenga sus registros m\u00e9dicos y trabaje para calcular adecuadamente sus p\u00e9rdidas totales.<\/li>\n<li>Negocie con todas las partes involucradas para asegurar un acuerdo que cubra todos sus gastos relacionados con el accidente de autob\u00fas.<\/li>\n<\/ul>\n<h2><span class=\"ez-toc-section\" id=\"Los_accidentes_de_autobus_pueden_provocar_lesiones_devastadoras\"><\/span>Los accidentes de autob\u00fas pueden provocar lesiones devastadoras<span class=\"ez-toc-section-end\"><\/span><\/h2>\n<p>Los autobuses son veh\u00edculos grandes y pueden pesar decenas de miles de libras. Hay muchos autobuses en San Antonio y sus alrededores, que incluyen:<\/p>\n<ul>\n<li>Autobuses urbanos<\/li>\n<li>Autobuses escolares<\/li>\n<li>Autobuses de transporte de larga distancia<\/li>\n<li>Autobuses de enlace<\/li>\n<li>Y m\u00e1s<\/li>\n<\/ul>\n<p>Varias agencias son responsables de regular los autobuses y los conductores de autobuses. La Administraci\u00f3n Federal de Seguridad de Autotransportistas (FMCSA) establece que los autobuses escolares y los autobuses interurbanos est\u00e1n involucrados regularmente en choques. Las agencias que regulan estos veh\u00edculos deben asegurarse de que los conductores est\u00e9n debidamente capacitados y que los veh\u00edculos sean inspeccionados y mantenidos con regularidad.<\/p>\n<p>Nuestros abogados de accidentes de autob\u00fas de San Antonio ayudan regularmente a los clientes que han sufrido lo siguiente despu\u00e9s de un incidente:<\/p>\n<ul>\n<li>Huesos rotos y dislocados<\/li>\n<li>Laceraciones severas<\/li>\n<li>Da\u00f1o de \u00f3rganos internos<\/li>\n<li>Hemorragia interna<\/li>\n<li>Lesiones de la m\u00e9dula espinal<\/li>\n<li>Lesiones cerebrales traum\u00e1ticas<\/li>\n<\/ul>\n<h2><span class=\"ez-toc-section\" id=\"%C2%BFPodra_obtener_una_compensacion_por_este_caso\"><\/span>\u00bfPodr\u00e1 obtener una compensaci\u00f3n por este caso?<span class=\"ez-toc-section-end\"><\/span><\/h2>\n<p>Si usted o alguien que le importa ha resultado lesionado en un accidente de autob\u00fas causado por la negligencia de otra persona, busque asistencia legal hoy mismo. En Texas Law Guns, Injury &#038; Accident Lawyers, puede contar con nosotros para llevar a cabo una investigaci\u00f3n exhaustiva del accidente y trabajar para asegurar la compensaci\u00f3n a la que tiene derecho. Esto puede incluir:<\/p>\n<ul>\n<li>Sus gastos m\u00e9dicos relacionados con el accidente de autob\u00fas<\/li>\n<li>Ingresos y beneficios perdidos si no puede trabajar<\/li>\n<li>El dolor y el sufrimiento y la p\u00e9rdida del disfrute de la vida da\u00f1an<\/li>\n<li>Posibles da\u00f1os punitivos contra el conductor del autob\u00fas o la empresa de autobuses.<\/li>\n<li>Llame a un abogado de accidentes de autob\u00fas de San Antonio hoy<\/li>\n<\/ul>\n<h2><span class=\"ez-toc-section\" id=\"Llama_al_Villarreal_Begum_las_armas_de_la_ley_hoy\"><\/span>Llama al Villarreal &amp; Begum, las armas de la ley hoy<span class=\"ez-toc-section-end\"><\/span><\/h2>\n<p>Si necesita un abogado de accidentes de autob\u00fas en San Antonio, puede solicitar una consulta gratuita completando un formulario de contacto o llamando al <a href=\"tel:2107774878\">(210) 800-0000<\/a>.<\/p>\n","protected":false},"excerpt":{"rendered":"<p>Nadie deber\u00eda tener que preocuparse por lesionarse cuando se suben a un autob\u00fas. Sin embargo, hay ocasiones en las que las acciones negligentes o descuidadas de un conductor de autob\u00fas o de una empresa de autobuses pueden causar da\u00f1o a otros. En Texas Law Guns, Injury &#038; Accident Lawyers, nuestros abogados de accidentes de autob\u00fas&#8230; <a href=\"https:\/\/www.vblawgroup.com\/es\/areas-de-practica\/accidentes-de-autobus\/\">read more<\/a><\/p>\n","protected":false},"author":10,"featured_media":0,"parent":226,"menu_order":0,"comment_status":"closed","ping_status":"closed","template":"","meta":{"_acf_changed":false,"footnotes":""},"class_list":["post-300","page","type-page","status-publish","hentry"],"acf":[],"_links":{"self":[{"href":"https:\/\/www.vblawgroup.com\/es\/wp-json\/wp\/v2\/pages\/300","targetHints":{"allow":["GET"]}}],"collection":[{"href":"https:\/\/www.vblawgroup.com\/es\/wp-json\/wp\/v2\/pages"}],"about":[{"href":"https:\/\/www.vblawgroup.com\/es\/wp-json\/wp\/v2\/types\/page"}],"author":[{"embeddable":true,"href":"https:\/\/www.vblawgroup.com\/es\/wp-json\/wp\/v2\/users\/10"}],"replies":[{"embeddable":true,"href":"https:\/\/www.vblawgroup.com\/es\/wp-json\/wp\/v2\/comments?post=300"}],"version-history":[{"count":0,"href":"https:\/\/www.vblawgroup.com\/es\/wp-json\/wp\/v2\/pages\/300\/revisions"}],"up":[{"embeddable":true,"href":"https:\/\/www.vblawgroup.com\/es\/wp-json\/wp\/v2\/pages\/226"}],"wp:attachment":[{"href":"https:\/\/www.vblawgroup.com\/es\/wp-json\/wp\/v2\/media?parent=300"}],"curies":[{"name":"wp","href":"https:\/\/api.w.org\/{rel}","templated":true}]}}