{"id":308,"date":"2021-12-16T08:16:55","date_gmt":"2021-12-16T08:16:55","guid":{"rendered":"https:\/\/www.vblawgroup.com\/es\/?page_id=308"},"modified":"2023-07-22T06:33:46","modified_gmt":"2023-07-22T06:33:46","slug":"accidentes-de-vehiculos-de-empresa","status":"publish","type":"page","link":"https:\/\/www.vblawgroup.com\/es\/areas-de-practica\/accidentes-de-vehiculos-de-empresa\/","title":{"rendered":"Abogado de accidentes de veh\u00edculos de San Antonio Company"},"content":{"rendered":"<p>Los accidentes de veh\u00edculos no son infrecuentes en San Antonio y sus alrededores. Sin embargo, tener un accidente con un veh\u00edculo de la empresa puede resultar complicado. En Texas Law Guns, Injury &#038; Accident Lawyers, nuestros abogados de accidentes de veh\u00edculos de la compa\u00f1\u00eda de San Antonio est\u00e1n listos para ayudarlo si ha resultado lesionado. Investigaremos su accidente, manejaremos las compa\u00f1\u00edas de seguros y trabajaremos para asegurar la compensaci\u00f3n a la que tiene derecho. Cont\u00e1ctenos hoy para su consulta gratuita.<\/p>\n<div id=\"ez-toc-container\" class=\"ez-toc-v2_0_76 counter-hierarchy ez-toc-counter ez-toc-grey ez-toc-container-direction\">\n<div class=\"ez-toc-title-container\">\n<p class=\"ez-toc-title\" style=\"cursor:inherit\">Table of Contents<\/p>\n<span class=\"ez-toc-title-toggle\"><a href=\"#\" class=\"ez-toc-pull-right ez-toc-btn ez-toc-btn-xs ez-toc-btn-default ez-toc-toggle\" aria-label=\"Toggle Table of Content\"><span class=\"ez-toc-js-icon-con\"><span class=\"\"><span class=\"eztoc-hide\" style=\"display:none;\">Toggle<\/span><span class=\"ez-toc-icon-toggle-span\"><svg style=\"fill: #999;color:#999\" xmlns=\"http:\/\/www.w3.org\/2000\/svg\" class=\"list-377408\" width=\"20px\" height=\"20px\" viewBox=\"0 0 24 24\" fill=\"none\"><path d=\"M6 6H4v2h2V6zm14 0H8v2h12V6zM4 11h2v2H4v-2zm16 0H8v2h12v-2zM4 16h2v2H4v-2zm16 0H8v2h12v-2z\" fill=\"currentColor\"><\/path><\/svg><svg style=\"fill: #999;color:#999\" class=\"arrow-unsorted-368013\" xmlns=\"http:\/\/www.w3.org\/2000\/svg\" width=\"10px\" height=\"10px\" viewBox=\"0 0 24 24\" version=\"1.2\" baseProfile=\"tiny\"><path d=\"M18.2 9.3l-6.2-6.3-6.2 6.3c-.2.2-.3.4-.3.7s.1.5.3.7c.2.2.4.3.7.3h11c.3 0 .5-.1.7-.3.2-.2.3-.5.3-.7s-.1-.5-.3-.7zM5.8 14.7l6.2 6.3 6.2-6.3c.2-.2.3-.5.3-.7s-.1-.5-.3-.7c-.2-.2-.4-.3-.7-.3h-11c-.3 0-.5.1-.7.3-.2.2-.3.5-.3.7s.1.5.3.7z\"\/><\/svg><\/span><\/span><\/span><\/a><\/span><\/div>\n<nav><ul class='ez-toc-list ez-toc-list-level-1 ' ><li class='ez-toc-page-1 ez-toc-heading-level-2'><a class=\"ez-toc-link ez-toc-heading-1\" href=\"https:\/\/www.vblawgroup.com\/es\/areas-de-practica\/accidentes-de-vehiculos-de-empresa\/#El_Texas_Law_Guns_Injury_Accident_Lawyers_es_su_eleccion_para_este_caso\" >El Texas Law Guns, Injury &#038; Accident Lawyers es su elecci\u00f3n para este caso<\/a><\/li><li class='ez-toc-page-1 ez-toc-heading-level-2'><a class=\"ez-toc-link ez-toc-heading-2\" href=\"https:\/\/www.vblawgroup.com\/es\/areas-de-practica\/accidentes-de-vehiculos-de-empresa\/#%C2%BFComo_ayudara_un_abogado_a_su_caso\" >\u00bfC\u00f3mo ayudar\u00e1 un abogado a su caso?<\/a><\/li><li class='ez-toc-page-1 ez-toc-heading-level-2'><a class=\"ez-toc-link ez-toc-heading-3\" href=\"https:\/\/www.vblawgroup.com\/es\/areas-de-practica\/accidentes-de-vehiculos-de-empresa\/#Los_choques_con_vehiculos_de_la_empresa_pueden_complicarse\" >Los choques con veh\u00edculos de la empresa pueden complicarse<\/a><\/li><li class='ez-toc-page-1 ez-toc-heading-level-2'><a class=\"ez-toc-link ez-toc-heading-4\" href=\"https:\/\/www.vblawgroup.com\/es\/areas-de-practica\/accidentes-de-vehiculos-de-empresa\/#%C2%BFQue_compensacion_hay_disponible_para_este_caso\" >\u00bfQu\u00e9 compensaci\u00f3n hay disponible para este caso?<\/a><\/li><li class='ez-toc-page-1 ez-toc-heading-level-2'><a class=\"ez-toc-link ez-toc-heading-5\" href=\"https:\/\/www.vblawgroup.com\/es\/areas-de-practica\/accidentes-de-vehiculos-de-empresa\/#Pongase_en_contacto_con_un_abogado_de_accidentes_de_vehiculos_de_la_empresa_de_San_Antonio_hoy_mismo\" >P\u00f3ngase en contacto con un abogado de accidentes de veh\u00edculos de la empresa de San Antonio hoy mismo<\/a><\/li><\/ul><\/nav><\/div>\n<h2><span class=\"ez-toc-section\" id=\"El_Texas_Law_Guns_Injury_Accident_Lawyers_es_su_eleccion_para_este_caso\"><\/span>El Texas Law Guns, Injury &#038; Accident Lawyers es su elecci\u00f3n para este caso<span class=\"ez-toc-section-end\"><\/span><\/h2>\n<p>Cuando trabaje para obtener una compensaci\u00f3n despu\u00e9s de un accidente con un veh\u00edculo de la empresa, recurra al equipo de confianza de Texas Law Guns, Injury &#038; Accident Lawyers.<\/p>\n<ul>\n<li>Estamos dedicados a brindar a cada cliente la atenci\u00f3n completa que se merece. Siempre tendr\u00e1 acceso a su abogado para hacer preguntas y plantear inquietudes sobre su caso.<\/li>\n<li>Buscaremos agresivamente la m\u00e1xima compensaci\u00f3n posible despu\u00e9s de un incidente con un veh\u00edculo de la empresa. Tenemos un historial de \u00e9xito y hemos asegurado m\u00e1s de $ 500 millones en compensaci\u00f3n para nuestros clientes.<\/li>\n<li>Tomamos estos casos sobre la base de una tarifa de contingencia, lo que significa que no pagar\u00e1 un centavo hasta que obtengamos la compensaci\u00f3n a la que tiene derecho.<\/li>\n<\/ul>\n<h2><span class=\"ez-toc-section\" id=\"%C2%BFComo_ayudara_un_abogado_a_su_caso\"><\/span>\u00bfC\u00f3mo ayudar\u00e1 un abogado a su caso?<span class=\"ez-toc-section-end\"><\/span><\/h2>\n<p>Los choques que involucran veh\u00edculos de la empresa pueden complicarse porque a menudo involucran a m\u00e1s partes que los choques de veh\u00edculos tradicionales. Esto puede incluir m\u00faltiples compa\u00f1\u00edas de seguros, as\u00ed como equipos legales. El abogado de accidentes de veh\u00edculos de su compa\u00f1\u00eda en San Antonio tendr\u00e1 los recursos y la experiencia necesarios para investigar a fondo su caso. Su abogado:<\/p>\n<ul>\n<li>Obtener todas las pruebas necesarias para demostrar la responsabilidad.<\/li>\n<li>Asegure sus registros m\u00e9dicos calcule incorrectamente sus p\u00e9rdidas totales<\/li>\n<li>Negociar con todas las partes involucradas para obtener un acuerdo justo en su nombre.<\/li>\n<li>Prep\u00e1rese para llevar el caso a juicio si el acusado no ofrece un acuerdo justo<\/li>\n<\/ul>\n<h2><span class=\"ez-toc-section\" id=\"Los_choques_con_vehiculos_de_la_empresa_pueden_complicarse\"><\/span>Los choques con veh\u00edculos de la empresa pueden complicarse<span class=\"ez-toc-section-end\"><\/span><\/h2>\n<p>En algunos casos, est\u00e1 claro que un veh\u00edculo en la carretera pertenece a una empresa porque est\u00e1n claramente marcados con el nombre de una empresa. Sin embargo, una gran cantidad de veh\u00edculos comerciales no tienen ninguna marca y son indistinguibles de los veh\u00edculos de pasajeros normales. Lo que muchas personas tal vez no se den cuenta es que los veh\u00edculos comerciales pueden tener una cobertura de seguro adicional que podr\u00eda beneficiar a la v\u00edctima de un accidente.<\/p>\n<p>Durante el \u00faltimo a\u00f1o del informe en San Antonio, el Departamento de Transporte de Texas dice que hubo 2,420 choques totales que involucraron veh\u00edculos motorizados comerciales en la ciudad. De estos, hubo m\u00e1s de una docena de muertos y varios cientos de heridos.<\/p>\n<p>La gravedad de un accidente de veh\u00edculo de motor comercial var\u00eda de un caso a otro. A menudo, los veh\u00edculos de la empresa son m\u00e1s grandes y mucho m\u00e1s que los veh\u00edculos de pasajeros tradicionales y pueden causar lesiones graves.<\/p>\n<h2><span class=\"ez-toc-section\" id=\"%C2%BFQue_compensacion_hay_disponible_para_este_caso\"><\/span>\u00bfQu\u00e9 compensaci\u00f3n hay disponible para este caso?<span class=\"ez-toc-section-end\"><\/span><\/h2>\n<p>Si usted o alguien que le importa ha resultado lesionado en un accidente con un veh\u00edculo de la empresa, busque asistencia legal hoy mismo. En Texas Law Guns, Injury &#038; Accident Lawyers, nuestro equipo calificado y experimentado investigar\u00e1 todos los aspectos del incidente y trabajar\u00e1 para asegurar una compensaci\u00f3n completa por sus gastos relacionados con el accidente. Esto puede incluir:<\/p>\n<ul>\n<li>Cobertura de todos los gastos m\u00e9dicos.<\/li>\n<li>Salarios perdidos si no puede trabajar<\/li>\n<li>Da\u00f1os por dolor y sufrimiento<\/li>\n<li>P\u00e9rdida del disfrute de la vida da\u00f1os<\/li>\n<li>Posibles da\u00f1os punitivos contra un conductor o empresa negligente<\/li>\n<\/ul>\n<h2><span class=\"ez-toc-section\" id=\"Pongase_en_contacto_con_un_abogado_de_accidentes_de_vehiculos_de_la_empresa_de_San_Antonio_hoy_mismo\"><\/span>P\u00f3ngase en contacto con un abogado de accidentes de veh\u00edculos de la empresa de San Antonio hoy mismo<span class=\"ez-toc-section-end\"><\/span><\/h2>\n<p>Cuando necesite un abogado de accidentes automovil\u00edsticos en San Antonio, puede contactarnos en l\u00ednea para una consulta gratuita o llamarnos al <a href=\"tel:2107774878\">(210) 800-0000<\/a>.<\/p>\n","protected":false},"excerpt":{"rendered":"<p>Los accidentes de veh\u00edculos no son infrecuentes en San Antonio y sus alrededores. Sin embargo, tener un accidente con un veh\u00edculo de la empresa puede resultar complicado. En Texas Law Guns, Injury &#038; Accident Lawyers, nuestros abogados de accidentes de veh\u00edculos de la compa\u00f1\u00eda de San Antonio est\u00e1n listos para ayudarlo si ha resultado lesionado&#8230;. <a href=\"https:\/\/www.vblawgroup.com\/es\/areas-de-practica\/accidentes-de-vehiculos-de-empresa\/\">read more<\/a><\/p>\n","protected":false},"author":10,"featured_media":0,"parent":226,"menu_order":0,"comment_status":"closed","ping_status":"closed","template":"","meta":{"_acf_changed":false,"footnotes":""},"class_list":["post-308","page","type-page","status-publish","hentry"],"acf":[],"_links":{"self":[{"href":"https:\/\/www.vblawgroup.com\/es\/wp-json\/wp\/v2\/pages\/308","targetHints":{"allow":["GET"]}}],"collection":[{"href":"https:\/\/www.vblawgroup.com\/es\/wp-json\/wp\/v2\/pages"}],"about":[{"href":"https:\/\/www.vblawgroup.com\/es\/wp-json\/wp\/v2\/types\/page"}],"author":[{"embeddable":true,"href":"https:\/\/www.vblawgroup.com\/es\/wp-json\/wp\/v2\/users\/10"}],"replies":[{"embeddable":true,"href":"https:\/\/www.vblawgroup.com\/es\/wp-json\/wp\/v2\/comments?post=308"}],"version-history":[{"count":0,"href":"https:\/\/www.vblawgroup.com\/es\/wp-json\/wp\/v2\/pages\/308\/revisions"}],"up":[{"embeddable":true,"href":"https:\/\/www.vblawgroup.com\/es\/wp-json\/wp\/v2\/pages\/226"}],"wp:attachment":[{"href":"https:\/\/www.vblawgroup.com\/es\/wp-json\/wp\/v2\/media?parent=308"}],"curies":[{"name":"wp","href":"https:\/\/api.w.org\/{rel}","templated":true}]}}