{"id":314,"date":"2021-12-16T09:23:46","date_gmt":"2021-12-16T09:23:46","guid":{"rendered":"https:\/\/www.vblawgroup.com\/es\/?page_id=314"},"modified":"2023-07-22T06:51:20","modified_gmt":"2023-07-22T06:51:20","slug":"accidentes-por-conduccion-bajo-los-efectos-del-alcohol","status":"publish","type":"page","link":"https:\/\/www.vblawgroup.com\/es\/areas-de-practica\/accidentes-por-conduccion-bajo-los-efectos-del-alcohol\/","title":{"rendered":"Abogados de Accidentes en San Antonio por Conductor en Estado de Ebriedad"},"content":{"rendered":"<p>Cuando otro conductor toma la terrible decisi\u00f3n de beber y conducir y como resultado de ello usted y su familia se ven obligados a vivir las consecuencias es importante que tenga a un equipo legal de su lado. En el bufete de abogados Villarreal y Begum, representamos a las v\u00edctimas de accidentes y sus familias que sufren a causa de conductores en estado de ebriedad en San Antonio, Texas y sus \u00e1reas adyacentes.<\/p>\n<div id=\"ez-toc-container\" class=\"ez-toc-v2_0_76 counter-hierarchy ez-toc-counter ez-toc-grey ez-toc-container-direction\">\n<div class=\"ez-toc-title-container\">\n<p class=\"ez-toc-title\" style=\"cursor:inherit\">Table of Contents<\/p>\n<span class=\"ez-toc-title-toggle\"><a href=\"#\" class=\"ez-toc-pull-right ez-toc-btn ez-toc-btn-xs ez-toc-btn-default ez-toc-toggle\" aria-label=\"Toggle Table of Content\"><span class=\"ez-toc-js-icon-con\"><span class=\"\"><span class=\"eztoc-hide\" style=\"display:none;\">Toggle<\/span><span class=\"ez-toc-icon-toggle-span\"><svg style=\"fill: #999;color:#999\" xmlns=\"http:\/\/www.w3.org\/2000\/svg\" class=\"list-377408\" width=\"20px\" height=\"20px\" viewBox=\"0 0 24 24\" fill=\"none\"><path d=\"M6 6H4v2h2V6zm14 0H8v2h12V6zM4 11h2v2H4v-2zm16 0H8v2h12v-2zM4 16h2v2H4v-2zm16 0H8v2h12v-2z\" fill=\"currentColor\"><\/path><\/svg><svg style=\"fill: #999;color:#999\" class=\"arrow-unsorted-368013\" xmlns=\"http:\/\/www.w3.org\/2000\/svg\" width=\"10px\" height=\"10px\" viewBox=\"0 0 24 24\" version=\"1.2\" baseProfile=\"tiny\"><path d=\"M18.2 9.3l-6.2-6.3-6.2 6.3c-.2.2-.3.4-.3.7s.1.5.3.7c.2.2.4.3.7.3h11c.3 0 .5-.1.7-.3.2-.2.3-.5.3-.7s-.1-.5-.3-.7zM5.8 14.7l6.2 6.3 6.2-6.3c.2-.2.3-.5.3-.7s-.1-.5-.3-.7c-.2-.2-.4-.3-.7-.3h-11c-.3 0-.5.1-.7.3-.2.2-.3.5-.3.7s.1.5.3.7z\"\/><\/svg><\/span><\/span><\/span><\/a><\/span><\/div>\n<nav><ul class='ez-toc-list ez-toc-list-level-1 ' ><li class='ez-toc-page-1 ez-toc-heading-level-2'><a class=\"ez-toc-link ez-toc-heading-1\" href=\"https:\/\/www.vblawgroup.com\/es\/areas-de-practica\/accidentes-por-conduccion-bajo-los-efectos-del-alcohol\/#Obtenemos_Compensacion_Justicia_y_Responsabilidad_para_usted\" >Obtenemos Compensaci\u00f3n, Justicia y Responsabilidad para usted<\/a><\/li><li class='ez-toc-page-1 ez-toc-heading-level-2'><a class=\"ez-toc-link ez-toc-heading-2\" href=\"https:\/\/www.vblawgroup.com\/es\/areas-de-practica\/accidentes-por-conduccion-bajo-los-efectos-del-alcohol\/#Representacion_Legal_Despues_de_un_Accidente_por_Conducir_en_Estado_de_Ebriedad\" >Representaci\u00f3n Legal Despu\u00e9s de un Accidente por Conducir en Estado de Ebriedad<\/a><\/li><li class='ez-toc-page-1 ez-toc-heading-level-2'><a class=\"ez-toc-link ez-toc-heading-3\" href=\"https:\/\/www.vblawgroup.com\/es\/areas-de-practica\/accidentes-por-conduccion-bajo-los-efectos-del-alcohol\/#Como_ayudar_a_su_familia_a_traves_de_una_Demanda_cuando_un_ser_querido_fallece_a_causa_de_un_conductor_en_estado_de_ebriedad\" >C\u00f3mo ayudar a su familia a trav\u00e9s de una Demanda cuando un ser querido fallece a causa de un conductor en estado de ebriedad<\/a><\/li><\/ul><\/nav><\/div>\n<h2><span class=\"ez-toc-section\" id=\"Obtenemos_Compensacion_Justicia_y_Responsabilidad_para_usted\"><\/span>Obtenemos Compensaci\u00f3n, Justicia y Responsabilidad para usted<span class=\"ez-toc-section-end\"><\/span><\/h2>\n<p>Cuando una persona decide conducir en estado de ebriedad debe rendir cuentas. Por desgracia s\u00f3lo podemos lograr que el malhechor rinda cuentas mediante la aplicaci\u00f3n de una demanda por lesiones personales o demanda por muerte injusta. en la mayor\u00eda de los casos cuando surge una demanda por accidente automovil\u00edstico, el conductor negligente est\u00e1 protegido por su cobertura de seguro. El estado de Texas llevar\u00e1 a cabo el proceso penal del conductor responsable y sus acciones. Nuestros abogados de accidentes en San Antonio en bufete Villarreal y Begum perseguimos la justicia civil mediante la recuperaci\u00f3n de la compensaci\u00f3n que usted necesita y merece.<\/p>\n<p>A pesar de que ninguna cantidad de dinero que se le pueda proporcionar le otorgar\u00e1 paz por el da\u00f1o causado por un conductor alcoholizado y negligente, la compensaci\u00f3n que usted reciba puede proporcionarle por lo menos un alivio para usted y su familia. Muchas de las v\u00edctimas que sobreviven a un accidente a causa de otra persona por conducir en estado de ebriedad sufren lesiones que alteran la vida, tales como lesiones de la m\u00e9dula espinal o lesiones cerebrales traum\u00e1ticas. Una exitosa demanda por lesiones personales como consecuencia del accidente le puede proporcionar una compensaci\u00f3n por los gastos m\u00e9dicos, salarios perdidos, necesidades de cuidado a largo plazo, dolor y sufrimiento, y m\u00e1s.<\/p>\n<p>Para los miembros de la familia que hacen frente a la muerte de un ser querido, la compensaci\u00f3n tambi\u00e9n puede ayudar a dar alivio a la familia por el ingreso que la persona fallecida proporcionaba, as\u00ed como tambi\u00e9n pueden cubrirse gastos del funeral.<\/p>\n<h2><span class=\"ez-toc-section\" id=\"Representacion_Legal_Despues_de_un_Accidente_por_Conducir_en_Estado_de_Ebriedad\"><\/span>Representaci\u00f3n Legal Despu\u00e9s de un Accidente por Conducir en Estado de Ebriedad<span class=\"ez-toc-section-end\"><\/span><\/h2>\n<p>Adem\u00e1s de los servicios legales que en Villarreal y Begum ofrecemos, estamos en condiciones de remitir a los clientes lesionados a los m\u00e9dicos profesionales expertos en el \u00e1rea. Trabajamos estrechamente con nuestros clientes para asegurar que reciban la atenci\u00f3n m\u00e9dica adecuada y el tratamiento que sea necesario para su recuperaci\u00f3n despu\u00e9s de un grave accidente por un conductor negligente en estado de ebriedad.<\/p>\n<h2><span class=\"ez-toc-section\" id=\"Como_ayudar_a_su_familia_a_traves_de_una_Demanda_cuando_un_ser_querido_fallece_a_causa_de_un_conductor_en_estado_de_ebriedad\"><\/span>C\u00f3mo ayudar a su familia a trav\u00e9s de una Demanda cuando un ser querido fallece a causa de un conductor en estado de ebriedad<span class=\"ez-toc-section-end\"><\/span><\/h2>\n<p>Si su familia ha perdido un ser querido a causa de un conductor en estado de ebriedad, en Villarreal y Begum ofrecemos una orientaci\u00f3n legal fiable. Vamos a manejar sus preocupaciones de manera sensible y apropiada. Un accidente por ebriedad a\u00f1ade un elemento penal a la demanda en su caso, y el Estado va a procesar al infractor. Nuestra firma le dar\u00e1 representaci\u00f3n compasiva a medida que preparamos una demanda por muerte injusta en nombre de su ser querido.<\/p>\n<p>Por favor llame a nuestros experimentados Abogados en San Antonio en accidente automovil\u00edsticos hoy para su consulta gratuita y evaluaci\u00f3n de su caso.<\/p>\n","protected":false},"excerpt":{"rendered":"<p>Cuando otro conductor toma la terrible decisi\u00f3n de beber y conducir y como resultado de ello usted y su familia se ven obligados a vivir las consecuencias es importante que tenga a un equipo legal de su lado. En el bufete de abogados Villarreal y Begum, representamos a las v\u00edctimas de accidentes y sus familias&#8230; <a href=\"https:\/\/www.vblawgroup.com\/es\/areas-de-practica\/accidentes-por-conduccion-bajo-los-efectos-del-alcohol\/\">read more<\/a><\/p>\n","protected":false},"author":10,"featured_media":0,"parent":226,"menu_order":0,"comment_status":"closed","ping_status":"closed","template":"","meta":{"_acf_changed":false,"footnotes":""},"class_list":["post-314","page","type-page","status-publish","hentry"],"acf":[],"_links":{"self":[{"href":"https:\/\/www.vblawgroup.com\/es\/wp-json\/wp\/v2\/pages\/314","targetHints":{"allow":["GET"]}}],"collection":[{"href":"https:\/\/www.vblawgroup.com\/es\/wp-json\/wp\/v2\/pages"}],"about":[{"href":"https:\/\/www.vblawgroup.com\/es\/wp-json\/wp\/v2\/types\/page"}],"author":[{"embeddable":true,"href":"https:\/\/www.vblawgroup.com\/es\/wp-json\/wp\/v2\/users\/10"}],"replies":[{"embeddable":true,"href":"https:\/\/www.vblawgroup.com\/es\/wp-json\/wp\/v2\/comments?post=314"}],"version-history":[{"count":0,"href":"https:\/\/www.vblawgroup.com\/es\/wp-json\/wp\/v2\/pages\/314\/revisions"}],"up":[{"embeddable":true,"href":"https:\/\/www.vblawgroup.com\/es\/wp-json\/wp\/v2\/pages\/226"}],"wp:attachment":[{"href":"https:\/\/www.vblawgroup.com\/es\/wp-json\/wp\/v2\/media?parent=314"}],"curies":[{"name":"wp","href":"https:\/\/api.w.org\/{rel}","templated":true}]}}