{"id":317,"date":"2021-12-16T09:58:22","date_gmt":"2021-12-16T09:58:22","guid":{"rendered":"https:\/\/www.vblawgroup.com\/es\/?page_id=317"},"modified":"2023-07-22T06:57:13","modified_gmt":"2023-07-22T06:57:13","slug":"denegacion-de-danos-por-granizo-seguros","status":"publish","type":"page","link":"https:\/\/www.vblawgroup.com\/es\/areas-de-practica\/denegacion-de-danos-por-granizo-seguros\/","title":{"rendered":"Abogado de denegaci\u00f3n de da\u00f1os por granizo de San Antonio"},"content":{"rendered":"<p>Si bien el clima en San Antonio suele ser hermoso, de vez en cuando la madre naturaleza se vuelve contra nosotros, los tejanos. Cuando la luz del sol da paso a granizos masivos, su prioridad es ponerse a cubierto y estar a salvo. Despu\u00e9s de eso, es hora de evaluar el da\u00f1o causado por la tormenta a su propiedad. Luego, comun\u00edquese con Texas Law Guns, Injury &#038; Accident Lawyers para una consulta gratuita con un abogado con experiencia en da\u00f1os por granizo.<\/p>\n<div id=\"ez-toc-container\" class=\"ez-toc-v2_0_76 counter-hierarchy ez-toc-counter ez-toc-grey ez-toc-container-direction\">\n<div class=\"ez-toc-title-container\">\n<p class=\"ez-toc-title\" style=\"cursor:inherit\">Table of Contents<\/p>\n<span class=\"ez-toc-title-toggle\"><a href=\"#\" class=\"ez-toc-pull-right ez-toc-btn ez-toc-btn-xs ez-toc-btn-default ez-toc-toggle\" aria-label=\"Toggle Table of Content\"><span class=\"ez-toc-js-icon-con\"><span class=\"\"><span class=\"eztoc-hide\" style=\"display:none;\">Toggle<\/span><span class=\"ez-toc-icon-toggle-span\"><svg style=\"fill: #999;color:#999\" xmlns=\"http:\/\/www.w3.org\/2000\/svg\" class=\"list-377408\" width=\"20px\" height=\"20px\" viewBox=\"0 0 24 24\" fill=\"none\"><path d=\"M6 6H4v2h2V6zm14 0H8v2h12V6zM4 11h2v2H4v-2zm16 0H8v2h12v-2zM4 16h2v2H4v-2zm16 0H8v2h12v-2z\" fill=\"currentColor\"><\/path><\/svg><svg style=\"fill: #999;color:#999\" class=\"arrow-unsorted-368013\" xmlns=\"http:\/\/www.w3.org\/2000\/svg\" width=\"10px\" height=\"10px\" viewBox=\"0 0 24 24\" version=\"1.2\" baseProfile=\"tiny\"><path d=\"M18.2 9.3l-6.2-6.3-6.2 6.3c-.2.2-.3.4-.3.7s.1.5.3.7c.2.2.4.3.7.3h11c.3 0 .5-.1.7-.3.2-.2.3-.5.3-.7s-.1-.5-.3-.7zM5.8 14.7l6.2 6.3 6.2-6.3c.2-.2.3-.5.3-.7s-.1-.5-.3-.7c-.2-.2-.4-.3-.7-.3h-11c-.3 0-.5.1-.7.3-.2.2-.3.5-.3.7s.1.5.3.7z\"\/><\/svg><\/span><\/span><\/span><\/a><\/span><\/div>\n<nav><ul class='ez-toc-list ez-toc-list-level-1 ' ><li class='ez-toc-page-1 ez-toc-heading-level-2'><a class=\"ez-toc-link ez-toc-heading-1\" href=\"https:\/\/www.vblawgroup.com\/es\/areas-de-practica\/denegacion-de-danos-por-granizo-seguros\/#LA_MADRE_NATURALEZA_PUEDE_DAR_UN_PUNZON\" >LA MADRE NATURALEZA PUEDE DAR UN PUNZ\u00d3N<\/a><\/li><li class='ez-toc-page-1 ez-toc-heading-level-2'><a class=\"ez-toc-link ez-toc-heading-2\" href=\"https:\/\/www.vblawgroup.com\/es\/areas-de-practica\/denegacion-de-danos-por-granizo-seguros\/#SU_RECLAMO_DE_GRANIZO_PUEDE_SER_NEGADO\" >SU RECLAMO DE GRANIZO PUEDE SER NEGADO<\/a><\/li><li class='ez-toc-page-1 ez-toc-heading-level-2'><a class=\"ez-toc-link ez-toc-heading-3\" href=\"https:\/\/www.vblawgroup.com\/es\/areas-de-practica\/denegacion-de-danos-por-granizo-seguros\/#LAS_EMPRESAS_TAMBIEN_SE_IMPACTAN\" >LAS EMPRESAS TAMBI\u00c9N SE IMPACTAN<\/a><\/li><li class='ez-toc-page-1 ez-toc-heading-level-2'><a class=\"ez-toc-link ez-toc-heading-4\" href=\"https:\/\/www.vblawgroup.com\/es\/areas-de-practica\/denegacion-de-danos-por-granizo-seguros\/#LA_AYUDA_QUE_NECESITA\" >LA AYUDA QUE NECESITA<\/a><\/li><\/ul><\/nav><\/div>\n<h2><span class=\"ez-toc-section\" id=\"LA_MADRE_NATURALEZA_PUEDE_DAR_UN_PUNZON\"><\/span>LA MADRE NATURALEZA PUEDE DAR UN PUNZ\u00d3N<span class=\"ez-toc-section-end\"><\/span><\/h2>\n<p>Sorprendentemente, el granizo es el peligro de tormentas severas m\u00e1s caro en Texas. El granizo puede causar muchos da\u00f1os, ya que b\u00e1sicamente son rocas que caen del cielo a una velocidad terminal. Cuando cientos de ellos golpean su hogar o negocio, pueden causar m\u00e1s que da\u00f1os est\u00e9ticos. Tambi\u00e9n pueden contribuir a problemas estructurales, especialmente en el techo, donde una tormenta podr\u00eda provocar goteras o incluso colapsar. La reparaci\u00f3n de los da\u00f1os en techos, tragaluces y ventanas puede costar miles de d\u00f3lares. El seguro de su propietario o negocio debe cubrir este da\u00f1o, pero cualquiera que haya presentado una reclamaci\u00f3n al seguro sabe que no siempre va bien.<\/p>\n<p><img loading=\"lazy\" decoding=\"async\" class=\"alignnone wp-image-318 size-full\" src=\"https:\/\/www.vblawgroup.com\/es\/wp-content\/uploads\/sites\/2\/2021\/12\/HailStorm.jpg\" alt=\"\" width=\"620\" height=\"300\" srcset=\"https:\/\/www.vblawgroup.com\/es\/wp-content\/uploads\/sites\/2\/2021\/12\/HailStorm.jpg 620w, https:\/\/www.vblawgroup.com\/es\/wp-content\/uploads\/sites\/2\/2021\/12\/HailStorm-300x145.jpg 300w\" sizes=\"auto, (max-width: 620px) 100vw, 620px\" \/><\/p>\n<h2><span class=\"ez-toc-section\" id=\"SU_RECLAMO_DE_GRANIZO_PUEDE_SER_NEGADO\"><\/span>SU RECLAMO DE GRANIZO PUEDE SER NEGADO<span class=\"ez-toc-section-end\"><\/span><\/h2>\n<p>Una denegaci\u00f3n de reclamo por da\u00f1os por granizo puede ocurrir por varias razones, pero generalmente puede revertir la decisi\u00f3n si trabaja con un abogado competente. Su abogado de reclamos por granizo luchar\u00e1 contra la compa\u00f1\u00eda de seguros en su nombre, logrando que paguen la parte que les corresponde de su reclamo para que usted no tenga que preocuparse por las consecuencias de los da\u00f1os por granizo en los pr\u00f3ximos a\u00f1os. En Texas Law Guns, Injury &#038; Accident Lawyers, hemos ayudado con \u00e9xito a muchas personas a luchar contra las denegaciones de reclamos por da\u00f1os por granizo y a obtener el dinero que necesitan para reparar sus hogares.<\/p>\n<h2><span class=\"ez-toc-section\" id=\"LAS_EMPRESAS_TAMBIEN_SE_IMPACTAN\"><\/span>LAS EMPRESAS TAMBI\u00c9N SE IMPACTAN<span class=\"ez-toc-section-end\"><\/span><\/h2>\n<p>En el \u00faltimo a\u00f1o del informe, Texas tuvo la mayor cantidad de eventos de granizo en el pa\u00eds, y el granizo caus\u00f3 miles de millones de d\u00f3lares en da\u00f1os a la propiedad. El granizo puede ser especialmente da\u00f1ino para las empresas, ya que no solo tiene que pagar por los da\u00f1os estructurales de su edificio, sino tambi\u00e9n cubrir el costo de las ventas perdidas. Entendemos la importancia de que su negocio vuelva a funcionar despu\u00e9s de un evento catastr\u00f3fico. Nuestros abogados de reclamos por granizo defender\u00e1n a usted y a su empresa, ayud\u00e1ndolo a hacer un uso completo de su seguro para que una tormenta no lo retrase durante el resto del a\u00f1o fiscal.<\/p>\n<h2><span class=\"ez-toc-section\" id=\"LA_AYUDA_QUE_NECESITA\"><\/span>LA AYUDA QUE NECESITA<span class=\"ez-toc-section-end\"><\/span><\/h2>\n<p>En un mundo perfecto, presentar un reclamo por granizo ser\u00eda sencillo y f\u00e1cil, y su compa\u00f1\u00eda de seguros siempre cumplir\u00eda con su deber sin mentiras, declaraciones enga\u00f1osas, demoras o contraataques. En cambio, muchas personas se encuentran perdiendo meses tratando de que se pague su reclamo y aprendiendo sobre las complejidades de su p\u00f3liza de seguro. Al contratar a un abogado de reclamos por granizo, puede asegurarse de que haya alguien de su lado que sepa tanto sobre reclamos de seguros como su compa\u00f1\u00eda de seguros. Tendr\u00e1 alguien que luchar\u00e1 por recibir todos los beneficios de su cobertura.<\/p>\n<p>Cuando el granizo da\u00f1a su negocio o su hogar, es hora de ponerse en contacto con su agencia de seguros. Entonces, es una buena idea contactar a un abogado de reclamos por granizo. Al trabajar con un abogado profesional en reclamos por granizo, puede recibir un pago m\u00e1s r\u00e1pido y volver a ocuparse de las cosas importantes de su vida, como su familia o su negocio. Llame hoy para analizar c\u00f3mo podemos ayudarlo a aprovechar al m\u00e1ximo su p\u00f3liza de seguro.<\/p>\n","protected":false},"excerpt":{"rendered":"<p>Si bien el clima en San Antonio suele ser hermoso, de vez en cuando la madre naturaleza se vuelve contra nosotros, los tejanos. Cuando la luz del sol da paso a granizos masivos, su prioridad es ponerse a cubierto y estar a salvo. Despu\u00e9s de eso, es hora de evaluar el da\u00f1o causado por la&#8230; <a href=\"https:\/\/www.vblawgroup.com\/es\/areas-de-practica\/denegacion-de-danos-por-granizo-seguros\/\">read more<\/a><\/p>\n","protected":false},"author":10,"featured_media":0,"parent":226,"menu_order":0,"comment_status":"closed","ping_status":"closed","template":"","meta":{"_acf_changed":false,"footnotes":""},"class_list":["post-317","page","type-page","status-publish","hentry"],"acf":[],"_links":{"self":[{"href":"https:\/\/www.vblawgroup.com\/es\/wp-json\/wp\/v2\/pages\/317","targetHints":{"allow":["GET"]}}],"collection":[{"href":"https:\/\/www.vblawgroup.com\/es\/wp-json\/wp\/v2\/pages"}],"about":[{"href":"https:\/\/www.vblawgroup.com\/es\/wp-json\/wp\/v2\/types\/page"}],"author":[{"embeddable":true,"href":"https:\/\/www.vblawgroup.com\/es\/wp-json\/wp\/v2\/users\/10"}],"replies":[{"embeddable":true,"href":"https:\/\/www.vblawgroup.com\/es\/wp-json\/wp\/v2\/comments?post=317"}],"version-history":[{"count":0,"href":"https:\/\/www.vblawgroup.com\/es\/wp-json\/wp\/v2\/pages\/317\/revisions"}],"up":[{"embeddable":true,"href":"https:\/\/www.vblawgroup.com\/es\/wp-json\/wp\/v2\/pages\/226"}],"wp:attachment":[{"href":"https:\/\/www.vblawgroup.com\/es\/wp-json\/wp\/v2\/media?parent=317"}],"curies":[{"name":"wp","href":"https:\/\/api.w.org\/{rel}","templated":true}]}}