{"id":321,"date":"2021-12-16T10:15:28","date_gmt":"2021-12-16T10:15:28","guid":{"rendered":"https:\/\/www.vblawgroup.com\/es\/?page_id=321"},"modified":"2023-07-22T07:01:18","modified_gmt":"2023-07-22T07:01:18","slug":"colisiones-frontales","status":"publish","type":"page","link":"https:\/\/www.vblawgroup.com\/es\/areas-de-practica\/colisiones-frontales\/","title":{"rendered":"Abogado de colisi\u00f3n de San Antonio"},"content":{"rendered":"<p>Estar involucrado en una colisi\u00f3n frontal puede ser una experiencia incre\u00edblemente aterradora y puede provocar lesiones graves. Es vital que obtenga la compensaci\u00f3n que se merece despu\u00e9s de una colisi\u00f3n frontal. Es posible que necesite la ayuda de un abogado con experiencia, y Texas Law Guns, Injury &#038; Accident Lawyers est\u00e1 listo para ayudar. Deje que nuestros abogados de colisi\u00f3n frontal de San Antonio investiguen lo que sucedi\u00f3 en su caso.<\/p>\n<div id=\"ez-toc-container\" class=\"ez-toc-v2_0_76 counter-hierarchy ez-toc-counter ez-toc-grey ez-toc-container-direction\">\n<div class=\"ez-toc-title-container\">\n<p class=\"ez-toc-title\" style=\"cursor:inherit\">Table of Contents<\/p>\n<span class=\"ez-toc-title-toggle\"><a href=\"#\" class=\"ez-toc-pull-right ez-toc-btn ez-toc-btn-xs ez-toc-btn-default ez-toc-toggle\" aria-label=\"Toggle Table of Content\"><span class=\"ez-toc-js-icon-con\"><span class=\"\"><span class=\"eztoc-hide\" style=\"display:none;\">Toggle<\/span><span class=\"ez-toc-icon-toggle-span\"><svg style=\"fill: #999;color:#999\" xmlns=\"http:\/\/www.w3.org\/2000\/svg\" class=\"list-377408\" width=\"20px\" height=\"20px\" viewBox=\"0 0 24 24\" fill=\"none\"><path d=\"M6 6H4v2h2V6zm14 0H8v2h12V6zM4 11h2v2H4v-2zm16 0H8v2h12v-2zM4 16h2v2H4v-2zm16 0H8v2h12v-2z\" fill=\"currentColor\"><\/path><\/svg><svg style=\"fill: #999;color:#999\" class=\"arrow-unsorted-368013\" xmlns=\"http:\/\/www.w3.org\/2000\/svg\" width=\"10px\" height=\"10px\" viewBox=\"0 0 24 24\" version=\"1.2\" baseProfile=\"tiny\"><path d=\"M18.2 9.3l-6.2-6.3-6.2 6.3c-.2.2-.3.4-.3.7s.1.5.3.7c.2.2.4.3.7.3h11c.3 0 .5-.1.7-.3.2-.2.3-.5.3-.7s-.1-.5-.3-.7zM5.8 14.7l6.2 6.3 6.2-6.3c.2-.2.3-.5.3-.7s-.1-.5-.3-.7c-.2-.2-.4-.3-.7-.3h-11c-.3 0-.5.1-.7.3-.2.2-.3.5-.3.7s.1.5.3.7z\"\/><\/svg><\/span><\/span><\/span><\/a><\/span><\/div>\n<nav><ul class='ez-toc-list ez-toc-list-level-1 ' ><li class='ez-toc-page-1 ez-toc-heading-level-2'><a class=\"ez-toc-link ez-toc-heading-1\" href=\"https:\/\/www.vblawgroup.com\/es\/areas-de-practica\/colisiones-frontales\/#%C2%BFPOR_QUE_ELEGIR_VILLARREAL_BEGUM_LAW_GUNS\" >\u00bfPOR QU\u00c9 ELEGIR VILLARREAL &amp; BEGUM, LAW GUNS?<\/a><\/li><li class='ez-toc-page-1 ez-toc-heading-level-2'><a class=\"ez-toc-link ez-toc-heading-2\" href=\"https:\/\/www.vblawgroup.com\/es\/areas-de-practica\/colisiones-frontales\/#%C2%BFNECESITA_UN_ABOGADO_PARA_ESTE_CASO\" >\u00bfNECESITA UN ABOGADO PARA ESTE CASO?<\/a><\/li><li class='ez-toc-page-1 ez-toc-heading-level-2'><a class=\"ez-toc-link ez-toc-heading-3\" href=\"https:\/\/www.vblawgroup.com\/es\/areas-de-practica\/colisiones-frontales\/#LAS_COLISIONES_FRONTALES_PROVOCAN_LESIONES_GRAVES\" >LAS COLISIONES FRONTALES PROVOCAN LESIONES GRAVES<\/a><\/li><li class='ez-toc-page-1 ez-toc-heading-level-2'><a class=\"ez-toc-link ez-toc-heading-4\" href=\"https:\/\/www.vblawgroup.com\/es\/areas-de-practica\/colisiones-frontales\/#%C2%BFQUE_TIPO_DE_COMPENSACION_ESTA_DISPONIBLE_PARA_ESTOS_CASOS\" >\u00bfQU\u00c9 TIPO DE COMPENSACI\u00d3N EST\u00c1 DISPONIBLE PARA ESTOS CASOS?<\/a><\/li><li class='ez-toc-page-1 ez-toc-heading-level-2'><a class=\"ez-toc-link ez-toc-heading-5\" href=\"https:\/\/www.vblawgroup.com\/es\/areas-de-practica\/colisiones-frontales\/#LLAME_A_UN_ABOGADO_DE_ACCIDENTES_DE_AUTOMOVIL_DE_TEXAS_HOY\" >LLAME A UN ABOGADO DE ACCIDENTES DE AUTOM\u00d3VIL DE TEXAS HOY<\/a><\/li><\/ul><\/nav><\/div>\n<h2><span class=\"ez-toc-section\" id=\"%C2%BFPOR_QUE_ELEGIR_VILLARREAL_BEGUM_LAW_GUNS\"><\/span>\u00bfPOR QU\u00c9 ELEGIR VILLARREAL &amp; BEGUM, LAW GUNS?<span class=\"ez-toc-section-end\"><\/span><\/h2>\n<p>Obtener una compensaci\u00f3n despu\u00e9s de una colisi\u00f3n frontal requerir\u00e1 la asistencia de un abogado capacitado y con conocimientos. En Texas Law Guns, Injury &#038; Accident Lawyers, estamos dedicados a ayudar a los residentes de San Antonio.<\/p>\n<ul>\n<li>Con una tasa de \u00e9xito del 99%, tenemos un historial comprobado de resultados que ha asegurado m\u00e1s de $ 500 millones en compensaci\u00f3n para nuestros clientes.<\/li>\n<li>Buscaremos agresivamente la m\u00e1xima compensaci\u00f3n posible para usted y sus necesidades. No nos conformaremos con ofertas bajas y no dudaremos en llevar su caso a juicio si es necesario.<\/li>\n<li>Tomamos estos casos sobre la base de una tarifa de contingencia, lo que significa que no cobraremos ninguna tarifa legal hasta que obtengamos una compensaci\u00f3n favorable en su nombre.<\/li>\n<\/ul>\n<h2><span class=\"ez-toc-section\" id=\"%C2%BFNECESITA_UN_ABOGADO_PARA_ESTE_CASO\"><\/span>\u00bfNECESITA UN ABOGADO PARA ESTE CASO?<span class=\"ez-toc-section-end\"><\/span><\/h2>\n<p>Es importante comprender que las colisiones frontales pueden ser devastadoras y no debe confiar en que las compa\u00f1\u00edas de seguros le ofrecer\u00e1n un acuerdo justo. Su abogado de colisi\u00f3n frontal de San Antonio ser\u00e1 responsable de obtener todas las pruebas relacionadas con el accidente. Esto puede incluir informes de accidentes, relatos de testigos oculares y vigilancia por video.<\/p>\n<p>Su abogado tambi\u00e9n se asegurar\u00e1 de que sus registros m\u00e9dicos sean revisados \u200b\u200bpor un profesional m\u00e9dico que pueda evaluar completamente el alcance de sus lesiones y predecir adecuadamente el costo total del tratamiento necesario. Con esta informaci\u00f3n, su abogado negociar\u00e1 agresivamente un acuerdo que cubra todos sus gastos relacionados con el accidente.<\/p>\n<h2><span class=\"ez-toc-section\" id=\"LAS_COLISIONES_FRONTALES_PROVOCAN_LESIONES_GRAVES\"><\/span>LAS COLISIONES FRONTALES PROVOCAN LESIONES GRAVES<span class=\"ez-toc-section-end\"><\/span><\/h2>\n<p>Las colisiones frontales pueden ser m\u00e1s devastadoras que otros tipos de accidentes porque a menudo involucran veh\u00edculos que viajan a velocidades m\u00e1s altas chocando entre s\u00ed. Seg\u00fan datos del Insurance Information Institute, las colisiones frontales resultaron en m\u00e1s del 10% de todas las muertes por accidentes de tr\u00e1nsito en los EE. UU. Durante el \u00faltimo a\u00f1o del informe. Y la NHTSA informa que las colisiones frontales son m\u00e1s comunes en \u00e1reas rurales que urbanas.<\/p>\n<p>No es raro que nuestros abogados de colisi\u00f3n frontal de San Antonio ayuden a los clientes a obtener una compensaci\u00f3n despu\u00e9s de haber sufrido lo siguiente:<\/p>\n<ul>\n<li>Lesiones cerebrales traum\u00e1ticas<\/li>\n<li>Lesiones abiertas en la cabeza<\/li>\n<li>Lesiones de la m\u00e9dula espinal con posible par\u00e1lisis.<\/li>\n<li>Latigazo<\/li>\n<li>Huesos rotos (extremidades y caja tor\u00e1cica)<\/li>\n<li>Da\u00f1o mayor de \u00f3rganos internos<\/li>\n<li>Laceraciones graves o heridas punzantes<\/li>\n<\/ul>\n<h2><span class=\"ez-toc-section\" id=\"%C2%BFQUE_TIPO_DE_COMPENSACION_ESTA_DISPONIBLE_PARA_ESTOS_CASOS\"><\/span>\u00bfQU\u00c9 TIPO DE COMPENSACI\u00d3N EST\u00c1 DISPONIBLE PARA ESTOS CASOS?<span class=\"ez-toc-section-end\"><\/span><\/h2>\n<p>Si usted o un ser querido ha resultado lesionado en una colisi\u00f3n frontal debido a las acciones descuidadas o negligentes de otro conductor, comun\u00edquese con un abogado hoy. En Texas Law Guns, Injury &#038; Accident Lawyers, tenemos el conocimiento y la experiencia necesarios para superar este caso. Hay varios tipos de compensaci\u00f3n a los que puede tener derecho, que incluyen:<\/p>\n<ul>\n<li>Cobertura de todos los gastos m\u00e9dicos relacionados con accidentes<\/li>\n<li>Ingresos perdidos si no puede trabajar mientras se recupera<\/li>\n<li>Da\u00f1os por dolor y sufrimiento<\/li>\n<li>P\u00e9rdida del disfrute de la vida da\u00f1os<\/li>\n<li>Posibles da\u00f1os punitivos contra un conductor negligente<\/li>\n<\/ul>\n<h2><span class=\"ez-toc-section\" id=\"LLAME_A_UN_ABOGADO_DE_ACCIDENTES_DE_AUTOMOVIL_DE_TEXAS_HOY\"><\/span>LLAME A UN ABOGADO DE ACCIDENTES DE AUTOM\u00d3VIL DE TEXAS HOY<span class=\"ez-toc-section-end\"><\/span><\/h2>\n<p>Cuando necesite un abogado de colisi\u00f3n frontal en San Antonio, puede contactarnos para una consulta gratuita aqu\u00ed o llamarnos al <a href=\"tel:2107774878\">(210) 800-0000<\/a>.<\/p>\n","protected":false},"excerpt":{"rendered":"<p>Estar involucrado en una colisi\u00f3n frontal puede ser una experiencia incre\u00edblemente aterradora y puede provocar lesiones graves. Es vital que obtenga la compensaci\u00f3n que se merece despu\u00e9s de una colisi\u00f3n frontal. Es posible que necesite la ayuda de un abogado con experiencia, y Texas Law Guns, Injury &#038; Accident Lawyers est\u00e1 listo para ayudar. Deje&#8230; <a href=\"https:\/\/www.vblawgroup.com\/es\/areas-de-practica\/colisiones-frontales\/\">read more<\/a><\/p>\n","protected":false},"author":10,"featured_media":0,"parent":226,"menu_order":0,"comment_status":"closed","ping_status":"closed","template":"","meta":{"_acf_changed":false,"footnotes":""},"class_list":["post-321","page","type-page","status-publish","hentry"],"acf":[],"_links":{"self":[{"href":"https:\/\/www.vblawgroup.com\/es\/wp-json\/wp\/v2\/pages\/321","targetHints":{"allow":["GET"]}}],"collection":[{"href":"https:\/\/www.vblawgroup.com\/es\/wp-json\/wp\/v2\/pages"}],"about":[{"href":"https:\/\/www.vblawgroup.com\/es\/wp-json\/wp\/v2\/types\/page"}],"author":[{"embeddable":true,"href":"https:\/\/www.vblawgroup.com\/es\/wp-json\/wp\/v2\/users\/10"}],"replies":[{"embeddable":true,"href":"https:\/\/www.vblawgroup.com\/es\/wp-json\/wp\/v2\/comments?post=321"}],"version-history":[{"count":0,"href":"https:\/\/www.vblawgroup.com\/es\/wp-json\/wp\/v2\/pages\/321\/revisions"}],"up":[{"embeddable":true,"href":"https:\/\/www.vblawgroup.com\/es\/wp-json\/wp\/v2\/pages\/226"}],"wp:attachment":[{"href":"https:\/\/www.vblawgroup.com\/es\/wp-json\/wp\/v2\/media?parent=321"}],"curies":[{"name":"wp","href":"https:\/\/api.w.org\/{rel}","templated":true}]}}