{"id":333,"date":"2021-12-17T16:48:27","date_gmt":"2021-12-17T16:48:27","guid":{"rendered":"https:\/\/www.vblawgroup.com\/es\/?page_id=333"},"modified":"2023-07-22T14:17:13","modified_gmt":"2023-07-22T14:17:13","slug":"accidentes-de-scooter-de-alquiler","status":"publish","type":"page","link":"https:\/\/www.vblawgroup.com\/es\/areas-de-practica\/accidentes-de-scooter-de-alquiler\/","title":{"rendered":"Abogado de accidentes de scooter de alquiler en San Antonio"},"content":{"rendered":"<p>Una frase se est\u00e1 volviendo muy popular entre la poblaci\u00f3n de tr\u00e1nsito urbano en San Antonio, Texas. Es \u00absi puedes andar en bicicleta, definitivamente puedes andar en scooter\u00bb. Cientos de \u00abautomovilistas\u00bb toman las calles locales en estos artilugios el\u00e9ctricos cada mes. Esto ha provocado un aumento importante en los accidentes de alquiler de scooters en San Antonio.<\/p>\n<p>\u00bfSon seguros los patinetes el\u00e9ctricos? Para los fan\u00e1ticos que los montan, la respuesta puede ser simple, \u00ab\u00a1Por supuesto!\u00bb Pero para los peatones y los conductores de veh\u00edculos motorizados, muchos insisten en que la respuesta es no.<\/p>\n<p>Desde no ceder el paso hasta los autom\u00f3viles que cortan los scooters para girar frente a ellos, los scooters brindan muchas oportunidades para que los peligros causen problemas. Pero la ciudad est\u00e1 avanzando para crear leyes que protejan a los conductores, peatones y ciclistas.<\/p>\n<div id=\"ez-toc-container\" class=\"ez-toc-v2_0_76 counter-hierarchy ez-toc-counter ez-toc-grey ez-toc-container-direction\">\n<div class=\"ez-toc-title-container\">\n<p class=\"ez-toc-title\" style=\"cursor:inherit\">Table of Contents<\/p>\n<span class=\"ez-toc-title-toggle\"><a href=\"#\" class=\"ez-toc-pull-right ez-toc-btn ez-toc-btn-xs ez-toc-btn-default ez-toc-toggle\" aria-label=\"Toggle Table of Content\"><span class=\"ez-toc-js-icon-con\"><span class=\"\"><span class=\"eztoc-hide\" style=\"display:none;\">Toggle<\/span><span class=\"ez-toc-icon-toggle-span\"><svg style=\"fill: #999;color:#999\" xmlns=\"http:\/\/www.w3.org\/2000\/svg\" class=\"list-377408\" width=\"20px\" height=\"20px\" viewBox=\"0 0 24 24\" fill=\"none\"><path d=\"M6 6H4v2h2V6zm14 0H8v2h12V6zM4 11h2v2H4v-2zm16 0H8v2h12v-2zM4 16h2v2H4v-2zm16 0H8v2h12v-2z\" fill=\"currentColor\"><\/path><\/svg><svg style=\"fill: #999;color:#999\" class=\"arrow-unsorted-368013\" xmlns=\"http:\/\/www.w3.org\/2000\/svg\" width=\"10px\" height=\"10px\" viewBox=\"0 0 24 24\" version=\"1.2\" baseProfile=\"tiny\"><path d=\"M18.2 9.3l-6.2-6.3-6.2 6.3c-.2.2-.3.4-.3.7s.1.5.3.7c.2.2.4.3.7.3h11c.3 0 .5-.1.7-.3.2-.2.3-.5.3-.7s-.1-.5-.3-.7zM5.8 14.7l6.2 6.3 6.2-6.3c.2-.2.3-.5.3-.7s-.1-.5-.3-.7c-.2-.2-.4-.3-.7-.3h-11c-.3 0-.5.1-.7.3-.2.2-.3.5-.3.7s.1.5.3.7z\"\/><\/svg><\/span><\/span><\/span><\/a><\/span><\/div>\n<nav><ul class='ez-toc-list ez-toc-list-level-1 ' ><li class='ez-toc-page-1 ez-toc-heading-level-2'><a class=\"ez-toc-link ez-toc-heading-1\" href=\"https:\/\/www.vblawgroup.com\/es\/areas-de-practica\/accidentes-de-scooter-de-alquiler\/#LOS_SERVICIOS_BAJO_DEMANDA_AUMENTAN_LOS_ACCIDENTES_DE_E-SCOOTER\" >LOS SERVICIOS BAJO DEMANDA AUMENTAN LOS ACCIDENTES DE E-SCOOTER<\/a><\/li><li class='ez-toc-page-1 ez-toc-heading-level-2'><a class=\"ez-toc-link ez-toc-heading-2\" href=\"https:\/\/www.vblawgroup.com\/es\/areas-de-practica\/accidentes-de-scooter-de-alquiler\/#EMPRESAS_Y_REGLAS_DE_E-SCOOTER\" >EMPRESAS Y REGLAS DE E-SCOOTER<\/a><\/li><li class='ez-toc-page-1 ez-toc-heading-level-2'><a class=\"ez-toc-link ez-toc-heading-3\" href=\"https:\/\/www.vblawgroup.com\/es\/areas-de-practica\/accidentes-de-scooter-de-alquiler\/#LOS_5_PELIGROS_DE_SCOOTER_DE_ALQUILER_MAS_COMUNES_EN_SAN_ANTONIO\" >LOS 5 PELIGROS DE SCOOTER DE ALQUILER M\u00c1S COMUNES EN SAN ANTONIO<\/a><ul class='ez-toc-list-level-3' ><li class='ez-toc-heading-level-3'><a class=\"ez-toc-link ez-toc-heading-4\" href=\"https:\/\/www.vblawgroup.com\/es\/areas-de-practica\/accidentes-de-scooter-de-alquiler\/#1_Desviando\" >1. Desviando<\/a><\/li><li class='ez-toc-page-1 ez-toc-heading-level-3'><a class=\"ez-toc-link ez-toc-heading-5\" href=\"https:\/\/www.vblawgroup.com\/es\/areas-de-practica\/accidentes-de-scooter-de-alquiler\/#2_Puertas\" >2. Puertas<\/a><\/li><li class='ez-toc-page-1 ez-toc-heading-level-3'><a class=\"ez-toc-link ez-toc-heading-6\" href=\"https:\/\/www.vblawgroup.com\/es\/areas-de-practica\/accidentes-de-scooter-de-alquiler\/#3_Peatones\" >3. Peatones<\/a><\/li><li class='ez-toc-page-1 ez-toc-heading-level-3'><a class=\"ez-toc-link ez-toc-heading-7\" href=\"https:\/\/www.vblawgroup.com\/es\/areas-de-practica\/accidentes-de-scooter-de-alquiler\/#4_Peligros_en_la_carretera\" >4. Peligros en la carretera<\/a><\/li><li class='ez-toc-page-1 ez-toc-heading-level-3'><a class=\"ez-toc-link ez-toc-heading-8\" href=\"https:\/\/www.vblawgroup.com\/es\/areas-de-practica\/accidentes-de-scooter-de-alquiler\/#5_Peligros_en_la_calle\" >5. Peligros en la calle<\/a><\/li><\/ul><\/li><li class='ez-toc-page-1 ez-toc-heading-level-2'><a class=\"ez-toc-link ez-toc-heading-9\" href=\"https:\/\/www.vblawgroup.com\/es\/areas-de-practica\/accidentes-de-scooter-de-alquiler\/#CONTACTE_A_UN_ABOGADO_DE_ACCIDENTES_DE_E-SCOOTER_DE_SAN_ANTONIO_HOY\" >CONTACTE A UN ABOGADO DE ACCIDENTES DE E-SCOOTER DE SAN ANTONIO HOY<\/a><\/li><\/ul><\/nav><\/div>\n<h2><span class=\"ez-toc-section\" id=\"LOS_SERVICIOS_BAJO_DEMANDA_AUMENTAN_LOS_ACCIDENTES_DE_E-SCOOTER\"><\/span>LOS SERVICIOS BAJO DEMANDA AUMENTAN LOS ACCIDENTES DE E-SCOOTER<span class=\"ez-toc-section-end\"><\/span><\/h2>\n<p>A medida que los servicios de entrega de alimentos a pedido, como Uber Eats, se vuelven cada vez m\u00e1s populares, tambi\u00e9n lo hace el uso de scooters, especialmente en el \u00e1rea del centro de San Antonio. Los Segways de dos ruedas se ven por todo DT, lo que hace que las entregas de comida r\u00e1pida sean convenientes para los comensales locales.<\/p>\n<p>Sin embargo, muchos se quejan de que estos patinetes comerciales conducen imprudentemente por las calles, se apoderan de las aceras y provocan frustraci\u00f3n en los peatones. Pero como muchos de estos ciclistas el\u00e9ctricos le dir\u00e1n, a veces la acera es el \u00fanico lugar donde pueden andar de manera segura. Se enfrentan a muchos peligros al circular por las calles, como:<\/p>\n<ul>\n<li>Veh\u00edculos a exceso de velocidad<\/li>\n<li>Congesti\u00f3n del tr\u00e1fico inseguro<\/li>\n<li>Conductores de veh\u00edculos imprudentes<\/li>\n<li>Autos \/ camiones estacionados ilegalmente<\/li>\n<\/ul>\n<p>Pocas calles tienen capacidad para motonetas en San Antonio, por lo que los pasajeros a menudo tienen que navegar a trav\u00e9s del tr\u00e1fico. Sin embargo, son buenos para el medio ambiente, convenientes para estacionar y montar, y mucho m\u00e1s asequibles que poner gasolina en un autom\u00f3vil todos los d\u00edas.<\/p>\n<h2><span class=\"ez-toc-section\" id=\"EMPRESAS_Y_REGLAS_DE_E-SCOOTER\"><\/span>EMPRESAS Y REGLAS DE E-SCOOTER<span class=\"ez-toc-section-end\"><\/span><\/h2>\n<p>En diciembre de 2017, dos empresas de alquiler de scooters m\u00e1s solicitaron operar en San Antonio, lo que elev\u00f3 el recuento a siete. Esto condujo a un aumento de las quejas y lesiones a nivel local y a la necesidad de una mayor regulaci\u00f3n. En octubre de 2018, la ciudad de San Antonio lanz\u00f3 un programa piloto de 6 meses para empresas locales de scooters sin muelle. Estableci\u00f3 algunas reglas b\u00e1sicas para montar en el \u00e1rea, que incluyen:<\/p>\n<ul>\n<li>Todos los conductores de scooter deben tener 16 a\u00f1os o m\u00e1s.<\/li>\n<li>Los ciclistas deben ceder el paso a los peatones y utilizar los carriles para bicicletas disponibles.<\/li>\n<li>Los scooters deben conducirse en las calles a menos que la acera sea la \u00fanica opci\u00f3n segura.<\/li>\n<li>Al conducir por la acera, mant\u00e9ngase a m\u00e1s de dos pies de distancia de los peatones.<\/li>\n<li>Estas reglas ayudan a que la carretera sea m\u00e1s segura. Pero depende de los pasajeros y los conductores seguirlos para reducir los incidentes.<\/li>\n<\/ul>\n<h2><span class=\"ez-toc-section\" id=\"LOS_5_PELIGROS_DE_SCOOTER_DE_ALQUILER_MAS_COMUNES_EN_SAN_ANTONIO\"><\/span>LOS 5 PELIGROS DE SCOOTER DE ALQUILER M\u00c1S COMUNES EN SAN ANTONIO<span class=\"ez-toc-section-end\"><\/span><\/h2>\n<p>El gran auge de los scooters provoc\u00f3 un aumento importante de los accidentes de scooters el\u00e9ctricos en San Antonio. Solo entre julio y diciembre de 2018, el departamento de bomberos local recibi\u00f3 informes de m\u00e1s de 70 lesiones relacionadas con scooters sin muelle. Y esto solo cuenta las situaciones en las que las ambulancias tuvieron que transportar a los heridos a los hospitales.<\/p>\n<p>A continuaci\u00f3n, se muestran cinco de los peligros m\u00e1s comunes relacionados con los patinetes que provocan accidentes:<\/p>\n<h3><span class=\"ez-toc-section\" id=\"1_Desviando\"><\/span>1. Desviando<span class=\"ez-toc-section-end\"><\/span><\/h3>\n<p>Los accidentes de scooter ocurren com\u00fanmente cuando un ciclista tiene que virar bruscamente para evitar chocar contra un peat\u00f3n, autom\u00f3vil, ciclista u otro scooter. Deben compartir las calles con veh\u00edculos, carriles bici con bicicletas y aceras con peatones. Eso puede llevar a muchos desv\u00edos, en un intento por mantener a todos a salvo.<\/p>\n<h3><span class=\"ez-toc-section\" id=\"2_Puertas\"><\/span>2. Puertas<span class=\"ez-toc-section-end\"><\/span><\/h3>\n<p>Una de las principales causas de accidentes relacionados con las bicicletas se conoce como puerta. Tanto para ciclistas como para ciclistas, esto ocurre cuando las personas en autom\u00f3viles abren sus puertas repentinamente, justo cuando el dispositivo est\u00e1 pasando. Esto conduce a chocar contra las puertas, lo que puede provocar lesiones graves.<\/p>\n<h3><span class=\"ez-toc-section\" id=\"3_Peatones\"><\/span>3. Peatones<span class=\"ez-toc-section-end\"><\/span><\/h3>\n<p>Algunos e-scooters pueden alcanzar hasta 15 mph, lo cual es bastante r\u00e1pido para que los peatones lo esquiven en la acera. La ciudad de San Antonio recibe numerosas quejas de peatones sobre conductores de scooter inseguros. Estos tipos de accidentes pueden lesionar a peatones, ciclistas y conductores circundantes.<\/p>\n<h3><span class=\"ez-toc-section\" id=\"4_Peligros_en_la_carretera\"><\/span>4. Peligros en la carretera<span class=\"ez-toc-section-end\"><\/span><\/h3>\n<p>Otro peligro para los ciclistas son los objetos que obstruyen la carretera. Los baches son un peligro com\u00fan; incluso el bache m\u00e1s peque\u00f1o puede afectar las ruedas peque\u00f1as de un scooter. Otros peligros de este tipo incluyen restos de construcci\u00f3n y ramas de \u00e1rboles ca\u00eddas.<\/p>\n<h3><span class=\"ez-toc-section\" id=\"5_Peligros_en_la_calle\"><\/span>5. Peligros en la calle<span class=\"ez-toc-section-end\"><\/span><\/h3>\n<p>Los autom\u00f3viles y camiones pueden ser una pesadilla de seguridad para los conductores de scooters el\u00e9ctricos. Cuando est\u00e1n en el tr\u00e1fico, estos veh\u00edculos de movimiento r\u00e1pido dominan los artilugios m\u00e1s peque\u00f1os. Incluso al circular por aceras y carriles para bicicletas, los veh\u00edculos motorizados tienden a aislar a los pasajeros, provocando lesiones que conducen a reclamaciones.<\/p>\n<h2><span class=\"ez-toc-section\" id=\"CONTACTE_A_UN_ABOGADO_DE_ACCIDENTES_DE_E-SCOOTER_DE_SAN_ANTONIO_HOY\"><\/span>CONTACTE A UN ABOGADO DE ACCIDENTES DE E-SCOOTER DE SAN ANTONIO HOY<span class=\"ez-toc-section-end\"><\/span><\/h2>\n<p>Si estuvo involucrado en un incidente de scooter en San Antonio, tiene el derecho legal de presentar un reclamo. El bufete de abogados Villareal &amp; Begum es su bufete de abogados de accidentes de scooter de alquiler local, y tenemos un historial de \u00e9xito ayudando a clientes lesionados injustamente a obtener la compensaci\u00f3n que merecen. Comun\u00edquese con nuestros abogados sobre su reclamo por lesiones personales hoy.<\/p>\n","protected":false},"excerpt":{"rendered":"<p>Una frase se est\u00e1 volviendo muy popular entre la poblaci\u00f3n de tr\u00e1nsito urbano en San Antonio, Texas. Es \u00absi puedes andar en bicicleta, definitivamente puedes andar en scooter\u00bb. Cientos de \u00abautomovilistas\u00bb toman las calles locales en estos artilugios el\u00e9ctricos cada mes. Esto ha provocado un aumento importante en los accidentes de alquiler de scooters en&#8230; <a href=\"https:\/\/www.vblawgroup.com\/es\/areas-de-practica\/accidentes-de-scooter-de-alquiler\/\">read more<\/a><\/p>\n","protected":false},"author":10,"featured_media":0,"parent":226,"menu_order":0,"comment_status":"closed","ping_status":"closed","template":"","meta":{"_acf_changed":false,"footnotes":""},"class_list":["post-333","page","type-page","status-publish","hentry"],"acf":[],"_links":{"self":[{"href":"https:\/\/www.vblawgroup.com\/es\/wp-json\/wp\/v2\/pages\/333","targetHints":{"allow":["GET"]}}],"collection":[{"href":"https:\/\/www.vblawgroup.com\/es\/wp-json\/wp\/v2\/pages"}],"about":[{"href":"https:\/\/www.vblawgroup.com\/es\/wp-json\/wp\/v2\/types\/page"}],"author":[{"embeddable":true,"href":"https:\/\/www.vblawgroup.com\/es\/wp-json\/wp\/v2\/users\/10"}],"replies":[{"embeddable":true,"href":"https:\/\/www.vblawgroup.com\/es\/wp-json\/wp\/v2\/comments?post=333"}],"version-history":[{"count":0,"href":"https:\/\/www.vblawgroup.com\/es\/wp-json\/wp\/v2\/pages\/333\/revisions"}],"up":[{"embeddable":true,"href":"https:\/\/www.vblawgroup.com\/es\/wp-json\/wp\/v2\/pages\/226"}],"wp:attachment":[{"href":"https:\/\/www.vblawgroup.com\/es\/wp-json\/wp\/v2\/media?parent=333"}],"curies":[{"name":"wp","href":"https:\/\/api.w.org\/{rel}","templated":true}]}}