{"id":583,"date":"2021-12-20T14:04:25","date_gmt":"2021-12-20T14:04:25","guid":{"rendered":"https:\/\/www.vblawgroup.com\/es\/?page_id=583"},"modified":"2023-07-22T06:37:26","modified_gmt":"2023-07-22T06:37:26","slug":"drogas-peligrosas","status":"publish","type":"page","link":"https:\/\/www.vblawgroup.com\/es\/areas-de-practica\/drogas-peligrosas\/","title":{"rendered":"Abogados para demanda de lesiones por medicamentos en San Antonio Texas"},"content":{"rendered":"<p>\u00bfPuede ser que alg\u00fan medicamento provoque la muerte? Cuando el m\u00e9dico da una receta, usted cree que la medicaci\u00f3n le ayudar\u00e1 a sentirse mejor. Su m\u00e9dico comparte esa creencia. Entonces \u00bfpor qu\u00e9 no mejora? \u00bfPor qu\u00e9 tiene s\u00edntomas nuevos e inexplicables? \u00bfPor qu\u00e9 muri\u00f3 su ser querido? En Villarreal y Begum nuestros abogados expertos en medicamentos peligrosos han ayudado a muchas v\u00edctimas que sufren los efectos de los medicamentos que se han recetado. En Villarreal y Begum entendemos aquellas preguntas y sabemos c\u00f3mo ayudarle. Creemos que los fabricantes de medicamentos deben rendir cuentas. Sabemos que usted merece una compensaci\u00f3n por el da\u00f1o que se ha producido. Creemos que sus derechos deben ser protegidos.<\/p>\n<h3>Sabemos Pelear Contra Empresas Fabricantes de Medicamentos<\/h3>\n<p>Los m\u00e9dicos conf\u00edan en los fabricantes de medicamentos para llevar a cabo ensayos cl\u00ednicos adecuados y presentar resultados a la FDA cuando se trata de obtener la aprobaci\u00f3n para vender un nuevo medicamento para el p\u00fablico. La FDA tiene que depender de los fabricantes de medicamentos de seguir los procedimientos correctos y seguros para que sus medicamentos puedan ser aprobados. Con demasiada frecuencia, los fabricantes de medicamentos no cumplen con los est\u00e1ndares establecidos por la FDA y con el fin de obtener aprobaci\u00f3n de la FDA los resultados de dichos ensayos cl\u00ednicos pueden ser alterados. Los fabricantes de medicamentos de venta con receta est\u00e1n entre las empresas m\u00e1s grandes y millonarias de nuestro pa\u00eds y solo buscan aprobaci\u00f3n de la FDA con el \u00fanico objetivo de obtener un beneficio propio y no un beneficio del bienestar del p\u00fablico.<\/p>\n<p>Ayer, hoy, ma\u00f1ana y siempre existir\u00e1 alguien que va a ser prescrito con una receta m\u00e9dica y tendr\u00e1 que comprar un medicamento que puede ser potencialmente peligroso. Alguien inclusive puede morir. Usted o uno de sus seres queridos puede ser una de estas personas. Es importante que las personas o empresas responsables rindan cuentas de sus actos. Nuestros abogados de medicamentos peligrosos de San Antonio tienen la experiencia, el conocimiento y los recursos para ayudarle a obtener la compensaci\u00f3n que usted se merece.<\/p>\n<p>Muchos medicamentos de venta con receta en el mercado hoy en d\u00eda llevan graves advertencias de los peligros y efectos secundarios que pueden tener, incluyendo la muerte. La FDA requiere que algunos f\u00e1rmacos tengan una \u201cadvertencia en recuadro negro\u201d que explica sus efectos secundarios potencialmente peligrosos. Lo m\u00e1s probable es que usted nunca ha visto y nunca ver\u00e1 una de estas \u201cadvertencias en un recuadro negro\u201d. Otros medicamentos han sido retirados por la FDA como resultado de complicaciones graves o incluso la muerte. Fosamax, Singulair, Avandia, Phen Phen, Paxil, Benicar, Avastia y Vioxx son algunos de los muchos medicamentos que se sabe que son potencialmente peligrosos, despu\u00e9s de haber causado efectos secundarios graves o incluso la muerte. Lamentablemente, la lista sigue y sigue y el n\u00famero de v\u00edctimas sigue creciendo. La responsabilidad de oponerse a los fabricantes de medicamentos para proteger al p\u00fablico cae directamente sobre abogados tales como Villarreal y Begum.<\/p>\n<p>Los medicamentos peligrosos no se limitan \u00fanicamente a los medicamentos con receta. Medicamentos que se venden sin receta tambi\u00e9n pueden llegar a ser peligrosos. A menudo los fabricantes no logran mantener controles de calidad adecuados y esto puede provocar que los medicamentos puedan tener impurezas. Recientemente, Johnson y Johnson anunci\u00f3 un masivo retiro que comenz\u00f3 el a\u00f1o pasado debido a los controles de calidad deficientes en varios de sus medicamentos, incluyendo, pero no limitado a Tylenol, Tylenol PM, Benadryl, Motrin y otros indicando que son inseguros. Algunos fueron retirados del mercado debido a las impurezas que presentaban, mientras que otros tuvieron complicaciones todav\u00eda m\u00e1s graves como contener demasiada cantidad de componentes activos.<\/p>\n<p>Si usted o un ser querido ha tomado alguno de estos medicamentos, o si se sospecha que puede ser v\u00edctima de un medicamento peligroso, busque ayuda inmediatamente. Llame a nuestros abogados de medicamentos peligrosos en San Antonio. Nuestros abogados de Villarreal y Begum experimentados y con los conocimientos necesarios para hacer frente a la parte negligente con oficinas en San Antonio, Brownsville y McAllen, Texas est\u00e1n listos para ir a trabajar para usted. Llame hoy para una evaluaci\u00f3n gratuita de su caso.<\/p>\n","protected":false},"excerpt":{"rendered":"<p>\u00bfPuede ser que alg\u00fan medicamento provoque la muerte? Cuando el m\u00e9dico da una receta, usted cree que la medicaci\u00f3n le ayudar\u00e1 a sentirse mejor. Su m\u00e9dico comparte esa creencia. Entonces \u00bfpor qu\u00e9 no mejora? \u00bfPor qu\u00e9 tiene s\u00edntomas nuevos e inexplicables? \u00bfPor qu\u00e9 muri\u00f3 su ser querido? En Villarreal y Begum nuestros abogados expertos en&#8230; <a href=\"https:\/\/www.vblawgroup.com\/es\/areas-de-practica\/drogas-peligrosas\/\">read more<\/a><\/p>\n","protected":false},"author":10,"featured_media":0,"parent":226,"menu_order":0,"comment_status":"closed","ping_status":"closed","template":"","meta":{"_acf_changed":false,"footnotes":""},"class_list":["post-583","page","type-page","status-publish","hentry"],"acf":[],"_links":{"self":[{"href":"https:\/\/www.vblawgroup.com\/es\/wp-json\/wp\/v2\/pages\/583","targetHints":{"allow":["GET"]}}],"collection":[{"href":"https:\/\/www.vblawgroup.com\/es\/wp-json\/wp\/v2\/pages"}],"about":[{"href":"https:\/\/www.vblawgroup.com\/es\/wp-json\/wp\/v2\/types\/page"}],"author":[{"embeddable":true,"href":"https:\/\/www.vblawgroup.com\/es\/wp-json\/wp\/v2\/users\/10"}],"replies":[{"embeddable":true,"href":"https:\/\/www.vblawgroup.com\/es\/wp-json\/wp\/v2\/comments?post=583"}],"version-history":[{"count":0,"href":"https:\/\/www.vblawgroup.com\/es\/wp-json\/wp\/v2\/pages\/583\/revisions"}],"up":[{"embeddable":true,"href":"https:\/\/www.vblawgroup.com\/es\/wp-json\/wp\/v2\/pages\/226"}],"wp:attachment":[{"href":"https:\/\/www.vblawgroup.com\/es\/wp-json\/wp\/v2\/media?parent=583"}],"curies":[{"name":"wp","href":"https:\/\/api.w.org\/{rel}","templated":true}]}}