{"id":587,"date":"2021-12-20T15:33:57","date_gmt":"2021-12-20T15:33:57","guid":{"rendered":"https:\/\/www.vblawgroup.com\/es\/?page_id=587"},"modified":"2025-07-11T18:19:03","modified_gmt":"2025-07-11T18:19:03","slug":"accidentes-de-18-ruedas","status":"publish","type":"page","link":"https:\/\/www.vblawgroup.com\/es\/areas-de-practica\/accidentes-de-18-ruedas\/","title":{"rendered":"Abogados de Accidentes de Cami\u00f3n en San Antonio"},"content":{"rendered":"<p>\u00bfHa sido usted o un ser querido recientemente herido o hasta fallecido en un accidente de cami\u00f3n de 18 llantas? El problema con accidentes de cami\u00f3n es que causan un da\u00f1o terrible a las personas involucradas. Los accidentes son frecuentemente causados por la negligencia del conductor, y otras personas pagan el precio por dichas acciones. Si su autom\u00f3vil fue da\u00f1ado y usted o alg\u00fan ser querido sufrieron da\u00f1os en un accidente de cami\u00f3n, es esencial llamar a un abogado de lesiones personales tan pronto sea posible.<\/p>\n<p>Los conductores de camiones suelen ser contratados por grandes compa\u00f1\u00edas de camiones, que est\u00e1n resguardados por equipos legales que protegen sus intereses. Cuanto menos dinero paguen en reivindicaciones, con m\u00e1s dinero se quedan para ellos mismos. Es necesario un equipo de abogados con experiencia en la lucha contra estas empresas.<\/p>\n<div id=\"ez-toc-container\" class=\"ez-toc-v2_0_76 counter-hierarchy ez-toc-counter ez-toc-grey ez-toc-container-direction\">\n<div class=\"ez-toc-title-container\">\n<p class=\"ez-toc-title\" style=\"cursor:inherit\">Table of Contents<\/p>\n<span class=\"ez-toc-title-toggle\"><a href=\"#\" class=\"ez-toc-pull-right ez-toc-btn ez-toc-btn-xs ez-toc-btn-default ez-toc-toggle\" aria-label=\"Toggle Table of Content\"><span class=\"ez-toc-js-icon-con\"><span class=\"\"><span class=\"eztoc-hide\" style=\"display:none;\">Toggle<\/span><span class=\"ez-toc-icon-toggle-span\"><svg style=\"fill: #999;color:#999\" xmlns=\"http:\/\/www.w3.org\/2000\/svg\" class=\"list-377408\" width=\"20px\" height=\"20px\" viewBox=\"0 0 24 24\" fill=\"none\"><path d=\"M6 6H4v2h2V6zm14 0H8v2h12V6zM4 11h2v2H4v-2zm16 0H8v2h12v-2zM4 16h2v2H4v-2zm16 0H8v2h12v-2z\" fill=\"currentColor\"><\/path><\/svg><svg style=\"fill: #999;color:#999\" class=\"arrow-unsorted-368013\" xmlns=\"http:\/\/www.w3.org\/2000\/svg\" width=\"10px\" height=\"10px\" viewBox=\"0 0 24 24\" version=\"1.2\" baseProfile=\"tiny\"><path d=\"M18.2 9.3l-6.2-6.3-6.2 6.3c-.2.2-.3.4-.3.7s.1.5.3.7c.2.2.4.3.7.3h11c.3 0 .5-.1.7-.3.2-.2.3-.5.3-.7s-.1-.5-.3-.7zM5.8 14.7l6.2 6.3 6.2-6.3c.2-.2.3-.5.3-.7s-.1-.5-.3-.7c-.2-.2-.4-.3-.7-.3h-11c-.3 0-.5.1-.7.3-.2.2-.3.5-.3.7s.1.5.3.7z\"\/><\/svg><\/span><\/span><\/span><\/a><\/span><\/div>\n<nav><ul class='ez-toc-list ez-toc-list-level-1 ' ><li class='ez-toc-page-1 ez-toc-heading-level-2'><a class=\"ez-toc-link ez-toc-heading-1\" href=\"https:\/\/www.vblawgroup.com\/es\/areas-de-practica\/accidentes-de-18-ruedas\/#Ventajas_del_Uso_de_un_Abogado_de_San_Antonio_Especializado_en_Accidentes_de_Camion\" >Ventajas del Uso de un Abogado de San Antonio Especializado en Accidentes de Cami\u00f3n<\/a><ul class='ez-toc-list-level-3' ><li class='ez-toc-heading-level-3'><a class=\"ez-toc-link ez-toc-heading-2\" href=\"https:\/\/www.vblawgroup.com\/es\/areas-de-practica\/accidentes-de-18-ruedas\/#Llame_al_bufete_de_abogados_Villarreal_y_Begum_para_ayudarle_con_su_caso\" >Llame al bufete de abogados Villarreal y Begum\u00a0para ayudarle con su caso<\/a><\/li><\/ul><\/li><\/ul><\/nav><\/div>\n<h2><span class=\"ez-toc-section\" id=\"Ventajas_del_Uso_de_un_Abogado_de_San_Antonio_Especializado_en_Accidentes_de_Camion\"><\/span>Ventajas del Uso de un Abogado de San Antonio Especializado en Accidentes de Cami\u00f3n<span class=\"ez-toc-section-end\"><\/span><\/h2>\n<p>El bufete de abogados Villarreal y Begum es un equipo de abogados con sede en San Antonio, con abogados que trabajan con gran esfuerzo y compasi\u00f3n. Contamos con una larga y orgullosa trayectoria en representaci\u00f3n de clientes lesionados por accidentes de camiones de 18 llantas. Ofrecemos un ambiente atento y alentador, porque comprendemos que los accidentes de cami\u00f3n a menudo resultan en traumas graves, lesiones permanentes o incluso hasta la muerte de un ser querido. Si el conductor negligente es mandado tras las rejas por conducir en estado de ebriedad o por poner en peligro la vida de otras personas, usted no recibe el pago de sus facturas m\u00e9dicas o da\u00f1os a la propiedad sin pasar por el proceso de negociaci\u00f3n con compa\u00f1\u00edas de seguros o litigaci\u00f3n ante los Tribunales.<\/p>\n<p>Trabajamos sin descanso para garantizar que las compa\u00f1\u00edas de seguros o camiones paguen por su negligencia. Su lucha contra un conductor negligente es m\u00e1s que una compensaci\u00f3n econ\u00f3mica, es una manera de proteger a su familia y otros seres queridos de este tipo de compa\u00f1\u00edas.<\/p>\n<p>En caso de un accidente con un cami\u00f3n de 18 llantas, usted puede ser obligado a pagar por su atenci\u00f3n m\u00e9dica a largo plazo e incluso rehabilitaci\u00f3n m\u00e9dica permanente. Sin mencionar que existe una gran probabilidad de que pierda su trabajo o incluso perder de manera permanente su fuente de ingreso.<\/p>\n<h3><span class=\"ez-toc-section\" id=\"Llame_al_bufete_de_abogados_Villarreal_y_Begum_para_ayudarle_con_su_caso\"><\/span>Llame al bufete de abogados Villarreal y Begum\u00a0para ayudarle con su caso<span class=\"ez-toc-section-end\"><\/span><\/h3>\n<p>\u00a1Usted necesita un equipo legal de su lado al que verdaderamente le importe! P\u00f3ngase en contacto con el bufete de abogados Villarreal y Begum para contratar a un equipo de abogados de lesiones atento y trabajador que invierten todo su tiempo para obtener la compensaci\u00f3n que usted se merece. Llame al bufete de abogados Villarreal y Begum al <a href=\"tel:2107774878\">210.777.4878<\/a> para programar su consulta gratuita. Aseg\u00farese de que los conductores negligentes no se salgan con la suya. Pase por nuestro bufete de abogados de San Antonio para hacer preguntas y conversar acerca de sus inquietudes sobre su caso.<\/p>\n","protected":false},"excerpt":{"rendered":"<p>\u00bfHa sido usted o un ser querido recientemente herido o hasta fallecido en un accidente de cami\u00f3n de 18 llantas? El problema con accidentes de cami\u00f3n es que causan un da\u00f1o terrible a las personas involucradas. Los accidentes son frecuentemente causados por la negligencia del conductor, y otras personas pagan el precio por dichas acciones&#8230;. <a href=\"https:\/\/www.vblawgroup.com\/es\/areas-de-practica\/accidentes-de-18-ruedas\/\">read more<\/a><\/p>\n","protected":false},"author":10,"featured_media":0,"parent":226,"menu_order":0,"comment_status":"closed","ping_status":"closed","template":"","meta":{"_acf_changed":false,"footnotes":""},"class_list":["post-587","page","type-page","status-publish","hentry"],"acf":[],"_links":{"self":[{"href":"https:\/\/www.vblawgroup.com\/es\/wp-json\/wp\/v2\/pages\/587","targetHints":{"allow":["GET"]}}],"collection":[{"href":"https:\/\/www.vblawgroup.com\/es\/wp-json\/wp\/v2\/pages"}],"about":[{"href":"https:\/\/www.vblawgroup.com\/es\/wp-json\/wp\/v2\/types\/page"}],"author":[{"embeddable":true,"href":"https:\/\/www.vblawgroup.com\/es\/wp-json\/wp\/v2\/users\/10"}],"replies":[{"embeddable":true,"href":"https:\/\/www.vblawgroup.com\/es\/wp-json\/wp\/v2\/comments?post=587"}],"version-history":[{"count":0,"href":"https:\/\/www.vblawgroup.com\/es\/wp-json\/wp\/v2\/pages\/587\/revisions"}],"up":[{"embeddable":true,"href":"https:\/\/www.vblawgroup.com\/es\/wp-json\/wp\/v2\/pages\/226"}],"wp:attachment":[{"href":"https:\/\/www.vblawgroup.com\/es\/wp-json\/wp\/v2\/media?parent=587"}],"curies":[{"name":"wp","href":"https:\/\/api.w.org\/{rel}","templated":true}]}}