{"id":596,"date":"2021-12-20T16:25:01","date_gmt":"2021-12-20T16:25:01","guid":{"rendered":"https:\/\/www.vblawgroup.com\/es\/?page_id=596"},"modified":"2023-07-22T06:35:44","modified_gmt":"2023-07-22T06:35:44","slug":"accidentes-de-la-construccion","status":"publish","type":"page","link":"https:\/\/www.vblawgroup.com\/es\/areas-de-practica\/accidentes-de-la-construccion\/","title":{"rendered":"Abogados de choques o accidentes en Carreteras en Construcci\u00f3n en Texas"},"content":{"rendered":"<p>\u00bfSe ha lesionado trabajando en una zona de construcci\u00f3n? Todas las obras de construcci\u00f3n exponen a los trabajadores a situaciones peligrosas y el deber del empleador es proteger a sus empleados de estas posibles contingencias. Un abogado de San Antonio de la firma legal Villarreal y Begum expertos en accidentes de construcci\u00f3n puede ayudarle a buscar la compensaci\u00f3n que merece por sus gastos m\u00e9dicos, dolor y sufrimiento, y p\u00e9rdida de ingresos.<\/p>\n<p>Los tipos m\u00e1s comunes de los accidentes de construcci\u00f3n:<\/p>\n<ul>\n<li>El asbesto \u2013 Exposici\u00f3n a material t\u00f3xico<\/li>\n<li>Gruas que se desprenden o derrumban<\/li>\n<li>Electrocuciones<\/li>\n<li>Mal funcionamiento de equipo<\/li>\n<li>Ca\u00eddas<\/li>\n<li>Andamios defectuosos<\/li>\n<li>Peatones atropellados por veh\u00edculos de trabajo<\/li>\n<\/ul>\n<p>Los sitios de trabajo son conocidos por ser peligrosos y por lo tanto tienen pautas estrictas para la seguridad de las personas. Cualquier trabajador que sea lastimado por la negligencia de una empresa o constructor tiene derecho a una indemnizaci\u00f3n. Despu\u00e9s de una lesi\u00f3n ocasionada en una zona de construcci\u00f3n, usted debe recibir una evaluaci\u00f3n m\u00e9dica completa para asegurar su bienestar.<\/p>\n<p>El ambiente de trabajo en zonas de construcci\u00f3n plantea m\u00e1s riesgos para los empleados que cualquier otra industria laboral. Es imprescindible que los trabajadores conozcan sus derechos y puedan obtener una indemnizaci\u00f3n legal si resultaron lesionados en zona de construcci\u00f3n. Nuestros abogados de lesiones en San Antonio de Villarreal y Begum pueden ayudarle a buscar da\u00f1os punitivos y compensaci\u00f3n por sus lesiones ocurridas en una zona de construcci\u00f3n.<\/p>\n","protected":false},"excerpt":{"rendered":"<p>\u00bfSe ha lesionado trabajando en una zona de construcci\u00f3n? Todas las obras de construcci\u00f3n exponen a los trabajadores a situaciones peligrosas y el deber del empleador es proteger a sus empleados de estas posibles contingencias. Un abogado de San Antonio de la firma legal Villarreal y Begum expertos en accidentes de construcci\u00f3n puede ayudarle a&#8230; <a href=\"https:\/\/www.vblawgroup.com\/es\/areas-de-practica\/accidentes-de-la-construccion\/\">read more<\/a><\/p>\n","protected":false},"author":10,"featured_media":0,"parent":226,"menu_order":0,"comment_status":"closed","ping_status":"closed","template":"","meta":{"_acf_changed":false,"footnotes":""},"class_list":["post-596","page","type-page","status-publish","hentry"],"acf":[],"_links":{"self":[{"href":"https:\/\/www.vblawgroup.com\/es\/wp-json\/wp\/v2\/pages\/596","targetHints":{"allow":["GET"]}}],"collection":[{"href":"https:\/\/www.vblawgroup.com\/es\/wp-json\/wp\/v2\/pages"}],"about":[{"href":"https:\/\/www.vblawgroup.com\/es\/wp-json\/wp\/v2\/types\/page"}],"author":[{"embeddable":true,"href":"https:\/\/www.vblawgroup.com\/es\/wp-json\/wp\/v2\/users\/10"}],"replies":[{"embeddable":true,"href":"https:\/\/www.vblawgroup.com\/es\/wp-json\/wp\/v2\/comments?post=596"}],"version-history":[{"count":0,"href":"https:\/\/www.vblawgroup.com\/es\/wp-json\/wp\/v2\/pages\/596\/revisions"}],"up":[{"embeddable":true,"href":"https:\/\/www.vblawgroup.com\/es\/wp-json\/wp\/v2\/pages\/226"}],"wp:attachment":[{"href":"https:\/\/www.vblawgroup.com\/es\/wp-json\/wp\/v2\/media?parent=596"}],"curies":[{"name":"wp","href":"https:\/\/api.w.org\/{rel}","templated":true}]}}