{"id":598,"date":"2021-12-20T16:27:24","date_gmt":"2021-12-20T16:27:24","guid":{"rendered":"https:\/\/www.vblawgroup.com\/es\/?page_id=598"},"modified":"2023-07-22T14:13:55","modified_gmt":"2023-07-22T14:13:55","slug":"responsabilidad-civil","status":"publish","type":"page","link":"https:\/\/www.vblawgroup.com\/es\/areas-de-practica\/responsabilidad-civil\/","title":{"rendered":"Abogados en San Antonio de Responsabilidad de Establecimientos"},"content":{"rendered":"<p>Abogados en San Antonio de responsabilidad de establecimientos: Responsabilidad del establecimiento implica un complejo cuerpo de leyes que rigen la responsabilidad por las lesiones que se producen dentro de un local o establecimiento. En general, la persona(s), corporativos o propietarios del establecimiento o local deben tener cuidado de proveer la seguridad la seguridad necesaria en su propiedad. Las leyes var\u00edan de un Estado a otro en cuanto a determinar la responsabilidad de un propietario de local por varios factores. Si usted o un ser querido ha sido lesionado y cree que puede tener una demanda ante un establecimiento, es imperativo que busque el consejo de un abogado de Texas con experiencia en este tipo de casos. Hemos ayudado a innumerable cantidad de personas a obtener una indemnizaci\u00f3n por las lesiones sufridas debido a la negligencia de la persona o entidad en posesi\u00f3n de establecimientos en donde se produjo la lesi\u00f3n.<\/p>\n<h3>Las Causas de Responsabilidad del EstablecimientoLas causas de Responsabilidad del establecimiento<\/h3>\n<p>Resbalones y ca\u00eddas son de las causas m\u00e1s comunes que provocan graves lesiones y son por consecuencia las demandas m\u00e1s comunes que existen a propietarios de locales o establecimientos. Sin embargo, tambi\u00e9n se pueden incluir:<\/p>\n<ul>\n<li>Condiciones del local en mal estado, tales como, pisos sueltos, objetos que caen de los techos, derrumbe de pisos superiores o techos<\/li>\n<li>Cuando el local o establecimiento no cuenta con v\u00edas de acceso adecuadas<\/li>\n<li>Ataques de animales<\/li>\n<li>Ahogo<\/li>\n<li>Cableado defectuoso que pueda provocar un incendio, o provocar una descarga el\u00e9ctrica o incluso provocar la muerte<\/li>\n<\/ul>\n<p>Determinar qui\u00e9n tiene responsabilidad en demandas a establecimientos o locales puede parecer simple, pero pueden existir circunstancias atenuantes. \u00bfEl due\u00f1o de la propiedad tiene en buen estado el local y se\u00f1alamientos de advertencia de peligro estaban colocados adecuadamente? \u00bfLas \u00e1reas de peligro son claramente se\u00f1aladas o limitan el acceso de las personas? \u00bfEl propietario del local ten\u00eda conocimiento de los da\u00f1os que exist\u00edan en su propiedad? \u00bfSe invit\u00f3 a la parte lesionada o estaba invadiendo propiedad privada? S\u00f3lo un abogado experimentado en el tema puede evaluar el caso y hacer tomar las decisiones adecuadas para beneficio de usted.<\/p>\n<p>Las lesiones en locales o establecimientos pueden llegar a ser catastr\u00f3ficas. Las v\u00edctimas de resbalones y ca\u00eddas pueden haber sufrido fracturas de huesos, lesiones internas, lesiones de la m\u00e9dula espinal, lesi\u00f3n cerebral e incluso la muerte. Otras lesiones en establecimientos pueden conducir a quemaduras, cicatrices permanentes, y trauma emocional. Las p\u00e9rdidas monetarias a menudo son abrumadoras incluyendo salarios perdidos, gastos m\u00e9dicos y la imposibilidad de valerse por s\u00ed mismo o proveer a su familia. En Villarreal y Begum podemos obtener la ayuda que necesita.<\/p>\n<p>Nuestros abogados tienen conocimiento de las leyes que rigen la responsabilidad de los propietarios de establecimientos en el estado de Texas. Tenemos abogados de gran experiencia en esa rama de la ley. Llame a Villarreal y Begum para su consulta gratuita y evaluaci\u00f3n detallada de su caso.<\/p>\n","protected":false},"excerpt":{"rendered":"<p>Abogados en San Antonio de responsabilidad de establecimientos: Responsabilidad del establecimiento implica un complejo cuerpo de leyes que rigen la responsabilidad por las lesiones que se producen dentro de un local o establecimiento. En general, la persona(s), corporativos o propietarios del establecimiento o local deben tener cuidado de proveer la seguridad la seguridad necesaria en&#8230; <a href=\"https:\/\/www.vblawgroup.com\/es\/areas-de-practica\/responsabilidad-civil\/\">read more<\/a><\/p>\n","protected":false},"author":10,"featured_media":0,"parent":226,"menu_order":0,"comment_status":"closed","ping_status":"closed","template":"","meta":{"_acf_changed":false,"footnotes":""},"class_list":["post-598","page","type-page","status-publish","hentry"],"acf":[],"_links":{"self":[{"href":"https:\/\/www.vblawgroup.com\/es\/wp-json\/wp\/v2\/pages\/598","targetHints":{"allow":["GET"]}}],"collection":[{"href":"https:\/\/www.vblawgroup.com\/es\/wp-json\/wp\/v2\/pages"}],"about":[{"href":"https:\/\/www.vblawgroup.com\/es\/wp-json\/wp\/v2\/types\/page"}],"author":[{"embeddable":true,"href":"https:\/\/www.vblawgroup.com\/es\/wp-json\/wp\/v2\/users\/10"}],"replies":[{"embeddable":true,"href":"https:\/\/www.vblawgroup.com\/es\/wp-json\/wp\/v2\/comments?post=598"}],"version-history":[{"count":0,"href":"https:\/\/www.vblawgroup.com\/es\/wp-json\/wp\/v2\/pages\/598\/revisions"}],"up":[{"embeddable":true,"href":"https:\/\/www.vblawgroup.com\/es\/wp-json\/wp\/v2\/pages\/226"}],"wp:attachment":[{"href":"https:\/\/www.vblawgroup.com\/es\/wp-json\/wp\/v2\/media?parent=598"}],"curies":[{"name":"wp","href":"https:\/\/api.w.org\/{rel}","templated":true}]}}