{"id":611,"date":"2021-12-21T03:35:46","date_gmt":"2021-12-21T03:35:46","guid":{"rendered":"https:\/\/www.vblawgroup.com\/es\/?page_id=611"},"modified":"2023-07-20T05:14:22","modified_gmt":"2023-07-20T05:14:22","slug":"peligros-construccion-de-carreteras","status":"publish","type":"page","link":"https:\/\/www.vblawgroup.com\/es\/peligros-construccion-de-carreteras\/","title":{"rendered":"Abogado de accidentes de construcci\u00f3n de carreteras de San Antonio"},"content":{"rendered":"<p>Cuando las carreteras est\u00e1n en mal estado, deben ser reparadas. Sin embargo, uno de los peligros de la construcci\u00f3n es que puede provocar accidentes automovil\u00edsticos, accidentes de peatones y varios tipos de lesiones personales. En Texas, estos incidentes ocurren a menudo mientras se realiza la construcci\u00f3n en las carreteras.<\/p>\n<p>Son muchas las causas. A veces, los conos o los letreros se mueven o se extrav\u00edan. Esto hace que sea imposible para muchos conductores maniobrar con seguridad en la carretera. Los escombros de la construcci\u00f3n ensucian la carretera, lo que la hace a\u00fan m\u00e1s peligrosa que las calles da\u00f1adas.<\/p>\n<p>Si estas zonas suponen un peligro para los conductores, se producen accidentes. Aunque existen leyes para proteger a los conductores en estas situaciones, algunas personas simplemente no las siguen. Si ha resultado lesionado en un accidente de construcci\u00f3n de carreteras en San Antonio, comun\u00edquese con Texas Law Guns, Injury &#038; Accident Lawyers. Nuestros abogados experimentados y compasivos luchar\u00e1n por la compensaci\u00f3n que se merece.<\/p>\n<div id=\"ez-toc-container\" class=\"ez-toc-v2_0_76 counter-hierarchy ez-toc-counter ez-toc-grey ez-toc-container-direction\">\n<div class=\"ez-toc-title-container\">\n<p class=\"ez-toc-title\" style=\"cursor:inherit\">Table of Contents<\/p>\n<span class=\"ez-toc-title-toggle\"><a href=\"#\" class=\"ez-toc-pull-right ez-toc-btn ez-toc-btn-xs ez-toc-btn-default ez-toc-toggle\" aria-label=\"Toggle Table of Content\"><span class=\"ez-toc-js-icon-con\"><span class=\"\"><span class=\"eztoc-hide\" style=\"display:none;\">Toggle<\/span><span class=\"ez-toc-icon-toggle-span\"><svg style=\"fill: #999;color:#999\" xmlns=\"http:\/\/www.w3.org\/2000\/svg\" class=\"list-377408\" width=\"20px\" height=\"20px\" viewBox=\"0 0 24 24\" fill=\"none\"><path d=\"M6 6H4v2h2V6zm14 0H8v2h12V6zM4 11h2v2H4v-2zm16 0H8v2h12v-2zM4 16h2v2H4v-2zm16 0H8v2h12v-2z\" fill=\"currentColor\"><\/path><\/svg><svg style=\"fill: #999;color:#999\" class=\"arrow-unsorted-368013\" xmlns=\"http:\/\/www.w3.org\/2000\/svg\" width=\"10px\" height=\"10px\" viewBox=\"0 0 24 24\" version=\"1.2\" baseProfile=\"tiny\"><path d=\"M18.2 9.3l-6.2-6.3-6.2 6.3c-.2.2-.3.4-.3.7s.1.5.3.7c.2.2.4.3.7.3h11c.3 0 .5-.1.7-.3.2-.2.3-.5.3-.7s-.1-.5-.3-.7zM5.8 14.7l6.2 6.3 6.2-6.3c.2-.2.3-.5.3-.7s-.1-.5-.3-.7c-.2-.2-.4-.3-.7-.3h-11c-.3 0-.5.1-.7.3-.2.2-.3.5-.3.7s.1.5.3.7z\"\/><\/svg><\/span><\/span><\/span><\/a><\/span><\/div>\n<nav><ul class='ez-toc-list ez-toc-list-level-1 ' ><li class='ez-toc-page-1 ez-toc-heading-level-2'><a class=\"ez-toc-link ez-toc-heading-1\" href=\"https:\/\/www.vblawgroup.com\/es\/peligros-construccion-de-carreteras\/#LOS_PELIGROS_DE_LOS_ACCIDENTES_DE_CONSTRUCCION_DE_CARRETERAS\" >LOS PELIGROS DE LOS ACCIDENTES DE CONSTRUCCI\u00d3N DE CARRETERAS<\/a><\/li><li class='ez-toc-page-1 ez-toc-heading-level-2'><a class=\"ez-toc-link ez-toc-heading-2\" href=\"https:\/\/www.vblawgroup.com\/es\/peligros-construccion-de-carreteras\/#ESTADISTICAS_SOBRE_INCIDENTES_DE_TRABAJADORES_DE_LA_CONSTRUCCION_DE_CARRETERAS_EN_EE_UU\" >ESTAD\u00cdSTICAS SOBRE INCIDENTES DE TRABAJADORES DE LA CONSTRUCCI\u00d3N DE CARRETERAS EN EE. UU.<\/a><\/li><li class='ez-toc-page-1 ez-toc-heading-level-2'><a class=\"ez-toc-link ez-toc-heading-3\" href=\"https:\/\/www.vblawgroup.com\/es\/peligros-construccion-de-carreteras\/#ESTADISTICAS_SOBRE_CONDUCTORES_DESCUDIDOS_Y_MUERTES_DE_TRABAJADORES_DE_CONSTRUCCION_DE_CARRETERAS\" >ESTAD\u00cdSTICAS SOBRE CONDUCTORES DESCUDIDOS Y MUERTES DE TRABAJADORES DE CONSTRUCCI\u00d3N DE CARRETERAS<\/a><\/li><li class='ez-toc-page-1 ez-toc-heading-level-2'><a class=\"ez-toc-link ez-toc-heading-4\" href=\"https:\/\/www.vblawgroup.com\/es\/peligros-construccion-de-carreteras\/#OBTENGA_LA_AYUDA_QUE_NECESITA_DESPUES_DE_UN_ACCIDENTE_DE_CONSTRUCCION_DE_CARRETERA\" >OBTENGA LA AYUDA QUE NECESITA DESPU\u00c9S DE UN ACCIDENTE DE CONSTRUCCI\u00d3N DE CARRETERA<\/a><\/li><\/ul><\/nav><\/div>\n<h2><span class=\"ez-toc-section\" id=\"LOS_PELIGROS_DE_LOS_ACCIDENTES_DE_CONSTRUCCION_DE_CARRETERAS\"><\/span>LOS PELIGROS DE LOS ACCIDENTES DE CONSTRUCCI\u00d3N DE CARRETERAS<span class=\"ez-toc-section-end\"><\/span><\/h2>\n<p>Los conductores de San Antonio ven obras en las carreteras casi todo el tiempo. Estas zonas presentan peligros para los conductores, peatones y trabajadores. Algunas de las amenazas incluyen:<\/p>\n<ul>\n<li>Trabajando durante la noche<\/li>\n<li>Carreteras congestionadas<\/li>\n<li>Conductores ebrios<\/li>\n<li>Maquinaria<\/li>\n<li>Escombros voladores<\/li>\n<li>Vistas obstruidas<\/li>\n<\/ul>\n<p>Maniobrar a trav\u00e9s de una zona de construcci\u00f3n puede resultar confuso. A menudo est\u00e1n congestionados y son complicados tanto para los peatones como para los conductores. Hay laberintos artificiales creados con se\u00f1ales de carreteras, barreras y conos de tr\u00e1fico. Esto hace que los patrones de tr\u00e1fico cambien r\u00e1pidamente, lo que puede provocar un desastre.<\/p>\n<p>Si solo un conductor no est\u00e1 prestando atenci\u00f3n, esta persona puede chocar contra otro veh\u00edculo, golpear barreras o terminar justo en el medio de la zona de construcci\u00f3n. Naufragios como estos provocan lesiones a peatones, conductores, pasajeros y trabajadores de la construcci\u00f3n.<\/p>\n<h2><span class=\"ez-toc-section\" id=\"ESTADISTICAS_SOBRE_INCIDENTES_DE_TRABAJADORES_DE_LA_CONSTRUCCION_DE_CARRETERAS_EN_EE_UU\"><\/span>ESTAD\u00cdSTICAS SOBRE INCIDENTES DE TRABAJADORES DE LA CONSTRUCCI\u00d3N DE CARRETERAS EN EE. UU.<span class=\"ez-toc-section-end\"><\/span><\/h2>\n<ul>\n<li>Un informe publicado por los Centros para el Control y la Prevenci\u00f3n de Enfermedades (CDC) revel\u00f3 las siguientes estad\u00edsticas:<\/li>\n<li>El 65% de todas las lesiones sufridas por los trabajadores de la carretera est\u00e1n relacionadas con incidentes de transporte.<\/li>\n<li>El 70% de esos incidentes involucran un veh\u00edculo que golpea a un peat\u00f3n que estaba trabajando en el sitio de construcci\u00f3n.<\/li>\n<li>Aproximadamente 1\/3 de esos trabajadores fueron atropellados por veh\u00edculos que iban en reversa<br \/>\nEl 12% de todas las muertes en la carretera involucran camiones grandes, como los que se usan en la construcci\u00f3n de carreteras.<\/li>\n<\/ul>\n<p>En todo Estados Unidos, se informan 37,000 lesiones cada a\u00f1o en zonas de trabajo relacionadas con la construcci\u00f3n de carreteras. Esto equivale a una lesi\u00f3n en las zonas de trabajo aproximadamente cada 15 minutos. \u00a1Eso es m\u00e1s de 100 lesiones diarias!<\/p>\n<p>El hecho a\u00fan m\u00e1s asombroso sobre los peligros de la construcci\u00f3n de carreteras es que muchos de estos incidentes ocurren durante el d\u00eda.<\/p>\n<h2><span class=\"ez-toc-section\" id=\"ESTADISTICAS_SOBRE_CONDUCTORES_DESCUDIDOS_Y_MUERTES_DE_TRABAJADORES_DE_CONSTRUCCION_DE_CARRETERAS\"><\/span>ESTAD\u00cdSTICAS SOBRE CONDUCTORES DESCUDIDOS Y MUERTES DE TRABAJADORES DE CONSTRUCCI\u00d3N DE CARRETERAS<span class=\"ez-toc-section-end\"><\/span><\/h2>\n<p>Los conductores que ignoran descuidadamente los l\u00edmites de velocidad reducidos y las se\u00f1ales de advertencia representan una amenaza significativa para las personas que trabajan en las zonas de construcci\u00f3n. Mantenerlos a salvo tambi\u00e9n requiere que toda la tripulaci\u00f3n siga las reglas y regulaciones de mejores pr\u00e1cticas. De lo contrario, alguien puede resultar gravemente herido o morir.<\/p>\n<p>Cerca de 1.000 trabajadores de obras de construcci\u00f3n murieron entre 2003 y 2010 en los Estados Unidos. Solo alrededor del 15% simplemente caminaba por el sitio. La mayor\u00eda estaba trabajando en el lugar cuando ocurrieron los accidentes.<\/p>\n<p>Adem\u00e1s, cientos de automovilistas resultan heridos de muerte cada a\u00f1o mientras conducen por zonas de construcci\u00f3n de carreteras.<\/p>\n<p>Un informe de la Administraci\u00f3n Nacional de Seguridad del Tr\u00e1fico en las Carreteras publicado en 2014 mostr\u00f3 que 104 trabajadores de la carretera murieron solo en Texas a causa de accidentes automovil\u00edsticos. La mayor\u00eda de estas muertes de trabajadores de la construcci\u00f3n de carreteras se pudieron prevenir.<\/p>\n<p>Estas son solo algunas de las ocupaciones comunes que se sabe que mueren por lesiones relacionadas con la zona de trabajo:<\/p>\n<ul>\n<li>Obreros<\/li>\n<li>Supervisores<\/li>\n<li>Operadores de equipo pesado<\/li>\n<li>Conductores de tractor-remolque<\/li>\n<li>Trabajadores de mantenimiento de carreteras<\/li>\n<\/ul>\n<p>La mayor\u00eda de estas muertes relacionadas con el trabajo ocurrieron dentro del sector privado de la industria. Solo alrededor del 10% de estos trabajadores fueron empleados por gobiernos locales o estatales.<\/p>\n<h2><span class=\"ez-toc-section\" id=\"OBTENGA_LA_AYUDA_QUE_NECESITA_DESPUES_DE_UN_ACCIDENTE_DE_CONSTRUCCION_DE_CARRETERA\"><\/span>OBTENGA LA AYUDA QUE NECESITA DESPU\u00c9S DE UN ACCIDENTE DE CONSTRUCCI\u00d3N DE CARRETERA<span class=\"ez-toc-section-end\"><\/span><\/h2>\n<p>Si ha resultado lesionado en un incidente de construcci\u00f3n mientras caminaba, manejaba o trabajaba en las carreteras de Texas, tiene recursos y derechos. Contrate a un abogado de lesiones personales local para que lo represente y presente una demanda para luchar por la ayuda que necesita para pagar las facturas m\u00e9dicas y recuperarse de los salarios perdidos.<\/p>\n<p>The Texas Law Guns, Injury &#038; Accident Lawyers es un l\u00edder de la industria en el \u00e1rea de San Antonio. Nuestros abogados capacitados brindan los siguientes servicios para los trabajadores lesionados en accidentes de construcci\u00f3n de carreteras:<\/p>\n<ul>\n<li>Recolectar evidencia<\/li>\n<li>Localizar y entrevistar a testigos<\/li>\n<li>Cubrir los costos iniciales hasta que se resuelva el caso<\/li>\n<li>Contratar expertos para reconstruir el accidente<\/li>\n<li>Construya su caso hablando con investigadores<\/li>\n<li>Luche contra las compa\u00f1\u00edas de seguros por usted<\/li>\n<li>Maneje su papeleo y facturas m\u00e9dicas<\/li>\n<li>Realice un seguimiento de los plazos y lo actualice sobre su caso<\/li>\n<li>Responda todas sus preguntas legales<\/li>\n<li>Enfr\u00e9ntate a las empresas constructoras cuando tienen la culpa<\/li>\n<\/ul>\n<p>\u00bfLos peligros de la construcci\u00f3n de carreteras le han dejado lesionado debido a un accidente? Luego, lucha por tus derechos. Obtenga la ayuda que necesita para ganar su caso y poder recuperarse m\u00e9dica y financieramente.<\/p>\n","protected":false},"excerpt":{"rendered":"<p>Cuando las carreteras est\u00e1n en mal estado, deben ser reparadas. Sin embargo, uno de los peligros de la construcci\u00f3n es que puede provocar accidentes automovil\u00edsticos, accidentes de peatones y varios tipos de lesiones personales. En Texas, estos incidentes ocurren a menudo mientras se realiza la construcci\u00f3n en las carreteras. Son muchas las causas. A veces,&#8230; <a href=\"https:\/\/www.vblawgroup.com\/es\/peligros-construccion-de-carreteras\/\">read more<\/a><\/p>\n","protected":false},"author":10,"featured_media":0,"parent":0,"menu_order":0,"comment_status":"closed","ping_status":"closed","template":"","meta":{"_acf_changed":false,"footnotes":""},"class_list":["post-611","page","type-page","status-publish","hentry"],"acf":[],"_links":{"self":[{"href":"https:\/\/www.vblawgroup.com\/es\/wp-json\/wp\/v2\/pages\/611","targetHints":{"allow":["GET"]}}],"collection":[{"href":"https:\/\/www.vblawgroup.com\/es\/wp-json\/wp\/v2\/pages"}],"about":[{"href":"https:\/\/www.vblawgroup.com\/es\/wp-json\/wp\/v2\/types\/page"}],"author":[{"embeddable":true,"href":"https:\/\/www.vblawgroup.com\/es\/wp-json\/wp\/v2\/users\/10"}],"replies":[{"embeddable":true,"href":"https:\/\/www.vblawgroup.com\/es\/wp-json\/wp\/v2\/comments?post=611"}],"version-history":[{"count":0,"href":"https:\/\/www.vblawgroup.com\/es\/wp-json\/wp\/v2\/pages\/611\/revisions"}],"wp:attachment":[{"href":"https:\/\/www.vblawgroup.com\/es\/wp-json\/wp\/v2\/media?parent=611"}],"curies":[{"name":"wp","href":"https:\/\/api.w.org\/{rel}","templated":true}]}}