{"id":615,"date":"2021-12-21T05:15:48","date_gmt":"2021-12-21T05:15:48","guid":{"rendered":"https:\/\/www.vblawgroup.com\/es\/?page_id=615"},"modified":"2023-07-22T14:23:43","modified_gmt":"2023-07-22T14:23:43","slug":"accidentes-sin-seguro-y-con-seguro-insuficiente","status":"publish","type":"page","link":"https:\/\/www.vblawgroup.com\/es\/areas-de-practica\/accidentes-sin-seguro-y-con-seguro-insuficiente\/","title":{"rendered":"Abogado de accidentes sin seguro o con seguro insuficiente de San Antonio"},"content":{"rendered":"<p>Tener un accidente automovil\u00edstico es bastante agitado, especialmente si ha resultado lesionado. Si usted o un ser querido ha tenido un accidente con un conductor sin seguro o con seguro insuficiente, puede resultar dif\u00edcil obtener la compensaci\u00f3n que se merece. En Texas Law Guns, Injury &#038; Accident Lawyers, nuestros abogados de accidentes sin seguro o con seguro insuficiente de San Antonio se pondr\u00e1n a trabajar explorando todas las v\u00edas de compensaci\u00f3n para su caso. Ll\u00e1menos hoy para una consulta gratuita.<\/p>\n<div id=\"ez-toc-container\" class=\"ez-toc-v2_0_76 counter-hierarchy ez-toc-counter ez-toc-grey ez-toc-container-direction\">\n<div class=\"ez-toc-title-container\">\n<p class=\"ez-toc-title\" style=\"cursor:inherit\">Table of Contents<\/p>\n<span class=\"ez-toc-title-toggle\"><a href=\"#\" class=\"ez-toc-pull-right ez-toc-btn ez-toc-btn-xs ez-toc-btn-default ez-toc-toggle\" aria-label=\"Toggle Table of Content\"><span class=\"ez-toc-js-icon-con\"><span class=\"\"><span class=\"eztoc-hide\" style=\"display:none;\">Toggle<\/span><span class=\"ez-toc-icon-toggle-span\"><svg style=\"fill: #999;color:#999\" xmlns=\"http:\/\/www.w3.org\/2000\/svg\" class=\"list-377408\" width=\"20px\" height=\"20px\" viewBox=\"0 0 24 24\" fill=\"none\"><path d=\"M6 6H4v2h2V6zm14 0H8v2h12V6zM4 11h2v2H4v-2zm16 0H8v2h12v-2zM4 16h2v2H4v-2zm16 0H8v2h12v-2z\" fill=\"currentColor\"><\/path><\/svg><svg style=\"fill: #999;color:#999\" class=\"arrow-unsorted-368013\" xmlns=\"http:\/\/www.w3.org\/2000\/svg\" width=\"10px\" height=\"10px\" viewBox=\"0 0 24 24\" version=\"1.2\" baseProfile=\"tiny\"><path d=\"M18.2 9.3l-6.2-6.3-6.2 6.3c-.2.2-.3.4-.3.7s.1.5.3.7c.2.2.4.3.7.3h11c.3 0 .5-.1.7-.3.2-.2.3-.5.3-.7s-.1-.5-.3-.7zM5.8 14.7l6.2 6.3 6.2-6.3c.2-.2.3-.5.3-.7s-.1-.5-.3-.7c-.2-.2-.4-.3-.7-.3h-11c-.3 0-.5.1-.7.3-.2.2-.3.5-.3.7s.1.5.3.7z\"\/><\/svg><\/span><\/span><\/span><\/a><\/span><\/div>\n<nav><ul class='ez-toc-list ez-toc-list-level-1 ' ><li class='ez-toc-page-1 ez-toc-heading-level-2'><a class=\"ez-toc-link ez-toc-heading-1\" href=\"https:\/\/www.vblawgroup.com\/es\/areas-de-practica\/accidentes-sin-seguro-y-con-seguro-insuficiente\/#THE_VILLARREAL_BEGUM_LAW_GUNS_ES_SU_ELECCION_PARA_ESTO\" >THE VILLARREAL &amp; BEGUM, LAW GUNS ES SU ELECCI\u00d3N PARA ESTO<\/a><\/li><li class='ez-toc-page-1 ez-toc-heading-level-2'><a class=\"ez-toc-link ez-toc-heading-2\" href=\"https:\/\/www.vblawgroup.com\/es\/areas-de-practica\/accidentes-sin-seguro-y-con-seguro-insuficiente\/#%C2%BFPOR_QUE_ES_NECESARIO_UN_ABOGADO_PARA_ESTOS_CASOS\" >\u00bfPOR QU\u00c9 ES NECESARIO UN ABOGADO PARA ESTOS CASOS?<\/a><\/li><li class='ez-toc-page-1 ez-toc-heading-level-2'><a class=\"ez-toc-link ez-toc-heading-3\" href=\"https:\/\/www.vblawgroup.com\/es\/areas-de-practica\/accidentes-sin-seguro-y-con-seguro-insuficiente\/#ACCIDENTES_CON_CONDUCTORES_SIN_SEGURO_Y_SUBASEGURADO_EN_SAN_ANTONIO\" >ACCIDENTES CON CONDUCTORES SIN SEGURO Y SUBASEGURADO EN SAN ANTONIO<\/a><\/li><li class='ez-toc-page-1 ez-toc-heading-level-2'><a class=\"ez-toc-link ez-toc-heading-4\" href=\"https:\/\/www.vblawgroup.com\/es\/areas-de-practica\/accidentes-sin-seguro-y-con-seguro-insuficiente\/#TRABAJAREMOS_PARA_ASEGURAR_LA_COMPENSACION_QUE_NECESITA\" >TRABAJAREMOS PARA ASEGURAR LA COMPENSACI\u00d3N QUE NECESITA<\/a><\/li><li class='ez-toc-page-1 ez-toc-heading-level-2'><a class=\"ez-toc-link ez-toc-heading-5\" href=\"https:\/\/www.vblawgroup.com\/es\/areas-de-practica\/accidentes-sin-seguro-y-con-seguro-insuficiente\/#LLAME_A_VILLARREAL_BEGUM_LAW_GUNS_HOY\" >LLAME A VILLARREAL &amp; BEGUM, LAW GUNS HOY<\/a><\/li><\/ul><\/nav><\/div>\n<h2><span class=\"ez-toc-section\" id=\"THE_VILLARREAL_BEGUM_LAW_GUNS_ES_SU_ELECCION_PARA_ESTO\"><\/span>THE VILLARREAL &amp; BEGUM, LAW GUNS ES SU ELECCI\u00d3N PARA ESTO<span class=\"ez-toc-section-end\"><\/span><\/h2>\n<p>En Texas Law Guns, Injury &#038; Accident Lawyers, puede contar con una firma de lesiones personales de confianza en Texas a su lado.<\/p>\n<ul>\n<li>Nos enfocamos solo en casos legales de lesiones personales, a diferencia de las firmas m\u00e1s grandes que trabajan en una amplia gama de \u00e1reas de pr\u00e1ctica.<\/li>\n<li>Tenemos un historial probado de resultados, con una tasa de \u00e9xito del 99%.<\/li>\n<li>Tomamos estos casos sobre la base de una tarifa de contingencia, lo que significa que no paga nada hasta que obtengamos la compensaci\u00f3n que se merece por su caso.<\/li>\n<\/ul>\n<h2><span class=\"ez-toc-section\" id=\"%C2%BFPOR_QUE_ES_NECESARIO_UN_ABOGADO_PARA_ESTOS_CASOS\"><\/span>\u00bfPOR QU\u00c9 ES NECESARIO UN ABOGADO PARA ESTOS CASOS?<span class=\"ez-toc-section-end\"><\/span><\/h2>\n<p>Los choques que involucran a conductores sin seguro o con seguro insuficiente pueden volverse m\u00e1s complicados que la mayor\u00eda de los accidentes de veh\u00edculos. Su abogado de accidentes automovil\u00edsticos de San Antonio trabajar\u00e1 para asegurarse de que no haya errores al determinar la responsabilidad en estos casos. Su abogado:<\/p>\n<ul>\n<li>Re\u00fana toda la evidencia relacionada con el accidente, incluidos los informes del accidente, las fotos de la escena, cualquier videovigilancia disponible, informes policiales y m\u00e1s.<\/li>\n<li>Trabaje con su compa\u00f1\u00eda de seguros y con la compa\u00f1\u00eda de seguros del conductor culpable para llegar a un acuerdo que cubra todos sus gastos.<\/li>\n<li>Prep\u00e1rese para presentar una demanda por lesiones personales a fin de recuperar una compensaci\u00f3n.<\/li>\n<\/ul>\n<h2><span class=\"ez-toc-section\" id=\"ACCIDENTES_CON_CONDUCTORES_SIN_SEGURO_Y_SUBASEGURADO_EN_SAN_ANTONIO\"><\/span>ACCIDENTES CON CONDUCTORES SIN SEGURO Y SUBASEGURADO EN SAN ANTONIO<span class=\"ez-toc-section-end\"><\/span><\/h2>\n<p>Tener un accidente automovil\u00edstico ya es bastante complicado. Cuando el incidente involucra a un conductor sin seguro o con seguro insuficiente, las consecuencias pueden ser una pesadilla. El estado de Texas requiere que los conductores lleven un m\u00ednimo de:<\/p>\n<ul>\n<li>$ 30,000 por lesiones corporales o muerte de una persona en un accidente<\/li>\n<li>$ 60,000 por lesiones corporales o muerte de dos o m\u00e1s personas en un accidente<\/li>\n<li>$ 25,000 por da\u00f1os o destrucci\u00f3n de la propiedad de otros en un accidente<\/li>\n<\/ul>\n<p>Esta cobertura b\u00e1sica es solo eso: b\u00e1sica. Las lesiones en los da\u00f1os a la propiedad como resultado de un accidente pueden agotar r\u00e1pidamente esta cobertura y dejar a las v\u00edctimas de accidentes automovil\u00edsticos pregunt\u00e1ndose c\u00f3mo cubrir los costos. Peor a\u00fan, si lo atropella un conductor sin seguro, sus posibilidades de compensaci\u00f3n son limitadas.<\/p>\n<p>Una forma de obtener una compensaci\u00f3n en estos incidentes es utilizar la cobertura de automovilista sin seguro o con seguro insuficiente (UM \/ UIM). Ambos tipos de seguro son opcionales en Texas, pero son muy beneficiosos en incidentes como este. Si no tiene cobertura UM \/ UIM, es posible que pueda obtener una compensaci\u00f3n del conductor negligente a trav\u00e9s de una demanda por lesiones personales.<\/p>\n<p>Durante el \u00faltimo a\u00f1o del informe en San Antonio, el Departamento de Transporte de Texas dice que hubo m\u00e1s de 42,000 accidentes automovil\u00edsticos en total en nuestra ciudad. Muchos de estos incidentes involucraron a conductores sin seguro o con seguro insuficiente.<\/p>\n<h2><span class=\"ez-toc-section\" id=\"TRABAJAREMOS_PARA_ASEGURAR_LA_COMPENSACION_QUE_NECESITA\"><\/span>TRABAJAREMOS PARA ASEGURAR LA COMPENSACI\u00d3N QUE NECESITA<span class=\"ez-toc-section-end\"><\/span><\/h2>\n<p>El hecho de que est\u00e9 involucrado en un accidente con un conductor sin seguro o con seguro insuficiente no significa que no deba recibir una compensaci\u00f3n por sus lesiones y da\u00f1os a la propiedad. En Texas Law Guns, Injury &#038; Accident Lawyers, trabajaremos para explorar todas las v\u00edas de compensaci\u00f3n despu\u00e9s de su accidente. Queremos asegurarnos de que se cubra lo siguiente:<\/p>\n<ul>\n<li>Sus gastos m\u00e9dicos relacionados con el accidente.<\/li>\n<li>Cobertura por todos los da\u00f1os a la propiedad<\/li>\n<li>Salarios y beneficios perdidos si no puede trabajar<\/li>\n<li>Da\u00f1os por dolor y sufrimiento<\/li>\n<li>Da\u00f1os por p\u00e9rdida del disfrute personal<\/li>\n<\/ul>\n<h2><span class=\"ez-toc-section\" id=\"LLAME_A_VILLARREAL_BEGUM_LAW_GUNS_HOY\"><\/span>LLAME A VILLARREAL &amp; BEGUM, LAW GUNS HOY<span class=\"ez-toc-section-end\"><\/span><\/h2>\n<p>Cuando necesite un abogado de accidentes sin seguro o con seguro insuficiente en San Antonio, puede contactarnos para una consulta gratuita en l\u00ednea o llamarnos al <a href=\"tel:2107774878\">(210) 800-0000<\/a>.<\/p>\n","protected":false},"excerpt":{"rendered":"<p>Tener un accidente automovil\u00edstico es bastante agitado, especialmente si ha resultado lesionado. Si usted o un ser querido ha tenido un accidente con un conductor sin seguro o con seguro insuficiente, puede resultar dif\u00edcil obtener la compensaci\u00f3n que se merece. En Texas Law Guns, Injury &#038; Accident Lawyers, nuestros abogados de accidentes sin seguro o&#8230; <a href=\"https:\/\/www.vblawgroup.com\/es\/areas-de-practica\/accidentes-sin-seguro-y-con-seguro-insuficiente\/\">read more<\/a><\/p>\n","protected":false},"author":10,"featured_media":0,"parent":226,"menu_order":0,"comment_status":"closed","ping_status":"closed","template":"","meta":{"_acf_changed":false,"footnotes":""},"class_list":["post-615","page","type-page","status-publish","hentry"],"acf":[],"_links":{"self":[{"href":"https:\/\/www.vblawgroup.com\/es\/wp-json\/wp\/v2\/pages\/615","targetHints":{"allow":["GET"]}}],"collection":[{"href":"https:\/\/www.vblawgroup.com\/es\/wp-json\/wp\/v2\/pages"}],"about":[{"href":"https:\/\/www.vblawgroup.com\/es\/wp-json\/wp\/v2\/types\/page"}],"author":[{"embeddable":true,"href":"https:\/\/www.vblawgroup.com\/es\/wp-json\/wp\/v2\/users\/10"}],"replies":[{"embeddable":true,"href":"https:\/\/www.vblawgroup.com\/es\/wp-json\/wp\/v2\/comments?post=615"}],"version-history":[{"count":0,"href":"https:\/\/www.vblawgroup.com\/es\/wp-json\/wp\/v2\/pages\/615\/revisions"}],"up":[{"embeddable":true,"href":"https:\/\/www.vblawgroup.com\/es\/wp-json\/wp\/v2\/pages\/226"}],"wp:attachment":[{"href":"https:\/\/www.vblawgroup.com\/es\/wp-json\/wp\/v2\/media?parent=615"}],"curies":[{"name":"wp","href":"https:\/\/api.w.org\/{rel}","templated":true}]}}