{"id":672,"date":"2021-12-26T05:22:04","date_gmt":"2021-12-26T05:22:04","guid":{"rendered":"https:\/\/www.vblawgroup.com\/es\/?page_id=672"},"modified":"2023-07-20T05:28:07","modified_gmt":"2023-07-20T05:28:07","slug":"descargo-de-responsabilidad","status":"publish","type":"page","link":"https:\/\/www.vblawgroup.com\/es\/descargo-de-responsabilidad\/","title":{"rendered":"Descargo de responsabilidad"},"content":{"rendered":"<p>Ning\u00fan abogado o bufete de abogados puede predecir o prometer un resultado en su caso legal, sin embargo, podemos brindarle una consulta de caso gratuita para determinar sus mejores opciones para la representaci\u00f3n legal de reclamos.<\/p>\n<p>Este sitio web est\u00e1 dise\u00f1ado solo para fines generales, y cualquier informaci\u00f3n contenida en este documento no debe interpretarse como asesoramiento legal. Visitar este sitio o contactarnos no constituye la formaci\u00f3n de una relaci\u00f3n abogado \/ cliente o el establecimiento de cualquier otro tipo de acuerdo que implique que se ha ofrecido o aceptado representaci\u00f3n legal.<\/p>\n<p>No nos env\u00ede ninguna informaci\u00f3n confidencial hasta que se haya establecido una relaci\u00f3n abogado-cliente.<\/p>\n","protected":false},"excerpt":{"rendered":"<p>Ning\u00fan abogado o bufete de abogados puede predecir o prometer un resultado en su caso legal, sin embargo, podemos brindarle una consulta de caso gratuita para determinar sus mejores opciones para la representaci\u00f3n legal de reclamos. Este sitio web est\u00e1 dise\u00f1ado solo para fines generales, y cualquier informaci\u00f3n contenida en este documento no debe interpretarse&#8230; <a href=\"https:\/\/www.vblawgroup.com\/es\/descargo-de-responsabilidad\/\">read more<\/a><\/p>\n","protected":false},"author":10,"featured_media":0,"parent":0,"menu_order":0,"comment_status":"closed","ping_status":"closed","template":"","meta":{"_acf_changed":false,"footnotes":""},"class_list":["post-672","page","type-page","status-publish","hentry"],"acf":[],"_links":{"self":[{"href":"https:\/\/www.vblawgroup.com\/es\/wp-json\/wp\/v2\/pages\/672","targetHints":{"allow":["GET"]}}],"collection":[{"href":"https:\/\/www.vblawgroup.com\/es\/wp-json\/wp\/v2\/pages"}],"about":[{"href":"https:\/\/www.vblawgroup.com\/es\/wp-json\/wp\/v2\/types\/page"}],"author":[{"embeddable":true,"href":"https:\/\/www.vblawgroup.com\/es\/wp-json\/wp\/v2\/users\/10"}],"replies":[{"embeddable":true,"href":"https:\/\/www.vblawgroup.com\/es\/wp-json\/wp\/v2\/comments?post=672"}],"version-history":[{"count":0,"href":"https:\/\/www.vblawgroup.com\/es\/wp-json\/wp\/v2\/pages\/672\/revisions"}],"wp:attachment":[{"href":"https:\/\/www.vblawgroup.com\/es\/wp-json\/wp\/v2\/media?parent=672"}],"curies":[{"name":"wp","href":"https:\/\/api.w.org\/{rel}","templated":true}]}}