{"id":743,"date":"2022-05-01T09:10:35","date_gmt":"2022-05-01T09:10:35","guid":{"rendered":"https:\/\/www.vblawgroup.com\/es\/austin-personal-injury-lawyer-copy\/"},"modified":"2023-07-25T05:54:41","modified_gmt":"2023-07-25T05:54:41","slug":"abogado-lesiones-quemaduras-austin","status":"publish","type":"page","link":"https:\/\/www.vblawgroup.com\/es\/areas-de-practica\/abogado-lesiones-quemaduras-austin\/","title":{"rendered":"ABOGADO DE LESIONES POR QUEMADURAS EN AUSTIN"},"content":{"rendered":"<p><span style=\"font-weight: 400;\">Una quemadura es una lesi\u00f3n extremadamente dolorosa que puede dejar a la v\u00edctima con cicatrices permanentes, discapacitada y emocionalmente traumatizada. Las quemaduras pueden ocurrir en incendios de casas o cocinas, incidentes en el lugar de trabajo, explosiones, derrames de productos qu\u00edmicos, accidentes de l\u00edneas el\u00e9ctricas y muchos otros desastres en Austin, Texas.<\/span><\/p>\n<p><span style=\"font-weight: 400;\">Si usted ha sufrido una lesi\u00f3n por quemadura grave a causa de cualquier tipo de accidente, p\u00f3ngase en contacto con los abogados de lesiones por quemadura de Austin en Despacho de abogados Villarreal &amp; Begum, para averiguar si alguien es responsable. Nuestros <\/span><a href=\"https:\/\/www.vblawgroup.com\/es\/abogado-de-lesiones-personales-en-austin\/\"><span style=\"font-weight: 400;\">abogados de lesiones personales en Austin<\/span><\/a><span style=\"font-weight: 400;\"> pueden revisar su caso y proporcionarle asesor\u00eda legal sin costo alguno.<\/span><\/p>\n<p><span style=\"font-weight: 400;\">En promedio, los departamentos de bomberos de Estados Unidos responden a un incendio <\/span><a href=\"https:\/\/www.nfpa.org\/-\/media\/Files\/News-and-Research\/Fire-statistics-and-reports\/Fact-sheets\/FireLossFacts.ashx\" target=\"_blank\" rel=\"noopener\"><span style=\"font-weight: 400;\">cada 24 segundos<\/span><\/a><span style=\"font-weight: 400;\">.<\/span><\/p>\n<div id=\"ez-toc-container\" class=\"ez-toc-v2_0_76 counter-hierarchy ez-toc-counter ez-toc-grey ez-toc-container-direction\">\n<div class=\"ez-toc-title-container\">\n<p class=\"ez-toc-title\" style=\"cursor:inherit\">Table of Contents<\/p>\n<span class=\"ez-toc-title-toggle\"><a href=\"#\" class=\"ez-toc-pull-right ez-toc-btn ez-toc-btn-xs ez-toc-btn-default ez-toc-toggle\" aria-label=\"Toggle Table of Content\"><span class=\"ez-toc-js-icon-con\"><span class=\"\"><span class=\"eztoc-hide\" style=\"display:none;\">Toggle<\/span><span class=\"ez-toc-icon-toggle-span\"><svg style=\"fill: #999;color:#999\" xmlns=\"http:\/\/www.w3.org\/2000\/svg\" class=\"list-377408\" width=\"20px\" height=\"20px\" viewBox=\"0 0 24 24\" fill=\"none\"><path d=\"M6 6H4v2h2V6zm14 0H8v2h12V6zM4 11h2v2H4v-2zm16 0H8v2h12v-2zM4 16h2v2H4v-2zm16 0H8v2h12v-2z\" fill=\"currentColor\"><\/path><\/svg><svg style=\"fill: #999;color:#999\" class=\"arrow-unsorted-368013\" xmlns=\"http:\/\/www.w3.org\/2000\/svg\" width=\"10px\" height=\"10px\" viewBox=\"0 0 24 24\" version=\"1.2\" baseProfile=\"tiny\"><path d=\"M18.2 9.3l-6.2-6.3-6.2 6.3c-.2.2-.3.4-.3.7s.1.5.3.7c.2.2.4.3.7.3h11c.3 0 .5-.1.7-.3.2-.2.3-.5.3-.7s-.1-.5-.3-.7zM5.8 14.7l6.2 6.3 6.2-6.3c.2-.2.3-.5.3-.7s-.1-.5-.3-.7c-.2-.2-.4-.3-.7-.3h-11c-.3 0-.5.1-.7.3-.2.2-.3.5-.3.7s.1.5.3.7z\"\/><\/svg><\/span><\/span><\/span><\/a><\/span><\/div>\n<nav><ul class='ez-toc-list ez-toc-list-level-1 ' ><li class='ez-toc-page-1 ez-toc-heading-level-2'><a class=\"ez-toc-link ez-toc-heading-1\" href=\"https:\/\/www.vblawgroup.com\/es\/areas-de-practica\/abogado-lesiones-quemaduras-austin\/#POR_QUE_LOS_CLIENTES_CONFIAN_EN_LOS_ABOGADOS_DEL_DESPACHO_VILLARREAL_BEGUM_LAW_GUNS\" >POR QU\u00c9 LOS CLIENTES CONF\u00cdAN EN LOS ABOGADOS DEL DESPACHO VILLARREAL &amp; BEGUM, LAW GUNS<\/a><\/li><li class='ez-toc-page-1 ez-toc-heading-level-2'><a class=\"ez-toc-link ez-toc-heading-2\" href=\"https:\/\/www.vblawgroup.com\/es\/areas-de-practica\/abogado-lesiones-quemaduras-austin\/#TIPOS_DE_LESIONES_POR_QUEMADURAS\" >TIPOS DE LESIONES POR QUEMADURAS<\/a><\/li><li class='ez-toc-page-1 ez-toc-heading-level-2'><a class=\"ez-toc-link ez-toc-heading-3\" href=\"https:\/\/www.vblawgroup.com\/es\/areas-de-practica\/abogado-lesiones-quemaduras-austin\/#COMPENSACION_DISPONIBLE_POR_UNA_RECLAMACION_DE_LESIONES_POR_QUEMADURAS_EN_AUSTIN\" >COMPENSACI\u00d3N DISPONIBLE POR UNA RECLAMACI\u00d3N DE LESIONES POR QUEMADURAS EN AUSTIN<\/a><\/li><li class='ez-toc-page-1 ez-toc-heading-level-2'><a class=\"ez-toc-link ez-toc-heading-4\" href=\"https:\/\/www.vblawgroup.com\/es\/areas-de-practica\/abogado-lesiones-quemaduras-austin\/#ENTERESE_QUIEN_PUEDE_SER_RESPONSABLE_DE_SU_LESION_POR_QUEMADURA_EN_AUSTIN\" >ENT\u00c9RESE QUI\u00c9N PUEDE SER RESPONSABLE DE SU LESI\u00d3N POR QUEMADURA EN AUSTIN<\/a><\/li><\/ul><\/nav><\/div>\n<h2><span class=\"ez-toc-section\" id=\"POR_QUE_LOS_CLIENTES_CONFIAN_EN_LOS_ABOGADOS_DEL_DESPACHO_VILLARREAL_BEGUM_LAW_GUNS\"><\/span>POR QU\u00c9 LOS CLIENTES CONF\u00cdAN EN LOS ABOGADOS DEL DESPACHO VILLARREAL &amp; BEGUM, LAW GUNS<span class=\"ez-toc-section-end\"><\/span><\/h2>\n<ul>\n<li style=\"font-weight: 400;\" aria-level=\"1\"><span style=\"font-weight: 400;\">Tenemos una ventaja \u00fanica sobre otros despachos de abogados: s\u00f3lo aceptamos casos de lesiones personales. Nuestro profundo conocimiento de esta \u00e1rea de pr\u00e1ctica podr\u00eda impulsar su reclamaci\u00f3n.<\/span><\/li>\n<li style=\"font-weight: 400;\" aria-level=\"1\"><span style=\"font-weight: 400;\">Sabemos lo que se necesita para negociar, litigar y ganar casos de lesiones por quemaduras en Texas. Nuestros abogados tienen a\u00f1os de experiencia en el manejo de reclamaciones por lesiones por quemaduras.<\/span><\/li>\n<li style=\"font-weight: 400;\" aria-level=\"1\"><span style=\"font-weight: 400;\">Aceptamos reclamaciones de lesiones por quemaduras en Austin en base a honorarios de contingencia. Usted no pagar\u00e1 ning\u00fan costo de su bolsillo. Usted s\u00f3lo pagar\u00e1 una parte de lo ganado, y s\u00f3lo si ganamos.<\/span><\/li>\n<\/ul>\n<h2><span class=\"ez-toc-section\" id=\"TIPOS_DE_LESIONES_POR_QUEMADURAS\"><\/span>TIPOS DE LESIONES POR QUEMADURAS<span class=\"ez-toc-section-end\"><\/span><\/h2>\n<p><span style=\"font-weight: 400;\">Seg\u00fan la <\/span><a href=\"https:\/\/www.nfpa.org\/-\/media\/Files\/News-and-Research\/Fire-statistics-and-reports\/Fact-sheets\/FireLossFacts.ashx\" target=\"_blank\" rel=\"noopener\"><span style=\"font-weight: 400;\">Asociaci\u00f3n Nacional de Protecci\u00f3n contra Incendios<\/span><\/a><span style=\"font-weight: 400;\">, casi medio mill\u00f3n de personas buscan tratamiento m\u00e9dico por lesiones por quemaduras cada a\u00f1o. Las quemaduras pueden producirse por el contacto con fuentes de energ\u00eda t\u00e9rmica (calor), el\u00e9ctrica, qu\u00edmica y de radiaci\u00f3n. Las lesiones por quemaduras t\u00e9rmicas son las m\u00e1s frecuentes debido al contacto con superficies calientes, llamas o vapor. Cualquier tipo de lesi\u00f3n por quemadura puede causar dolor y sufrimiento graves, as\u00ed como cicatrices o desfiguraci\u00f3n permanentes. Dentro de los tipos de lesiones por quemaduras, <\/span><a href=\"https:\/\/www.cdc.gov\/masstrauma\/factsheets\/public\/burns.pdf\" target=\"_blank\" rel=\"noopener\"><span style=\"font-weight: 400;\">hay tres grados de gravedad<\/span><\/a><span style=\"font-weight: 400;\">.<\/span><\/p>\n<ul>\n<li style=\"font-weight: 400;\" aria-level=\"1\"><span style=\"font-weight: 400;\">Quemadura de primer grado. Es una quemadura que s\u00f3lo afecta a la primera capa de la piel. Puede aparecer roja y dolorosa, pero no causar\u00e1 ampollas en la mayor\u00eda de los casos. Una quemadura de primer grado puede requerir atenci\u00f3n m\u00e9dica si es grande o en un lugar sensible.<\/span><\/li>\n<li style=\"font-weight: 400;\" aria-level=\"1\"><span style=\"font-weight: 400;\">Quemadura de segundo grado. Una quemadura de segundo grado afecta a la primera y segunda capa de la piel. Suele producir ampollas y puede dejar cicatrices. Lleva aparejado el riesgo de infecci\u00f3n y requiere atenci\u00f3n m\u00e9dica.<\/span><\/li>\n<li style=\"font-weight: 400;\" aria-level=\"1\"><span style=\"font-weight: 400;\">Quemadura de tercer grado. Una quemadura de tercer grado puede afectar a los tejidos situados por debajo de la segunda capa de la piel, como los m\u00fasculos y los huesos. A menudo da\u00f1a o destruye las terminaciones nerviosas y causa desfiguraci\u00f3n y discapacidades permanentes.<\/span><\/li>\n<\/ul>\n<p><span style=\"font-weight: 400;\">Los abogados de lesiones por quemaduras en Austin del Despacho de\u00a0 Texas Law Guns, Injury &#038; Accident Lawyers pueden ayudar a los clientes con todos los tipos y grados de lesiones por quemaduras con reclamaciones civiles. Hemos obtenido con \u00e9xito <\/span><a href=\"https:\/\/www.vblawgroup.com\/es\/resultados-de-casos\/\"><span style=\"font-weight: 400;\">pagos completos<\/span><\/a><span style=\"font-weight: 400;\"> para muchos clientes anteriores debido a nuestro compromiso y dedicaci\u00f3n. Un paciente con quemaduras puede requerir tratamientos como los del<\/span><a href=\"https:\/\/medicalcityhealthcare.com\/specialties\/burn-care\/?location=medical-city-plano\" target=\"_blank\" rel=\"noopener\"><span style=\"font-weight: 400;\"> Centro M\u00e9dico Reconstructivo de Texas<\/span><\/a><span style=\"font-weight: 400;\">, que no son baratos. Luchamos duro en nombre de nuestros clientes, persiguiendo los m\u00e1ximos resultados a trav\u00e9s de estrategias legales agresivas.<\/span><\/p>\n<h2><span class=\"ez-toc-section\" id=\"COMPENSACION_DISPONIBLE_POR_UNA_RECLAMACION_DE_LESIONES_POR_QUEMADURAS_EN_AUSTIN\"><\/span>COMPENSACI\u00d3N DISPONIBLE POR UNA RECLAMACI\u00d3N DE LESIONES POR QUEMADURAS EN AUSTIN<span class=\"ez-toc-section-end\"><\/span><\/h2>\n<p><span style=\"font-weight: 400;\">Responsabilizar a un demandado por sus lesiones por quemaduras en Austin podr\u00eda llevar a que un individuo o establecimiento le pague una indemnizaci\u00f3n por sus da\u00f1os. La compensaci\u00f3n tiene como objetivo reembolsar los da\u00f1os econ\u00f3micos y no econ\u00f3micos que sufri\u00f3 debido a la negligencia del demandado.\u00a0<\/span><\/p>\n<ul>\n<li style=\"font-weight: 400;\" aria-level=\"1\"><span style=\"font-weight: 400;\">Gastos de atenci\u00f3n m\u00e9dica<\/span><\/li>\n<li style=\"font-weight: 400;\" aria-level=\"1\"><span style=\"font-weight: 400;\">Honorarios del departamento de emergencias<\/span><\/li>\n<li style=\"font-weight: 400;\" aria-level=\"1\"><span style=\"font-weight: 400;\">Salarios perdidos<\/span><\/li>\n<li style=\"font-weight: 400;\" aria-level=\"1\"><span style=\"font-weight: 400;\">P\u00e9rdida de la capacidad de ganancia<\/span><\/li>\n<li style=\"font-weight: 400;\" aria-level=\"1\"><span style=\"font-weight: 400;\">Da\u00f1os a la propiedad<\/span><\/li>\n<li style=\"font-weight: 400;\" aria-level=\"1\"><span style=\"font-weight: 400;\">Modificaciones en el hogar y en el veh\u00edculo<\/span><\/li>\n<li style=\"font-weight: 400;\" aria-level=\"1\"><span style=\"font-weight: 400;\">Dolor y sufrimiento pasados y futuros<\/span><\/li>\n<li style=\"font-weight: 400;\" aria-level=\"1\"><span style=\"font-weight: 400;\">Da\u00f1os y traumas emocionales<\/span><\/li>\n<li style=\"font-weight: 400;\" aria-level=\"1\"><span style=\"font-weight: 400;\">P\u00e9rdida de consorcio<\/span><\/li>\n<li style=\"font-weight: 400;\" aria-level=\"1\"><span style=\"font-weight: 400;\">P\u00e9rdida de calidad de vida<\/span><\/li>\n<li style=\"font-weight: 400;\" aria-level=\"1\"><span style=\"font-weight: 400;\">Costes de bolsillo<\/span><\/li>\n<li style=\"font-weight: 400;\" aria-level=\"1\"><span style=\"font-weight: 400;\">Da\u00f1os punitivos<\/span><\/li>\n<\/ul>\n<p><span style=\"font-weight: 400;\">La cantidad de su indemnizaci\u00f3n podr\u00eda depender de la gravedad de sus quemaduras, del tiempo que tardar\u00e1 en recuperarse, de si tendr\u00e1 da\u00f1os duraderos o permanentes, de los costos de su atenci\u00f3n m\u00e9dica, de su edad y de sus ingresos, y de muchos otros factores. Nuestros abogados pueden ayudarle a entender el valor potencial de sus da\u00f1os.\u00a0<\/span><\/p>\n<h2><span class=\"ez-toc-section\" id=\"ENTERESE_QUIEN_PUEDE_SER_RESPONSABLE_DE_SU_LESION_POR_QUEMADURA_EN_AUSTIN\"><\/span>ENT\u00c9RESE QUI\u00c9N PUEDE SER RESPONSABLE DE SU LESI\u00d3N POR QUEMADURA EN AUSTIN<span class=\"ez-toc-section-end\"><\/span><\/h2>\n<p><span style=\"font-weight: 400;\">La responsabilidad puede ser dif\u00edcil de asignar sin la ayuda de un abogado. En el <\/span><a href=\"https:\/\/www.vblawgroup.com\/\"><span style=\"font-weight: 400;\">Despacho de Abogados Villarreal &amp; Begum<\/span><\/a><span style=\"font-weight: 400;\">, podemos investigar su caso a fondo en busca de indicios de negligencia y culpa. Si determinamos que tiene motivos para un caso, podemos ayudarle a presentar la demanda antes de que expire el plazo de dos a\u00f1os de Texas. Act\u00fae r\u00e1pidamente para proteger su derecho a presentar una demanda por lesiones por quemaduras. Llame al <\/span><a href=\"tel:5128000000\"><span style=\"font-weight: 400;\">(512) 800-0000<\/span><\/a><span style=\"font-weight: 400;\"> o <\/span><a href=\"https:\/\/www.vblawgroup.com\/es\/contactenos\/\"><span style=\"font-weight: 400;\">cont\u00e1ctenos en l\u00ednea<\/span><\/a><span style=\"font-weight: 400;\"> para programar una consulta gratuita.<\/span><\/p>\n","protected":false},"excerpt":{"rendered":"<p>Una quemadura es una lesi\u00f3n extremadamente dolorosa que puede dejar a la v\u00edctima con cicatrices permanentes, discapacitada y emocionalmente traumatizada. Las quemaduras pueden ocurrir en incendios de casas o cocinas, incidentes en el lugar de trabajo, explosiones, derrames de productos qu\u00edmicos, accidentes de l\u00edneas el\u00e9ctricas y muchos otros desastres en Austin, Texas. Si usted ha&#8230; <a href=\"https:\/\/www.vblawgroup.com\/es\/areas-de-practica\/abogado-lesiones-quemaduras-austin\/\">read more<\/a><\/p>\n","protected":false},"author":10,"featured_media":0,"parent":226,"menu_order":0,"comment_status":"closed","ping_status":"closed","template":"","meta":{"_acf_changed":false,"footnotes":""},"class_list":["post-743","page","type-page","status-publish","hentry"],"acf":[],"_links":{"self":[{"href":"https:\/\/www.vblawgroup.com\/es\/wp-json\/wp\/v2\/pages\/743","targetHints":{"allow":["GET"]}}],"collection":[{"href":"https:\/\/www.vblawgroup.com\/es\/wp-json\/wp\/v2\/pages"}],"about":[{"href":"https:\/\/www.vblawgroup.com\/es\/wp-json\/wp\/v2\/types\/page"}],"author":[{"embeddable":true,"href":"https:\/\/www.vblawgroup.com\/es\/wp-json\/wp\/v2\/users\/10"}],"replies":[{"embeddable":true,"href":"https:\/\/www.vblawgroup.com\/es\/wp-json\/wp\/v2\/comments?post=743"}],"version-history":[{"count":0,"href":"https:\/\/www.vblawgroup.com\/es\/wp-json\/wp\/v2\/pages\/743\/revisions"}],"up":[{"embeddable":true,"href":"https:\/\/www.vblawgroup.com\/es\/wp-json\/wp\/v2\/pages\/226"}],"wp:attachment":[{"href":"https:\/\/www.vblawgroup.com\/es\/wp-json\/wp\/v2\/media?parent=743"}],"curies":[{"name":"wp","href":"https:\/\/api.w.org\/{rel}","templated":true}]}}