{"id":749,"date":"2022-05-01T09:40:00","date_gmt":"2022-05-01T09:40:00","guid":{"rendered":"https:\/\/www.vblawgroup.com\/es\/austin-personal-injury-lawyer-copy\/"},"modified":"2023-07-25T05:54:42","modified_gmt":"2023-07-25T05:54:42","slug":"abogado-responsabilidad-civil-instalaciones-austin","status":"publish","type":"page","link":"https:\/\/www.vblawgroup.com\/es\/areas-de-practica\/abogado-responsabilidad-civil-instalaciones-austin\/","title":{"rendered":"ABOGADO DE RESPONSABILIDAD DE INSTALACIONES EN AUSTIN"},"content":{"rendered":"<p><span style=\"font-weight: 400;\">Bajo las leyes de responsabilidad de las instalaciones, los propietarios est\u00e1n obligados a mantener sus instalaciones seguras. Si el due\u00f1o de una propiedad no lo hace, y alguien se lastima, puede ser considerado responsable por sus acciones u omisiones que condujeron a la lesi\u00f3n. En el bufete de abogados Villarreal &amp; Begum, estamos comprometidos a ayudar a las v\u00edctimas que han sufrido lesiones graves en accidentes en la propiedad de otros debido a la negligencia. Comun\u00edquese con nuestros <\/span><a href=\"https:\/\/www.vblawgroup.com\/es\/abogado-de-lesiones-personales-en-austin\/\"><span style=\"font-weight: 400;\">abogados de lesiones personales de Austin<\/span><\/a><span style=\"font-weight: 400;\"> lo antes posible para programar una consulta gratuita y ver c\u00f3mo podemos ayudarlo.<\/span><\/p>\n<div id=\"ez-toc-container\" class=\"ez-toc-v2_0_76 counter-hierarchy ez-toc-counter ez-toc-grey ez-toc-container-direction\">\n<div class=\"ez-toc-title-container\">\n<p class=\"ez-toc-title\" style=\"cursor:inherit\">Table of Contents<\/p>\n<span class=\"ez-toc-title-toggle\"><a href=\"#\" class=\"ez-toc-pull-right ez-toc-btn ez-toc-btn-xs ez-toc-btn-default ez-toc-toggle\" aria-label=\"Toggle Table of Content\"><span class=\"ez-toc-js-icon-con\"><span class=\"\"><span class=\"eztoc-hide\" style=\"display:none;\">Toggle<\/span><span class=\"ez-toc-icon-toggle-span\"><svg style=\"fill: #999;color:#999\" xmlns=\"http:\/\/www.w3.org\/2000\/svg\" class=\"list-377408\" width=\"20px\" height=\"20px\" viewBox=\"0 0 24 24\" fill=\"none\"><path d=\"M6 6H4v2h2V6zm14 0H8v2h12V6zM4 11h2v2H4v-2zm16 0H8v2h12v-2zM4 16h2v2H4v-2zm16 0H8v2h12v-2z\" fill=\"currentColor\"><\/path><\/svg><svg style=\"fill: #999;color:#999\" class=\"arrow-unsorted-368013\" xmlns=\"http:\/\/www.w3.org\/2000\/svg\" width=\"10px\" height=\"10px\" viewBox=\"0 0 24 24\" version=\"1.2\" baseProfile=\"tiny\"><path d=\"M18.2 9.3l-6.2-6.3-6.2 6.3c-.2.2-.3.4-.3.7s.1.5.3.7c.2.2.4.3.7.3h11c.3 0 .5-.1.7-.3.2-.2.3-.5.3-.7s-.1-.5-.3-.7zM5.8 14.7l6.2 6.3 6.2-6.3c.2-.2.3-.5.3-.7s-.1-.5-.3-.7c-.2-.2-.4-.3-.7-.3h-11c-.3 0-.5.1-.7.3-.2.2-.3.5-.3.7s.1.5.3.7z\"\/><\/svg><\/span><\/span><\/span><\/a><\/span><\/div>\n<nav><ul class='ez-toc-list ez-toc-list-level-1 ' ><li class='ez-toc-page-1 ez-toc-heading-level-2'><a class=\"ez-toc-link ez-toc-heading-1\" href=\"https:\/\/www.vblawgroup.com\/es\/areas-de-practica\/abogado-responsabilidad-civil-instalaciones-austin\/#%C2%BFPOR_QUE_ELEGIRNOS_PARA_REPRESENTARLO_ANTE_LA_RESPONSABILIDAD_CIVIL_DE_INSTALACIONES\" >\u00bfPOR QU\u00c9 ELEGIRNOS PARA REPRESENTARLO ANTE LA RESPONSABILIDAD CIVIL DE INSTALACIONES?<\/a><\/li><li class='ez-toc-page-1 ez-toc-heading-level-2'><a class=\"ez-toc-link ez-toc-heading-2\" href=\"https:\/\/www.vblawgroup.com\/es\/areas-de-practica\/abogado-responsabilidad-civil-instalaciones-austin\/#DETERMINAR_SU_ESTATUS_EN_UNA_PROPIEDAD\" >DETERMINAR SU ESTATUS EN UNA PROPIEDAD<\/a><ul class='ez-toc-list-level-3' ><li class='ez-toc-heading-level-3'><a class=\"ez-toc-link ez-toc-heading-3\" href=\"https:\/\/www.vblawgroup.com\/es\/areas-de-practica\/abogado-responsabilidad-civil-instalaciones-austin\/#Invitados\" >Invitados<\/a><\/li><li class='ez-toc-page-1 ez-toc-heading-level-3'><a class=\"ez-toc-link ez-toc-heading-4\" href=\"https:\/\/www.vblawgroup.com\/es\/areas-de-practica\/abogado-responsabilidad-civil-instalaciones-austin\/#Concesionarios\" >Concesionarios<\/a><\/li><li class='ez-toc-page-1 ez-toc-heading-level-3'><a class=\"ez-toc-link ez-toc-heading-5\" href=\"https:\/\/www.vblawgroup.com\/es\/areas-de-practica\/abogado-responsabilidad-civil-instalaciones-austin\/#Intrusos\" >Intrusos<\/a><\/li><\/ul><\/li><li class='ez-toc-page-1 ez-toc-heading-level-2'><a class=\"ez-toc-link ez-toc-heading-6\" href=\"https:\/\/www.vblawgroup.com\/es\/areas-de-practica\/abogado-responsabilidad-civil-instalaciones-austin\/#DEMOSTRAR_LA_NEGLIGENCIA\" >DEMOSTRAR LA NEGLIGENCIA<\/a><\/li><li class='ez-toc-page-1 ez-toc-heading-level-2'><a class=\"ez-toc-link ez-toc-heading-7\" href=\"https:\/\/www.vblawgroup.com\/es\/areas-de-practica\/abogado-responsabilidad-civil-instalaciones-austin\/#DANOS_EN_CASOS_DE_RESPONSABILIDAD_DE_INSTALACIONES\" >DA\u00d1OS EN CASOS DE RESPONSABILIDAD DE INSTALACIONES<\/a><\/li><li class='ez-toc-page-1 ez-toc-heading-level-2'><a class=\"ez-toc-link ez-toc-heading-8\" href=\"https:\/\/www.vblawgroup.com\/es\/areas-de-practica\/abogado-responsabilidad-civil-instalaciones-austin\/#CONTACTE_A_UN_ABOGADO_DE_RESPONSABILIDAD_CIVIL_DE_INSTALACIONES_EN_AUSTIN\" >CONTACTE A UN ABOGADO DE RESPONSABILIDAD CIVIL DE INSTALACIONES EN AUSTIN<\/a><\/li><\/ul><\/nav><\/div>\n<h2><span class=\"ez-toc-section\" id=\"%C2%BFPOR_QUE_ELEGIRNOS_PARA_REPRESENTARLO_ANTE_LA_RESPONSABILIDAD_CIVIL_DE_INSTALACIONES\"><\/span>\u00bfPOR QU\u00c9 ELEGIRNOS PARA REPRESENTARLO ANTE LA RESPONSABILIDAD CIVIL DE INSTALACIONES?<span class=\"ez-toc-section-end\"><\/span><\/h2>\n<ul>\n<li style=\"font-weight: 400;\" aria-level=\"1\"><span style=\"font-weight: 400;\">Nos dedicamos exclusivamente a los casos de lesiones personales, y a ayudar a las personas en Austin, que se han lesionado por causas ajenas a su voluntad.<\/span><\/li>\n<li style=\"font-weight: 400;\" aria-level=\"1\"><span style=\"font-weight: 400;\">Nuestros abogados tienen una tasa de \u00e9xito del 99% y han asegurado m\u00e1s de 500 millones de d\u00f3lares en compensaci\u00f3n para nuestros clientes.<\/span><\/li>\n<li style=\"font-weight: 400;\" aria-level=\"1\"><span style=\"font-weight: 400;\">Representamos a todas las v\u00edctimas de la responsabilidad de las instalaciones en una base de honorarios de contingencia, lo que significa que usted no tiene que pagarnos nada, a menos que ganemos su caso.<\/span><\/li>\n<\/ul>\n<h2><span class=\"ez-toc-section\" id=\"DETERMINAR_SU_ESTATUS_EN_UNA_PROPIEDAD\"><\/span>DETERMINAR SU ESTATUS EN UNA PROPIEDAD<span class=\"ez-toc-section-end\"><\/span><\/h2>\n<p><span style=\"font-weight: 400;\">Es importante tener en cuenta que su situaci\u00f3n legal en una propiedad determinar\u00e1 el nivel de responsabilidad del propietario cuando usted sufra una lesi\u00f3n.\u00a0<\/span><\/p>\n<h3><span class=\"ez-toc-section\" id=\"Invitados\"><\/span>Invitados<span class=\"ez-toc-section-end\"><\/span><\/h3>\n<p><span style=\"font-weight: 400;\">Una persona que tiene el consentimiento del propietario para estar en una propiedad, normalmente para una transacci\u00f3n comercial. Por ejemplo, un cliente de un restaurante o establecimiento comercial. Los invitados tienen el mayor deber de cuidado seg\u00fan la ley. El propietario debe tomar medidas razonables para mantener el terreno, inspeccionar los peligros ocultos y advertir de cualquier peligro potencial.\u00a0<\/span><\/p>\n<h3><span class=\"ez-toc-section\" id=\"Concesionarios\"><\/span>Concesionarios<span class=\"ez-toc-section-end\"><\/span><\/h3>\n<p><span style=\"font-weight: 400;\">Son aquellas personas a las que se les permite entrar en una propiedad ajena con el permiso real o impl\u00edcito del propietario. Los licenciatarios suelen ser miembros de la familia, amigos o alguien que necesita inspeccionar la propiedad, como un lector de contadores. El deber de cuidado del propietario hacia los licenciatarios es menor. Sin embargo, debe corregir cualquier problema de seguridad conocido y advertir de las condiciones potencialmente peligrosas en las instalaciones.\u00a0<\/span><\/p>\n<h3><span class=\"ez-toc-section\" id=\"Intrusos\"><\/span>Intrusos<span class=\"ez-toc-section-end\"><\/span><\/h3>\n<p><span style=\"font-weight: 400;\">Persona que entra ilegalmente en una propiedad o que permanece en ella despu\u00e9s de que se le haya pedido que la abandone. Los propietarios no suelen tener la obligaci\u00f3n de prestar una atenci\u00f3n razonable a los intrusos. A menos que se trate de un ni\u00f1o menor de edad que haya entrado por curiosidad en el terreno.\u00a0<\/span><\/p>\n<h2><span class=\"ez-toc-section\" id=\"DEMOSTRAR_LA_NEGLIGENCIA\"><\/span>DEMOSTRAR LA NEGLIGENCIA<span class=\"ez-toc-section-end\"><\/span><\/h2>\n<p><span style=\"font-weight: 400;\">Los casos de responsabilidad civil de las instalaciones se basan en el concepto de negligencia. Los accidentes ocurren, pero hay ciertos tipos de peligros que una persona razonable deber\u00eda conocer. Para demostrar la negligencia por parte del propietario, deben estar presentes los siguientes elementos:\u00a0<\/span><\/p>\n<ul>\n<li style=\"font-weight: 400;\" aria-level=\"1\"><span style=\"font-weight: 400;\">Deber: el propietario le deb\u00eda un deber de cuidado para mantener las instalaciones razonablemente seguras, ya que su estatus legal en la propiedad era de invitado o concesionario.\u00a0<\/span><\/li>\n<li style=\"font-weight: 400;\" aria-level=\"1\"><span style=\"font-weight: 400;\">Incumplimiento: el propietario conoc\u00eda un peligro existente, o deber\u00eda haberlo conocido, y no intent\u00f3 solucionar el problema ni advertir a los visitantes.\u00a0<\/span><\/li>\n<li style=\"font-weight: 400;\" aria-level=\"1\"><span style=\"font-weight: 400;\">Causalidad: el peligro en la propiedad fue la causa directa de su lesi\u00f3n.\u00a0<\/span><\/li>\n<li style=\"font-weight: 400;\" aria-level=\"1\"><span style=\"font-weight: 400;\">Da\u00f1os: usted sufri\u00f3 p\u00e9rdidas reales como resultado de la lesi\u00f3n.\u00a0<\/span><\/li>\n<\/ul>\n<p><span style=\"font-weight: 400;\">La clave para el \u00e9xito de una reclamaci\u00f3n de responsabilidad de las instalaciones radica en la rapidez de las investigaciones. Nuestros abogados actuar\u00e1n con rapidez para garantizar que se conservan las pruebas vitales que descubren las acciones imprudentes o negligentes de un propietario.\u00a0\u00a0<\/span><\/p>\n<h2><span class=\"ez-toc-section\" id=\"DANOS_EN_CASOS_DE_RESPONSABILIDAD_DE_INSTALACIONES\"><\/span>DA\u00d1OS EN CASOS DE RESPONSABILIDAD DE INSTALACIONES<span class=\"ez-toc-section-end\"><\/span><\/h2>\n<p><span style=\"font-weight: 400;\">Los da\u00f1os potenciales que pueden ser recuperados en una demanda de responsabilidad civil de instalaciones en Austin incluyen:<\/span><\/p>\n<ul>\n<li style=\"font-weight: 400;\" aria-level=\"1\"><span style=\"font-weight: 400;\">Gastos m\u00e9dicos (pasados y futuros)<\/span><\/li>\n<li style=\"font-weight: 400;\" aria-level=\"1\"><span style=\"font-weight: 400;\">Salarios perdidos (pasados y futuros, as\u00ed como el deterioro de la capacidad de ganancia)<\/span><\/li>\n<li style=\"font-weight: 400;\" aria-level=\"1\"><span style=\"font-weight: 400;\">Cicatrices y desfiguraci\u00f3n<\/span><\/li>\n<li style=\"font-weight: 400;\" aria-level=\"1\"><span style=\"font-weight: 400;\">P\u00e9rdida de consorcio<\/span><\/li>\n<li style=\"font-weight: 400;\" aria-level=\"1\"><span style=\"font-weight: 400;\">Dolor y sufrimiento (f\u00edsico y emocional)<\/span><\/li>\n<li style=\"font-weight: 400;\" aria-level=\"1\"><span style=\"font-weight: 400;\">Angustia mental<\/span><\/li>\n<li style=\"font-weight: 400;\" aria-level=\"1\"><span style=\"font-weight: 400;\">Da\u00f1os punitivos (si la conducta de la parte culpable fue maliciosa)<\/span><\/li>\n<\/ul>\n<p><a href=\"https:\/\/statutes.capitol.texas.gov\/Docs\/CP\/htm\/CP.33.htm\" target=\"_blank\" rel=\"noopener\"><span style=\"font-weight: 400;\">De acuerdo con la ley de Texas<\/span><\/a><span style=\"font-weight: 400;\">, si se determina que usted tiene m\u00e1s del 50% de culpa en un accidente con lesiones, se le proh\u00edbe recibir cualquier cantidad de compensaci\u00f3n. Si usted tiene el 50 por ciento o menos de la culpa, todav\u00eda puede reclamar da\u00f1os y perjuicios. Su recompensa, sin embargo, se reducir\u00e1 en proporci\u00f3n a su grado de culpa.<\/span><\/p>\n<h2><span class=\"ez-toc-section\" id=\"CONTACTE_A_UN_ABOGADO_DE_RESPONSABILIDAD_CIVIL_DE_INSTALACIONES_EN_AUSTIN\"><\/span>CONTACTE A UN ABOGADO DE RESPONSABILIDAD CIVIL DE INSTALACIONES EN AUSTIN<span class=\"ez-toc-section-end\"><\/span><\/h2>\n<p><span style=\"font-weight: 400;\">Los casos de responsabilidad civil de instalaciones pueden ser especialmente complejos dependiendo de las circunstancias de la lesi\u00f3n. Si usted o un ser querido se ha lesionado en la propiedad de otra persona, ll\u00e1menos hoy al <\/span><a href=\"tel:5128000000\"><span style=\"font-weight: 400;\">(512) 800-0000<\/span><\/a><span style=\"font-weight: 400;\"> o <\/span><a href=\"https:\/\/www.vblawgroup.com\/es\/contactenos\/\"><span style=\"font-weight: 400;\">p\u00f3ngase en contacto<\/span><\/a><span style=\"font-weight: 400;\"> desde nuestra p\u00e1gina web para programar una consulta gratuita y conocer sus opciones legales.<\/span><\/p>\n","protected":false},"excerpt":{"rendered":"<p>Bajo las leyes de responsabilidad de las instalaciones, los propietarios est\u00e1n obligados a mantener sus instalaciones seguras. Si el due\u00f1o de una propiedad no lo hace, y alguien se lastima, puede ser considerado responsable por sus acciones u omisiones que condujeron a la lesi\u00f3n. En el bufete de abogados Villarreal &amp; Begum, estamos comprometidos a&#8230; <a href=\"https:\/\/www.vblawgroup.com\/es\/areas-de-practica\/abogado-responsabilidad-civil-instalaciones-austin\/\">read more<\/a><\/p>\n","protected":false},"author":10,"featured_media":0,"parent":226,"menu_order":0,"comment_status":"closed","ping_status":"closed","template":"","meta":{"_acf_changed":false,"footnotes":""},"class_list":["post-749","page","type-page","status-publish","hentry"],"acf":[],"_links":{"self":[{"href":"https:\/\/www.vblawgroup.com\/es\/wp-json\/wp\/v2\/pages\/749","targetHints":{"allow":["GET"]}}],"collection":[{"href":"https:\/\/www.vblawgroup.com\/es\/wp-json\/wp\/v2\/pages"}],"about":[{"href":"https:\/\/www.vblawgroup.com\/es\/wp-json\/wp\/v2\/types\/page"}],"author":[{"embeddable":true,"href":"https:\/\/www.vblawgroup.com\/es\/wp-json\/wp\/v2\/users\/10"}],"replies":[{"embeddable":true,"href":"https:\/\/www.vblawgroup.com\/es\/wp-json\/wp\/v2\/comments?post=749"}],"version-history":[{"count":0,"href":"https:\/\/www.vblawgroup.com\/es\/wp-json\/wp\/v2\/pages\/749\/revisions"}],"up":[{"embeddable":true,"href":"https:\/\/www.vblawgroup.com\/es\/wp-json\/wp\/v2\/pages\/226"}],"wp:attachment":[{"href":"https:\/\/www.vblawgroup.com\/es\/wp-json\/wp\/v2\/media?parent=749"}],"curies":[{"name":"wp","href":"https:\/\/api.w.org\/{rel}","templated":true}]}}