{"id":810,"date":"2025-04-22T17:56:43","date_gmt":"2025-04-22T17:56:43","guid":{"rendered":"https:\/\/www.vblawgroup.com\/es\/?page_id=810"},"modified":"2025-04-22T17:56:43","modified_gmt":"2025-04-22T17:56:43","slug":"abogados-de-lesiones-personales-de-texas","status":"publish","type":"page","link":"https:\/\/www.vblawgroup.com\/es\/casa\/abogados-de-lesiones-personales-de-texas\/","title":{"rendered":"Abogados de Lesiones Personales de Texas"},"content":{"rendered":"<p><span style=\"font-weight: 400;\">El equipo legal de Villarreal &amp; Begum &#8211; los Texas Law Guns &#8211; luchan por v\u00edctimas de lesiones a lo largo de Texas. Representamos a clientes, quienes han sufrido de todo tipo de accidentes en San Antonio, Laredo, Austin, McAllen y m\u00e1s all\u00e1. Somos defensores reacios que trabajan arduamente para ayudar a sus clientes a recibir el dinero que ellos merecen.<\/span><\/p>\n<div id=\"ez-toc-container\" class=\"ez-toc-v2_0_76 counter-hierarchy ez-toc-counter ez-toc-grey ez-toc-container-direction\">\n<div class=\"ez-toc-title-container\">\n<p class=\"ez-toc-title\" style=\"cursor:inherit\">Table of Contents<\/p>\n<span class=\"ez-toc-title-toggle\"><a href=\"#\" class=\"ez-toc-pull-right ez-toc-btn ez-toc-btn-xs ez-toc-btn-default ez-toc-toggle\" aria-label=\"Toggle Table of Content\"><span class=\"ez-toc-js-icon-con\"><span class=\"\"><span class=\"eztoc-hide\" style=\"display:none;\">Toggle<\/span><span class=\"ez-toc-icon-toggle-span\"><svg style=\"fill: #999;color:#999\" xmlns=\"http:\/\/www.w3.org\/2000\/svg\" class=\"list-377408\" width=\"20px\" height=\"20px\" viewBox=\"0 0 24 24\" fill=\"none\"><path d=\"M6 6H4v2h2V6zm14 0H8v2h12V6zM4 11h2v2H4v-2zm16 0H8v2h12v-2zM4 16h2v2H4v-2zm16 0H8v2h12v-2z\" fill=\"currentColor\"><\/path><\/svg><svg style=\"fill: #999;color:#999\" class=\"arrow-unsorted-368013\" xmlns=\"http:\/\/www.w3.org\/2000\/svg\" width=\"10px\" height=\"10px\" viewBox=\"0 0 24 24\" version=\"1.2\" baseProfile=\"tiny\"><path d=\"M18.2 9.3l-6.2-6.3-6.2 6.3c-.2.2-.3.4-.3.7s.1.5.3.7c.2.2.4.3.7.3h11c.3 0 .5-.1.7-.3.2-.2.3-.5.3-.7s-.1-.5-.3-.7zM5.8 14.7l6.2 6.3 6.2-6.3c.2-.2.3-.5.3-.7s-.1-.5-.3-.7c-.2-.2-.4-.3-.7-.3h-11c-.3 0-.5.1-.7.3-.2.2-.3.5-.3.7s.1.5.3.7z\"\/><\/svg><\/span><\/span><\/span><\/a><\/span><\/div>\n<nav><ul class='ez-toc-list ez-toc-list-level-1 ' ><li class='ez-toc-page-1 ez-toc-heading-level-2'><a class=\"ez-toc-link ez-toc-heading-1\" href=\"https:\/\/www.vblawgroup.com\/es\/casa\/abogados-de-lesiones-personales-de-texas\/#Comprometidos\" >Comprometidos<\/a><\/li><li class='ez-toc-page-1 ez-toc-heading-level-2'><a class=\"ez-toc-link ez-toc-heading-2\" href=\"https:\/\/www.vblawgroup.com\/es\/casa\/abogados-de-lesiones-personales-de-texas\/#Eficaces\" >Eficaces<\/a><\/li><li class='ez-toc-page-1 ez-toc-heading-level-2'><a class=\"ez-toc-link ez-toc-heading-3\" href=\"https:\/\/www.vblawgroup.com\/es\/casa\/abogados-de-lesiones-personales-de-texas\/#Diligentes\" >Diligentes<\/a><\/li><li class='ez-toc-page-1 ez-toc-heading-level-2'><a class=\"ez-toc-link ez-toc-heading-4\" href=\"https:\/\/www.vblawgroup.com\/es\/casa\/abogados-de-lesiones-personales-de-texas\/#Comprensivos\" >Comprensivos<\/a><\/li><li class='ez-toc-page-1 ez-toc-heading-level-2'><a class=\"ez-toc-link ez-toc-heading-5\" href=\"https:\/\/www.vblawgroup.com\/es\/casa\/abogados-de-lesiones-personales-de-texas\/#%C2%BFPor_Que_Debes_Contratar_a_los_Law_Guns\" >\u00bfPor Qu\u00e9 Debes Contratar a los Law Guns?<\/a><\/li><li class='ez-toc-page-1 ez-toc-heading-level-2'><a class=\"ez-toc-link ez-toc-heading-6\" href=\"https:\/\/www.vblawgroup.com\/es\/casa\/abogados-de-lesiones-personales-de-texas\/#Indemnizacion_en_casos_de_lesiones_personales_en_Texas\" >Indemnizaci\u00f3n en casos de lesiones personales en Texas<\/a><\/li><li class='ez-toc-page-1 ez-toc-heading-level-2'><a class=\"ez-toc-link ez-toc-heading-7\" href=\"https:\/\/www.vblawgroup.com\/es\/casa\/abogados-de-lesiones-personales-de-texas\/#No_Hay_Cuotas_a_Menos_que_Podamos_Recuperar_Dinero_Para_Ti\" >No Hay Cuotas a Menos que Podamos Recuperar Dinero Para Ti<\/a><\/li><li class='ez-toc-page-1 ez-toc-heading-level-2'><a class=\"ez-toc-link ez-toc-heading-8\" href=\"https:\/\/www.vblawgroup.com\/es\/casa\/abogados-de-lesiones-personales-de-texas\/#Nunca_Aceptaremos_Nada_a_Menos_que_Sea_Un_Acuerdo_Justo\" >Nunca Aceptaremos Nada a Menos que Sea Un Acuerdo Justo<\/a><\/li><\/ul><\/nav><\/div>\n<h2><span class=\"ez-toc-section\" id=\"Comprometidos\"><\/span><span style=\"font-weight: 400;\">Comprometidos<\/span><span class=\"ez-toc-section-end\"><\/span><\/h2>\n<p><span style=\"font-weight: 400;\">Nuestro equipo experto de LAW GUNS trabaja exclusivamente para proteger los derechos de v\u00edctimas de lesiones a lo largo de Texas. Damos nuestro m\u00e1ximo para ayudar a nuestros clientes a conseguir justicia.<\/span><\/p>\n<h2><span class=\"ez-toc-section\" id=\"Eficaces\"><\/span><span style=\"font-weight: 400;\">Eficaces<\/span><span class=\"ez-toc-section-end\"><\/span><\/h2>\n<p><span style=\"font-weight: 400;\">Nuestra firma de abogados ha recuperado m\u00e1s de $500 millones en acuerdos y veredictos en juicios a beneficio de nuestros clientes. Tenemos un historial de \u00e9xito y los recursos necesarios para dedicar a cada caso.<\/span><\/p>\n<h2><span class=\"ez-toc-section\" id=\"Diligentes\"><\/span><span style=\"font-weight: 400;\">Diligentes<\/span><span class=\"ez-toc-section-end\"><\/span><\/h2>\n<p><span style=\"font-weight: 400;\">Tomamos un enfoque agresivo en nuestro acercamiento a los casos de da\u00f1os personales en Texas, lo que nos gan\u00f3 el apodo de \u201cLAW GUNS\u201d. No dudaremos en afrontar a las compa\u00f1\u00edas\u00a0 de seguros m\u00e1s grandes y no nos rendiremos hasta conseguir la mayor indemnizaci\u00f3n.<\/span><\/p>\n<h2><span class=\"ez-toc-section\" id=\"Comprensivos\"><\/span><span style=\"font-weight: 400;\">Comprensivos<\/span><span class=\"ez-toc-section-end\"><\/span><\/h2>\n<p><span style=\"font-weight: 400;\">Entendemos cu\u00e1n devastador puede ser un accidente y c\u00f3mo este puede provocar traumas emocionales, inestabilidad financiera y m\u00e1s. Nosotros te acompa\u00f1amos a trav\u00e9s de todo el proceso, ayud\u00e1ndote a conocer todas tus opciones y todos tus derechos.\u00a0<\/span><\/p>\n<p><span style=\"font-weight: 400;\">En Villarreal &amp; Begum, nos enorgullece luchar por la gente indefensa. Los casos de lesiones personales puede que involucren a individuos, pero frecuentemente un lado es representado por una compa\u00f1\u00eda de seguros grande. Nuestro objetivo es igualar el campo de juego para que nuestros clientes puedan recibir el dinero que ellos merecen debido a sus lesiones. Ofrecemos un asesoramiento inicial gratuito y nunca cobramos una sola cuota a menos que recuperemos dinero para ti. Nuestro acercamiento agresivo a las reclamaciones de lesiones personales nos ayudan a obtener resultados para v\u00edctimas de accidentes a lo largo de Texas.<\/span><\/p>\n<h2><span class=\"ez-toc-section\" id=\"%C2%BFPor_Que_Debes_Contratar_a_los_Law_Guns\"><\/span><span style=\"font-weight: 400;\">\u00bfPor Qu\u00e9 Debes Contratar a los Law Guns?<\/span><span class=\"ez-toc-section-end\"><\/span><\/h2>\n<ul>\n<li style=\"font-weight: 400;\" aria-level=\"1\"><span style=\"font-weight: 400;\">Nuestra firma de abogados es suficientemente grande para enfrentarse a las compa\u00f1\u00edas de seguros m\u00e1s grandes, y a otras corporaciones, pero lo suficientemente peque\u00f1a para darte atenci\u00f3n personalizada.<\/span><\/li>\n<li style=\"font-weight: 400;\" aria-level=\"1\"><span style=\"font-weight: 400;\">A diferencia de otras firmas de abogados, solo lidiamos con lesiones personales. Esto nos da una ventaja porque nos permite concentrar toda nuestra experiencia legal en un \u00e1rea espec\u00edfica.<\/span><\/li>\n<li style=\"font-weight: 400;\" aria-level=\"1\"><span style=\"font-weight: 400;\">Damos un acercamiento proactivo a nuestros casos de lesiones personales. Cuando contratas nuestros servicios, empezamos a trabajar de inmediato en recolectar evidencia y construir un argumento contundente para el reclamo de indemnizaci\u00f3n.<\/span><\/li>\n<li style=\"font-weight: 400;\" aria-level=\"1\"><span style=\"font-weight: 400;\">Nuestros abogados de lesiones personales tienen una amplia experiencia en los juzgados y no les da miedo llevar casos a juicio. Si la compa\u00f1\u00eda de seguros no ofrece un acuerdo razonable, no dudaremos en dejar de lado las negociaciones y pedirle al jurado que dicte un veredicto a tu favor.<\/span><\/li>\n<\/ul>\n<h2><span class=\"ez-toc-section\" id=\"Indemnizacion_en_casos_de_lesiones_personales_en_Texas\"><\/span><span style=\"font-weight: 400;\">Indemnizaci\u00f3n en casos de lesiones personales en Texas<\/span><span class=\"ez-toc-section-end\"><\/span><\/h2>\n<p><span style=\"font-weight: 400;\">Si fuiste herido por la negligencia (irresponsabilidad) de otra persona, se te puede otorgar una indemnizaci\u00f3n. Este dinero puede ser fundamental para aportar una estabilidad financiera muy necesaria a tu familia despu\u00e9s del accidente, lo que permite que te enfoques en tu recuperaci\u00f3n.<\/span><\/p>\n<p><span style=\"font-weight: 400;\">Da\u00f1os t\u00edpicos en casos de lesiones personales incluyen:<\/span><\/p>\n<p><span style=\"font-weight: 400;\">Da\u00f1os econ\u00f3micos<\/span><\/p>\n<ul>\n<li style=\"font-weight: 400;\" aria-level=\"1\"><span style=\"font-weight: 400;\">Gastos m\u00e9dicos por hospitalizaci\u00f3n, cirug\u00edas, prescripciones, terapia y visitas al consultorio m\u00e9dico<\/span><\/li>\n<li style=\"font-weight: 400;\" aria-level=\"1\"><span style=\"font-weight: 400;\">Tratamientos m\u00e9dicos futuros<\/span><\/li>\n<li style=\"font-weight: 400;\" aria-level=\"1\"><span style=\"font-weight: 400;\">Dispositivos m\u00e9dicos y suministros, tales como silla de ruedas, muletas, andadores y camas de hospital<\/span><\/li>\n<li style=\"font-weight: 400;\" aria-level=\"1\"><span style=\"font-weight: 400;\">Modificaciones a tu hogar y\/o a tu veh\u00edculo que son necesarios en caso de una discapacidad<\/span><\/li>\n<li style=\"font-weight: 400;\" aria-level=\"1\"><span style=\"font-weight: 400;\">P\u00e9rdida de ingresos y de beneficios<\/span><\/li>\n<li style=\"font-weight: 400;\" aria-level=\"1\"><span style=\"font-weight: 400;\">Capacidad de ganancia reducida<\/span><\/li>\n<li style=\"font-weight: 400;\" aria-level=\"1\"><span style=\"font-weight: 400;\">Da\u00f1os a la propiedad<\/span><\/li>\n<\/ul>\n<p><span style=\"font-weight: 400;\">Da\u00f1os no econ\u00f3micos<\/span><\/p>\n<ul>\n<li style=\"font-weight: 400;\" aria-level=\"1\"><span style=\"font-weight: 400;\">Trauma emocional<\/span><\/li>\n<li style=\"font-weight: 400;\" aria-level=\"1\"><span style=\"font-weight: 400;\">Dolor y sufrimiento<\/span><\/li>\n<li style=\"font-weight: 400;\" aria-level=\"1\"><span style=\"font-weight: 400;\">Cicatrices<\/span><\/li>\n<li style=\"font-weight: 400;\" aria-level=\"1\"><span style=\"font-weight: 400;\">Desfiguraci\u00f3n<\/span><\/li>\n<li style=\"font-weight: 400;\" aria-level=\"1\"><span style=\"font-weight: 400;\">P\u00e9rdida de disfrute de la vida<\/span><\/li>\n<\/ul>\n<p><span style=\"font-weight: 400;\">En casos que involucran conducta imprudente o intencional, tambi\u00e9n puede recuperar da\u00f1os punitivos. Algunos ejemplos donde aplican los da\u00f1os punitivos son en casos de accidentes por manejo en estado de ebriedad y agresiones f\u00edsicas.<\/span><\/p>\n<h2><span class=\"ez-toc-section\" id=\"No_Hay_Cuotas_a_Menos_que_Podamos_Recuperar_Dinero_Para_Ti\"><\/span><span style=\"font-weight: 400;\">No Hay Cuotas a Menos que Podamos Recuperar Dinero Para Ti<\/span><span class=\"ez-toc-section-end\"><\/span><\/h2>\n<p><span style=\"font-weight: 400;\">Los Texas LAW GUNS manejamos todos nuestros casos con base en honorarios de contingencia porque entendemos que sufrir un accidente puede ser devastador f\u00edsica, emocional Y econ\u00f3micamente. Esto significa que no pedimos un cobro inicial o de bolsillo. En cambio, solo pagar\u00e1s una cuota si recuperamos dinero para ti. La tarifa ser\u00e1 un porcentaje del acuerdo o del veredicto en un juicio.<\/span><\/p>\n<h2><span class=\"ez-toc-section\" id=\"Nunca_Aceptaremos_Nada_a_Menos_que_Sea_Un_Acuerdo_Justo\"><\/span><span style=\"font-weight: 400;\">Nunca Aceptaremos Nada a Menos que Sea Un Acuerdo Justo<\/span><span class=\"ez-toc-section-end\"><\/span><\/h2>\n<p><span style=\"font-weight: 400;\">Cuando una persona sufre un accidente, puede que su vida cambie. Permanentemente. Nos tomamos nuestra responsabilidad con nuestros clientes muy en serio. Nuestros LAW GUNS negocian agresivamente con compa\u00f1\u00edas de seguro para conseguir los mejores acuerdos posibles para nuestros clientes. Si la aseguradora no te ofrece el dinero que mereces por tus lesiones, nosotros llevaremos el caso a juicio para conseguir el dinero y justicia que t\u00fa mereces.<\/span><\/p>\n","protected":false},"excerpt":{"rendered":"<p>El equipo legal de Villarreal &amp; Begum &#8211; los Texas Law Guns &#8211; luchan por v\u00edctimas de lesiones a lo largo de Texas. Representamos a clientes, quienes han sufrido de todo tipo de accidentes en San Antonio, Laredo, Austin, McAllen y m\u00e1s all\u00e1. Somos defensores reacios que trabajan arduamente para ayudar a sus clientes a&#8230; <a href=\"https:\/\/www.vblawgroup.com\/es\/casa\/abogados-de-lesiones-personales-de-texas\/\">read more<\/a><\/p>\n","protected":false},"author":10,"featured_media":0,"parent":69,"menu_order":0,"comment_status":"closed","ping_status":"closed","template":"","meta":{"_acf_changed":false,"footnotes":""},"class_list":["post-810","page","type-page","status-publish","hentry"],"acf":[],"_links":{"self":[{"href":"https:\/\/www.vblawgroup.com\/es\/wp-json\/wp\/v2\/pages\/810","targetHints":{"allow":["GET"]}}],"collection":[{"href":"https:\/\/www.vblawgroup.com\/es\/wp-json\/wp\/v2\/pages"}],"about":[{"href":"https:\/\/www.vblawgroup.com\/es\/wp-json\/wp\/v2\/types\/page"}],"author":[{"embeddable":true,"href":"https:\/\/www.vblawgroup.com\/es\/wp-json\/wp\/v2\/users\/10"}],"replies":[{"embeddable":true,"href":"https:\/\/www.vblawgroup.com\/es\/wp-json\/wp\/v2\/comments?post=810"}],"version-history":[{"count":0,"href":"https:\/\/www.vblawgroup.com\/es\/wp-json\/wp\/v2\/pages\/810\/revisions"}],"up":[{"embeddable":true,"href":"https:\/\/www.vblawgroup.com\/es\/wp-json\/wp\/v2\/pages\/69"}],"wp:attachment":[{"href":"https:\/\/www.vblawgroup.com\/es\/wp-json\/wp\/v2\/media?parent=810"}],"curies":[{"name":"wp","href":"https:\/\/api.w.org\/{rel}","templated":true}]}}