{"id":834,"date":"2025-04-16T19:36:48","date_gmt":"2025-04-16T19:36:48","guid":{"rendered":"https:\/\/www.vblawgroup.com\/es\/?page_id=834"},"modified":"2025-04-16T19:36:48","modified_gmt":"2025-04-16T19:36:48","slug":"abogado-especializado-en-accidentes-de-camiones-en-laredo","status":"publish","type":"page","link":"https:\/\/www.vblawgroup.com\/es\/abogado-especializado-en-accidentes-de-camiones-en-laredo\/","title":{"rendered":"Abogado especializado en accidentes de camiones en Laredo"},"content":{"rendered":"<p>Las colisiones entre camiones comerciales y autom\u00f3viles de pasajeros son algunas de las m\u00e1s catastr\u00f3ficas para las v\u00edctimas. Un cami\u00f3n de 18 ruedas puede transportar, en promedio, decenas de miles de libras de carga. Frente a un autom\u00f3vil de pasajeros promedio, que pesa entre 3000 y 4000 libras, un cami\u00f3n grande de m\u00e1s de 80 000 libras puede causar da\u00f1os extensos. Las v\u00edctimas a menudo sufren lesiones personales catastr\u00f3ficas que alteran sus vidas.<\/p>\n<p>Si usted ha sufrido lesiones o ha perdido a un ser querido en un accidente de cami\u00f3n, comun\u00edquese con nuestros abogados especializados en accidentes de camiones en Laredo, Texas Law Guns, Injury &#038; Accident Lawyers, para una consulta legal gratuita. Es posible que necesite un <a href=\"https:\/\/www.vblawgroup.com\/es\/laredo-abogado-de-lesiones-personales\/\">abogado especializado en lesiones personales en Laredo<\/a> para que lo represente durante las negociaciones con la compa\u00f1\u00eda de seguros de la empresa de camiones. Ofrecemos nuestros servicios sin costo alguno para los clientes por adelantado. Llame al (956) 568-5954 hoy mismo para programar la revisi\u00f3n de su caso.<\/p>\n<p>En Texas Law Guns, Injury &#038; Accident Lawyers, nuestros abogados especializados en accidentes de camiones luchar\u00e1n por sus derechos legales para que reciba una indemnizaci\u00f3n por sus gastos m\u00e9dicos, la p\u00e9rdida de sus bienes y otros da\u00f1os, al tiempo que se asegurar\u00e1n de que las partes responsables rindan cuentas por sus actos. Texas Law Guns, Injury &#038; Accident Lawyers es un bufete de abogados de servicio completo que ofrece servicios legales integrales en Laredo, Texas.<\/p>\n<p>Nuestros abogados cuentan con:<\/p>\n<ul>\n<li>Conocimientos especializados en derecho de lesiones personales y en todas las \u00e1reas del derecho estatal y federal en materia de transporte por carretera, ya que el derecho de lesiones personales es nuestra \u00fanica \u00e1rea de pr\u00e1ctica;<\/li>\n<li>Una tasa de \u00e9xito del 99 % y resultados en casos anteriores que ascienden a m\u00e1s de 500 millones de d\u00f3lares; y<\/li>\n<li>Los recursos de un gran bufete de abogados, al tiempo que ofrecemos los servicios personalizados de un bufete peque\u00f1o.<\/li>\n<\/ul>\n<p>Texas Law Guns, Injury &#038; Accident Lawyers solo cobra a sus clientes en las reclamaciones por accidentes de camiones en Laredo si conseguimos una indemnizaci\u00f3n. Somos negociadores experimentados y no tememos litigar su reclamaci\u00f3n en los tribunales si es necesario.<\/p>\n<p>No se enfrente solo a la empresa de transporte y a sus aseguradoras. Usted merece una representaci\u00f3n legal s\u00f3lida y agresiva de su lado. Llame hoy mismo a Texas Law Guns, Injury &#038; Accident Lawyers para obtener una evaluaci\u00f3n legal pr\u00e1ctica y honesta de su caso de accidente de cami\u00f3n.<\/p>\n<div id=\"ez-toc-container\" class=\"ez-toc-v2_0_76 counter-hierarchy ez-toc-counter ez-toc-grey ez-toc-container-direction\">\n<div class=\"ez-toc-title-container\">\n<p class=\"ez-toc-title\" style=\"cursor:inherit\">Table of Contents<\/p>\n<span class=\"ez-toc-title-toggle\"><a href=\"#\" class=\"ez-toc-pull-right ez-toc-btn ez-toc-btn-xs ez-toc-btn-default ez-toc-toggle\" aria-label=\"Toggle Table of Content\"><span class=\"ez-toc-js-icon-con\"><span class=\"\"><span class=\"eztoc-hide\" style=\"display:none;\">Toggle<\/span><span class=\"ez-toc-icon-toggle-span\"><svg style=\"fill: #999;color:#999\" xmlns=\"http:\/\/www.w3.org\/2000\/svg\" class=\"list-377408\" width=\"20px\" height=\"20px\" viewBox=\"0 0 24 24\" fill=\"none\"><path d=\"M6 6H4v2h2V6zm14 0H8v2h12V6zM4 11h2v2H4v-2zm16 0H8v2h12v-2zM4 16h2v2H4v-2zm16 0H8v2h12v-2z\" fill=\"currentColor\"><\/path><\/svg><svg style=\"fill: #999;color:#999\" class=\"arrow-unsorted-368013\" xmlns=\"http:\/\/www.w3.org\/2000\/svg\" width=\"10px\" height=\"10px\" viewBox=\"0 0 24 24\" version=\"1.2\" baseProfile=\"tiny\"><path d=\"M18.2 9.3l-6.2-6.3-6.2 6.3c-.2.2-.3.4-.3.7s.1.5.3.7c.2.2.4.3.7.3h11c.3 0 .5-.1.7-.3.2-.2.3-.5.3-.7s-.1-.5-.3-.7zM5.8 14.7l6.2 6.3 6.2-6.3c.2-.2.3-.5.3-.7s-.1-.5-.3-.7c-.2-.2-.4-.3-.7-.3h-11c-.3 0-.5.1-.7.3-.2.2-.3.5-.3.7s.1.5.3.7z\"\/><\/svg><\/span><\/span><\/span><\/a><\/span><\/div>\n<nav><ul class='ez-toc-list ez-toc-list-level-1 ' ><li class='ez-toc-page-1 ez-toc-heading-level-2'><a class=\"ez-toc-link ez-toc-heading-1\" href=\"https:\/\/www.vblawgroup.com\/es\/abogado-especializado-en-accidentes-de-camiones-en-laredo\/#Deje_que_nuestros_abogados_especializados_en_accidentes_de_camiones_en_Laredo_le_ayuden\" >Deje que nuestros abogados especializados en accidentes de camiones en Laredo le ayuden<\/a><\/li><li class='ez-toc-page-1 ez-toc-heading-level-2'><a class=\"ez-toc-link ez-toc-heading-2\" href=\"https:\/\/www.vblawgroup.com\/es\/abogado-especializado-en-accidentes-de-camiones-en-laredo\/#%C2%BFQue_es_un_camion_comercial\" >\u00bfQu\u00e9 es un cami\u00f3n comercial?<\/a><\/li><li class='ez-toc-page-1 ez-toc-heading-level-2'><a class=\"ez-toc-link ez-toc-heading-3\" href=\"https:\/\/www.vblawgroup.com\/es\/abogado-especializado-en-accidentes-de-camiones-en-laredo\/#Causas_de_los_accidentes_de_camiones_comerciales_en_Laredo\" >Causas de los accidentes de camiones comerciales en Laredo<\/a><\/li><li class='ez-toc-page-1 ez-toc-heading-level-2'><a class=\"ez-toc-link ez-toc-heading-4\" href=\"https:\/\/www.vblawgroup.com\/es\/abogado-especializado-en-accidentes-de-camiones-en-laredo\/#Tipos_de_accidentes_de_camiones_grandes_en_Laredo\" >Tipos de accidentes de camiones grandes en Laredo<\/a><ul class='ez-toc-list-level-3' ><li class='ez-toc-heading-level-3'><a class=\"ez-toc-link ez-toc-heading-5\" href=\"https:\/\/www.vblawgroup.com\/es\/abogado-especializado-en-accidentes-de-camiones-en-laredo\/#%C2%BFQuien_es_responsable_de_las_lesiones_sufridas_en_un_accidente_de_camion\" >\u00bfQui\u00e9n es responsable de las lesiones sufridas en un accidente de cami\u00f3n?<\/a><\/li><li class='ez-toc-page-1 ez-toc-heading-level-3'><a class=\"ez-toc-link ez-toc-heading-6\" href=\"https:\/\/www.vblawgroup.com\/es\/abogado-especializado-en-accidentes-de-camiones-en-laredo\/#%C2%BFCuanto_vale_mi_caso_de_accidente_de_camion\" >\u00bfCu\u00e1nto vale mi caso de accidente de cami\u00f3n?<\/a><\/li><li class='ez-toc-page-1 ez-toc-heading-level-3'><a class=\"ez-toc-link ez-toc-heading-7\" href=\"https:\/\/www.vblawgroup.com\/es\/abogado-especializado-en-accidentes-de-camiones-en-laredo\/#%C2%BFCuanto_tiempo_tengo_para_presentar_una_reclamacion_por_accidente_de_camion\" >\u00bfCu\u00e1nto tiempo tengo para presentar una reclamaci\u00f3n por accidente de cami\u00f3n?<\/a><\/li><\/ul><\/li><li class='ez-toc-page-1 ez-toc-heading-level-2'><a class=\"ez-toc-link ez-toc-heading-8\" href=\"https:\/\/www.vblawgroup.com\/es\/abogado-especializado-en-accidentes-de-camiones-en-laredo\/#Indemnizacion_por_accidente_de_camion\" >Indemnizaci\u00f3n por accidente de cami\u00f3n<\/a><\/li><\/ul><\/nav><\/div>\n<h2><span class=\"ez-toc-section\" id=\"Deje_que_nuestros_abogados_especializados_en_accidentes_de_camiones_en_Laredo_le_ayuden\"><\/span>Deje que nuestros abogados especializados en accidentes de camiones en Laredo le ayuden<span class=\"ez-toc-section-end\"><\/span><\/h2>\n<p>La mayor\u00eda de los casos de accidentes de camiones en Texas nombran a la empresa de transporte como demandada o parte culpable. Las empresas de transporte en los Estados Unidos son responsables subsidiarias de los accidentes en los que se ven involucrados sus camiones y conductores, en la mayor\u00eda de los casos. Si un conductor de cami\u00f3n negligente caus\u00f3 su accidente, lo m\u00e1s probable es que la empresa que empleaba a ese conductor sea responsable.<\/p>\n<p>Las empresas de transporte cuentan con amplios recursos para impugnar la responsabilidad por lesiones. Puede ser dif\u00edcil enfrentarse a la aseguradora de la empresa de transporte sin representaci\u00f3n legal. Una vez que contrate a un abogado de Villarreal &amp; Begum, la compa\u00f1\u00eda de seguros no tendr\u00e1 m\u00e1s remedio que tomarse en serio su reclamaci\u00f3n. Su abogado negociar\u00e1 agresivamente en su nombre para obtener resultados justos.<\/p>\n<p>Los accidentes de camiones son uno de los accidentes con lesiones personales m\u00e1s complejos y laboriosos. Su abogado especializado en accidentes de camiones de <a href=\"\/es\/\">Texas Law Guns, Injury &#038; Accident Lawyers<\/a> har\u00e1 lo siguiente y mucho m\u00e1s para garantizar que usted obtenga la justicia y la indemnizaci\u00f3n que le corresponden tras su accidente de cami\u00f3n:<\/p>\n<ul>\n<li>Recopilar todas las pruebas;<\/li>\n<li>Mantener la correspondencia con la compa\u00f1\u00eda de seguros y los acreedores;<\/li>\n<li>Revisar sus registros m\u00e9dicos;<\/li>\n<li>Entrevistar a los testigos oculares;<\/li>\n<li>Contratar a los expertos necesarios;<\/li>\n<li>Identificar y perseguir a las partes responsables;<\/li>\n<li>Negociar con la(s) compa\u00f1\u00eda(s) de seguros;<\/li>\n<li>Llegar a un acuerdo sobre su(s) reclamaci\u00f3n(es); o<\/li>\n<li>Presentar su demanda civil; y<\/li>\n<li>Proceder a los tribunales y, posiblemente, a un juicio.<\/li>\n<\/ul>\n<p>Aunque la mayor\u00eda de las reclamaciones por accidentes de camiones se resuelven fuera de los tribunales, los abogados especializados en accidentes de camiones de Texas Law Guns, Injury &#038; Accident Lawyers le asesorar\u00e1n sobre la mejor opci\u00f3n para sus circunstancias.<\/p>\n<p>Programe una cita confidencial con Villarreal &amp; Begum para obtener m\u00e1s informaci\u00f3n sobre nuestro bufete de abogados de servicio completo y discutir hoy mismo sus lesiones por accidente de cami\u00f3n.<\/p>\n<h2><span class=\"ez-toc-section\" id=\"%C2%BFQue_es_un_camion_comercial\"><\/span>\u00bfQu\u00e9 es un cami\u00f3n comercial?<span class=\"ez-toc-section-end\"><\/span><\/h2>\n<p>Los camiones comerciales son de todas las formas y tama\u00f1os. Sin embargo, cada uno requiere una licencia de conducir comercial especial y un conjunto de habilidades para operar.<\/p>\n<p>Algunos ejemplos de camiones comerciales en las carreteras de Laredo son, entre otros, los siguientes:<\/p>\n<ul>\n<li>Camiones volquete;<\/li>\n<li>Camiones de basura;<\/li>\n<li>Camiones cisterna;<\/li>\n<li>Camiones caja;<\/li>\n<li>Camiones de reparto; y<\/li>\n<li>Camiones gr\u00faa.<\/li>\n<\/ul>\n<h2><span class=\"ez-toc-section\" id=\"Causas_de_los_accidentes_de_camiones_comerciales_en_Laredo\"><\/span>Causas de los accidentes de camiones comerciales en Laredo<span class=\"ez-toc-section-end\"><\/span><\/h2>\n<p>Uno de los primeros pasos para obtener una compensaci\u00f3n econ\u00f3mica por un accidente de cami\u00f3n en Laredo es identificar su causa. Las leyes de Texas sobre seguros de autom\u00f3viles basados en la culpa exigen pruebas o evidencias de la culpa. Se trata de establecer la culpa de otra persona para obtener una compensaci\u00f3n de la compa\u00f1\u00eda de seguros de esa parte.<\/p>\n<p>Los accidentes de camiones en Laredo pueden ocurrir por varias razones. Entre ellas se incluyen:<\/p>\n<ul>\n<li>Conductores de camiones negligentes. Se necesitan habilidades especiales para conducir un cami\u00f3n grande. Si un conductor de cami\u00f3n es negligente, imprudente o descuidado al volante, podr\u00eda causar un accidente. Algunos ejemplos comunes son el incumplimiento de las normas sobre horas de servicio, enviar mensajes de texto mientras se conduce, el exceso de velocidad y conducir en estado de ebriedad;<\/li>\n<li>Fallos en el equipo. Un cami\u00f3n comercial no puede circular con seguridad si alguno de sus componentes est\u00e1 desgastado, roto o averiado. Es responsabilidad de la empresa de transporte inspeccionar su flota y reparar cualquier problema conocido. Si el problema es un defecto en una pieza, la empresa fabricante podr\u00eda ser responsable.<\/li>\n<li>Carreteras peligrosas. El error humano puede adoptar otra forma y provocar un accidente de cami\u00f3n debido a una carretera peligrosa. Es responsabilidad legal de la ciudad de Laredo inspeccionar, mantener y reparar sus carreteras. La ciudad podr\u00eda ser responsable si un bache u otro defecto causara el accidente de cami\u00f3n.<\/li>\n<\/ul>\n<h2><span class=\"ez-toc-section\" id=\"Tipos_de_accidentes_de_camiones_grandes_en_Laredo\"><\/span>Tipos de accidentes de camiones grandes en Laredo<span class=\"ez-toc-section-end\"><\/span><\/h2>\n<p>Independientemente de la causa de un accidente de cami\u00f3n comercial, cualquier accidente de cami\u00f3n puede ser mortal para los implicados.<\/p>\n<p>Los siguientes son accidentes comunes en camiones comerciales:<\/p>\n<ul>\n<li>Accidentes por plegado. Los accidentes por plegado se producen cuando la cabina y el remolque de un cami\u00f3n con remolque se unen formando una \u00abV\u00bb, doblando el cami\u00f3n casi por la mitad.<\/li>\n<li>Accidentes por alcance. Los camiones comerciales son propensos a chocar por detr\u00e1s a otros veh\u00edculos debido a su tama\u00f1o, peso y dificultad para frenar.<\/li>\n<li>Accidentes por empotramiento. Un accidente por empotramiento ocurre cuando un veh\u00edculo que circula detr\u00e1s de un cami\u00f3n comercial choca contra la parte trasera del cami\u00f3n y se desliza por debajo de este.<\/li>\n<li>Accidentes por vuelco. Un accidente por vuelco es cuando un cami\u00f3n se vuelca sobre un lado o sobre la cabina. La cabina y el remolque pueden deslizarse una distancia considerable.<\/li>\n<li>Accidentes por punto ciego. Los camiones comerciales tienen m\u00faltiples puntos ciegos en la parte trasera y los laterales. Los camiones pueden colisionar con veh\u00edculos que circulan o se encuentran en estas zonas.<\/li>\n<\/ul>\n<h3><span class=\"ez-toc-section\" id=\"%C2%BFQuien_es_responsable_de_las_lesiones_sufridas_en_un_accidente_de_camion\"><\/span>\u00bfQui\u00e9n es responsable de las lesiones sufridas en un accidente de cami\u00f3n?<span class=\"ez-toc-section-end\"><\/span><\/h3>\n<p>Si ha resultado lesionado en un accidente de cami\u00f3n, es posible que no est\u00e9 seguro de qui\u00e9n es responsable de sus lesiones. Puede haber m\u00e1s de una persona o entidad culpable en un caso de accidente de cami\u00f3n. Las partes responsables pueden incluir:<\/p>\n<ul>\n<li>El conductor del cami\u00f3n<\/li>\n<li>La empresa de transporte<\/li>\n<li>El transportista<\/li>\n<li>El agente<\/li>\n<li>La empresa que carg\u00f3 la mercanc\u00eda.<\/li>\n<\/ul>\n<p>Si ha resultado gravemente herido en un accidente de cami\u00f3n, es fundamental que hable con un abogado especializado en accidentes de camiones en Laredo para determinar qu\u00e9 partes son responsables de sus lesiones y garantizar que se protejan sus derechos. Texas Law Guns, Injury &#038; Accident Lawyers, le proporcionar\u00e1 el asesoramiento legal que necesita durante este momento dif\u00edcil.<\/p>\n<h3><span class=\"ez-toc-section\" id=\"%C2%BFCuanto_vale_mi_caso_de_accidente_de_camion\"><\/span>\u00bfCu\u00e1nto vale mi caso de accidente de cami\u00f3n?<span class=\"ez-toc-section-end\"><\/span><\/h3>\n<p>Por lo general, las lesiones causadas por accidentes de camiones est\u00e1n cubiertas por la p\u00f3liza de seguro de responsabilidad civil de la empresa de transporte, que normalmente tiene un l\u00edmite mucho m\u00e1s alto que una p\u00f3liza de seguro de autom\u00f3vil. El valor de su reclamaci\u00f3n se determinar\u00e1 en gran medida por la gravedad de sus lesiones y los da\u00f1os que haya sufrido, as\u00ed como por factores como su edad y si usted tuvo alguna culpa en el accidente.<\/p>\n<p>No obstante, la indemnizaci\u00f3n por accidentes de camiones puede ser considerable, y hemos obtenido una serie de acuerdos y veredictos importantes para nuestros clientes. Para consultar con un abogado especializado en accidentes de camiones en Laredo, llame a nuestro bufete hoy mismo.<\/p>\n<h3><span class=\"ez-toc-section\" id=\"%C2%BFCuanto_tiempo_tengo_para_presentar_una_reclamacion_por_accidente_de_camion\"><\/span>\u00bfCu\u00e1nto tiempo tengo para presentar una reclamaci\u00f3n por accidente de cami\u00f3n?<span class=\"ez-toc-section-end\"><\/span><\/h3>\n<p>El plazo de prescripci\u00f3n para las reclamaciones por accidentes de camiones en Texas es de dos a\u00f1os a partir del d\u00eda del accidente. Las reclamaciones por da\u00f1os materiales tambi\u00e9n est\u00e1n sujetas a este l\u00edmite. Sin embargo, incluso si cree que ha prescrito el plazo, debe consultar a un abogado, ya que existen algunas excepciones al plazo de dos a\u00f1os.<\/p>\n<p>Si un ser querido ha fallecido en un accidente de cami\u00f3n, es posible que pueda presentar una reclamaci\u00f3n por muerte por negligencia contra la parte o partes responsables. Las demandas por muerte por negligencia tambi\u00e9n tienen un plazo de prescripci\u00f3n de dos a\u00f1os; sin embargo, no comienzan a contar a partir de la fecha del accidente. El plazo para presentar una demanda por muerte por negligencia comienza a partir de la fecha en que fallece la persona.<\/p>\n<h2><span class=\"ez-toc-section\" id=\"Indemnizacion_por_accidente_de_camion\"><\/span>Indemnizaci\u00f3n por accidente de cami\u00f3n<span class=\"ez-toc-section-end\"><\/span><\/h2>\n<p>No hay dos accidentes de camiones comerciales iguales. Por lo tanto, es imposible estimar la cantidad de indemnizaci\u00f3n disponible en cualquier accidente de cami\u00f3n sin un examen exhaustivo de los hechos y las circunstancias.<\/p>\n<p>Las cantidades de la indemnizaci\u00f3n dependen del tipo y la gravedad de las lesiones de la v\u00edctima, su pron\u00f3stico de recuperaci\u00f3n y las partes responsables del accidente. Sin embargo, las indemnizaciones t\u00edpicas incluyen da\u00f1os y perjuicios por:<\/p>\n<ul>\n<li>Gastos m\u00e9dicos<\/li>\n<li>Cirug\u00edas reconstructivas y correctivas<\/li>\n<li>Salarios perdidos<\/li>\n<li>P\u00e9rdida de ingresos potenciales<\/li>\n<li>Fisioterapia y terapia ocupacional<\/li>\n<li>Da\u00f1os materiales<\/li>\n<li>Dolor y sufrimiento<\/li>\n<li>Trauma mental y emocional<\/li>\n<\/ul>\n<p>En Texas Law Guns, Injury &#038; Accident Lawyers, podemos determinar la culpa e identificar a los demandados correctos. Nuestros abogados especializados en accidentes de camiones saben c\u00f3mo investigar accidentes y buscar pruebas de culpa, como la caja negra del cami\u00f3n o los registros de empleo del conductor. Cuando nos conf\u00eda su caso, puede descansar y centrarse en su recuperaci\u00f3n mientras nosotros nos enfrentamos al demandado correcto en su nombre.<\/p>\n<p>Un accidente automovil\u00edstico en Laredo en el que se vea involucrado un cami\u00f3n comercial podr\u00eda causar lesiones que van desde fracturas \u00f3seas hasta discapacidades permanentes. Como superviviente de un accidente con cualquier tipo de lesi\u00f3n, o como familiar de alguien que haya fallecido en un accidente mortal de cami\u00f3n, debe buscar asesoramiento legal para saber c\u00f3mo proceder con una reclamaci\u00f3n. Los abogados especializados en accidentes de camiones de Laredo de Texas Law Guns, Injury &#038; Accident Lawyers pueden ayudar a los clientes con reclamaciones por lesiones personales y muerte por negligencia. Averig\u00fce si tiene derecho a presentar una demanda y c\u00f3mo podemos ayudarle llamando al (956) 568-5954. Tambi\u00e9n puede solicitar una <a href=\"https:\/\/www.vblawgroup.com\/es\/contactenos\/\">consulta gratuita<\/a> en l\u00ednea.<\/p>\n","protected":false},"excerpt":{"rendered":"<p>Las colisiones entre camiones comerciales y autom\u00f3viles de pasajeros son algunas de las m\u00e1s catastr\u00f3ficas para las v\u00edctimas. Un cami\u00f3n de 18 ruedas puede transportar, en promedio, decenas de miles de libras de carga. Frente a un autom\u00f3vil de pasajeros promedio, que pesa entre 3000 y 4000 libras, un cami\u00f3n grande de m\u00e1s de 80&#8230; <a href=\"https:\/\/www.vblawgroup.com\/es\/abogado-especializado-en-accidentes-de-camiones-en-laredo\/\">read more<\/a><\/p>\n","protected":false},"author":10,"featured_media":0,"parent":0,"menu_order":0,"comment_status":"closed","ping_status":"closed","template":"","meta":{"_acf_changed":false,"footnotes":""},"class_list":["post-834","page","type-page","status-publish","hentry"],"acf":[],"_links":{"self":[{"href":"https:\/\/www.vblawgroup.com\/es\/wp-json\/wp\/v2\/pages\/834","targetHints":{"allow":["GET"]}}],"collection":[{"href":"https:\/\/www.vblawgroup.com\/es\/wp-json\/wp\/v2\/pages"}],"about":[{"href":"https:\/\/www.vblawgroup.com\/es\/wp-json\/wp\/v2\/types\/page"}],"author":[{"embeddable":true,"href":"https:\/\/www.vblawgroup.com\/es\/wp-json\/wp\/v2\/users\/10"}],"replies":[{"embeddable":true,"href":"https:\/\/www.vblawgroup.com\/es\/wp-json\/wp\/v2\/comments?post=834"}],"version-history":[{"count":0,"href":"https:\/\/www.vblawgroup.com\/es\/wp-json\/wp\/v2\/pages\/834\/revisions"}],"wp:attachment":[{"href":"https:\/\/www.vblawgroup.com\/es\/wp-json\/wp\/v2\/media?parent=834"}],"curies":[{"name":"wp","href":"https:\/\/api.w.org\/{rel}","templated":true}]}}