{"id":838,"date":"2025-04-22T17:54:49","date_gmt":"2025-04-22T17:54:49","guid":{"rendered":"https:\/\/www.vblawgroup.com\/es\/?page_id=838"},"modified":"2025-04-22T17:55:14","modified_gmt":"2025-04-22T17:55:14","slug":"abogado-especializado-en-accidentes-de-bicicleta-en-laredo","status":"publish","type":"page","link":"https:\/\/www.vblawgroup.com\/es\/abogado-especializado-en-accidentes-de-bicicleta-en-laredo\/","title":{"rendered":"Abogado especializado en accidentes de bicicleta en Laredo"},"content":{"rendered":"<p>Los ciclistas son m\u00e1s propensos a sufrir lesiones graves cuando se ven involucrados en accidentes con autom\u00f3viles, camiones u otros veh\u00edculos motorizados que aquellos que cuentan con la protecci\u00f3n de un veh\u00edculo. Pueden sufrir dolor y sufrimiento, elevadas facturas m\u00e9dicas, da\u00f1os materiales y tiempo de baja laboral como consecuencia del accidente. Las aseguradoras y los conductores pueden incluso intentar culpar al ciclista del accidente e intentar evitar pagar la indemnizaci\u00f3n.<\/p>\n<p>Si usted o un ser querido ha resultado herido o ha fallecido en un accidente de bicicleta, los experimentados abogados de lesiones personales de Laredo de Texas Law Guns, Injury and Accident Lawyers desean ayudarle. Nuestros abogados especializados en accidentes de bicicleta en Laredo reclamar\u00e1n a la compa\u00f1\u00eda de seguros la indemnizaci\u00f3n que necesita y merece para seguir adelante con su vida.<\/p>\n<p>Los abogados especializados en accidentes de bicicleta de Texas Law Guns, Injury and Accident Lawyers:<\/p>\n<ul>\n<li>Tienen una trayectoria probada de \u00e9xito en todas las \u00e1reas de accidentes con lesiones personales.<\/li>\n<li>Son compasivos y comprensivos con las necesidades de las v\u00edctimas de accidentes.<\/li>\n<li>Tienen un amplio conocimiento de todas las leyes y normativas sobre bicicletas de Texas.<\/li>\n<\/ul>\n<p>P\u00f3ngase en contacto con nuestra oficina de Laredo hoy mismo para programar una consulta inicial gratuita y analizar todas sus opciones para reclamar una indemnizaci\u00f3n por accidente de bicicleta.<\/p>\n<div id=\"ez-toc-container\" class=\"ez-toc-v2_0_76 counter-hierarchy ez-toc-counter ez-toc-grey ez-toc-container-direction\">\n<div class=\"ez-toc-title-container\">\n<p class=\"ez-toc-title\" style=\"cursor:inherit\">Table of Contents<\/p>\n<span class=\"ez-toc-title-toggle\"><a href=\"#\" class=\"ez-toc-pull-right ez-toc-btn ez-toc-btn-xs ez-toc-btn-default ez-toc-toggle\" aria-label=\"Toggle Table of Content\"><span class=\"ez-toc-js-icon-con\"><span class=\"\"><span class=\"eztoc-hide\" style=\"display:none;\">Toggle<\/span><span class=\"ez-toc-icon-toggle-span\"><svg style=\"fill: #999;color:#999\" xmlns=\"http:\/\/www.w3.org\/2000\/svg\" class=\"list-377408\" width=\"20px\" height=\"20px\" viewBox=\"0 0 24 24\" fill=\"none\"><path d=\"M6 6H4v2h2V6zm14 0H8v2h12V6zM4 11h2v2H4v-2zm16 0H8v2h12v-2zM4 16h2v2H4v-2zm16 0H8v2h12v-2z\" fill=\"currentColor\"><\/path><\/svg><svg style=\"fill: #999;color:#999\" class=\"arrow-unsorted-368013\" xmlns=\"http:\/\/www.w3.org\/2000\/svg\" width=\"10px\" height=\"10px\" viewBox=\"0 0 24 24\" version=\"1.2\" baseProfile=\"tiny\"><path d=\"M18.2 9.3l-6.2-6.3-6.2 6.3c-.2.2-.3.4-.3.7s.1.5.3.7c.2.2.4.3.7.3h11c.3 0 .5-.1.7-.3.2-.2.3-.5.3-.7s-.1-.5-.3-.7zM5.8 14.7l6.2 6.3 6.2-6.3c.2-.2.3-.5.3-.7s-.1-.5-.3-.7c-.2-.2-.4-.3-.7-.3h-11c-.3 0-.5.1-.7.3-.2.2-.3.5-.3.7s.1.5.3.7z\"\/><\/svg><\/span><\/span><\/span><\/a><\/span><\/div>\n<nav><ul class='ez-toc-list ez-toc-list-level-1 ' ><li class='ez-toc-page-1 ez-toc-heading-level-2'><a class=\"ez-toc-link ez-toc-heading-1\" href=\"https:\/\/www.vblawgroup.com\/es\/abogado-especializado-en-accidentes-de-bicicleta-en-laredo\/#Deje_que_nuestros_abogados_con_experiencia_en_accidentes_de_bicicleta_en_Laredo_le_ayuden\" >Deje que nuestros abogados con experiencia en accidentes de bicicleta en Laredo le ayuden<\/a><\/li><li class='ez-toc-page-1 ez-toc-heading-level-2'><a class=\"ez-toc-link ez-toc-heading-2\" href=\"https:\/\/www.vblawgroup.com\/es\/abogado-especializado-en-accidentes-de-bicicleta-en-laredo\/#Indemnizacion_por_accidentes_de_bicicleta_en_Laredo\" >Indemnizaci\u00f3n por accidentes de bicicleta en Laredo<\/a><\/li><li class='ez-toc-page-1 ez-toc-heading-level-2'><a class=\"ez-toc-link ez-toc-heading-3\" href=\"https:\/\/www.vblawgroup.com\/es\/abogado-especializado-en-accidentes-de-bicicleta-en-laredo\/#Causas_de_los_accidentes_de_bicicleta_en_Laredo\" >Causas de los accidentes de bicicleta en Laredo<\/a><\/li><li class='ez-toc-page-1 ez-toc-heading-level-2'><a class=\"ez-toc-link ez-toc-heading-4\" href=\"https:\/\/www.vblawgroup.com\/es\/abogado-especializado-en-accidentes-de-bicicleta-en-laredo\/#Pongase_en_contacto_hoy_mismo_con_un_abogado_con_experiencia_en_accidentes_de_bicicleta_en_Laredo\" >P\u00f3ngase en contacto hoy mismo con un abogado con experiencia en accidentes de bicicleta en Laredo<\/a><\/li><\/ul><\/nav><\/div>\n<h2><span class=\"ez-toc-section\" id=\"Deje_que_nuestros_abogados_con_experiencia_en_accidentes_de_bicicleta_en_Laredo_le_ayuden\"><\/span>Deje que nuestros abogados con experiencia en accidentes de bicicleta en Laredo le ayuden<span class=\"ez-toc-section-end\"><\/span><\/h2>\n<p>Nunca acepte una oferta o una denegaci\u00f3n de una compa\u00f1\u00eda de seguros sin el asesoramiento de un abogado con experiencia en accidentes de bicicleta. Podr\u00eda acabar aceptando mucho menos de lo que le corresponde.<\/p>\n<p>Inmediatamente despu\u00e9s de un accidente, es imposible que un ajustador de seguros conozca los costos reales en los que ha incurrido a causa de su accidente de bicicleta. Esto significa que cualquier oferta de pago se basar\u00e1 en pagos anteriores por reclamaciones similares a la suya, sin tener en cuenta las particularidades de su caso.<\/p>\n<p>P\u00f3ngase en contacto con los abogados especializados en accidentes de bicicleta de Laredo en Texas Law Guns, Injury and Accident Lawyers y perm\u00edtanos:<\/p>\n<ul>\n<li>Nos encargaremos de toda la correspondencia con su compa\u00f1\u00eda de seguros y sus acreedores.<\/li>\n<li>Obtendremos todas las pruebas necesarias para construir su caso, como informes policiales, registros m\u00e9dicos, recibos y mucho m\u00e1s.<\/li>\n<li>Presentaremos sus reclamaciones al seguro y, si es necesario, una demanda por accidente de bicicleta.<\/li>\n<li>Identificaremos todas las posibles fuentes de indemnizaci\u00f3n por sus lesiones.<\/li>\n<li>Consultaremos con los expertos necesarios.<\/li>\n<li>Calcularemos sus p\u00e9rdidas totales.<\/li>\n<li>Negociaremos un acuerdo justo y equitativo en su nombre.<\/li>\n<li>Llevaremos su caso a juicio.<\/li>\n<\/ul>\n<p>P\u00f3ngase en contacto con Texas Law Guns, Injury and Accident Lawyers hoy mismo y deje que nuestros abogados especializados en accidentes de bicicleta revisen cualquier oferta de acuerdo que haya recibido y analicen sus mejores opciones legales para seguir adelante.<\/p>\n<h2><span class=\"ez-toc-section\" id=\"Indemnizacion_por_accidentes_de_bicicleta_en_Laredo\"><\/span>Indemnizaci\u00f3n por accidentes de bicicleta en Laredo<span class=\"ez-toc-section-end\"><\/span><\/h2>\n<p>Los accidentes de bicicleta suelen provocar lesiones graves. Aunque cada accidente de bicicleta es diferente, existen algunos tipos de da\u00f1os comunes a los que pueden acogerse las v\u00edctimas de estos accidentes en Laredo.<\/p>\n<p>Entre ellos se incluyen:<\/p>\n<ul>\n<li>Gastos m\u00e9dicos pasados y futuros;<\/li>\n<li>Da\u00f1os materiales;<\/li>\n<li>P\u00e9rdida de ingresos;<\/li>\n<li>P\u00e9rdida de ingresos potenciales;<\/li>\n<li>Dolor y sufrimiento;<\/li>\n<li>Angustia mental y emocional;<\/li>\n<li>P\u00e9rdida de consorcio; y<\/li>\n<li>Gastos por <a href=\"https:\/\/www.vblawgroup.com\/es\/areas-de-practica\/muerte-por-negligencia\/\">muerte por negligencia<\/a>.<\/li>\n<\/ul>\n<h2><span class=\"ez-toc-section\" id=\"Causas_de_los_accidentes_de_bicicleta_en_Laredo\"><\/span>Causas de los accidentes de bicicleta en Laredo<span class=\"ez-toc-section-end\"><\/span><\/h2>\n<p>Una de las principales causas de los accidentes de bicicleta y <a href=\"https:\/\/www.vblawgroup.com\/es\/abogado-especializado-en-accidentes-automovilisticos-en-laredo\/\">de coche en Laredo<\/a> es la conducci\u00f3n distra\u00edda. La conducci\u00f3n distra\u00edda se produce cuando la atenci\u00f3n del conductor se desv\u00eda de la actividad de conducir e incluye conducir mientras:<\/p>\n<ul>\n<li>Se env\u00edan mensajes de texto;<\/li>\n<li>Leer;<\/li>\n<li>Hablar con los pasajeros del asiento trasero;<\/li>\n<li>Disciplinar a los ni\u00f1os; y<\/li>\n<li>M\u00e1s.<\/li>\n<\/ul>\n<p>Otras causas de accidentes de bicicleta en Laredo son conducir mientras:<\/p>\n<ul>\n<li>Se est\u00e1 bajo los efectos del alcohol o las drogas;<\/li>\n<li>Se est\u00e1 fatigado; y<\/li>\n<li>Se conduce a exceso de velocidad o de forma agresiva.<\/li>\n<\/ul>\n<h2><span class=\"ez-toc-section\" id=\"Pongase_en_contacto_hoy_mismo_con_un_abogado_con_experiencia_en_accidentes_de_bicicleta_en_Laredo\"><\/span>P\u00f3ngase en contacto hoy mismo con un abogado con experiencia en accidentes de bicicleta en Laredo<span class=\"ez-toc-section-end\"><\/span><\/h2>\n<p>Si usted o un ser querido ha resultado gravemente herido en un accidente de bicicleta en el \u00e1rea de Laredo, p\u00f3ngase en contacto con <a href=\"\/es\/\">Texas Law Guns, Injury and Accident Lawyers<\/a> hoy mismo. Nuestro equipo legal responder\u00e1 r\u00e1pidamente para comenzar a trabajar en su reclamaci\u00f3n por accidente. En Texas Law Guns, Injury and Accident Lawyers, nos dedicamos a conseguirle la indemnizaci\u00f3n que tanto necesita por sus gastos m\u00e9dicos, da\u00f1os a la propiedad, p\u00e9rdida de ingresos, dolor, sufrimiento y m\u00e1s. <a href=\"https:\/\/www.vblawgroup.com\/es\/contactenos\/\">P\u00f3ngase en contacto<\/a> con nuestros abogados especializados en accidentes de bicicleta en Laredo hoy mismo para obtener una consulta gratuita.<\/p>\n","protected":false},"excerpt":{"rendered":"<p>Los ciclistas son m\u00e1s propensos a sufrir lesiones graves cuando se ven involucrados en accidentes con autom\u00f3viles, camiones u otros veh\u00edculos motorizados que aquellos que cuentan con la protecci\u00f3n de un veh\u00edculo. Pueden sufrir dolor y sufrimiento, elevadas facturas m\u00e9dicas, da\u00f1os materiales y tiempo de baja laboral como consecuencia del accidente. Las aseguradoras y los&#8230; <a href=\"https:\/\/www.vblawgroup.com\/es\/abogado-especializado-en-accidentes-de-bicicleta-en-laredo\/\">read more<\/a><\/p>\n","protected":false},"author":10,"featured_media":0,"parent":0,"menu_order":0,"comment_status":"closed","ping_status":"closed","template":"","meta":{"_acf_changed":false,"footnotes":""},"class_list":["post-838","page","type-page","status-publish","hentry"],"acf":[],"_links":{"self":[{"href":"https:\/\/www.vblawgroup.com\/es\/wp-json\/wp\/v2\/pages\/838","targetHints":{"allow":["GET"]}}],"collection":[{"href":"https:\/\/www.vblawgroup.com\/es\/wp-json\/wp\/v2\/pages"}],"about":[{"href":"https:\/\/www.vblawgroup.com\/es\/wp-json\/wp\/v2\/types\/page"}],"author":[{"embeddable":true,"href":"https:\/\/www.vblawgroup.com\/es\/wp-json\/wp\/v2\/users\/10"}],"replies":[{"embeddable":true,"href":"https:\/\/www.vblawgroup.com\/es\/wp-json\/wp\/v2\/comments?post=838"}],"version-history":[{"count":0,"href":"https:\/\/www.vblawgroup.com\/es\/wp-json\/wp\/v2\/pages\/838\/revisions"}],"wp:attachment":[{"href":"https:\/\/www.vblawgroup.com\/es\/wp-json\/wp\/v2\/media?parent=838"}],"curies":[{"name":"wp","href":"https:\/\/api.w.org\/{rel}","templated":true}]}}