{"id":840,"date":"2025-04-22T18:02:32","date_gmt":"2025-04-22T18:02:32","guid":{"rendered":"https:\/\/www.vblawgroup.com\/es\/?page_id=840"},"modified":"2025-04-22T18:43:30","modified_gmt":"2025-04-22T18:43:30","slug":"abogados-especializados-en-accidentes-de-vehiculos-comerciales-en-laredo","status":"publish","type":"page","link":"https:\/\/www.vblawgroup.com\/es\/abogados-especializados-en-accidentes-de-vehiculos-comerciales-en-laredo\/","title":{"rendered":"Abogados especializados en accidentes de veh\u00edculos comerciales en Laredo"},"content":{"rendered":"<p>Laredo es un importante centro de tr\u00e1fico comercial, por el que circulan diariamente miles de camiones y veh\u00edculos de reparto. Su ubicaci\u00f3n junto a la frontera entre Estados Unidos y M\u00e9xico tambi\u00e9n la convierte en una de las rutas comerciales m\u00e1s transitadas del pa\u00eds. Si bien esto impulsa la econom\u00eda local, tambi\u00e9n aumenta el riesgo de accidentes graves.<\/p>\n<p>Los camiones comerciales son mucho m\u00e1s grandes y pesados que los veh\u00edculos de pasajeros, lo que hace que las colisiones sean especialmente peligrosas. Cuando un cami\u00f3n de 18 ruedas, un cami\u00f3n volquete o una furgoneta de mudanzas colisiona con su autom\u00f3vil, usted puede quedarse con elevadas facturas m\u00e9dicas y lesiones que tardan meses o a\u00f1os en curarse. Para empeorar las cosas, las compa\u00f1\u00edas de seguros trabajan horas extras para pagarle lo menos posible.<\/p>\n<p>Si ha resultado lesionado en un accidente con un veh\u00edculo comercial, se enfrenta a empresas de transporte y aseguradoras con mucho dinero. Cuentan con equipos legales preparados para luchar contra las reclamaciones. Sin el abogado adecuado, podr\u00eda acabar recibiendo mucho menos de lo que necesita para cubrir sus p\u00e9rdidas. Por eso debe llamar a <a href=\"https:\/\/www.vblawgroup.com\/es\/\">Texas Law Guns, Injury &amp; Accident Lawyers<\/a>.<\/p>\n<div id=\"ez-toc-container\" class=\"ez-toc-v2_0_76 counter-hierarchy ez-toc-counter ez-toc-grey ez-toc-container-direction\">\n<div class=\"ez-toc-title-container\">\n<p class=\"ez-toc-title\" style=\"cursor:inherit\">Table of Contents<\/p>\n<span class=\"ez-toc-title-toggle\"><a href=\"#\" class=\"ez-toc-pull-right ez-toc-btn ez-toc-btn-xs ez-toc-btn-default ez-toc-toggle\" aria-label=\"Toggle Table of Content\"><span class=\"ez-toc-js-icon-con\"><span class=\"\"><span class=\"eztoc-hide\" style=\"display:none;\">Toggle<\/span><span class=\"ez-toc-icon-toggle-span\"><svg style=\"fill: #999;color:#999\" xmlns=\"http:\/\/www.w3.org\/2000\/svg\" class=\"list-377408\" width=\"20px\" height=\"20px\" viewBox=\"0 0 24 24\" fill=\"none\"><path d=\"M6 6H4v2h2V6zm14 0H8v2h12V6zM4 11h2v2H4v-2zm16 0H8v2h12v-2zM4 16h2v2H4v-2zm16 0H8v2h12v-2z\" fill=\"currentColor\"><\/path><\/svg><svg style=\"fill: #999;color:#999\" class=\"arrow-unsorted-368013\" xmlns=\"http:\/\/www.w3.org\/2000\/svg\" width=\"10px\" height=\"10px\" viewBox=\"0 0 24 24\" version=\"1.2\" baseProfile=\"tiny\"><path d=\"M18.2 9.3l-6.2-6.3-6.2 6.3c-.2.2-.3.4-.3.7s.1.5.3.7c.2.2.4.3.7.3h11c.3 0 .5-.1.7-.3.2-.2.3-.5.3-.7s-.1-.5-.3-.7zM5.8 14.7l6.2 6.3 6.2-6.3c.2-.2.3-.5.3-.7s-.1-.5-.3-.7c-.2-.2-.4-.3-.7-.3h-11c-.3 0-.5.1-.7.3-.2.2-.3.5-.3.7s.1.5.3.7z\"\/><\/svg><\/span><\/span><\/span><\/a><\/span><\/div>\n<nav><ul class='ez-toc-list ez-toc-list-level-1 ' ><li class='ez-toc-page-1 ez-toc-heading-level-2'><a class=\"ez-toc-link ez-toc-heading-1\" href=\"https:\/\/www.vblawgroup.com\/es\/abogados-especializados-en-accidentes-de-vehiculos-comerciales-en-laredo\/#%C2%BFPor_que_contratarnos_para_su_reclamacion_por_accidente_comercial_en_Laredo\" >\u00bfPor qu\u00e9 contratarnos para su reclamaci\u00f3n por accidente comercial en Laredo?<\/a><\/li><li class='ez-toc-page-1 ez-toc-heading-level-2'><a class=\"ez-toc-link ez-toc-heading-2\" href=\"https:\/\/www.vblawgroup.com\/es\/abogados-especializados-en-accidentes-de-vehiculos-comerciales-en-laredo\/#%C2%BFComo_puede_ayudarle_un_abogado_especializado_en_accidentes_de_vehiculos_comerciales_en_Laredo\" >\u00bfC\u00f3mo puede ayudarle un abogado especializado en accidentes de veh\u00edculos comerciales en Laredo?<\/a><\/li><li class='ez-toc-page-1 ez-toc-heading-level-2'><a class=\"ez-toc-link ez-toc-heading-3\" href=\"https:\/\/www.vblawgroup.com\/es\/abogados-especializados-en-accidentes-de-vehiculos-comerciales-en-laredo\/#Que_hacer_despues_de_un_accidente_de_camion\" >Qu\u00e9 hacer despu\u00e9s de un accidente de cami\u00f3n<\/a><\/li><li class='ez-toc-page-1 ez-toc-heading-level-2'><a class=\"ez-toc-link ez-toc-heading-4\" href=\"https:\/\/www.vblawgroup.com\/es\/abogados-especializados-en-accidentes-de-vehiculos-comerciales-en-laredo\/#Indemnizacion_en_un_accidente_de_vehiculo_comercial\" >Indemnizaci\u00f3n en un accidente de veh\u00edculo comercial<\/a><\/li><li class='ez-toc-page-1 ez-toc-heading-level-2'><a class=\"ez-toc-link ez-toc-heading-5\" href=\"https:\/\/www.vblawgroup.com\/es\/abogados-especializados-en-accidentes-de-vehiculos-comerciales-en-laredo\/#%C2%BFQuien_puede_ser_responsable_de_su_colision_con_un_vehiculo_comercial\" >\u00bfQui\u00e9n puede ser responsable de su colisi\u00f3n con un veh\u00edculo comercial?<\/a><\/li><li class='ez-toc-page-1 ez-toc-heading-level-2'><a class=\"ez-toc-link ez-toc-heading-6\" href=\"https:\/\/www.vblawgroup.com\/es\/abogados-especializados-en-accidentes-de-vehiculos-comerciales-en-laredo\/#%C2%BFCuanto_tiempo_tiene_para_presentar_una_reclamacion_por_accidente_de_camion_en_Texas\" >\u00bfCu\u00e1nto tiempo tiene para presentar una reclamaci\u00f3n por accidente de cami\u00f3n en Texas?<\/a><\/li><li class='ez-toc-page-1 ez-toc-heading-level-2'><a class=\"ez-toc-link ez-toc-heading-7\" href=\"https:\/\/www.vblawgroup.com\/es\/abogados-especializados-en-accidentes-de-vehiculos-comerciales-en-laredo\/#Pongase_en_contacto_con_un_abogado_especializado_en_accidentes_de_vehiculos_comerciales_en_Laredo_hoy_mismo\" >P\u00f3ngase en contacto con un abogado especializado en accidentes de veh\u00edculos comerciales en Laredo hoy mismo<\/a><\/li><\/ul><\/nav><\/div>\n<h2><span class=\"ez-toc-section\" id=\"%C2%BFPor_que_contratarnos_para_su_reclamacion_por_accidente_comercial_en_Laredo\"><\/span>\u00bfPor qu\u00e9 contratarnos para su reclamaci\u00f3n por accidente comercial en Laredo?<span class=\"ez-toc-section-end\"><\/span><\/h2>\n<p>No todos los bufetes de abogados especializados en lesiones personales saben c\u00f3mo enfrentarse a una gran empresa de transporte comercial y ganar, pero nosotros s\u00ed. Nuestros abogados con experiencia en accidentes de camiones conocen los retos que plantean las reclamaciones por accidentes de veh\u00edculos comerciales y no temen luchar para obtener la m\u00e1xima indemnizaci\u00f3n. He aqu\u00ed por qu\u00e9 debe confiar en nosotros para su caso:<\/p>\n<ul>\n<li>Amplia experiencia en casos de veh\u00edculos comerciales: Las reclamaciones por accidentes comerciales son m\u00e1s complicadas que las de los accidentes de tr\u00e1fico normales. A menudo implican a varias partes responsables, la normativa federal sobre transporte por carretera y p\u00f3lizas de seguro de gran cuant\u00eda. Nuestro equipo legal ha manejado muchas reclamaciones como la suya y sabe c\u00f3mo presentar un caso convincente.<\/li>\n<li>Negociaci\u00f3n agresiva con las compa\u00f1\u00edas de seguros: Las compa\u00f1\u00edas de seguros intentar\u00e1n reducir su responsabilidad trasladando la culpa o infravalorando su reclamaci\u00f3n por lesiones en un accidente de tr\u00e1fico. No les dejamos salirse con la suya. Nuestros abogados especializados en accidentes de camiones en Laredo conocen sus t\u00e1cticas y negociar\u00e1n agresivamente para garantizar que usted reciba una indemnizaci\u00f3n justa por los gastos m\u00e9dicos, los ingresos perdidos y el dolor y el sufrimiento.<\/li>\n<li>Conocimiento de las leyes federales y estatales sobre camiones: Los veh\u00edculos comerciales deben cumplir con las estrictas regulaciones de la Administraci\u00f3n Federal de Seguridad de Autotransportes (FMCSA) y las leyes del estado de Texas. Las infracciones como el incumplimiento de las horas de servicio, los camiones sobrecargados o el mantenimiento inadecuado pueden provocar accidentes. Analizamos cada detalle para determinar si las infracciones legales influyeron en su accidente.<\/li>\n<li>Investigaciones exhaustivas: Un caso s\u00f3lido depende de pruebas s\u00f3lidas. Nuestros abogados especializados en accidentes de veh\u00edculos de la empresa trabajan con expertos en reconstrucci\u00f3n de accidentes, recopilan datos de la caja negra, revisan los registros de los conductores y examinan los registros de mantenimiento. No dejamos ning\u00fan cabo suelto al preparar su reclamaci\u00f3n.<\/li>\n<li>Sin honorarios a menos que ganemos: Trabajamos a comisi\u00f3n, lo que significa que usted no paga a menos que obtengamos una indemnizaci\u00f3n para usted. Esto le garantiza una representaci\u00f3n legal de primer nivel sin costes iniciales.<\/li>\n<li>Representaci\u00f3n preparada para el tribunal: Muchas reclamaciones por lesiones se resuelven fuera de los tribunales, pero cuando las compa\u00f1\u00edas de seguros de autom\u00f3viles se niegan a ofrecer acuerdos justos, estamos preparados para llevar su caso a juicio. Nuestros abogados especializados en lesiones personales han representado con \u00e9xito a clientes en los tribunales y han obtenido veredictos significativos.<\/li>\n<\/ul>\n<h2><span class=\"ez-toc-section\" id=\"%C2%BFComo_puede_ayudarle_un_abogado_especializado_en_accidentes_de_vehiculos_comerciales_en_Laredo\"><\/span>\u00bfC\u00f3mo puede ayudarle un abogado especializado en accidentes de veh\u00edculos comerciales en Laredo?<span class=\"ez-toc-section-end\"><\/span><\/h2>\n<p>Enfrente solo a una empresa de camiones o a una aseguradora de autom\u00f3viles es una batalla cuesta arriba. Estas empresas cuentan con equipos jur\u00eddicos dedicados a limitar los pagos y conocen todos los vac\u00edos legales que pueden aprovechar. Pueden intentar culparle del accidente, alegar que sus lesiones no son graves o retrasar el proceso legal hasta que est\u00e9 lo suficientemente desesperado como para aceptar una oferta baja. Sin un abogado con experiencia, podr\u00eda terminar con mucho menos de lo que necesita para cubrir los gastos m\u00e9dicos, los salarios perdidos y otros gastos.<\/p>\n<p>Nosotros nivelamos el campo de juego al encargarnos de todos los aspectos de su caso. Nuestro equipo legal comienza realizando una investigaci\u00f3n exhaustiva para determinar exactamente qu\u00e9 sucedi\u00f3 y qui\u00e9n debe ser considerado responsable. Tambi\u00e9n recopilamos pruebas como las siguientes:<\/p>\n<ul>\n<li>Datos de la caja negra: La mayor\u00eda de los camiones comerciales tienen registradores de datos de eventos que registran la velocidad, el frenado y los movimientos del volante antes de un accidente. Estos datos pueden demostrar si el conductor del veh\u00edculo comercial iba a exceso de velocidad, no fren\u00f3 o realiz\u00f3 una maniobra evasiva demasiado tarde.<\/li>\n<li><b>Registros del conductor y registros de horas de servicio:<\/b> La ley federal limita el n\u00famero de horas que un conductor de cami\u00f3n puede estar en la carretera antes de tomar un descanso. Si el conductor de un veh\u00edculo comercial super\u00f3 estos l\u00edmites, la fatiga pudo haber influido en el accidente.<\/li>\n<li><b>Registros de mantenimiento del veh\u00edculo: <\/b>Los camiones requieren inspecciones y reparaciones peri\u00f3dicas. Si la empresa de transporte omiti\u00f3 el mantenimiento necesario, la culpa podr\u00eda ser de un fallo mec\u00e1nico.<\/li>\n<li><b>Registros de carga:<\/b> Si la carga estaba sobrecargada o mal asegurada, podr\u00eda haberse desplazado durante el transporte y provocar el accidente.<\/li>\n<li><b>Im\u00e1genes de c\u00e1maras de tr\u00e1fico o dashcam: <\/b>Si est\u00e1n disponibles, las pruebas en v\u00eddeo pueden proporcionar pruebas irrefutables de c\u00f3mo ocurri\u00f3 el accidente.<\/li>\n<\/ul>\n<p>Despu\u00e9s de un accidente grave, los ajustadores de seguros pueden ponerse en contacto con usted con lo que parece una oferta de liquidaci\u00f3n razonable. Sin embargo, aceptar una oferta temprana sin comprender completamente el alcance de sus lesiones puede ser un error. Nos encargamos de todas las comunicaciones con la compa\u00f1\u00eda de seguros para que usted no tenga que lidiar con sus t\u00e1cticas de presi\u00f3n. Tambi\u00e9n calculamos cuidadosamente el alcance total de sus p\u00e9rdidas antes de negociar un acuerdo en efectivo o llevar su caso a los tribunales si es necesario.<\/p>\n<h2><span class=\"ez-toc-section\" id=\"Que_hacer_despues_de_un_accidente_de_camion\"><\/span>Qu\u00e9 hacer despu\u00e9s de un accidente de cami\u00f3n<span class=\"ez-toc-section-end\"><\/span><\/h2>\n<p>Las medidas que tome inmediatamente despu\u00e9s de un accidente con un veh\u00edculo comercial pueden determinar el \u00e9xito o el fracaso de su reclamaci\u00f3n. Las empresas de transporte y las aseguradoras buscar\u00e1n cualquier excusa para reducir o denegar su indemnizaci\u00f3n, por lo que es fundamental protegerse desde el principio. Aunque se sienta conmocionado o abrumado, tomar las medidas adecuadas puede ayudarle a obtener la indemnizaci\u00f3n que necesita.<\/p>\n<p>Si se encuentra en condiciones f\u00edsicas, siga los pasos que se indican a continuaci\u00f3n despu\u00e9s de un accidente con un veh\u00edculo comercial.<\/p>\n<ul>\n<li>Llame al 911: informe siempre del accidente a la polic\u00eda, incluso si los da\u00f1os parecen leves. Sin un informe policial, la aseguradora de la empresa de transporte puede argumentar que el accidente no fue grave o que su conductor no tuvo la culpa. Si alguien tiene lesiones visibles o est\u00e1 inconsciente, solicite asistencia m\u00e9dica de inmediato.<\/li>\n<li>Busque atenci\u00f3n m\u00e9dica: incluso si cree que tiene lesiones leves, es fundamental que lo examine un profesional. Algunas lesiones catastr\u00f3ficas no muestran s\u00edntomas de inmediato. La adrenalina despu\u00e9s de un accidente puede enmascarar el dolor, lo que facilita pasar por alto lesiones internas o conmociones cerebrales. Horas o d\u00edas despu\u00e9s, pueden aparecer s\u00edntomas y, para entonces, las lesiones no tratadas podr\u00edan empeorar. Las lesiones de aparici\u00f3n tard\u00eda m\u00e1s comunes incluyen latigazo cervical, hemorragia interna, lesiones de la m\u00e9dula espinal y lesiones cerebrales traum\u00e1ticas.<\/li>\n<li>Recopile pruebas en el lugar del accidente: Si se encuentra en condiciones f\u00edsicas, comience a documentar el lugar del accidente antes de que se muevan los veh\u00edculos o se retiren los escombros. Tome fotograf\u00edas de los escombros en la carretera, las marcas de derrape y cualquier cosa que pueda haber contribuido al accidente. M\u00e1s tarde, solicite una copia del informe policial y de su historial m\u00e9dico. Cuantas m\u00e1s pruebas recopile, m\u00e1s dif\u00edcil ser\u00e1 para la empresa de transporte disputar su reclamaci\u00f3n.<\/li>\n<li>Obtenga la informaci\u00f3n de contacto de los testigos: Los testigos externos pueden proporcionar un testimonio valioso sobre lo sucedido. Si es posible, recopile los nombres, n\u00fameros de tel\u00e9fono y direcciones de correo electr\u00f3nico de cualquier persona que haya presenciado el accidente.<\/li>\n<li>Evite hablar con los peritos de seguros: Poco despu\u00e9s del accidente, es posible que reciba una llamada del perito de seguros de la empresa de transporte. Pueden parecer amables, pero su objetivo es proteger a su empresa, no ayudarle. Rechace educadamente hacer una declaraci\u00f3n y rem\u00edtales a su abogado especializado en accidentes de veh\u00edculos comerciales. Esto evitar\u00e1 que diga accidentalmente algo que pueda perjudicar su reclamaci\u00f3n.<\/li>\n<li>P\u00f3ngase en contacto con un abogado especializado en lesiones personales lo antes posible: Los casos de accidentes de camiones comerciales son m\u00e1s complejos que los accidentes de tr\u00e1fico normales. Pueden haber varias partes responsables, entran en juego las normativas federales y las empresas de transporte cuentan con equipos jur\u00eddicos que trabajar\u00e1n en su contra. Cuanto antes contrate a un abogado especializado en accidentes de camiones comerciales, mejor protegido estar\u00e1.<\/li>\n<\/ul>\n<h2><span class=\"ez-toc-section\" id=\"Indemnizacion_en_un_accidente_de_vehiculo_comercial\"><\/span>Indemnizaci\u00f3n en un accidente de veh\u00edculo comercial<span class=\"ez-toc-section-end\"><\/span><\/h2>\n<p>Si ha resultado herido en un accidente de veh\u00edculo comercial, puede tener derecho a una indemnizaci\u00f3n econ\u00f3mica que cubra tanto las p\u00e9rdidas actuales como las futuras. Un abogado experto puede evaluar su caso, determinar el valor total de su reclamaci\u00f3n y negociar estos tipos de indemnizaci\u00f3n habituales.<\/p>\n<ul>\n<li><b>Gastos m\u00e9dicos: <\/b>Las lesiones causadas por accidentes de camiones suelen requerir tratamiento m\u00e9dico de urgencia, a veces durante meses o incluso a\u00f1os. Esto se debe a que las lesiones suelen incluir fracturas \u00f3seas, lesiones por aplastamiento, da\u00f1os en \u00f3rganos internos y otros da\u00f1os catastr\u00f3ficos. La indemnizaci\u00f3n debe cubrir todo el tratamiento m\u00e9dico pasado, presente y futuro, incluidas las visitas a urgencias y la atenci\u00f3n m\u00e9dica, las estancias en el hospital, la rehabilitaci\u00f3n y la fisioterapia, los medicamentos recetados y las visitas a especialistas.<\/li>\n<li><b>Salarios perdidos y reducci\u00f3n de la capacidad de ingresos: <\/b>Si las lesiones graves le impiden trabajar, ya sea de forma temporal o permanente, puede tener derecho a una indemnizaci\u00f3n por da\u00f1os y perjuicios como la p\u00e9rdida de ingresos, la p\u00e9rdida de horas extras o bonificaciones, la reducci\u00f3n de la capacidad de ingresos y los gastos de reciclaje profesional.<\/li>\n<li><b>Dolor y sufrimiento:<\/b> No todos los da\u00f1os indemnizables son econ\u00f3micos. Muchas v\u00edctimas de accidentes de camiones de 18 ruedas sufren dolor f\u00edsico continuo y traumas emocionales que afectan a su calidad de vida. Usted puede tener derecho a una indemnizaci\u00f3n por el dolor, el sufrimiento emocional, la p\u00e9rdida de disfrute de la vida y la desfiguraci\u00f3n o la discapacidad permanente.<\/li>\n<li><b>Da\u00f1os materiales: <\/b>Si su veh\u00edculo result\u00f3 da\u00f1ado o siniestro total en el accidente, puede solicitar una indemnizaci\u00f3n por la reparaci\u00f3n del veh\u00edculo, los gastos de sustituci\u00f3n, los gastos de alquiler de un coche y los da\u00f1os a la propiedad personal.<\/li>\n<li>Da\u00f1os por muerte por negligencia: si un ser querido falleci\u00f3 en un accidente de cami\u00f3n, los familiares sobrevivientes pueden presentar una demanda por muerte por negligencia para solicitar una indemnizaci\u00f3n por los gastos del funeral y el entierro, la p\u00e9rdida de apoyo financiero, la p\u00e9rdida de consorcio y los gastos m\u00e9dicos previos al fallecimiento.<\/li>\n<\/ul>\n<h2><span class=\"ez-toc-section\" id=\"%C2%BFQuien_puede_ser_responsable_de_su_colision_con_un_vehiculo_comercial\"><\/span>\u00bfQui\u00e9n puede ser responsable de su colisi\u00f3n con un veh\u00edculo comercial?<span class=\"ez-toc-section-end\"><\/span><\/h2>\n<p>La responsabilidad en los accidentes de camiones no siempre es clara. Las partes potencialmente responsables incluyen:<\/p>\n<ul>\n<li>El conductor negligente del cami\u00f3n o el conductor del veh\u00edculo de la empresa: Los conductores comerciales son responsables de conducir sus veh\u00edculos de gran tama\u00f1o de forma segura, pero no todos ellos respetan las normas. Algunas de las causas m\u00e1s comunes de los accidentes de camiones relacionados con los conductores son la fatiga, las distracciones al volante, la conducci\u00f3n agresiva, la conducci\u00f3n bajo los efectos del alcohol, la falta de atenci\u00f3n del conductor y la inexperiencia o la formaci\u00f3n deficiente.<\/li>\n<li><b>La empresa de transporte: <\/b>Las empresas de transporte est\u00e1n obligadas a cumplir las estrictas normas de seguridad establecidas por la Administraci\u00f3n Federal de Seguridad de Autotransportes (FMCSA). Si ignoran estas normas, pueden ser consideradas responsables de un accidente. Las formas m\u00e1s comunes en que las empresas de transporte contribuyen a los accidentes incluyen la contrataci\u00f3n negligente, obligar a los conductores a trabajar muchas horas, la formaci\u00f3n inadecuada y el incumplimiento del mantenimiento de sus camiones.<\/li>\n<li>El fabricante del veh\u00edculo o de las piezas: No todos los accidentes de camiones son causados por un error del conductor. A veces, la culpa es de un fallo del equipo o de un cami\u00f3n o pieza defectuosa. Cuando esto ocurre, el fabricante del cami\u00f3n o de sus componentes puede ser responsable. Los problemas mec\u00e1nicos comunes que provocan accidentes incluyen fallos en los frenos, reventones de neum\u00e1ticos y problemas de direcci\u00f3n o transmisi\u00f3n.<\/li>\n<li>Los cargadores de mercanc\u00edas: Los camiones est\u00e1n dise\u00f1ados para transportar cargas pesadas, pero la mercanc\u00eda debe cargarse correctamente para garantizar la seguridad. Una carga inadecuada puede aumentar el riesgo de accidentes. Entre los problemas relacionados con la mercanc\u00eda que contribuyen a los accidentes se incluyen el desplazamiento de la carga, la sobrecarga y el derrame de materiales peligrosos.<\/li>\n<li>Otros conductores: No todos los accidentes de camiones son culpa del conductor del cami\u00f3n. A veces, las acciones imprudentes o negligentes de otro conductor causan un accidente. Esto puede ocurrir cuando un autom\u00f3vil se cruza delante de un cami\u00f3n, obligando al conductor a frenar bruscamente y perder el control, o cuando un conductor distra\u00eddo se desv\u00eda hacia el carril del cami\u00f3n, provocando una colisi\u00f3n. Si las acciones de otro conductor causaron o contribuyeron a su accidente de cami\u00f3n, este puede ser considerado responsable de los da\u00f1os y perjuicios compensatorios.<\/li>\n<\/ul>\n<h2><span class=\"ez-toc-section\" id=\"%C2%BFCuanto_tiempo_tiene_para_presentar_una_reclamacion_por_accidente_de_camion_en_Texas\"><\/span>\u00bfCu\u00e1nto tiempo tiene para presentar una reclamaci\u00f3n por accidente de cami\u00f3n en Texas?<span class=\"ez-toc-section-end\"><\/span><\/h2>\n<p>La ley de Texas concede a las v\u00edctimas de accidentes de cami\u00f3n <a href=\"https:\/\/statutes.capitol.texas.gov\/docs\/cp\/htm\/cp.16.htm\" target=\"_blank\" rel=\"noopener\">dos a\u00f1os a partir de la fecha del accidente<\/a> para presentar una reclamaci\u00f3n por da\u00f1os personales. Si no cumple este plazo, puede perder el derecho a solicitar una indemnizaci\u00f3n. Sin embargo, pueden aplicarse algunas excepciones, como en los casos que involucran a menores o entidades gubernamentales. Cuanto antes obtenga asesoramiento legal de un abogado especializado en lesiones personales, mayores ser\u00e1n sus posibilidades de construir un caso s\u00f3lido.<\/p>\n<h2><span class=\"ez-toc-section\" id=\"Pongase_en_contacto_con_un_abogado_especializado_en_accidentes_de_vehiculos_comerciales_en_Laredo_hoy_mismo\"><\/span>P\u00f3ngase en contacto con un abogado especializado en accidentes de veh\u00edculos comerciales en Laredo hoy mismo<span class=\"ez-toc-section-end\"><\/span><\/h2>\n<p>Si usted o un ser querido ha resultado herido en un accidente de veh\u00edculo comercial, nuestros experimentados abogados especializados en accidentes de camiones en Laredo est\u00e1n listos para luchar por la m\u00e1xima indemnizaci\u00f3n que usted se merece. Conocemos los retos que plantean estos casos y nos enfrentaremos a las empresas de transporte y a las aseguradoras en su nombre. Para programar una consulta inicial gratuita con nuestro equipo legal, llame al (210) 800-0000 o <a href=\"https:\/\/www.vblawgroup.com\/es\/contactenos\/\">p\u00f3ngase en contacto con nosotros en l\u00ednea<\/a> hoy mismo.<\/p>\n","protected":false},"excerpt":{"rendered":"<p>Laredo es un importante centro de tr\u00e1fico comercial, por el que circulan diariamente miles de camiones y veh\u00edculos de reparto. Su ubicaci\u00f3n junto a la frontera entre Estados Unidos y M\u00e9xico tambi\u00e9n la convierte en una de las rutas comerciales m\u00e1s transitadas del pa\u00eds. Si bien esto impulsa la econom\u00eda local, tambi\u00e9n aumenta el riesgo&#8230; <a href=\"https:\/\/www.vblawgroup.com\/es\/abogados-especializados-en-accidentes-de-vehiculos-comerciales-en-laredo\/\">read more<\/a><\/p>\n","protected":false},"author":10,"featured_media":0,"parent":0,"menu_order":0,"comment_status":"closed","ping_status":"closed","template":"","meta":{"_acf_changed":false,"footnotes":""},"class_list":["post-840","page","type-page","status-publish","hentry"],"acf":[],"_links":{"self":[{"href":"https:\/\/www.vblawgroup.com\/es\/wp-json\/wp\/v2\/pages\/840","targetHints":{"allow":["GET"]}}],"collection":[{"href":"https:\/\/www.vblawgroup.com\/es\/wp-json\/wp\/v2\/pages"}],"about":[{"href":"https:\/\/www.vblawgroup.com\/es\/wp-json\/wp\/v2\/types\/page"}],"author":[{"embeddable":true,"href":"https:\/\/www.vblawgroup.com\/es\/wp-json\/wp\/v2\/users\/10"}],"replies":[{"embeddable":true,"href":"https:\/\/www.vblawgroup.com\/es\/wp-json\/wp\/v2\/comments?post=840"}],"version-history":[{"count":0,"href":"https:\/\/www.vblawgroup.com\/es\/wp-json\/wp\/v2\/pages\/840\/revisions"}],"wp:attachment":[{"href":"https:\/\/www.vblawgroup.com\/es\/wp-json\/wp\/v2\/media?parent=840"}],"curies":[{"name":"wp","href":"https:\/\/api.w.org\/{rel}","templated":true}]}}