{"id":903,"date":"2025-07-07T18:34:54","date_gmt":"2025-07-07T18:34:54","guid":{"rendered":"https:\/\/www.vblawgroup.com\/es\/?page_id=903"},"modified":"2025-07-07T18:34:54","modified_gmt":"2025-07-07T18:34:54","slug":"abogado-especializado-en-accidentes-de-moto-en-cedar-park","status":"publish","type":"page","link":"https:\/\/www.vblawgroup.com\/es\/abogado-especializado-en-accidentes-de-moto-en-cedar-park\/","title":{"rendered":"Abogado especializado en accidentes de motocicleta en Cedar Park"},"content":{"rendered":"<p>Las motocicletas tienen fama de ser peligrosas, en gran parte debido a las estad\u00edsticas de accidentes, que se mantienen constantes a\u00f1o tras a\u00f1o. En 2018, <a href=\"https:\/\/ftp.txdot.gov\/pub\/txdot-info\/trf\/crash_statistics\/2018\/01.pdf\" target=\"_blank\" rel=\"noopener\">418 motociclistas<\/a> perdieron la vida en accidentes de tr\u00e1fico en Texas. Desgraciadamente, incluso cuando se siguen los protocolos de seguridad estatales, los motociclistas pueden sufrir accidentes que causan lesiones catastr\u00f3ficas. Los conductores negligentes suelen ser los responsables de estas colisiones.<\/p>\n<p>No todos los bufetes de abogados especializados en lesiones personales tienen la experiencia o los recursos necesarios para obtener acuerdos o veredictos justos para los motociclistas lesionados. Sin embargo, los abogados especializados en accidentes de motocicleta de Cedar Park de Texas Law Guns, Injury &amp; Accident Lawyers han ganado m\u00e1s de 500 millones de d\u00f3lares en nombre de sus clientes. Contamos con un historial probado de \u00e9xitos en reclamaciones por lesiones catastr\u00f3ficas en todo Texas. Ofrecemos una representaci\u00f3n legal compasiva. Llame al (844) 529-4867 hoy mismo para una consulta gratuita con nuestros abogados especializados en accidentes de motocicleta.<\/p>\n<div id=\"ez-toc-container\" class=\"ez-toc-v2_0_76 counter-hierarchy ez-toc-counter ez-toc-grey ez-toc-container-direction\">\n<div class=\"ez-toc-title-container\">\n<p class=\"ez-toc-title\" style=\"cursor:inherit\">Table of Contents<\/p>\n<span class=\"ez-toc-title-toggle\"><a href=\"#\" class=\"ez-toc-pull-right ez-toc-btn ez-toc-btn-xs ez-toc-btn-default ez-toc-toggle\" aria-label=\"Toggle Table of Content\"><span class=\"ez-toc-js-icon-con\"><span class=\"\"><span class=\"eztoc-hide\" style=\"display:none;\">Toggle<\/span><span class=\"ez-toc-icon-toggle-span\"><svg style=\"fill: #999;color:#999\" xmlns=\"http:\/\/www.w3.org\/2000\/svg\" class=\"list-377408\" width=\"20px\" height=\"20px\" viewBox=\"0 0 24 24\" fill=\"none\"><path d=\"M6 6H4v2h2V6zm14 0H8v2h12V6zM4 11h2v2H4v-2zm16 0H8v2h12v-2zM4 16h2v2H4v-2zm16 0H8v2h12v-2z\" fill=\"currentColor\"><\/path><\/svg><svg style=\"fill: #999;color:#999\" class=\"arrow-unsorted-368013\" xmlns=\"http:\/\/www.w3.org\/2000\/svg\" width=\"10px\" height=\"10px\" viewBox=\"0 0 24 24\" version=\"1.2\" baseProfile=\"tiny\"><path d=\"M18.2 9.3l-6.2-6.3-6.2 6.3c-.2.2-.3.4-.3.7s.1.5.3.7c.2.2.4.3.7.3h11c.3 0 .5-.1.7-.3.2-.2.3-.5.3-.7s-.1-.5-.3-.7zM5.8 14.7l6.2 6.3 6.2-6.3c.2-.2.3-.5.3-.7s-.1-.5-.3-.7c-.2-.2-.4-.3-.7-.3h-11c-.3 0-.5.1-.7.3-.2.2-.3.5-.3.7s.1.5.3.7z\"\/><\/svg><\/span><\/span><\/span><\/a><\/span><\/div>\n<nav><ul class='ez-toc-list ez-toc-list-level-1 ' ><li class='ez-toc-page-1 ez-toc-heading-level-2'><a class=\"ez-toc-link ez-toc-heading-1\" href=\"https:\/\/www.vblawgroup.com\/es\/abogado-especializado-en-accidentes-de-moto-en-cedar-park\/#%C2%BFPor_que_elegirnos\" >\u00bfPor qu\u00e9 elegirnos?<\/a><\/li><li class='ez-toc-page-1 ez-toc-heading-level-2'><a class=\"ez-toc-link ez-toc-heading-2\" href=\"https:\/\/www.vblawgroup.com\/es\/abogado-especializado-en-accidentes-de-moto-en-cedar-park\/#Como_elegir_a_su_abogado_especializado_en_accidentes_de_motocicleta\" >C\u00f3mo elegir a su abogado especializado en accidentes de motocicleta<\/a><\/li><li class='ez-toc-page-1 ez-toc-heading-level-2'><a class=\"ez-toc-link ez-toc-heading-3\" href=\"https:\/\/www.vblawgroup.com\/es\/abogado-especializado-en-accidentes-de-moto-en-cedar-park\/#Lesiones_comunes_en_accidentes_de_motocicleta\" >Lesiones comunes en accidentes de motocicleta<\/a><\/li><li class='ez-toc-page-1 ez-toc-heading-level-2'><a class=\"ez-toc-link ez-toc-heading-4\" href=\"https:\/\/www.vblawgroup.com\/es\/abogado-especializado-en-accidentes-de-moto-en-cedar-park\/#%C2%BFCual_es_la_indemnizacion_media_por_accidente_de_motocicleta\" >\u00bfCu\u00e1l es la indemnizaci\u00f3n media por accidente de motocicleta?<\/a><\/li><li class='ez-toc-page-1 ez-toc-heading-level-2'><a class=\"ez-toc-link ez-toc-heading-5\" href=\"https:\/\/www.vblawgroup.com\/es\/abogado-especializado-en-accidentes-de-moto-en-cedar-park\/#Pongase_en_contacto_con_nuestros_abogados_especializados_en_accidentes_de_motocicleta_en_Cedar_Park_hoy_mismo\" >P\u00f3ngase en contacto con nuestros abogados especializados en accidentes de motocicleta en Cedar Park hoy mismo<\/a><\/li><\/ul><\/nav><\/div>\n<h2><span class=\"ez-toc-section\" id=\"%C2%BFPor_que_elegirnos\"><\/span>\u00bfPor qu\u00e9 elegirnos?<span class=\"ez-toc-section-end\"><\/span><\/h2>\n<ul>\n<li>Estamos orientados a los resultados. Luchamos por nuestros clientes hasta el final, incluso si eso significa ir a juicio.<\/li>\n<li>Trabajamos en equipo. Usted tendr\u00e1 la ventaja de contar con m\u00faltiples ojos puestos en su caso.<\/li>\n<li>Nos preocupamos por cada caso y cada cliente. Nuestros abogados adaptan sus esfuerzos a cada caso.<\/li>\n<li>Somos \u00fanicos. Solo nos dedicamos al derecho de lesiones personales, lo que nos da una ventaja sobre otros bufetes de abogados.<\/li>\n<li>Trabajamos sin cobrar nada por adelantado. Nuestros abogados especializados en accidentes de motocicleta en Cedar Park trabajan a comisi\u00f3n.<\/li>\n<\/ul>\n<h2><span class=\"ez-toc-section\" id=\"Como_elegir_a_su_abogado_especializado_en_accidentes_de_motocicleta\"><\/span>C\u00f3mo elegir a su abogado especializado en accidentes de motocicleta<span class=\"ez-toc-section-end\"><\/span><\/h2>\n<p>Contratar a un abogado puede ser importante durante una reclamaci\u00f3n por accidente de motocicleta en Texas. Sin la ayuda de un abogado, es posible que acepte un acuerdo demasiado bajo para el alcance de sus da\u00f1os. Seleccionar al abogado adecuado es igualmente importante. Su abogado debe tener una trayectoria consolidada en derecho de lesiones personales, con resultados exitosos en casos similares. El abogado que seleccione tambi\u00e9n debe tener experiencia en la tramitaci\u00f3n de reclamaciones por accidentes de motocicleta. Busque un abogado que le haga sentir escuchado y que centre toda su atenci\u00f3n en su caso. Su abogado debe tener los conocimientos, la experiencia y los recursos necesarios para ganar su reclamaci\u00f3n.<\/p>\n<h2><span class=\"ez-toc-section\" id=\"Lesiones_comunes_en_accidentes_de_motocicleta\"><\/span>Lesiones comunes en accidentes de motocicleta<span class=\"ez-toc-section-end\"><\/span><\/h2>\n<p>Sufrir un accidente de motocicleta puede causar lesiones personales catastr\u00f3ficas. Desde miembros aplastados hasta par\u00e1lisis, el resultado de un accidente de motocicleta puede ser desastroso para el conductor y cualquier pasajero. En Texas Law Guns, Injury &amp; Accident Lawyers, trabajamos duro para obtener los resultados que creemos que nuestros clientes merecen por sus lesiones graves relacionadas con accidentes. Aceptamos clientes con muchos tipos de lesiones.<\/p>\n<ul>\n<li>Fracturas<\/li>\n<li>Lesiones en la cabeza<\/li>\n<li>Conmociones<\/li>\n<li>Lesiones cerebrales traum\u00e1ticas<\/li>\n<li>Abrasiones<\/li>\n<li>Lesiones musculares<\/li>\n<li>Lesiones en \u00f3rganos<\/li>\n<li>Lesiones en la espalda o la columna vertebral<\/li>\n<li>Lesiones en las extremidades<\/li>\n<li>Lesiones mortales<\/li>\n<\/ul>\n<p>Animamos a los motociclistas con cualquier tipo de lesi\u00f3n a ponerse en contacto con nuestro bufete de abogados para una consulta inicial gratuita. Nuestros <a href=\"https:\/\/www.vblawgroup.com\/es\/san-antonio-abogado-de-lesiones-personales\/\">abogados de lesiones de Cedar Park<\/a> tienen a\u00f1os de experiencia en la tramitaci\u00f3n de reclamaciones por accidentes de motocicleta. Podemos ayudarle a luchar por la m\u00e1xima indemnizaci\u00f3n en funci\u00f3n de la naturaleza y el alcance de sus lesiones.<\/p>\n<h2><span class=\"ez-toc-section\" id=\"%C2%BFCual_es_la_indemnizacion_media_por_accidente_de_motocicleta\"><\/span>\u00bfCu\u00e1l es la indemnizaci\u00f3n media por accidente de motocicleta?<span class=\"ez-toc-section-end\"><\/span><\/h2>\n<p>La mayor\u00eda de las reclamaciones por accidentes de motocicleta en Texas se resuelven con \u00e9xito en la fase del seguro, en lugar de llegar a juicio. No existe una indemnizaci\u00f3n media; sin embargo, los <a href=\"https:\/\/www.vblawgroup.com\/es\/resultados-de-casos\/\">resultados de los casos<\/a> por reclamaciones por lesiones son tan variados que no es posible calcular una media para un cliente individual. La mejor manera de averiguar el valor de su reclamaci\u00f3n por accidente de motocicleta es consultando a uno de nuestros abogados.<\/p>\n<p>Podemos evaluar su reclamaci\u00f3n bas\u00e1ndonos en la gravedad de sus lesiones, el tiempo que tardar\u00e1 en recuperarse, la cantidad de dinero que gana de media y muchos otros factores. Si creemos que la compa\u00f1\u00eda de seguros no le est\u00e1 ofreciendo una indemnizaci\u00f3n justa, podemos presentar una demanda por lesiones en su nombre.<\/p>\n<h2><span class=\"ez-toc-section\" id=\"Pongase_en_contacto_con_nuestros_abogados_especializados_en_accidentes_de_motocicleta_en_Cedar_Park_hoy_mismo\"><\/span>P\u00f3ngase en contacto con nuestros abogados especializados en accidentes de motocicleta en Cedar Park hoy mismo<span class=\"ez-toc-section-end\"><\/span><\/h2>\n<p>Una lesi\u00f3n causada por un accidente de motocicleta puede acompa\u00f1arle toda la vida. En Texas Law Guns, Injury &amp; Accident Lawyers, nos apasiona ayudar a las v\u00edctimas de accidentes con lesiones a seguir adelante con sus vidas a trav\u00e9s de una representaci\u00f3n legal agresiva. Luchamos por obtener los mejores resultados de los conductores culpables y otras partes, tanto dentro como fuera de los tribunales. <a href=\"https:\/\/www.vblawgroup.com\/es\/contactenos\/\">Cont\u00e1ctenos hoy mismo<\/a> para hablar sobre su accidente de motocicleta y sus opciones legales. Aceptamos clientes en Cedar Park y en todo Texas. Llame al (512) 800-0000 para programar una consulta gratuita.<\/p>\n","protected":false},"excerpt":{"rendered":"<p>Las motocicletas tienen fama de ser peligrosas, en gran parte debido a las estad\u00edsticas de accidentes, que se mantienen constantes a\u00f1o tras a\u00f1o. En 2018, 418 motociclistas perdieron la vida en accidentes de tr\u00e1fico en Texas. Desgraciadamente, incluso cuando se siguen los protocolos de seguridad estatales, los motociclistas pueden sufrir accidentes que causan lesiones catastr\u00f3ficas&#8230;. <a href=\"https:\/\/www.vblawgroup.com\/es\/abogado-especializado-en-accidentes-de-moto-en-cedar-park\/\">read more<\/a><\/p>\n","protected":false},"author":10,"featured_media":0,"parent":0,"menu_order":0,"comment_status":"closed","ping_status":"closed","template":"","meta":{"_acf_changed":false,"footnotes":""},"class_list":["post-903","page","type-page","status-publish","hentry"],"acf":[],"_links":{"self":[{"href":"https:\/\/www.vblawgroup.com\/es\/wp-json\/wp\/v2\/pages\/903","targetHints":{"allow":["GET"]}}],"collection":[{"href":"https:\/\/www.vblawgroup.com\/es\/wp-json\/wp\/v2\/pages"}],"about":[{"href":"https:\/\/www.vblawgroup.com\/es\/wp-json\/wp\/v2\/types\/page"}],"author":[{"embeddable":true,"href":"https:\/\/www.vblawgroup.com\/es\/wp-json\/wp\/v2\/users\/10"}],"replies":[{"embeddable":true,"href":"https:\/\/www.vblawgroup.com\/es\/wp-json\/wp\/v2\/comments?post=903"}],"version-history":[{"count":0,"href":"https:\/\/www.vblawgroup.com\/es\/wp-json\/wp\/v2\/pages\/903\/revisions"}],"wp:attachment":[{"href":"https:\/\/www.vblawgroup.com\/es\/wp-json\/wp\/v2\/media?parent=903"}],"curies":[{"name":"wp","href":"https:\/\/api.w.org\/{rel}","templated":true}]}}