{"id":904,"date":"2025-07-07T18:37:27","date_gmt":"2025-07-07T18:37:27","guid":{"rendered":"https:\/\/www.vblawgroup.com\/es\/?page_id=904"},"modified":"2025-07-07T18:37:27","modified_gmt":"2025-07-07T18:37:27","slug":"abogados-especializados-en-accidentes-de-trafico-en-cibolo","status":"publish","type":"page","link":"https:\/\/www.vblawgroup.com\/es\/abogados-especializados-en-accidentes-de-trafico-en-cibolo\/","title":{"rendered":"Abogados de accidentes automovil\u00edsticos en Cibolo"},"content":{"rendered":"<p>Cibolo, Texas, es una comunidad pr\u00f3spera conocida por sus pintorescos parques, sus barrios acogedores y su proximidad a San Antonio. Pero a medida que la ciudad crece, tambi\u00e9n lo hace el tr\u00e1fico, y con m\u00e1s veh\u00edculos en las carreteras, aumenta el riesgo de accidentes automovil\u00edsticos.<\/p>\n<p>Desde choques a alta velocidad hasta colisiones traseras graves, los accidentes automovil\u00edsticos en Cibolo pueden tener consecuencias que cambian la vida de todos los involucrados. Si usted o un ser querido ha resultado herido en un accidente automovil\u00edstico, necesita un <a href=\"https:\/\/www.vblawgroup.com\/attorneys\/\">abogado experto y dedicado en lesiones personales<\/a> que le ayude a obtener una compensaci\u00f3n justa. Ah\u00ed es donde Texas Law Guns, Injury &amp; Accident Lawyers puede marcar la diferencia en su caso.<\/p>\n<div id=\"ez-toc-container\" class=\"ez-toc-v2_0_76 counter-hierarchy ez-toc-counter ez-toc-grey ez-toc-container-direction\">\n<div class=\"ez-toc-title-container\">\n<p class=\"ez-toc-title\" style=\"cursor:inherit\">Table of Contents<\/p>\n<span class=\"ez-toc-title-toggle\"><a href=\"#\" class=\"ez-toc-pull-right ez-toc-btn ez-toc-btn-xs ez-toc-btn-default ez-toc-toggle\" aria-label=\"Toggle Table of Content\"><span class=\"ez-toc-js-icon-con\"><span class=\"\"><span class=\"eztoc-hide\" style=\"display:none;\">Toggle<\/span><span class=\"ez-toc-icon-toggle-span\"><svg style=\"fill: #999;color:#999\" xmlns=\"http:\/\/www.w3.org\/2000\/svg\" class=\"list-377408\" width=\"20px\" height=\"20px\" viewBox=\"0 0 24 24\" fill=\"none\"><path d=\"M6 6H4v2h2V6zm14 0H8v2h12V6zM4 11h2v2H4v-2zm16 0H8v2h12v-2zM4 16h2v2H4v-2zm16 0H8v2h12v-2z\" fill=\"currentColor\"><\/path><\/svg><svg style=\"fill: #999;color:#999\" class=\"arrow-unsorted-368013\" xmlns=\"http:\/\/www.w3.org\/2000\/svg\" width=\"10px\" height=\"10px\" viewBox=\"0 0 24 24\" version=\"1.2\" baseProfile=\"tiny\"><path d=\"M18.2 9.3l-6.2-6.3-6.2 6.3c-.2.2-.3.4-.3.7s.1.5.3.7c.2.2.4.3.7.3h11c.3 0 .5-.1.7-.3.2-.2.3-.5.3-.7s-.1-.5-.3-.7zM5.8 14.7l6.2 6.3 6.2-6.3c.2-.2.3-.5.3-.7s-.1-.5-.3-.7c-.2-.2-.4-.3-.7-.3h-11c-.3 0-.5.1-.7.3-.2.2-.3.5-.3.7s.1.5.3.7z\"\/><\/svg><\/span><\/span><\/span><\/a><\/span><\/div>\n<nav><ul class='ez-toc-list ez-toc-list-level-1 ' ><li class='ez-toc-page-1 ez-toc-heading-level-2'><a class=\"ez-toc-link ez-toc-heading-1\" href=\"https:\/\/www.vblawgroup.com\/es\/abogados-especializados-en-accidentes-de-trafico-en-cibolo\/#Por_que_debe_elegirnos_como_sus_abogados_de_accidentes_automovilisticos_en_Cibolo\" >Por qu\u00e9 debe elegirnos como sus abogados de accidentes automovil\u00edsticos en Cibolo<\/a><\/li><li class='ez-toc-page-1 ez-toc-heading-level-2'><a class=\"ez-toc-link ez-toc-heading-2\" href=\"https:\/\/www.vblawgroup.com\/es\/abogados-especializados-en-accidentes-de-trafico-en-cibolo\/#Causas_comunes_de_accidentes_automovilisticos_en_Cibolo\" >Causas comunes de accidentes automovil\u00edsticos en Cibolo<\/a><\/li><li class='ez-toc-page-1 ez-toc-heading-level-2'><a class=\"ez-toc-link ez-toc-heading-3\" href=\"https:\/\/www.vblawgroup.com\/es\/abogados-especializados-en-accidentes-de-trafico-en-cibolo\/#Tipos_de_indemnizacion_que_puede_reclamar_tras_un_accidente_de_trafico\" >Tipos de indemnizaci\u00f3n que puede reclamar tras un accidente de tr\u00e1fico<\/a><\/li><li class='ez-toc-page-1 ez-toc-heading-level-2'><a class=\"ez-toc-link ez-toc-heading-4\" href=\"https:\/\/www.vblawgroup.com\/es\/abogados-especializados-en-accidentes-de-trafico-en-cibolo\/#Factores_que_influyen_en_el_valor_de_su_reclamacion_por_accidente_de_trafico\" >Factores que influyen en el valor de su reclamaci\u00f3n por accidente de tr\u00e1fico<\/a><\/li><li class='ez-toc-page-1 ez-toc-heading-level-2'><a class=\"ez-toc-link ez-toc-heading-5\" href=\"https:\/\/www.vblawgroup.com\/es\/abogados-especializados-en-accidentes-de-trafico-en-cibolo\/#Que_hacer_despues_de_un_accidente_de_trafico_en_Cibolo\" >Qu\u00e9 hacer despu\u00e9s de un accidente de tr\u00e1fico en Cibolo<\/a><\/li><\/ul><\/nav><\/div>\n<h2><span class=\"ez-toc-section\" id=\"Por_que_debe_elegirnos_como_sus_abogados_de_accidentes_automovilisticos_en_Cibolo\"><\/span>Por qu\u00e9 debe elegirnos como sus abogados de accidentes automovil\u00edsticos en Cibolo<span class=\"ez-toc-section-end\"><\/span><\/h2>\n<p>Las compa\u00f1\u00edas de seguros rara vez (o nunca) ofrecen un acuerdo justo desde el principio, especialmente si hay mucho dinero en juego. Usted necesita un abogado especializado en accidentes automovil\u00edsticos con la experiencia y la tenacidad necesarias para defenderlo y exigir la compensaci\u00f3n econ\u00f3mica que su caso merece. He aqu\u00ed por qu\u00e9 nuestro bufete de abogados especializado en lesiones personales destaca en la tramitaci\u00f3n de reclamaciones por accidentes automovil\u00edsticos en Cibolo:<\/p>\n<ul>\n<li><b>D\u00e9cadas de experiencia combinada en casos de accidentes automovil\u00edsticos: <\/b>Hemos manejado innumerables demandas por accidentes automovil\u00edsticos en todo Texas y ayudamos regularmente a nuestros clientes a obtener el resultado que necesitan para recuperarse. Trabajando con especialistas en reconstrucci\u00f3n de accidentes si es necesario, nuestro equipo legal presentar\u00e1 argumentos convincentes para obtener la m\u00e1xima indemnizaci\u00f3n.<\/li>\n<li><b>Conocimiento local de Cibolo: <\/b>A medida que Cibolo crece, tambi\u00e9n lo hacen los puntos negros de accidentes en toda la ciudad. Ya sea una zona de mucho tr\u00e1fico como Cibolo Valley Drive o una intersecci\u00f3n con problemas frecuentes, conocemos las zonas locales donde suelen producirse accidentes de tr\u00e1fico. Este conocimiento local nos permite abordar cada caso con una estrategia espec\u00edfica, lo que puede marcar una gran diferencia.<\/li>\n<li><b>Comunicaci\u00f3n transparente y abierta:<\/b> Creemos que la comunicaci\u00f3n abierta es la clave para una relaci\u00f3n exitosa entre el abogado y el cliente. Nuestro equipo le mantiene informado explic\u00e1ndole sus opciones, respondiendo a sus preguntas y proporcion\u00e1ndole actualizaciones peri\u00f3dicas. Cuando trabaja con nosotros, nunca se queda sin informaci\u00f3n sobre su demanda.<\/li>\n<\/ul>\n<p>Las dificultades econ\u00f3micas no deben ser un obst\u00e1culo para la justicia. Trabajamos a comisi\u00f3n, lo que significa que no paga nada a menos que ganemos su caso. Este enfoque le permite presentar su reclamaci\u00f3n sin preocuparse por los costes iniciales de la representaci\u00f3n legal.<\/p>\n<h2><span class=\"ez-toc-section\" id=\"Causas_comunes_de_accidentes_automovilisticos_en_Cibolo\"><\/span>Causas comunes de accidentes automovil\u00edsticos en Cibolo<span class=\"ez-toc-section-end\"><\/span><\/h2>\n<p>Comprender las causas comunes de los accidentes automovil\u00edsticos puede ayudarle a reconocer la culpa y fortalecer su reclamaci\u00f3n al seguro. En Cibolo, algunas de las causas m\u00e1s frecuentes de colisiones incluyen:<\/p>\n<ul>\n<li><b>Conducci\u00f3n distra\u00edda: <\/b>Las distracciones como enviar mensajes de texto, comer o usar el GPS son las principales causas de accidentes automovil\u00edsticos. Un segundo de distracci\u00f3n puede provocar un accidente grave y los conductores que no se concentran en la carretera pueden ser considerados responsables de las lesiones devastadoras que causan.<\/li>\n<li><b>Exceso de velocidad: <\/b>Exceder el l\u00edmite de velocidad reduce el tiempo de reacci\u00f3n del conductor, lo que dificulta evitar los peligros. Los accidentes relacionados con el exceso de velocidad suelen provocar una amplia gama de lesiones graves, ya que la fuerza del impacto es mayor a altas velocidades.<\/li>\n<li><b>Conducir bajo los efectos del alcohol o las drogas:<\/b> Los conductores bajo los efectos del alcohol o las drogas ponen en peligro a todos los usuarios de la carretera. Conducir bajo los efectos del alcohol o las drogas afecta al tiempo de reacci\u00f3n, al juicio y a las habilidades motoras, lo que provoca situaciones peligrosas para todos los que se encuentran a su alrededor. Los accidentes relacionados con la conducci\u00f3n bajo los efectos del alcohol suelen tener consecuencias graves, como lesiones cerebrales traum\u00e1ticas o la muerte.<\/li>\n<li><b>Conducci\u00f3n temeraria: <\/b>La conducci\u00f3n temeraria incluye comportamientos como seguir de cerca a otros veh\u00edculos, zigzaguear entre carriles e ignorar las se\u00f1ales de tr\u00e1fico. Estas acciones agresivas son muy peligrosas y aumentan la probabilidad de sufrir una colisi\u00f3n frontal y lesiones permanentes.<\/li>\n<li><b>Mal estado de las carreteras: <\/b>La lluvia, la niebla y otras condiciones meteorol\u00f3gicas adversas pueden hacer que las carreteras est\u00e9n resbaladizas y reducir la visibilidad, creando situaciones peligrosas para la conducci\u00f3n. Aunque los conductores no pueden controlar el tiempo, s\u00ed pueden controlar su velocidad y su nivel de precauci\u00f3n cuando las condiciones son adversas.<\/li>\n<\/ul>\n<h2><span class=\"ez-toc-section\" id=\"Tipos_de_indemnizacion_que_puede_reclamar_tras_un_accidente_de_trafico\"><\/span>Tipos de indemnizaci\u00f3n que puede reclamar tras un accidente de tr\u00e1fico<span class=\"ez-toc-section-end\"><\/span><\/h2>\n<p>Cuando se lesiona por negligencia de un conductor, los gastos pueden acumularse r\u00e1pidamente. Los gastos m\u00e9dicos, los salarios perdidos y la reparaci\u00f3n del coche son solo algunos de los gastos a los que puede enfrentarse. Estos son los principales tipos de da\u00f1os y perjuicios que se pueden reclamar en una demanda por lesiones personales:<\/p>\n<ul>\n<li><b>Gastos m\u00e9dicos: <\/b>Las facturas m\u00e9dicas suelen ser el mayor gasto despu\u00e9s de un accidente. Esto incluye visitas a urgencias, estancias en el hospital, cirug\u00edas, fisioterapia y cualquier tratamiento m\u00e9dico futuro relacionado con sus lesiones. Tambi\u00e9n incluye cualquier gasto extra en el que haya incurrido mientras recib\u00eda tratamiento.<\/li>\n<li><b>Salarios perdidos:<\/b> Si ha tenido que faltar al trabajo debido a las lesiones sufridas en el accidente de tr\u00e1fico, puede solicitar una <a href=\"https:\/\/www.vblawgroup.com\/es\/calculo-de-los-salarios-perdidos-tras-un-accidente\/\">indemnizaci\u00f3n econ\u00f3mica por los salarios perdidos<\/a>. Esto puede cubrir el tiempo que ha perdido durante la recuperaci\u00f3n y, en algunos casos, la p\u00e9rdida de capacidad de ingresos futuros si no puede volver a trabajar al mismo nivel.<\/li>\n<li><b>Dolor y sufrimiento: <\/b>El dolor f\u00edsico y el sufrimiento emocional son efectos reales de los accidentes de tr\u00e1fico que merecen una indemnizaci\u00f3n. Aunque son dif\u00edciles de calcular, los da\u00f1os por dolor y sufrimiento tienen por objeto compensarle por las molestias f\u00edsicas, la angustia mental y el estr\u00e9s emocional que ha sufrido.<\/li>\n<li><b>Da\u00f1os materiales: <\/b>Los costes de reparaci\u00f3n o sustituci\u00f3n del coche pueden acumularse r\u00e1pidamente. La indemnizaci\u00f3n por da\u00f1os materiales cubre los costes de reparaci\u00f3n o sustituci\u00f3n de su veh\u00edculo y de cualquier objeto personal da\u00f1ado en el accidente.<\/li>\n<li><b>P\u00e9rdida de consorcio:<\/b> Si sus lesiones han afectado a su relaci\u00f3n con su c\u00f3nyuge o su familia, puede tener derecho a una indemnizaci\u00f3n por p\u00e9rdida de compa\u00f1\u00eda (consorcio). Este tipo de indemnizaci\u00f3n reconoce el impacto que sus lesiones han tenido en sus relaciones.<\/li>\n<\/ul>\n<p>Si la parte o partes responsables actuaron de manera especialmente imprudente, tambi\u00e9n puede reclamar da\u00f1os punitivos. Su abogado especializado en accidentes de tr\u00e1fico puede asesorarle sobre si esta opci\u00f3n es aplicable.<\/p>\n<h2><span class=\"ez-toc-section\" id=\"Factores_que_influyen_en_el_valor_de_su_reclamacion_por_accidente_de_trafico\"><\/span>Factores que influyen en el valor de su reclamaci\u00f3n por accidente de tr\u00e1fico<span class=\"ez-toc-section-end\"><\/span><\/h2>\n<p>Hay varios factores que pueden influir en la indemnizaci\u00f3n que puede recibir. Estos son los m\u00e1s importantes que debe tener en cuenta:<\/p>\n<ul>\n<li><b>Gravedad de las lesiones: <\/b>Cuanto m\u00e1s graves sean sus lesiones, mayor ser\u00e1 la indemnizaci\u00f3n potencial. Las lesiones catastr\u00f3ficas y los da\u00f1os psicol\u00f3gicos suelen requerir un tratamiento m\u00e9dico prolongado y pueden provocar una discapacidad a largo plazo, lo que aumenta el coste total de su reclamaci\u00f3n.<\/li>\n<li><b>Pruebas claras de la culpa: <\/b>Las pruebas s\u00f3lidas, como fotos, declaraciones de testigos e informes policiales, pueden tener un gran impacto en su caso. Cuanto m\u00e1s claras sean las pruebas de la culpa, m\u00e1s s\u00f3lida ser\u00e1 su reclamaci\u00f3n legal y m\u00e1s probabilidades tendr\u00e1 de recibir una indemnizaci\u00f3n justa.<\/li>\n<li><b>L\u00edmites de la p\u00f3liza de seguro:<\/b> En muchos casos, su indemnizaci\u00f3n est\u00e1 limitada por la p\u00f3liza de seguro del conductor culpable. Aunque siempre nos esforzaremos por conseguir la m\u00e1xima indemnizaci\u00f3n, su indemnizaci\u00f3n podr\u00eda verse limitada por los l\u00edmites del seguro de la parte responsable. En algunos casos, podemos buscar fuentes adicionales de indemnizaci\u00f3n si la cobertura del conductor negligente es insuficiente.<\/li>\n<li><b>Disponibilidad de testigos: <\/b>Los testigos que presenciaron el accidente pueden proporcionar un apoyo valioso. Sus declaraciones pueden ayudar a establecer la culpa y respaldar su versi\u00f3n del accidente, lo que reforzar\u00e1 su reclamaci\u00f3n.<\/li>\n<li><b>Repercusi\u00f3n en la vida cotidiana: <\/b>Si las lesiones devastadoras afectan a su vida cotidiana, a su trabajo o a su capacidad para participar en actividades que le gustan, esta repercusi\u00f3n puede tenerse en cuenta en su indemnizaci\u00f3n. La p\u00e9rdida del disfrute de la vida y la incapacidad para trabajar o participar en actividades habituales se toman muy en serio en las reclamaciones por lesiones personales.<\/li>\n<\/ul>\n<h2><span class=\"ez-toc-section\" id=\"Que_hacer_despues_de_un_accidente_de_trafico_en_Cibolo\"><\/span>Qu\u00e9 hacer despu\u00e9s de un accidente de tr\u00e1fico en Cibolo<span class=\"ez-toc-section-end\"><\/span><\/h2>\n<p>Si se ve involucrado en un accidente de tr\u00e1fico en Cibolo, tomar las medidas adecuadas despu\u00e9s del accidente puede marcar una gran diferencia en la resoluci\u00f3n de su reclamaci\u00f3n por lesiones personales. Esto es lo que debe hacer inmediatamente despu\u00e9s del accidente:<\/p>\n<ul>\n<li><b>Busque atenci\u00f3n m\u00e9dica:<\/b> Aunque se sienta bien, algunas lesiones, como las conmociones cerebrales y ciertas lesiones internas, no muestran s\u00edntomas de inmediato. <a href=\"https:\/\/www.vblawgroup.com\/blog\/car-accident\/urgent-care-emergency-room-after-accident\/\">Someterse a un examen m\u00e9dico lo antes posible<\/a> puede ayudar a identificar cualquier lesi\u00f3n de forma temprana y proporcionar documentaci\u00f3n para su reclamaci\u00f3n.<\/li>\n<li><b>Documente la escena: <\/b>Si puede, tome fotos de la escena del accidente, incluyendo los da\u00f1os a los veh\u00edculos, las condiciones de la carretera y las lesiones visibles. Esta documentaci\u00f3n puede ser fundamental para demostrar la culpa.<\/li>\n<li><b>Obtenga la informaci\u00f3n de contacto: <\/b>Recopile la informaci\u00f3n de contacto del otro conductor, as\u00ed como de cualquier testigo que haya visto el accidente. Los testigos pueden proporcionar declaraciones valiosas para respaldar su reclamaci\u00f3n.<\/li>\n<\/ul>\n","protected":false},"excerpt":{"rendered":"<p>Cibolo, Texas, es una comunidad pr\u00f3spera conocida por sus pintorescos parques, sus barrios acogedores y su proximidad a San Antonio. Pero a medida que la ciudad crece, tambi\u00e9n lo hace el tr\u00e1fico, y con m\u00e1s veh\u00edculos en las carreteras, aumenta el riesgo de accidentes automovil\u00edsticos. Desde choques a alta velocidad hasta colisiones traseras graves, los&#8230; <a href=\"https:\/\/www.vblawgroup.com\/es\/abogados-especializados-en-accidentes-de-trafico-en-cibolo\/\">read more<\/a><\/p>\n","protected":false},"author":10,"featured_media":0,"parent":0,"menu_order":0,"comment_status":"closed","ping_status":"closed","template":"","meta":{"_acf_changed":false,"footnotes":""},"class_list":["post-904","page","type-page","status-publish","hentry"],"acf":[],"_links":{"self":[{"href":"https:\/\/www.vblawgroup.com\/es\/wp-json\/wp\/v2\/pages\/904","targetHints":{"allow":["GET"]}}],"collection":[{"href":"https:\/\/www.vblawgroup.com\/es\/wp-json\/wp\/v2\/pages"}],"about":[{"href":"https:\/\/www.vblawgroup.com\/es\/wp-json\/wp\/v2\/types\/page"}],"author":[{"embeddable":true,"href":"https:\/\/www.vblawgroup.com\/es\/wp-json\/wp\/v2\/users\/10"}],"replies":[{"embeddable":true,"href":"https:\/\/www.vblawgroup.com\/es\/wp-json\/wp\/v2\/comments?post=904"}],"version-history":[{"count":0,"href":"https:\/\/www.vblawgroup.com\/es\/wp-json\/wp\/v2\/pages\/904\/revisions"}],"wp:attachment":[{"href":"https:\/\/www.vblawgroup.com\/es\/wp-json\/wp\/v2\/media?parent=904"}],"curies":[{"name":"wp","href":"https:\/\/api.w.org\/{rel}","templated":true}]}}