{"id":907,"date":"2025-07-07T18:46:46","date_gmt":"2025-07-07T18:46:46","guid":{"rendered":"https:\/\/www.vblawgroup.com\/es\/?page_id=907"},"modified":"2025-07-07T18:46:46","modified_gmt":"2025-07-07T18:46:46","slug":"abogado-de-accidentes-de-trafico-en-new-braunfels","status":"publish","type":"page","link":"https:\/\/www.vblawgroup.com\/es\/abogado-de-accidentes-de-trafico-en-new-braunfels\/","title":{"rendered":"Abogado especializado en accidentes automovil\u00edsticos en New Braunfels"},"content":{"rendered":"<p>Los accidentes automovil\u00edsticos son una de las principales causas de lesiones personales y muertes por negligencia en Texas cada a\u00f1o. Texas es constantemente uno de los estados con mayor \u00edndice de accidentes automovil\u00edsticos. El exceso de velocidad, la conducci\u00f3n bajo los efectos del alcohol y la conducci\u00f3n distra\u00edda son algunas de las principales causas de los accidentes automovil\u00edsticos en Texas. Los conductores pueden tener que pagar por su negligencia en forma de indemnizaciones del seguro o sentencias judiciales a favor de las v\u00edctimas en estos casos.<\/p>\n<p>En Texas Law Guns, Injury &amp; Accident Lawyers, nuestros abogados especializados en accidentes automovil\u00edsticos en New Braunfels trabajan arduamente para lograr justicia y compensaci\u00f3n financiera para las v\u00edctimas de accidentes. Evaluamos los casos de forma gratuita, determinamos la culpa, identificamos a los demandados y nos encargamos del proceso de reclamaci\u00f3n en nombre de los clientes lesionados. Si recientemente ha sufrido un accidente automovil\u00edstico en New Braunfels, <a href=\"https:\/\/www.vblawgroup.com\/es\/contactenos\/\">p\u00f3ngase en contacto con nosotros<\/a> para discutir sus derechos. La ley puede darle derecho a una indemnizaci\u00f3n.<\/p>\n<div id=\"ez-toc-container\" class=\"ez-toc-v2_0_76 counter-hierarchy ez-toc-counter ez-toc-grey ez-toc-container-direction\">\n<div class=\"ez-toc-title-container\">\n<p class=\"ez-toc-title\" style=\"cursor:inherit\">Table of Contents<\/p>\n<span class=\"ez-toc-title-toggle\"><a href=\"#\" class=\"ez-toc-pull-right ez-toc-btn ez-toc-btn-xs ez-toc-btn-default ez-toc-toggle\" aria-label=\"Toggle Table of Content\"><span class=\"ez-toc-js-icon-con\"><span class=\"\"><span class=\"eztoc-hide\" style=\"display:none;\">Toggle<\/span><span class=\"ez-toc-icon-toggle-span\"><svg style=\"fill: #999;color:#999\" xmlns=\"http:\/\/www.w3.org\/2000\/svg\" class=\"list-377408\" width=\"20px\" height=\"20px\" viewBox=\"0 0 24 24\" fill=\"none\"><path d=\"M6 6H4v2h2V6zm14 0H8v2h12V6zM4 11h2v2H4v-2zm16 0H8v2h12v-2zM4 16h2v2H4v-2zm16 0H8v2h12v-2z\" fill=\"currentColor\"><\/path><\/svg><svg style=\"fill: #999;color:#999\" class=\"arrow-unsorted-368013\" xmlns=\"http:\/\/www.w3.org\/2000\/svg\" width=\"10px\" height=\"10px\" viewBox=\"0 0 24 24\" version=\"1.2\" baseProfile=\"tiny\"><path d=\"M18.2 9.3l-6.2-6.3-6.2 6.3c-.2.2-.3.4-.3.7s.1.5.3.7c.2.2.4.3.7.3h11c.3 0 .5-.1.7-.3.2-.2.3-.5.3-.7s-.1-.5-.3-.7zM5.8 14.7l6.2 6.3 6.2-6.3c.2-.2.3-.5.3-.7s-.1-.5-.3-.7c-.2-.2-.4-.3-.7-.3h-11c-.3 0-.5.1-.7.3-.2.2-.3.5-.3.7s.1.5.3.7z\"\/><\/svg><\/span><\/span><\/span><\/a><\/span><\/div>\n<nav><ul class='ez-toc-list ez-toc-list-level-1 ' ><li class='ez-toc-page-1 ez-toc-heading-level-2'><a class=\"ez-toc-link ez-toc-heading-1\" href=\"https:\/\/www.vblawgroup.com\/es\/abogado-de-accidentes-de-trafico-en-new-braunfels\/#Por_que_los_clientes_eligen_Texas_Law_Guns_Injury_Accident_Lawyers\" >Por qu\u00e9 los clientes eligen Texas Law Guns, Injury &amp; Accident Lawyers<\/a><\/li><li class='ez-toc-page-1 ez-toc-heading-level-2'><a class=\"ez-toc-link ez-toc-heading-2\" href=\"https:\/\/www.vblawgroup.com\/es\/abogado-de-accidentes-de-trafico-en-new-braunfels\/#%C2%BFComo_funcionan_las_reclamaciones_por_accidentes_de_trafico_en_Texas\" >\u00bfC\u00f3mo funcionan las reclamaciones por accidentes de tr\u00e1fico en Texas?<\/a><\/li><li class='ez-toc-page-1 ez-toc-heading-level-2'><a class=\"ez-toc-link ez-toc-heading-3\" href=\"https:\/\/www.vblawgroup.com\/es\/abogado-de-accidentes-de-trafico-en-new-braunfels\/#Tipos_de_casos_de_accidentes_que_aceptamos_en_New_Braunfels\" >Tipos de casos de accidentes que aceptamos en New Braunfels<\/a><\/li><li class='ez-toc-page-1 ez-toc-heading-level-2'><a class=\"ez-toc-link ez-toc-heading-4\" href=\"https:\/\/www.vblawgroup.com\/es\/abogado-de-accidentes-de-trafico-en-new-braunfels\/#Pongase_en_contacto_con_un_abogado_especializado_en_accidentes_automovilisticos_en_New_Braunfels_hoy_mismo\" >P\u00f3ngase en contacto con un abogado especializado en accidentes automovil\u00edsticos en New Braunfels hoy mismo<\/a><\/li><\/ul><\/nav><\/div>\n<h2><span class=\"ez-toc-section\" id=\"Por_que_los_clientes_eligen_Texas_Law_Guns_Injury_Accident_Lawyers\"><\/span>Por qu\u00e9 los clientes eligen Texas Law Guns, Injury &amp; Accident Lawyers<span class=\"ez-toc-section-end\"><\/span><\/h2>\n<ul>\n<li>Nuestro bufete de abogados se centra exclusivamente en el derecho de lesiones personales, lo que nos da una ventaja sobre nuestros competidores.<\/li>\n<li>Nuestros abogados tienen la experiencia y la capacidad para llevar las reclamaciones a juicio cuando es necesario.<\/li>\n<li>Nuestros abogados han conseguido muchos <a href=\"https:\/\/www.vblawgroup.com\/es\/resultados-de-casos\/\">veredictos y acuerdos<\/a> millonarios para nuestros clientes en el pasado.<\/li>\n<li>Nuestros abogados tienen una reputaci\u00f3n en Texas por su dedicaci\u00f3n y compromiso con los clientes.<\/li>\n<li>Nuestros abogados especializados en accidentes de tr\u00e1fico en New Braunfels aceptan casos a cambio de una tarifa contingente.<\/li>\n<\/ul>\n<h2><span class=\"ez-toc-section\" id=\"%C2%BFComo_funcionan_las_reclamaciones_por_accidentes_de_trafico_en_Texas\"><\/span>\u00bfC\u00f3mo funcionan las reclamaciones por accidentes de tr\u00e1fico en Texas?<span class=\"ez-toc-section-end\"><\/span><\/h2>\n<p>Para obtener una indemnizaci\u00f3n por un accidente de tr\u00e1fico en Texas, es necesario navegar por el sistema de seguros basado en la responsabilidad civil del estado. Seg\u00fan <a href=\"https:\/\/www.tdi.texas.gov\/pubs\/consumer\/cb020.html\" target=\"_blank\" rel=\"noopener\">las leyes de culpa de Texas<\/a>, la persona o parte culpable de su accidente ser\u00e1 responsable de sus da\u00f1os. Sin embargo, ser\u00e1 su responsabilidad demostrar la culpa. Esto contrasta con las leyes de <a href=\"https:\/\/www.carinsurance.com\/no-fault-states.aspx\" target=\"_blank\" rel=\"noopener\">los estados sin culpa<\/a>, que no exigen a los demandantes que demuestren la culpa. En un estado sin culpa, la aseguradora de cada v\u00edctima pagar\u00e1 los da\u00f1os en lugar de tener que presentar una reclamaci\u00f3n contra la parte culpable.<\/p>\n<p>Demostrar la culpa en un accidente de tr\u00e1fico puede requerir la recopilaci\u00f3n y presentaci\u00f3n de pruebas a la compa\u00f1\u00eda de seguros. Las pruebas pueden incluir registros de tel\u00e9fonos m\u00f3viles, informes policiales, documentos m\u00e9dicos, fotograf\u00edas y v\u00eddeos, declaraciones de testigos oculares y reconstrucciones del accidente. Un abogado especializado en accidentes de tr\u00e1fico en New Braunfels puede ayudarle a reunir pruebas y establecer los fundamentos de su reclamaci\u00f3n. A continuaci\u00f3n, su abogado puede encargarse de las negociaciones con la aseguradora en su nombre.<\/p>\n<h2><span class=\"ez-toc-section\" id=\"Tipos_de_casos_de_accidentes_que_aceptamos_en_New_Braunfels\"><\/span>Tipos de casos de accidentes que aceptamos en New Braunfels<span class=\"ez-toc-section-end\"><\/span><\/h2>\n<p>En Texas Law Guns, Injury &amp; Accident Lawyers, llevamos a\u00f1os ayudando a v\u00edctimas de accidentes de tr\u00e1fico. Somos conscientes de que la mayor\u00eda de las colisiones de veh\u00edculos se pueden evitar. La misi\u00f3n de nuestro bufete de abogados no es solo ayudar a clientes individuales, sino tambi\u00e9n impulsar mejoras en la seguridad a nivel municipal. Luchamos por cambios como nuevas leyes y mejoras en las carreteras a trav\u00e9s de nuestros servicios legales para ayudar a prevenir accidentes en el futuro.<\/p>\n<ul>\n<li>Accidentes de autom\u00f3vil<\/li>\n<li>Accidentes de camiones<\/li>\n<li>Accidentes de autobuses escolares<\/li>\n<li>Accidentes de transporte p\u00fablico<\/li>\n<li>Accidentes de veh\u00edculos compartidos<\/li>\n<li>Accidentes de motocicleta<\/li>\n<li>Accidentes de bicicleta<\/li>\n<li>Accidentes de peatones<\/li>\n<li>Atropellos con fuga<\/li>\n<li>Colisiones por alcance<\/li>\n<li>Accidentes por conducir bajo los efectos del alcohol<\/li>\n<li>Lesiones cerebrales<\/li>\n<li>Lesiones de la m\u00e9dula espinal<\/li>\n<\/ul>\n<p>Estos son muchos de los casos de accidentes automovil\u00edsticos que aceptamos. No es una lista completa; llame a nuestro bufete de abogados para una consulta si no ve aqu\u00ed el tipo de reclamaci\u00f3n que necesita. Como sus abogados, podemos ayudarle a comprender exactamente qu\u00e9 hacer despu\u00e9s de un accidente, incluyendo buscar atenci\u00f3n m\u00e9dica y ponerse en contacto con una compa\u00f1\u00eda de seguros. Si el otro conductor no est\u00e1 dispuesto a asumir la responsabilidad de su accidente, podemos ayudarle a que rinda cuentas.<\/p>\n<h2><span class=\"ez-toc-section\" id=\"Pongase_en_contacto_con_un_abogado_especializado_en_accidentes_automovilisticos_en_New_Braunfels_hoy_mismo\"><\/span>P\u00f3ngase en contacto con un abogado especializado en accidentes automovil\u00edsticos en New Braunfels hoy mismo<span class=\"ez-toc-section-end\"><\/span><\/h2>\n<p>Una reclamaci\u00f3n s\u00f3lida por lesiones en un accidente de tr\u00e1fico no se consigue por s\u00ed sola. Necesita un abogado con experiencia que le ayude a preparar el caso. En Texas Law Guns, Injury &amp; Accident Lawyers, nuestros <a href=\"https:\/\/www.vblawgroup.com\/es\/san-antonio-abogado-de-lesiones-personales\/\">abogados especializados en lesiones de New Braunfels<\/a> est\u00e1n disponibles las 24 horas del d\u00eda, los 7 d\u00edas de la semana, para atender llamadas y discutir nuevos casos. Llevamos a\u00f1os ayudando a nuestros clientes a recuperarse. Si usted o un ser querido ha resultado herido en un accidente de tr\u00e1fico reciente, p\u00f3ngase en contacto con nosotros para programar una consulta gratuita. Es posible que alguien le deba una indemnizaci\u00f3n.<\/p>\n","protected":false},"excerpt":{"rendered":"<p>Los accidentes automovil\u00edsticos son una de las principales causas de lesiones personales y muertes por negligencia en Texas cada a\u00f1o. Texas es constantemente uno de los estados con mayor \u00edndice de accidentes automovil\u00edsticos. El exceso de velocidad, la conducci\u00f3n bajo los efectos del alcohol y la conducci\u00f3n distra\u00edda son algunas de las principales causas de&#8230; <a href=\"https:\/\/www.vblawgroup.com\/es\/abogado-de-accidentes-de-trafico-en-new-braunfels\/\">read more<\/a><\/p>\n","protected":false},"author":10,"featured_media":0,"parent":0,"menu_order":0,"comment_status":"closed","ping_status":"closed","template":"","meta":{"_acf_changed":false,"footnotes":""},"class_list":["post-907","page","type-page","status-publish","hentry"],"acf":[],"_links":{"self":[{"href":"https:\/\/www.vblawgroup.com\/es\/wp-json\/wp\/v2\/pages\/907","targetHints":{"allow":["GET"]}}],"collection":[{"href":"https:\/\/www.vblawgroup.com\/es\/wp-json\/wp\/v2\/pages"}],"about":[{"href":"https:\/\/www.vblawgroup.com\/es\/wp-json\/wp\/v2\/types\/page"}],"author":[{"embeddable":true,"href":"https:\/\/www.vblawgroup.com\/es\/wp-json\/wp\/v2\/users\/10"}],"replies":[{"embeddable":true,"href":"https:\/\/www.vblawgroup.com\/es\/wp-json\/wp\/v2\/comments?post=907"}],"version-history":[{"count":0,"href":"https:\/\/www.vblawgroup.com\/es\/wp-json\/wp\/v2\/pages\/907\/revisions"}],"wp:attachment":[{"href":"https:\/\/www.vblawgroup.com\/es\/wp-json\/wp\/v2\/media?parent=907"}],"curies":[{"name":"wp","href":"https:\/\/api.w.org\/{rel}","templated":true}]}}