{"id":909,"date":"2025-07-07T18:54:08","date_gmt":"2025-07-07T18:54:08","guid":{"rendered":"https:\/\/www.vblawgroup.com\/es\/?page_id=909"},"modified":"2025-07-07T18:54:08","modified_gmt":"2025-07-07T18:54:08","slug":"acuerdos-por-accidentes-de-trafico-en-san-antonio","status":"publish","type":"page","link":"https:\/\/www.vblawgroup.com\/es\/acuerdos-por-accidentes-de-trafico-en-san-antonio\/","title":{"rendered":"Indemnizaciones medias por accidentes de tr\u00e1fico en San Antonio"},"content":{"rendered":"<p>Los accidentes automovil\u00edsticos pueden causar lesiones graves. Dependiendo de su naturaleza y gravedad, usted podr\u00eda sufrir complicaciones m\u00e9dicas a largo plazo y discapacidad, lo que le obligar\u00eda a ausentarse del trabajo y afectar\u00eda su relaci\u00f3n con su familia.<\/p>\n<p>Seg\u00fan el <a href=\"https:\/\/ftp.txdot.gov\/pub\/txdot-info\/trf\/crash_statistics\/2021\/01.pdf\" target=\"_blank\" rel=\"noopener\">Departamento de Transporte de Texas<\/a>, aproximadamente cada 57 segundos se produce un accidente con v\u00edctimas en el estado, mientras que cada dos minutos y 12 segundos una persona resulta herida. Aunque algunas lesiones son relativamente leves, otras son catastr\u00f3ficas y pueden dejar a las v\u00edctimas con elevadas facturas m\u00e9dicas, meses de costosos tratamientos y sin medios para ganarse la vida. Si esto le ocurre a usted o a un ser querido, los abogados especializados en accidentes de tr\u00e1fico de San Antonio de Texas Law Guns, Injury &amp; Accident Lawyers pueden ayudarle a obtener la indemnizaci\u00f3n por accidente de tr\u00e1fico que necesita para su recuperaci\u00f3n.<\/p>\n<div id=\"ez-toc-container\" class=\"ez-toc-v2_0_76 counter-hierarchy ez-toc-counter ez-toc-grey ez-toc-container-direction\">\n<div class=\"ez-toc-title-container\">\n<p class=\"ez-toc-title\" style=\"cursor:inherit\">Table of Contents<\/p>\n<span class=\"ez-toc-title-toggle\"><a href=\"#\" class=\"ez-toc-pull-right ez-toc-btn ez-toc-btn-xs ez-toc-btn-default ez-toc-toggle\" aria-label=\"Toggle Table of Content\"><span class=\"ez-toc-js-icon-con\"><span class=\"\"><span class=\"eztoc-hide\" style=\"display:none;\">Toggle<\/span><span class=\"ez-toc-icon-toggle-span\"><svg style=\"fill: #999;color:#999\" xmlns=\"http:\/\/www.w3.org\/2000\/svg\" class=\"list-377408\" width=\"20px\" height=\"20px\" viewBox=\"0 0 24 24\" fill=\"none\"><path d=\"M6 6H4v2h2V6zm14 0H8v2h12V6zM4 11h2v2H4v-2zm16 0H8v2h12v-2zM4 16h2v2H4v-2zm16 0H8v2h12v-2z\" fill=\"currentColor\"><\/path><\/svg><svg style=\"fill: #999;color:#999\" class=\"arrow-unsorted-368013\" xmlns=\"http:\/\/www.w3.org\/2000\/svg\" width=\"10px\" height=\"10px\" viewBox=\"0 0 24 24\" version=\"1.2\" baseProfile=\"tiny\"><path d=\"M18.2 9.3l-6.2-6.3-6.2 6.3c-.2.2-.3.4-.3.7s.1.5.3.7c.2.2.4.3.7.3h11c.3 0 .5-.1.7-.3.2-.2.3-.5.3-.7s-.1-.5-.3-.7zM5.8 14.7l6.2 6.3 6.2-6.3c.2-.2.3-.5.3-.7s-.1-.5-.3-.7c-.2-.2-.4-.3-.7-.3h-11c-.3 0-.5.1-.7.3-.2.2-.3.5-.3.7s.1.5.3.7z\"\/><\/svg><\/span><\/span><\/span><\/a><\/span><\/div>\n<nav><ul class='ez-toc-list ez-toc-list-level-1 ' ><li class='ez-toc-page-1 ez-toc-heading-level-2'><a class=\"ez-toc-link ez-toc-heading-1\" href=\"https:\/\/www.vblawgroup.com\/es\/acuerdos-por-accidentes-de-trafico-en-san-antonio\/#%C2%BFCual_es_la_indemnizacion_media_por_accidente_de_trafico\" >\u00bfCu\u00e1l es la indemnizaci\u00f3n media por accidente de tr\u00e1fico?<\/a><\/li><li class='ez-toc-page-1 ez-toc-heading-level-2'><a class=\"ez-toc-link ez-toc-heading-2\" href=\"https:\/\/www.vblawgroup.com\/es\/acuerdos-por-accidentes-de-trafico-en-san-antonio\/#%C2%BFCuanto_tiempo_se_tarda_en_llegar_a_un_acuerdo_por_un_accidente_de_trafico_en_San_Antonio\" >\u00bfCu\u00e1nto tiempo se tarda en llegar a un acuerdo por un accidente de tr\u00e1fico en San Antonio?<\/a><\/li><li class='ez-toc-page-1 ez-toc-heading-level-2'><a class=\"ez-toc-link ez-toc-heading-3\" href=\"https:\/\/www.vblawgroup.com\/es\/acuerdos-por-accidentes-de-trafico-en-san-antonio\/#%C2%BFQue_determina_el_valor_de_los_acuerdos_por_accidentes_de_trafico_en_San_Antonio\" >\u00bfQu\u00e9 determina el valor de los acuerdos por accidentes de tr\u00e1fico en San Antonio?<\/a><\/li><li class='ez-toc-page-1 ez-toc-heading-level-2'><a class=\"ez-toc-link ez-toc-heading-4\" href=\"https:\/\/www.vblawgroup.com\/es\/acuerdos-por-accidentes-de-trafico-en-san-antonio\/#%C2%BFComo_se_calculan_las_indemnizaciones_por_accidentes_de_trafico_en_San_Antonio\" >\u00bfC\u00f3mo se calculan las indemnizaciones por accidentes de tr\u00e1fico en San Antonio?<\/a><\/li><li class='ez-toc-page-1 ez-toc-heading-level-2'><a class=\"ez-toc-link ez-toc-heading-5\" href=\"https:\/\/www.vblawgroup.com\/es\/acuerdos-por-accidentes-de-trafico-en-san-antonio\/#%C2%BFPor_que_contratar_a_Texas_Law_Guns_Injury_Accident_Lawyers_para_la_resolucion_de_su_accidente_automovilistico_en_San_Antonio\" >\u00bfPor qu\u00e9 contratar a Texas Law Guns, Injury &amp; Accident Lawyers para la resoluci\u00f3n de su accidente automovil\u00edstico en San Antonio?<\/a><\/li><li class='ez-toc-page-1 ez-toc-heading-level-2'><a class=\"ez-toc-link ez-toc-heading-6\" href=\"https:\/\/www.vblawgroup.com\/es\/acuerdos-por-accidentes-de-trafico-en-san-antonio\/#%C2%BFQue_danos_se_pueden_reclamar_en_los_acuerdos_por_accidentes_de_trafico_en_San_Antonio\" >\u00bfQu\u00e9 da\u00f1os se pueden reclamar en los acuerdos por accidentes de tr\u00e1fico en San Antonio?<\/a><ul class='ez-toc-list-level-3' ><li class='ez-toc-heading-level-3'><a class=\"ez-toc-link ez-toc-heading-7\" href=\"https:\/\/www.vblawgroup.com\/es\/acuerdos-por-accidentes-de-trafico-en-san-antonio\/#Danos_economicos\" >Da\u00f1os econ\u00f3micos<\/a><\/li><li class='ez-toc-page-1 ez-toc-heading-level-3'><a class=\"ez-toc-link ez-toc-heading-8\" href=\"https:\/\/www.vblawgroup.com\/es\/acuerdos-por-accidentes-de-trafico-en-san-antonio\/#Danos_no_economicos\" >Da\u00f1os no econ\u00f3micos<\/a><\/li><li class='ez-toc-page-1 ez-toc-heading-level-3'><a class=\"ez-toc-link ez-toc-heading-9\" href=\"https:\/\/www.vblawgroup.com\/es\/acuerdos-por-accidentes-de-trafico-en-san-antonio\/#Danos_punitivos\" >Da\u00f1os punitivos<\/a><\/li><li class='ez-toc-page-1 ez-toc-heading-level-3'><a class=\"ez-toc-link ez-toc-heading-10\" href=\"https:\/\/www.vblawgroup.com\/es\/acuerdos-por-accidentes-de-trafico-en-san-antonio\/#%C2%BFQue_pasa_si_tengo_parte_de_la_culpa_del_accidente\" >\u00bfQu\u00e9 pasa si tengo parte de la culpa del accidente?<\/a><\/li><li class='ez-toc-page-1 ez-toc-heading-level-3'><a class=\"ez-toc-link ez-toc-heading-11\" href=\"https:\/\/www.vblawgroup.com\/es\/acuerdos-por-accidentes-de-trafico-en-san-antonio\/#%C2%BFNecesito_un_abogado_especializado_en_accidentes_de_trafico\" >\u00bfNecesito un abogado especializado en accidentes de tr\u00e1fico?<\/a><\/li><\/ul><\/li><li class='ez-toc-page-1 ez-toc-heading-level-2'><a class=\"ez-toc-link ez-toc-heading-12\" href=\"https:\/\/www.vblawgroup.com\/es\/acuerdos-por-accidentes-de-trafico-en-san-antonio\/#Consiga_una_consulta_gratuita_con_un_abogado_especializado_en_accidentes_de_trafico_en_San_Antonio\" >Consiga una consulta gratuita con un abogado especializado en accidentes de tr\u00e1fico en San Antonio<\/a><ul class='ez-toc-list-level-3' ><li class='ez-toc-heading-level-3'><a class=\"ez-toc-link ez-toc-heading-13\" href=\"https:\/\/www.vblawgroup.com\/es\/acuerdos-por-accidentes-de-trafico-en-san-antonio\/#Testimonio_de_un_cliente_55_%E2%98%85_%E2%98%85_%E2%98%85_%E2%98%85_%E2%98%85\" >Testimonio de un cliente: 5\/5 \u2605 \u2605 \u2605 \u2605 \u2605<\/a><\/li><\/ul><\/li><\/ul><\/nav><\/div>\n<h2><span class=\"ez-toc-section\" id=\"%C2%BFCual_es_la_indemnizacion_media_por_accidente_de_trafico\"><\/span>\u00bfCu\u00e1l es la indemnizaci\u00f3n media por accidente de tr\u00e1fico?<span class=\"ez-toc-section-end\"><\/span><\/h2>\n<p>La cantidad de dinero que puede recuperar despu\u00e9s de un accidente de tr\u00e1fico depende de la gravedad de sus lesiones, sus gastos m\u00e9dicos, el tiempo que pierda en el trabajo, la cuant\u00eda de los da\u00f1os del coche y criterios similares. Cada caso es \u00fanico, por lo que no existe una indemnizaci\u00f3n \u00abmedia\u00bb en Texas: para predecir el valor de una reclamaci\u00f3n es necesario analizar cuidadosamente cada elemento que afecta al resultado.<\/p>\n<p>Dependiendo de las circunstancias del accidente, las indemnizaciones pueden oscilar entre unos pocos miles y m\u00e1s de un mill\u00f3n. Existen muchas f\u00f3rmulas en l\u00ednea que afirman calcular el valor de los acuerdos. Sin embargo, rara vez son precisas, ya que no tienen en cuenta los gastos incurridos hasta que se alcanza la mejor\u00eda m\u00e9dica m\u00e1xima.<\/p>\n<p>Es m\u00e1s f\u00e1cil comprender mejor el valor potencial de su reclamaci\u00f3n si consulta con un abogado con experiencia en lesiones personales. Gracias a sus conocimientos y experiencia, podr\u00e1 evaluar los hechos espec\u00edficos de su caso y determinar las mejores estrategias legales para maximizar su acuerdo.<\/p>\n<h2><span class=\"ez-toc-section\" id=\"%C2%BFCuanto_tiempo_se_tarda_en_llegar_a_un_acuerdo_por_un_accidente_de_trafico_en_San_Antonio\"><\/span>\u00bfCu\u00e1nto tiempo se tarda en llegar a un acuerdo por un accidente de tr\u00e1fico en San Antonio?<span class=\"ez-toc-section-end\"><\/span><\/h2>\n<p>Hay varios factores que determinan el tiempo que se tarda en resolver un caso de accidente de tr\u00e1fico en Texas. Aunque la mayor\u00eda de las reclamaciones se resuelven sin llegar a juicio, cada caso es \u00fanico y no se puede predecir con antelaci\u00f3n cu\u00e1nto tiempo tardar\u00e1 en resolverse, ya sea en la mesa de negociaci\u00f3n o en los tribunales.<\/p>\n<p>Si usted se ha recuperado completamente y la responsabilidad est\u00e1 clara, un caso sencillo de accidente automovil\u00edstico puede resolverse en semanas, mientras que los casos complicados pueden tardar hasta varios a\u00f1os. Los factores que pueden afectar el plazo incluyen, entre otros, los siguientes:<\/p>\n<ul>\n<li><b>El valor de su reclamaci\u00f3n:<\/b> Por lo general, tendr\u00e1 que esperar m\u00e1s tiempo para resolver su caso si este tiene un valor mayor. Las aseguradoras invertir\u00e1n m\u00e1s tiempo y dinero en defender una reclamaci\u00f3n de alto valor que una valorada en menos de 10 000 d\u00f3lares. Aunque pocos casos de lesiones personales llegan a juicio, las reclamaciones que implican grandes cantidades de dinero son la excepci\u00f3n habitual.<\/li>\n<\/ul>\n<ul>\n<li><b>La gravedad de sus lesiones:<\/b> Los casos que implican lesiones graves o discapacidades tardan m\u00e1s en resolverse que los que implican lesiones leves. Para garantizar un acuerdo justo y que le compense \u00edntegramente, tambi\u00e9n debe alcanzar la m\u00e1xima mejor\u00eda m\u00e9dica antes de resolver su caso. Es posible que tenga que esperar un tiempo dependiendo de sus lesiones.<\/li>\n<\/ul>\n<ul>\n<li><b>Responsabilidad:<\/b> Cuando la responsabilidad est\u00e1 clara, es probable que su caso se resuelva antes. Un caso puede tardar m\u00e1s en resolverse si la responsabilidad no est\u00e1 clara, hay varias partes responsables o usted tiene parte de la culpa del accidente.<\/li>\n<\/ul>\n<p>Su abogado especializado en lesiones puede ayudarle a comprender c\u00f3mo estos factores afectan a su caso.<\/p>\n<h2><span class=\"ez-toc-section\" id=\"%C2%BFQue_determina_el_valor_de_los_acuerdos_por_accidentes_de_trafico_en_San_Antonio\"><\/span>\u00bfQu\u00e9 determina el valor de los acuerdos por accidentes de tr\u00e1fico en San Antonio?<span class=\"ez-toc-section-end\"><\/span><\/h2>\n<p>La mayor\u00eda de las reclamaciones por accidentes de tr\u00e1fico se resuelven antes de llegar a juicio, pero la cantidad negociada depende de lo que probablemente decidir\u00eda un juez o un jurado. Algunos de los factores que tienen en cuenta los abogados especializados en lesiones personales y las compa\u00f1\u00edas de seguros incluyen, entre otros:<\/p>\n<ul>\n<li>La gravedad de la lesi\u00f3n o lesiones. Por ejemplo, una lesi\u00f3n en la m\u00e9dula espinal o una lesi\u00f3n cerebral traum\u00e1tica tendr\u00e1n un impacto m\u00e1s devastador en su vida que una fractura \u00f3sea o una lesi\u00f3n en los tejidos blandos.<\/li>\n<li>El tiempo que se espera que dure su recuperaci\u00f3n. Las recuperaciones m\u00e1s largas son m\u00e1s costosas en t\u00e9rminos de facturas m\u00e9dicas y sustituci\u00f3n del salario.<\/li>\n<li>Si queda discapacitado. Si ya no puede trabajar, se tendr\u00e1n en cuenta los a\u00f1os de p\u00e9rdida de ingresos que se pueden prever razonablemente. Esta cantidad ser\u00e1 diferente para una persona de 25 a\u00f1os que para alguien cercano a la jubilaci\u00f3n.<\/li>\n<li>Si la culpa es compartida. Si usted fue parcialmente responsable del accidente de tr\u00e1fico, esto puede influir en el importe de la indemnizaci\u00f3n.<\/li>\n<\/ul>\n<h2><span class=\"ez-toc-section\" id=\"%C2%BFComo_se_calculan_las_indemnizaciones_por_accidentes_de_trafico_en_San_Antonio\"><\/span>\u00bfC\u00f3mo se calculan las indemnizaciones por accidentes de tr\u00e1fico en San Antonio?<span class=\"ez-toc-section-end\"><\/span><\/h2>\n<p>El primer paso para calcular los da\u00f1os es tener en cuenta sus gastos m\u00e9dicos. Inicialmente, estos gastos de tratamiento se multiplican por un valor entre 1,5 y 5, dependiendo de variables como el tiempo de recuperaci\u00f3n, la extensi\u00f3n del tratamiento y la invasividad de los procedimientos a los que se haya sometido. Una recuperaci\u00f3n f\u00e1cil tendr\u00e1 un multiplicador de 1,5 a 3, mientras que una lesi\u00f3n grave con una recuperaci\u00f3n prolongada puede tener un multiplicador de 5 o m\u00e1s.<\/p>\n<p>Por lo general, puede determinar qu\u00e9 multiplicador aplicar en funci\u00f3n del costo de sus gastos m\u00e9dicos. Por ejemplo, si sus gastos m\u00e9dicos totales fueron de 500 d\u00f3lares, probablemente significa que solo tuvo que acudir al m\u00e9dico un par de veces y se recuper\u00f3 con relativa rapidez. Si sus gastos m\u00e9dicos fueron de 50 000 d\u00f3lares, es probable que haya recibido un tratamiento m\u00e1s extenso con m\u00faltiples visitas, lo que dar\u00eda lugar a un multiplicador de da\u00f1os m\u00e1s alto. Su abogado especializado en accidentes automovil\u00edsticos en San Antonio puede asesorarle sobre lo que puede esperar en este sentido.<\/p>\n<h2><span class=\"ez-toc-section\" id=\"%C2%BFPor_que_contratar_a_Texas_Law_Guns_Injury_Accident_Lawyers_para_la_resolucion_de_su_accidente_automovilistico_en_San_Antonio\"><\/span>\u00bfPor qu\u00e9 contratar a Texas Law Guns, Injury &amp; Accident Lawyers para la resoluci\u00f3n de su accidente automovil\u00edstico en San Antonio?<span class=\"ez-toc-section-end\"><\/span><\/h2>\n<p>Nuestro bufete de abogados especializado en lesiones personales cuenta con d\u00e9cadas de experiencia legal colectiva, lo que nos coloca en la mejor posici\u00f3n para garantizar acuerdos favorables en accidentes automovil\u00edsticos en San Antonio. Cuando nos contrata para resolver su <a href=\"https:\/\/www.vblawgroup.com\/blog\/motor-vehicle-accidents\/how-does-a-car-accident-lawsuit-work-in-texas\/\">demanda<\/a> por accidente automovil\u00edstico, se beneficia de las siguientes capacidades y logros legales:<\/p>\n<ul>\n<li>Conocemos a fondo la legislaci\u00f3n de Texas en materia de accidentes automovil\u00edsticos y hemos utilizado ese conocimiento para obtener los <a href=\"https:\/\/www.vblawgroup.com\/es\/resultados-de-casos\/\">mejores resultados<\/a>. Aunque cada caso es \u00fanico, hemos obtenido acuerdos multimillonarios para clientes lesionados.<\/li>\n<li>Limitamos el n\u00famero de clientes que representamos para poder ofrecerle el mejor servicio y los mejores resultados posibles.<\/li>\n<li>Estaremos en contacto con usted durante todo el proceso de su demanda por accidente de tr\u00e1fico, listos para responder a cualquier pregunta y ayudarle siempre que lo necesite.<\/li>\n<li>Dado que aceptamos estos casos de forma contingente, nunca tendr\u00e1 que preocuparse por pagar nuestros honorarios hasta que recuperemos la indemnizaci\u00f3n para usted.<\/li>\n<\/ul>\n<p>Nuestros abogados expertos saben c\u00f3mo calcular los da\u00f1os de su accidente de tr\u00e1fico para que obtenga el resultado que necesita para cubrir su tratamiento m\u00e9dico y sus gastos de manutenci\u00f3n actuales y futuros.<\/p>\n<h2><span class=\"ez-toc-section\" id=\"%C2%BFQue_danos_se_pueden_reclamar_en_los_acuerdos_por_accidentes_de_trafico_en_San_Antonio\"><\/span>\u00bfQu\u00e9 da\u00f1os se pueden reclamar en los acuerdos por accidentes de tr\u00e1fico en San Antonio?<span class=\"ez-toc-section-end\"><\/span><\/h2>\n<p>Los accidentes de tr\u00e1fico suelen provocar p\u00e9rdidas que van m\u00e1s all\u00e1 de las lesiones f\u00edsicas. La legislaci\u00f3n de Texas reconoce el derecho a recibir una indemnizaci\u00f3n por los da\u00f1os econ\u00f3micos y no econ\u00f3micos cuando la conducta negligente o imprudente de otra persona es responsable de su accidente de tr\u00e1fico y de sus lesiones.<\/p>\n<p>En t\u00e9rminos generales, los da\u00f1os compensatorios tienen por objeto \u00abindemnizar\u00bb a la persona lesionada. Aunque una demanda por lesiones personales no puede eliminar su dolor, curar su lesi\u00f3n cerebral traum\u00e1tica ni devolverle a un ser querido que ha fallecido tr\u00e1gicamente, s\u00ed puede compensarle econ\u00f3micamente en funci\u00f3n del alcance y la gravedad de sus lesiones.<\/p>\n<p>Los da\u00f1os compensatorios se dividen en p\u00e9rdidas econ\u00f3micas y no econ\u00f3micas, todas ellas espec\u00edficas de cada reclamaci\u00f3n por accidente de tr\u00e1fico. Por eso no existe una indemnizaci\u00f3n media para estos casos en San Antonio; la cantidad que reciba depender\u00e1 de los factores que se analizan a continuaci\u00f3n.<\/p>\n<h3><span class=\"ez-toc-section\" id=\"Danos_economicos\"><\/span>Da\u00f1os econ\u00f3micos<span class=\"ez-toc-section-end\"><\/span><\/h3>\n<p>Los da\u00f1os econ\u00f3micos son mucho m\u00e1s f\u00e1ciles de calcular porque est\u00e1n asociados a valores monetarios tangibles. Pueden incluir:<\/p>\n<ul>\n<li>Gastos m\u00e9dicos actuales y futuros<\/li>\n<li>Ingresos perdidos en el pasado y en el futuro<\/li>\n<li>P\u00e9rdida de capacidad de ganancia<\/li>\n<li>Gastos de bolsillo, como medicamentos recetados y ayuda con las tareas dom\u00e9sticas.<\/li>\n<li>Da\u00f1os a la propiedad<\/li>\n<\/ul>\n<p>Los recibos y las facturas pueden utilizarse como prueba de los da\u00f1os econ\u00f3micos ya sufridos. El impacto futuro del accidente tambi\u00e9n requerir\u00e1 pruebas que lo respalden, como proyecciones salariales (si trabajaba fuera de casa), informes m\u00e9dicos que describan los cuidados futuros y opiniones de expertos sobre su capacidad para trabajar o incluso para desenvolverse en el futuro.<\/p>\n<h3><span class=\"ez-toc-section\" id=\"Danos_no_economicos\"><\/span>Da\u00f1os no econ\u00f3micos<span class=\"ez-toc-section-end\"><\/span><\/h3>\n<p>Los da\u00f1os no econ\u00f3micos son de car\u00e1cter no monetario. Aunque no pueden cuantificarse con registros financieros y recibos como los da\u00f1os econ\u00f3micos, siguen representando p\u00e9rdidas v\u00e1lidas porque intensifican el impacto del accidente en su vida. Dependiendo de las circunstancias, los da\u00f1os no econ\u00f3micos pueden incluir:<\/p>\n<ul>\n<li>Dolor y sufrimiento f\u00edsico y emocional<\/li>\n<li>Trauma mental<\/li>\n<li>Cicatrices<\/li>\n<li>Desfiguraci\u00f3n<\/li>\n<li>P\u00e9rdida de consorcio<\/li>\n<li>P\u00e9rdida del disfrute de la vida<\/li>\n<\/ul>\n<p>Su abogado trabajar\u00e1 con expertos cuando sea necesario para determinar el valor de sus da\u00f1os no econ\u00f3micos. Los c\u00e1lculos se basan normalmente en f\u00f3rmulas o programas inform\u00e1ticos que parten de los da\u00f1os estimados y los multiplican por factores espec\u00edficos de cada caso. En este \u00e1mbito, las compa\u00f1\u00edas de seguros y sus abogados tienden a infravalorar considerablemente las reclamaciones, pero un buen abogado puede ser de gran ayuda para conseguir un resultado justo para usted.<\/p>\n<h3><span class=\"ez-toc-section\" id=\"Danos_punitivos\"><\/span>Da\u00f1os punitivos<span class=\"ez-toc-section-end\"><\/span><\/h3>\n<p>Si su caso no se resuelve y llega a los tribunales, es posible que reciba da\u00f1os punitivos adem\u00e1s de los compensatorios. Estas indemnizaciones no tienen por objeto compensar a la v\u00edctima por sus p\u00e9rdidas, sino castigar a los infractores y disuadir a otros de comportarse de manera similar. Por esta raz\u00f3n, se reservan para casos de comportamiento extremadamente imprudente o atroz, como conducir en estado de embriaguez despu\u00e9s de haber acumulado una serie de infracciones previas por conducir bajo los efectos del alcohol.<\/p>\n<p>Aunque Texas limita los da\u00f1os punitivos a 200 000 d\u00f3lares o duplica el valor de los da\u00f1os no econ\u00f3micos, hasta un m\u00e1ximo de 750 000 d\u00f3lares (lo que sea mayor), estos pueden aumentar considerablemente la indemnizaci\u00f3n total. Su abogado le asesorar\u00e1 sobre si estos da\u00f1os pueden aplicarse a su caso.<\/p>\n<h3><span class=\"ez-toc-section\" id=\"%C2%BFQue_pasa_si_tengo_parte_de_la_culpa_del_accidente\"><\/span>\u00bfQu\u00e9 pasa si tengo parte de la culpa del accidente?<span class=\"ez-toc-section-end\"><\/span><\/h3>\n<p>Algunas lesiones personales son claramente culpa de una sola persona, pero otras involucran a varias partes. Como resultado, muchos estados han adoptado leyes de negligencia comparativa o culpa comparativa.<\/p>\n<p>Como resultado de la <a href=\"https:\/\/statutes.capitol.texas.gov\/Docs\/CP\/htm\/CP.33.htm\" target=\"_blank\" rel=\"noopener\">ley de culpa comparativa de<\/a> Texas, cada parte es responsable de su parte proporcional de culpa en un accidente. Si usted tiene parte de la culpa del accidente, cualquier indemnizaci\u00f3n a la que tenga derecho se reducir\u00e1 en consecuencia. Por ejemplo, si un tribunal le concede 100 000 d\u00f3lares y determina que usted es responsable en un 40 % de sus lesiones, solo recibir\u00e1 60 000 d\u00f3lares, que representan la parte de culpa de la otra parte.<\/p>\n<p>Adem\u00e1s, la ley de culpa comparativa de Texas establece que los tribunales reducir\u00e1n a\u00fan m\u00e1s los da\u00f1os si los demandantes llegan a un acuerdo con m\u00e1s de una parte. En estos casos, los da\u00f1os se reducir\u00e1n en un porcentaje igual a la parte de responsabilidad del demandante. Adem\u00e1s, Texas sigue un sistema de negligencia comparativa modificado, lo que significa que si usted es responsable en m\u00e1s del 50 % del accidente, no podr\u00e1 recuperar la indemnizaci\u00f3n.<\/p>\n<p>Esta es una de las razones por las que debe contratar a un abogado especializado en lesiones personales en San Antonio para proteger sus intereses; las compa\u00f1\u00edas de seguros son conocidas por intentar eludir su responsabilidad asignando culpas injustas a las v\u00edctimas de accidentes de tr\u00e1fico. Su abogado anticipar\u00e1 y disuadir\u00e1 cualquier intento de afectar a su indemnizaci\u00f3n de esta manera.<\/p>\n<h3><span class=\"ez-toc-section\" id=\"%C2%BFNecesito_un_abogado_especializado_en_accidentes_de_trafico\"><\/span>\u00bfNecesito un abogado especializado en accidentes de tr\u00e1fico?<span class=\"ez-toc-section-end\"><\/span><\/h3>\n<p>No es obligatorio por ley contratar a un abogado para reclamar por un accidente de tr\u00e1fico, pero puede esperar un mejor resultado si lo hace. Las compa\u00f1\u00edas de seguros intentan llegar a un acuerdo r\u00e1pidamente, con la esperanza de que usted est\u00e9 lo suficientemente estresado como para aceptar su oferta y cerrar el caso. Lo que no le dir\u00e1n es que estas ofertas iniciales son bajas y no tienen en cuenta todos los da\u00f1os econ\u00f3micos y no econ\u00f3micos, que pueden incluir p\u00e9rdidas futuras. Sin un abogado especializado en accidentes de tr\u00e1fico que proteja sus intereses, es posible que se quede con mucho menos dinero del que necesita para recuperarse.<\/p>\n<h2><span class=\"ez-toc-section\" id=\"Consiga_una_consulta_gratuita_con_un_abogado_especializado_en_accidentes_de_trafico_en_San_Antonio\"><\/span>Consiga una consulta gratuita con un abogado especializado en accidentes de tr\u00e1fico en San Antonio<span class=\"ez-toc-section-end\"><\/span><\/h2>\n<p>Para obtener una indemnizaci\u00f3n completa en la resoluci\u00f3n de su accidente de tr\u00e1fico, necesita trabajar con un abogado con experiencia en lesiones personales. En Texas Law Guns, Injury &amp; Accident Lawyers, comprendemos las t\u00e1cticas que utilizan las compa\u00f1\u00edas de seguros de autom\u00f3viles de Texas para minimizar su exposici\u00f3n financiera y sabemos c\u00f3mo investigar y establecer el valor total de su reclamaci\u00f3n por accidente de tr\u00e1fico. Si se ve involucrado en una colisi\u00f3n, no tiene por qu\u00e9 afrontar las consecuencias solo. Para programar su consulta gratuita con un abogado especializado en accidentes de tr\u00e1fico en San Antonio, llame al (512) 800-0000 o <a href=\"https:\/\/www.vblawgroup.com\/es\/contactenos\/\">p\u00f3ngase en contacto con nosotros a trav\u00e9s de Internet<\/a>.<\/p>\n<h3><span class=\"ez-toc-section\" id=\"Testimonio_de_un_cliente_55_%E2%98%85_%E2%98%85_%E2%98%85_%E2%98%85_%E2%98%85\"><\/span>Testimonio de un cliente: 5\/5 \u2605 \u2605 \u2605 \u2605 \u2605<span class=\"ez-toc-section-end\"><\/span><\/h3>\n<p>\u00a1Les estoy muy agradecida! Me puse en contacto con varios bufetes de abogados antes y la forma en que me recibi\u00f3 el personal de su oficina me hizo sentir como una clienta muy importante y tuvieron en cuenta todas las circunstancias por las que estaba pasando en ese momento.<\/p>\n<p>-Jessica Maestas<\/p>\n<p><a href=\"https:\/\/www.vblawgroup.com\/es\/testimonios\/\">M\u00e1s testimonios de clientes<\/a><\/p>\n","protected":false},"excerpt":{"rendered":"<p>Los accidentes automovil\u00edsticos pueden causar lesiones graves. Dependiendo de su naturaleza y gravedad, usted podr\u00eda sufrir complicaciones m\u00e9dicas a largo plazo y discapacidad, lo que le obligar\u00eda a ausentarse del trabajo y afectar\u00eda su relaci\u00f3n con su familia. Seg\u00fan el Departamento de Transporte de Texas, aproximadamente cada 57 segundos se produce un accidente con v\u00edctimas&#8230; <a href=\"https:\/\/www.vblawgroup.com\/es\/acuerdos-por-accidentes-de-trafico-en-san-antonio\/\">read more<\/a><\/p>\n","protected":false},"author":10,"featured_media":0,"parent":0,"menu_order":0,"comment_status":"closed","ping_status":"closed","template":"","meta":{"_acf_changed":false,"footnotes":""},"class_list":["post-909","page","type-page","status-publish","hentry"],"acf":[],"_links":{"self":[{"href":"https:\/\/www.vblawgroup.com\/es\/wp-json\/wp\/v2\/pages\/909","targetHints":{"allow":["GET"]}}],"collection":[{"href":"https:\/\/www.vblawgroup.com\/es\/wp-json\/wp\/v2\/pages"}],"about":[{"href":"https:\/\/www.vblawgroup.com\/es\/wp-json\/wp\/v2\/types\/page"}],"author":[{"embeddable":true,"href":"https:\/\/www.vblawgroup.com\/es\/wp-json\/wp\/v2\/users\/10"}],"replies":[{"embeddable":true,"href":"https:\/\/www.vblawgroup.com\/es\/wp-json\/wp\/v2\/comments?post=909"}],"version-history":[{"count":0,"href":"https:\/\/www.vblawgroup.com\/es\/wp-json\/wp\/v2\/pages\/909\/revisions"}],"wp:attachment":[{"href":"https:\/\/www.vblawgroup.com\/es\/wp-json\/wp\/v2\/media?parent=909"}],"curies":[{"name":"wp","href":"https:\/\/api.w.org\/{rel}","templated":true}]}}