{"id":910,"date":"2025-07-07T18:57:07","date_gmt":"2025-07-07T18:57:07","guid":{"rendered":"https:\/\/www.vblawgroup.com\/es\/?page_id=910"},"modified":"2025-07-07T18:57:07","modified_gmt":"2025-07-07T18:57:07","slug":"abogados-de-accidentes-de-uber-en-san-antonio","status":"publish","type":"page","link":"https:\/\/www.vblawgroup.com\/es\/abogados-de-accidentes-de-uber-en-san-antonio\/","title":{"rendered":"Abogados especializados en accidentes de Uber en San Antonio"},"content":{"rendered":"<p>Los servicios de transporte compartido como Uber son ahora muy conocidos en San Antonio. Con la aplicaci\u00f3n en su tel\u00e9fono inteligente, puede obtener una tarifa hasta su destino, ver el coche que se dirige hacia usted y compartir informaci\u00f3n sobre su viaje con otras personas. Aunque es muy c\u00f3modo para los pasajeros, los veh\u00edculos de Uber son como cualquier otro medio de transporte, por lo que puede sufrir lesiones graves en un accidente durante el trayecto.<\/p>\n<p>Si le ocurre a usted, los <a href=\"https:\/\/www.vblawgroup.com\/es\/san-antonio-abogado-de-accidente-de-auto\/\">experimentados abogados de accidentes automovil\u00edsticos de San Antonio<\/a> de Texas Law Guns, Injury &amp; Accident Lawyers le ayudar\u00e1n a reclamar una indemnizaci\u00f3n. Trabajamos sin descanso para conseguir a nuestros clientes la m\u00e1xima indemnizaci\u00f3n por las lesiones graves sufridas en accidentes de Uber. Conocemos las leyes de Texas sobre viajes compartidos y podemos hacer frente a las grandes compa\u00f1\u00edas de seguros que intentan negar su responsabilidad en su accidente de tr\u00e1fico.<\/p>\n<div id=\"ez-toc-container\" class=\"ez-toc-v2_0_76 counter-hierarchy ez-toc-counter ez-toc-grey ez-toc-container-direction\">\n<div class=\"ez-toc-title-container\">\n<p class=\"ez-toc-title\" style=\"cursor:inherit\">Table of Contents<\/p>\n<span class=\"ez-toc-title-toggle\"><a href=\"#\" class=\"ez-toc-pull-right ez-toc-btn ez-toc-btn-xs ez-toc-btn-default ez-toc-toggle\" aria-label=\"Toggle Table of Content\"><span class=\"ez-toc-js-icon-con\"><span class=\"\"><span class=\"eztoc-hide\" style=\"display:none;\">Toggle<\/span><span class=\"ez-toc-icon-toggle-span\"><svg style=\"fill: #999;color:#999\" xmlns=\"http:\/\/www.w3.org\/2000\/svg\" class=\"list-377408\" width=\"20px\" height=\"20px\" viewBox=\"0 0 24 24\" fill=\"none\"><path d=\"M6 6H4v2h2V6zm14 0H8v2h12V6zM4 11h2v2H4v-2zm16 0H8v2h12v-2zM4 16h2v2H4v-2zm16 0H8v2h12v-2z\" fill=\"currentColor\"><\/path><\/svg><svg style=\"fill: #999;color:#999\" class=\"arrow-unsorted-368013\" xmlns=\"http:\/\/www.w3.org\/2000\/svg\" width=\"10px\" height=\"10px\" viewBox=\"0 0 24 24\" version=\"1.2\" baseProfile=\"tiny\"><path d=\"M18.2 9.3l-6.2-6.3-6.2 6.3c-.2.2-.3.4-.3.7s.1.5.3.7c.2.2.4.3.7.3h11c.3 0 .5-.1.7-.3.2-.2.3-.5.3-.7s-.1-.5-.3-.7zM5.8 14.7l6.2 6.3 6.2-6.3c.2-.2.3-.5.3-.7s-.1-.5-.3-.7c-.2-.2-.4-.3-.7-.3h-11c-.3 0-.5.1-.7.3-.2.2-.3.5-.3.7s.1.5.3.7z\"\/><\/svg><\/span><\/span><\/span><\/a><\/span><\/div>\n<nav><ul class='ez-toc-list ez-toc-list-level-1 ' ><li class='ez-toc-page-1 ez-toc-heading-level-2'><a class=\"ez-toc-link ez-toc-heading-1\" href=\"https:\/\/www.vblawgroup.com\/es\/abogados-de-accidentes-de-uber-en-san-antonio\/#%C2%BFPor_que_Texas_Law_Guns_Injury_Accident_Lawyers_es_su_mejor_opcion\" >\u00bfPor qu\u00e9 Texas Law Guns, Injury &amp; Accident Lawyers es su mejor opci\u00f3n?<\/a><\/li><li class='ez-toc-page-1 ez-toc-heading-level-2'><a class=\"ez-toc-link ez-toc-heading-2\" href=\"https:\/\/www.vblawgroup.com\/es\/abogados-de-accidentes-de-uber-en-san-antonio\/#Estadisticas_de_accidentes_de_trafico_en_Texas\" >Estad\u00edsticas de accidentes de tr\u00e1fico en Texas<\/a><\/li><li class='ez-toc-page-1 ez-toc-heading-level-2'><a class=\"ez-toc-link ez-toc-heading-3\" href=\"https:\/\/www.vblawgroup.com\/es\/abogados-de-accidentes-de-uber-en-san-antonio\/#Leyes_que_rigen_a_los_conductores_de_Uber_en_Texas\" >Leyes que rigen a los conductores de Uber en Texas<\/a><\/li><li class='ez-toc-page-1 ez-toc-heading-level-2'><a class=\"ez-toc-link ez-toc-heading-4\" href=\"https:\/\/www.vblawgroup.com\/es\/abogados-de-accidentes-de-uber-en-san-antonio\/#Recuperacion_de_danos_tras_un_accidente_de_Uber_%C2%BFquien_paga\" >Recuperaci\u00f3n de da\u00f1os tras un accidente de Uber: \u00bfqui\u00e9n paga?<\/a><\/li><li class='ez-toc-page-1 ez-toc-heading-level-2'><a class=\"ez-toc-link ez-toc-heading-5\" href=\"https:\/\/www.vblawgroup.com\/es\/abogados-de-accidentes-de-uber-en-san-antonio\/#Preguntas_frecuentes\" >Preguntas frecuentes<\/a><ul class='ez-toc-list-level-3' ><li class='ez-toc-heading-level-3'><a class=\"ez-toc-link ez-toc-heading-6\" href=\"https:\/\/www.vblawgroup.com\/es\/abogados-de-accidentes-de-uber-en-san-antonio\/#He_tenido_un_accidente_de_coche_compartido_en_San_Antonio_%C2%BFQue_debo_hacer\" >He tenido un accidente de coche compartido en San Antonio. \u00bfQu\u00e9 debo hacer?<\/a><\/li><li class='ez-toc-page-1 ez-toc-heading-level-3'><a class=\"ez-toc-link ez-toc-heading-7\" href=\"https:\/\/www.vblawgroup.com\/es\/abogados-de-accidentes-de-uber-en-san-antonio\/#%C2%BFPuede_obtener_una_indemnizacion_por_un_accidente_de_coche_compartido_en_San_Antonio\" >\u00bfPuede obtener una indemnizaci\u00f3n por un accidente de coche compartido en San Antonio?<\/a><\/li><li class='ez-toc-page-1 ez-toc-heading-level-3'><a class=\"ez-toc-link ez-toc-heading-8\" href=\"https:\/\/www.vblawgroup.com\/es\/abogados-de-accidentes-de-uber-en-san-antonio\/#%C2%BFCuando_puedo_demandar_a_una_empresa_de_transporte_compartido_como_Uber\" >\u00bfCu\u00e1ndo puedo demandar a una empresa de transporte compartido como Uber?<\/a><\/li><li class='ez-toc-page-1 ez-toc-heading-level-3'><a class=\"ez-toc-link ez-toc-heading-9\" href=\"https:\/\/www.vblawgroup.com\/es\/abogados-de-accidentes-de-uber-en-san-antonio\/#%C2%BFCuando_debe_contratar_a_un_abogado_despues_de_un_accidente_de_Uber\" >\u00bfCu\u00e1ndo debe contratar a un abogado despu\u00e9s de un accidente de Uber?<\/a><\/li><\/ul><\/li><li class='ez-toc-page-1 ez-toc-heading-level-2'><a class=\"ez-toc-link ez-toc-heading-10\" href=\"https:\/\/www.vblawgroup.com\/es\/abogados-de-accidentes-de-uber-en-san-antonio\/#Obtenga_una_consulta_gratuita_con_un_abogado_especializado_en_accidentes_de_Uber_en_San_Antonio\" >Obtenga una consulta gratuita con un abogado especializado en accidentes de Uber en San Antonio<\/a><\/li><\/ul><\/nav><\/div>\n<h2><span class=\"ez-toc-section\" id=\"%C2%BFPor_que_Texas_Law_Guns_Injury_Accident_Lawyers_es_su_mejor_opcion\"><\/span>\u00bfPor qu\u00e9 Texas Law Guns, Injury &amp; Accident Lawyers es su mejor opci\u00f3n?<span class=\"ez-toc-section-end\"><\/span><\/h2>\n<p>Si ha resultado herido en un accidente de Uber en San Antonio, busque la ayuda de un bufete de abogados con amplia experiencia en lesiones personales. <a href=\"https:\/\/www.vblawgroup.com\/\">Texas Law Guns, Injury &amp; Accident Lawyers<\/a> se encargar\u00e1 de todos los aspectos de su caso.<\/p>\n<p>Estas son algunas de las muchas razones por las que destacamos:<\/p>\n<ul>\n<li>Conocemos la legislaci\u00f3n de Texas en materia de lesiones personales. Hemos tratado una amplia gama de accidentes, desde accidentes de camiones comerciales hasta colisiones de Uber.<\/li>\n<li>Nuestros abogados expertos y con experiencia en accidentes de tr\u00e1fico luchan agresivamente para conseguir la m\u00e1xima indemnizaci\u00f3n para su caso. Nunca aceptaremos menos de lo que usted se merece.<\/li>\n<li>Nos dedicamos a prestar una atenci\u00f3n personalizada a cada cliente que ha sufrido lesiones en un accidente. Nos aseguramos de comprender sus necesidades para adaptar su caso en consecuencia.<\/li>\n<li>Aceptamos estos casos con honorarios contingentes, lo que significa que nunca tendr\u00e1 que preocuparse por pagar nuestros honorarios hasta que ganemos la indemnizaci\u00f3n que se merece.<\/li>\n<\/ul>\n<h2><span class=\"ez-toc-section\" id=\"Estadisticas_de_accidentes_de_trafico_en_Texas\"><\/span>Estad\u00edsticas de accidentes de tr\u00e1fico en Texas<span class=\"ez-toc-section-end\"><\/span><\/h2>\n<p>En 2021, la tasa de mortalidad en las carreteras y autopistas de Texas fue de 1,56 muertes por cada 100 millones de millas recorridas, lo que supone un aumento de casi el 19 % con respecto al a\u00f1o anterior. El n\u00famero total de muertes registradas fue de 4489, un 14 % m\u00e1s que el total registrado en 2020. En cuanto a los heridos, se produjeron 15 764 accidentes de tr\u00e1fico en Texas, <a href=\"https:\/\/ftp.txdot.gov\/pub\/txdot-info\/trf\/crash_statistics\/2021\/01.pdf\" target=\"_blank\" rel=\"noopener\">que dejaron 19 448 personas gravemente heridas<\/a>.<\/p>\n<p>Hay varios factores que contribuyen a los accidentes en los que se ven involucradas las empresas de transporte compartido, entre ellos los errores de los conductores y la naturaleza del negocio. Algunos conductores de Uber conducen de forma insegura y negligente porque quieren cobrar el mayor n\u00famero posible de tarifas en un tiempo limitado. Esto es especialmente problem\u00e1tico en zonas urbanas como San Antonio.<\/p>\n<p>Algunas de las razones por las que se producen accidentes de Uber son:<\/p>\n<ul>\n<li>Los conductores utilizan o consultan la aplicaci\u00f3n para encontrar nuevos pasajeros, lo que constituye una forma de conducci\u00f3n distra\u00edda.<\/li>\n<li>Exceso de velocidad para terminar una carrera y encontrar otra, lo que supone una infracci\u00f3n de las normas de tr\u00e1fico.<\/li>\n<li>Los conductores se detienen donde les indica el GPS en lugar de buscar primero una zona segura.<\/li>\n<li>No mantener el veh\u00edculo en condiciones de seguridad.<\/li>\n<\/ul>\n<p>Al igual que los conductores habituales, los conductores de Uber tambi\u00e9n pueden realizar acciones peligrosas, como conducir cansados o bajo los efectos del alcohol. Independientemente de la causa, esto puede provocar un accidente que le deje lesiones comunes como las siguientes:<\/p>\n<ul>\n<li>Lesi\u00f3n cerebral traum\u00e1tica<\/li>\n<li>Lesi\u00f3n de la m\u00e9dula espinal<\/li>\n<li>Lesi\u00f3n en el cuello y la espalda<\/li>\n<li>Huesos rotos<\/li>\n<li>Fracturas<\/li>\n<li>Cortes y laceraciones<\/li>\n<li>Amputaci\u00f3n<\/li>\n<li>Da\u00f1o en \u00f3rganos internos<\/li>\n<li>Angustia mental<\/li>\n<li>Sufrimiento emocional<\/li>\n<li>Muerte por negligencia<\/li>\n<\/ul>\n<p>Navegar por el proceso de responsabilidad civil para obtener el dinero que se merece puede ser complicado. Si se ve involucrado en un accidente de transporte compartido, p\u00f3ngase en contacto con Texas Law Guns, Injury &amp; Accident Lawyers lo antes posible, para que podamos utilizar nuestros recursos, conocimientos y experiencia legal para recuperar la indemnizaci\u00f3n que necesita.<\/p>\n<h2><span class=\"ez-toc-section\" id=\"Leyes_que_rigen_a_los_conductores_de_Uber_en_Texas\"><\/span>Leyes que rigen a los conductores de Uber en Texas<span class=\"ez-toc-section-end\"><\/span><\/h2>\n<p>La mayor\u00eda de los estados han establecido normas y leyes claras para las empresas de transporte compartido, denominadas oficialmente \u00abempresas de redes de transporte\u00bb (TNC, por sus siglas en ingl\u00e9s). En 2017, los legisladores de Texas aprobaron el proyecto de ley 100, que establece las normas para las empresas de redes de transporte como Uber. Seg\u00fan este proyecto de ley, los conductores de Uber deben cumplir los siguientes requisitos:<\/p>\n<ul>\n<li>Tener al menos 18 a\u00f1os de edad<\/li>\n<li>Poseer un permiso de conducir v\u00e1lido (no es necesario que haya sido expedido en Texas)<\/li>\n<li>Tener prueba de registro y prueba de seguro para todos los veh\u00edculos utilizados para compartir viajes<\/li>\n<\/ul>\n<p>De acuerdo con la ley de Texas, Uber tambi\u00e9n debe realizar una verificaci\u00f3n de antecedentes penales a todos los nuevos conductores, y hacerlo cada a\u00f1o a partir de entonces. La verificaci\u00f3n debe incluir fuentes de informaci\u00f3n locales, estatales y nacionales. La informaci\u00f3n de antecedentes debe incluir:<\/p>\n<ul>\n<li>Historial de conducci\u00f3n<\/li>\n<li>Antecedentes penales<\/li>\n<li>Resultados de una b\u00fasqueda en el sitio web nacional de delincuentes sexuales del Departamento de Justicia de los Estados Unidos<\/li>\n<\/ul>\n<p>De acuerdo con la legislaci\u00f3n de Texas, Uber no puede permitir que un conductor se incorpore o permanezca en el sistema si la verificaci\u00f3n de antecedentes revela alguna de las siguientes infracciones en los \u00faltimos tres a\u00f1os:<\/p>\n<ul>\n<li>Conducir sin una licencia v\u00e1lida<\/li>\n<li>Al menos tres infracciones de tr\u00e1fico<\/li>\n<li>Intento de escapar de las fuerzas del orden<\/li>\n<li>Una acusaci\u00f3n de conducci\u00f3n temeraria<\/li>\n<\/ul>\n<p>De acuerdo con la legislaci\u00f3n de Texas, los solicitantes que hayan sido condenados por los siguientes delitos en los \u00faltimos siete a\u00f1os no pueden conducir para Uber:<\/p>\n<ul>\n<li>Un acto de terrorismo o violencia<\/li>\n<li>Cometer un delito grave con da\u00f1os a la propiedad<\/li>\n<li>Cometer un delito grave con un veh\u00edculo<\/li>\n<li>Conducir bajo los efectos del alcohol o las drogas<\/li>\n<li>Delitos sexuales que requieren el registro como delincuente sexual<\/li>\n<li>Robo o fraude<\/li>\n<\/ul>\n<p>Los conductores de Uber est\u00e1n obligados a tener un seguro en Texas, pero la ley no se preocupa de si la cobertura la proporciona Uber o el conductor. Las leyes de responsabilidad financiera para las empresas de redes de transporte y sus conductores var\u00edan en funci\u00f3n de si el conductor est\u00e1 transportando pasajeros activamente o no.<\/p>\n<h2><span class=\"ez-toc-section\" id=\"Recuperacion_de_danos_tras_un_accidente_de_Uber_%C2%BFquien_paga\"><\/span>Recuperaci\u00f3n de da\u00f1os tras un accidente de Uber: \u00bfqui\u00e9n paga?<span class=\"ez-toc-section-end\"><\/span><\/h2>\n<p>Cuando se produce un accidente de Uber en San Antonio y un cliente resulta herido, <a href=\"https:\/\/www.uber.com\/us\/en\/drive\/insurance\/?city=sanantonio\" target=\"_blank\" rel=\"noopener\">determinar qui\u00e9n es responsable<\/a> puede resultar dif\u00edcil. Lidiar con una combinaci\u00f3n de seguros personales, el seguro del conductor de Uber y la aseguradora de la empresa de transporte compartido puede hacer que resolver una reclamaci\u00f3n por accidente de Uber parezca una batalla cuesta arriba, ya que las condiciones de la cobertura dependen principalmente de la situaci\u00f3n laboral del conductor culpable en el momento del accidente.<\/p>\n<ul>\n<li>La compa\u00f1\u00eda de seguros personal del conductor es responsable de las lesiones y los da\u00f1os si el accidente se produce mientras est\u00e1 fuera de servicio o no est\u00e1 disponible.<\/li>\n<li>Si el conductor estaba conectado a la aplicaci\u00f3n pero a\u00fan no hab\u00eda recogido a ning\u00fan pasajero, se aplicar\u00eda el seguro contingente de Uber. Uber ofrece cobertura de responsabilidad civil en caso de accidente causado por el conductor. Hay una responsabilidad civil por lesiones de 1 000 000 $ por accidente, as\u00ed como una responsabilidad civil por da\u00f1os materiales de 25 000 $ y hasta 50 000 $ por persona lesionada.<\/li>\n<\/ul>\n<p>Las v\u00edctimas lesionadas deber\u00e1n ponerse en contacto con la aseguradora de la empresa de transporte compartido para determinar si se pueden utilizar las prestaciones del seguro contingente para cubrir lesiones o p\u00e9rdidas catastr\u00f3ficas que no est\u00e9n cubiertas por sus propias p\u00f3lizas. Los abogados especializados en accidentes de Uber de San Antonio, del bufete Texas Law Guns, Injury &amp; Accident Lawyers, explorar\u00e1n y buscar\u00e1n todas las posibles fuentes de compensaci\u00f3n econ\u00f3mica por da\u00f1os econ\u00f3micos y no econ\u00f3micos, como los siguientes:<\/p>\n<ul>\n<li>Gastos m\u00e9dicos actuales y futuros<\/li>\n<li>Salarios perdidos<\/li>\n<li>P\u00e9rdida de capacidad de ganancia si el accidente le dej\u00f3 discapacitado<\/li>\n<li>Dolor y sufrimiento<\/li>\n<li>P\u00e9rdida del disfrute de la vida<\/li>\n<\/ul>\n<p>Si el conductor negligente se comport\u00f3 de manera especialmente imprudente o temeraria, tambi\u00e9n se le pueden conceder da\u00f1os punitivos, que tienen por objeto castigar al infractor y disuadir de conductas similares en el futuro.<\/p>\n<p>Seg\u00fan la legislaci\u00f3n de Texas, usted <a href=\"https:\/\/statutes.capitol.texas.gov\/Docs\/CP\/htm\/CP.16.htm\" target=\"_blank\" rel=\"noopener\">tiene hasta dos a\u00f1os<\/a> para presentar una demanda por lesiones personales en un caso de accidente de coche compartido en San Antonio. Los abogados experimentados de Texas Law Guns, Injury &amp; Accident Lawyers le ayudar\u00e1n a garantizar que su reclamaci\u00f3n al seguro se presente a tiempo para que no pierda involuntariamente su derecho a una indemnizaci\u00f3n.<\/p>\n<h2><span class=\"ez-toc-section\" id=\"Preguntas_frecuentes\"><\/span>Preguntas frecuentes<span class=\"ez-toc-section-end\"><\/span><\/h2>\n<h3><span class=\"ez-toc-section\" id=\"He_tenido_un_accidente_de_coche_compartido_en_San_Antonio_%C2%BFQue_debo_hacer\"><\/span>He tenido un accidente de coche compartido en San Antonio. \u00bfQu\u00e9 debo hacer?<span class=\"ez-toc-section-end\"><\/span><\/h3>\n<p>Debe empezar a documentar todo lo antes posible. Aseg\u00farese de llamar a la polic\u00eda y de que todas las personas implicadas est\u00e9n a salvo. Cuando llegue la polic\u00eda, tomar\u00e1 algunos datos para poder redactar el informe del accidente. Si necesita asistencia m\u00e9dica, solic\u00edtela. Cualquier accidente, por leve que sea, puede provocar lesiones graves. Aunque no tenga lesiones visibles, acuda a un m\u00e9dico lo antes posible para confirmarlo.<\/p>\n<p>&nbsp;<\/p>\n<p>Tambi\u00e9n es importante que informe del accidente a Uber, ya que deben estar al corriente del mismo. A continuaci\u00f3n, p\u00f3ngase en contacto con un abogado especializado en lesiones personales. Su abogado especializado en lesiones por accidente le ayudar\u00e1 con los siguientes pasos y se asegurar\u00e1 de que obtenga la indemnizaci\u00f3n justa que se merece.<\/p>\n<h3><span class=\"ez-toc-section\" id=\"%C2%BFPuede_obtener_una_indemnizacion_por_un_accidente_de_coche_compartido_en_San_Antonio\"><\/span>\u00bfPuede obtener una indemnizaci\u00f3n por un accidente de coche compartido en San Antonio?<span class=\"ez-toc-section-end\"><\/span><\/h3>\n<p>Si usted o un ser querido ha resultado herido en un accidente de transporte compartido causado por las acciones imprudentes o negligentes de otra persona, busque asistencia legal hoy mismo. En Texas Law Guns, Injury &amp; Accident Lawyers, exploraremos todas las v\u00edas de indemnizaci\u00f3n y trabajaremos para garantizar lo siguiente:<\/p>\n<ul>\n<li>Cobertura de los gastos m\u00e9dicos relacionados con el accidente<\/li>\n<li>Recuperaci\u00f3n de los salarios perdidos si no puede trabajar<\/li>\n<li>Da\u00f1os por dolor y sufrimiento<\/li>\n<li>Da\u00f1os por p\u00e9rdida de disfrute de la vida<\/li>\n<li>P\u00e9rdida de consorcio (p\u00e9rdida de compa\u00f1\u00eda)<\/li>\n<li>Posibles da\u00f1os punitivos contra la parte negligente (por ejemplo, si hubo un conductor ebrio involucrado)<\/li>\n<\/ul>\n<p>Si ha perdido a un ser querido, podemos ayudarle a presentar una demanda por muerte por negligencia para reclamar una indemnizaci\u00f3n por los gastos del funeral, las facturas m\u00e9dicas y las p\u00e9rdidas relacionadas.<\/p>\n<h3><span class=\"ez-toc-section\" id=\"%C2%BFCuando_puedo_demandar_a_una_empresa_de_transporte_compartido_como_Uber\"><\/span>\u00bfCu\u00e1ndo puedo demandar a una empresa de transporte compartido como Uber?<span class=\"ez-toc-section-end\"><\/span><\/h3>\n<p>No es necesario que se encuentre en el mismo veh\u00edculo que el conductor para demandar a una empresa de transporte compartido. Los veh\u00edculos de Uber pueden verse involucrados en otros incidentes, tales como:<\/p>\n<ul>\n<li>Accidentes de motocicleta<\/li>\n<li>Accidentes de cami\u00f3n<\/li>\n<li>Accidentes de peatones<\/li>\n<li>Accidentes de bicicleta<\/li>\n<\/ul>\n<p>Si el conductor del veh\u00edculo compartido es el culpable, es posible que tenga derecho a una compensaci\u00f3n econ\u00f3mica por parte de la empresa. Esto es especialmente cierto si el conductor no ten\u00eda seguro o si la compa\u00f1\u00eda de seguros no le paga el importe total de los da\u00f1os que se le deben. Un abogado especializado en accidentes automovil\u00edsticos le ayudar\u00e1 a identificar a todas las partes responsables que puedan deberle dinero por sus p\u00e9rdidas.<\/p>\n<h3><span class=\"ez-toc-section\" id=\"%C2%BFCuando_debe_contratar_a_un_abogado_despues_de_un_accidente_de_Uber\"><\/span>\u00bfCu\u00e1ndo debe contratar a un abogado despu\u00e9s de un accidente de Uber?<span class=\"ez-toc-section-end\"><\/span><\/h3>\n<p>Tan pronto como sepa que su accidente de Uber en San Antonio le ha dejado lesiones indemnizables, debe ponerse en contacto con un abogado especializado en lesiones personales con experiencia en casos de transporte compartido. Siempre que intervienen las compa\u00f1\u00edas de seguros, cuentan con ajustadores de siniestros y equipos de abogados cuya \u00fanica responsabilidad es asegurarse de que sus empleadores le paguen la menor indemnizaci\u00f3n posible. Su caso merece la representaci\u00f3n de un abogado con conocimientos y experiencia que luchar\u00e1 por cada d\u00f3lar de indemnizaci\u00f3n que usted se merece.<\/p>\n<p>Su abogado especializado en accidentes de Uber en San Antonio puede:<\/p>\n<ul>\n<li>Identificar a todas las partes responsables, como el conductor culpable, su aseguradora, la aseguradora de Uber e incluso las autoridades de mantenimiento de las carreteras.<\/li>\n<li>Investigar el accidente obteniendo declaraciones de testigos, revisando los registros m\u00e9dicos y los informes del accidente, e incluso visitando el lugar del accidente si es necesario.<\/li>\n<li>Responder a todas las preguntas de los ajustadores de seguros de las partes culpables.<\/li>\n<li>Participar en las negociaciones del acuerdo en su nombre para obtener los tipos de da\u00f1os y perjuicios a los que tiene derecho.<\/li>\n<li>Llevar su caso a juicio si es necesario y presentarlo de manera que el juez y\/o el jurado lo consideren convincente.<\/li>\n<\/ul>\n<p>Un caso de accidente de Uber suele ser mucho m\u00e1s complicado y complejo que un caso de accidente de tr\u00e1fico, ya que la responsabilidad y las v\u00edas de indemnizaci\u00f3n depender\u00e1n principalmente de la situaci\u00f3n del conductor en el momento del accidente. Muchos abogados especializados en lesiones personales de San Antonio nunca han llevado un caso relacionado con un veh\u00edculo comercial de gran tama\u00f1o, pero Texas Law Guns, Injury &amp; Accident Lawyers ha conseguido indemnizaciones millonarias para sus clientes y sabe c\u00f3mo ayudar a las v\u00edctimas de accidentes de tr\u00e1fico a obtener la justicia que se merecen.<\/p>\n<p>Si ha resultado lesionado, p\u00f3ngase en contacto con nosotros para una consulta gratuita y una revisi\u00f3n de su caso. Si creemos que tiene derecho a reclamar por el accidente, agotaremos todas las opciones legales para maximizar su indemnizaci\u00f3n. No hay que pagar nada por adelantado por nuestros servicios, y solo tendr\u00e1 que pagar si conseguimos una indemnizaci\u00f3n para usted.<\/p>\n<h2><span class=\"ez-toc-section\" id=\"Obtenga_una_consulta_gratuita_con_un_abogado_especializado_en_accidentes_de_Uber_en_San_Antonio\"><\/span>Obtenga una consulta gratuita con un abogado especializado en accidentes de Uber en San Antonio<span class=\"ez-toc-section-end\"><\/span><\/h2>\n<p>Cuando se enfrenta a a\u00f1os de dolor y rehabilitaci\u00f3n o a la p\u00e9rdida de un ser querido, se merece un abogado agresivo que le gu\u00ede a trav\u00e9s del proceso legal y no se conforme con menos de lo que se merece durante este dif\u00edcil momento.<\/p>\n<p>Los abogados especializados en accidentes del bufete Texas Law Guns, Injury &amp; Accident Lawyers han obtenido <a href=\"https:\/\/www.vblawgroup.com\/es\/resultados-de-casos\/\">acuerdos y sentencias<\/a> justos en nombre de v\u00edctimas involucradas en una amplia gama de accidentes de veh\u00edculos compartidos en San Antonio. Desde su primera llamada telef\u00f3nica hasta el juicio, estamos a su disposici\u00f3n, as\u00ed que para programar una consulta gratuita y sin compromiso con un abogado especializado en accidentes de Uber en San Antonio, <a href=\"https:\/\/www.vblawgroup.com\/es\/contactenos\/\">p\u00f3ngase en contacto con nosotros<\/a>.<\/p>\n","protected":false},"excerpt":{"rendered":"<p>Los servicios de transporte compartido como Uber son ahora muy conocidos en San Antonio. Con la aplicaci\u00f3n en su tel\u00e9fono inteligente, puede obtener una tarifa hasta su destino, ver el coche que se dirige hacia usted y compartir informaci\u00f3n sobre su viaje con otras personas. Aunque es muy c\u00f3modo para los pasajeros, los veh\u00edculos de&#8230; <a href=\"https:\/\/www.vblawgroup.com\/es\/abogados-de-accidentes-de-uber-en-san-antonio\/\">read more<\/a><\/p>\n","protected":false},"author":10,"featured_media":0,"parent":0,"menu_order":0,"comment_status":"closed","ping_status":"closed","template":"","meta":{"_acf_changed":false,"footnotes":""},"class_list":["post-910","page","type-page","status-publish","hentry"],"acf":[],"_links":{"self":[{"href":"https:\/\/www.vblawgroup.com\/es\/wp-json\/wp\/v2\/pages\/910","targetHints":{"allow":["GET"]}}],"collection":[{"href":"https:\/\/www.vblawgroup.com\/es\/wp-json\/wp\/v2\/pages"}],"about":[{"href":"https:\/\/www.vblawgroup.com\/es\/wp-json\/wp\/v2\/types\/page"}],"author":[{"embeddable":true,"href":"https:\/\/www.vblawgroup.com\/es\/wp-json\/wp\/v2\/users\/10"}],"replies":[{"embeddable":true,"href":"https:\/\/www.vblawgroup.com\/es\/wp-json\/wp\/v2\/comments?post=910"}],"version-history":[{"count":0,"href":"https:\/\/www.vblawgroup.com\/es\/wp-json\/wp\/v2\/pages\/910\/revisions"}],"wp:attachment":[{"href":"https:\/\/www.vblawgroup.com\/es\/wp-json\/wp\/v2\/media?parent=910"}],"curies":[{"name":"wp","href":"https:\/\/api.w.org\/{rel}","templated":true}]}}