{"id":911,"date":"2025-07-07T19:01:25","date_gmt":"2025-07-07T19:01:25","guid":{"rendered":"https:\/\/www.vblawgroup.com\/es\/?page_id=911"},"modified":"2025-07-07T19:01:25","modified_gmt":"2025-07-07T19:01:25","slug":"abogados-de-lesiones-infantiles-en-san-antonio","status":"publish","type":"page","link":"https:\/\/www.vblawgroup.com\/es\/abogados-de-lesiones-infantiles-en-san-antonio\/","title":{"rendered":"Abogados especializados en lesiones infantiles en San Antonio"},"content":{"rendered":"<p>Para los ni\u00f1os, los accidentes y lesiones leves son parte del crecimiento. Sin embargo, hay ocasiones en que las lesiones son graves y el accidente es el resultado de la negligencia de otra persona. Si su hijo resulta herido porque un conductor fue imprudente o porque el fabricante de un equipo de juegos infantiles fue negligente, usted tiene derecho a una indemnizaci\u00f3n.<\/p>\n<p>En Texas Law Guns, Injury &amp; Accident Lawyers, luchamos con pasi\u00f3n por los ni\u00f1os que han sufrido lesiones catastr\u00f3ficas. Muchos de nosotros tambi\u00e9n somos padres, sabemos por lo que est\u00e1 pasando su familia. Nuestra promesa no es solo buscar justicia, sino tambi\u00e9n ofrecer la compasi\u00f3n, la comprensi\u00f3n y la atenci\u00f3n personalizada que usted y su familia necesitan durante este dif\u00edcil per\u00edodo.<\/p>\n<div id=\"ez-toc-container\" class=\"ez-toc-v2_0_76 counter-hierarchy ez-toc-counter ez-toc-grey ez-toc-container-direction\">\n<div class=\"ez-toc-title-container\">\n<p class=\"ez-toc-title\" style=\"cursor:inherit\">Table of Contents<\/p>\n<span class=\"ez-toc-title-toggle\"><a href=\"#\" class=\"ez-toc-pull-right ez-toc-btn ez-toc-btn-xs ez-toc-btn-default ez-toc-toggle\" aria-label=\"Toggle Table of Content\"><span class=\"ez-toc-js-icon-con\"><span class=\"\"><span class=\"eztoc-hide\" style=\"display:none;\">Toggle<\/span><span class=\"ez-toc-icon-toggle-span\"><svg style=\"fill: #999;color:#999\" xmlns=\"http:\/\/www.w3.org\/2000\/svg\" class=\"list-377408\" width=\"20px\" height=\"20px\" viewBox=\"0 0 24 24\" fill=\"none\"><path d=\"M6 6H4v2h2V6zm14 0H8v2h12V6zM4 11h2v2H4v-2zm16 0H8v2h12v-2zM4 16h2v2H4v-2zm16 0H8v2h12v-2z\" fill=\"currentColor\"><\/path><\/svg><svg style=\"fill: #999;color:#999\" class=\"arrow-unsorted-368013\" xmlns=\"http:\/\/www.w3.org\/2000\/svg\" width=\"10px\" height=\"10px\" viewBox=\"0 0 24 24\" version=\"1.2\" baseProfile=\"tiny\"><path d=\"M18.2 9.3l-6.2-6.3-6.2 6.3c-.2.2-.3.4-.3.7s.1.5.3.7c.2.2.4.3.7.3h11c.3 0 .5-.1.7-.3.2-.2.3-.5.3-.7s-.1-.5-.3-.7zM5.8 14.7l6.2 6.3 6.2-6.3c.2-.2.3-.5.3-.7s-.1-.5-.3-.7c-.2-.2-.4-.3-.7-.3h-11c-.3 0-.5.1-.7.3-.2.2-.3.5-.3.7s.1.5.3.7z\"\/><\/svg><\/span><\/span><\/span><\/a><\/span><\/div>\n<nav><ul class='ez-toc-list ez-toc-list-level-1 ' ><li class='ez-toc-page-1 ez-toc-heading-level-2'><a class=\"ez-toc-link ez-toc-heading-1\" href=\"https:\/\/www.vblawgroup.com\/es\/abogados-de-lesiones-infantiles-en-san-antonio\/#Como_pueden_ayudarle_nuestros_abogados_especializados_en_lesiones_infantiles_en_San_Antonio\" >C\u00f3mo pueden ayudarle nuestros abogados especializados en lesiones infantiles en San Antonio<\/a><\/li><li class='ez-toc-page-1 ez-toc-heading-level-2'><a class=\"ez-toc-link ez-toc-heading-2\" href=\"https:\/\/www.vblawgroup.com\/es\/abogados-de-lesiones-infantiles-en-san-antonio\/#Lesiones_comunes_en_accidentes_infantiles\" >Lesiones comunes en accidentes infantiles<\/a><ul class='ez-toc-list-level-3' ><li class='ez-toc-heading-level-3'><a class=\"ez-toc-link ez-toc-heading-3\" href=\"https:\/\/www.vblawgroup.com\/es\/abogados-de-lesiones-infantiles-en-san-antonio\/#Accidentes_de_trafico\" >Accidentes de tr\u00e1fico<\/a><\/li><li class='ez-toc-page-1 ez-toc-heading-level-3'><a class=\"ez-toc-link ez-toc-heading-4\" href=\"https:\/\/www.vblawgroup.com\/es\/abogados-de-lesiones-infantiles-en-san-antonio\/#Lesiones_en_la_escuela\" >Lesiones en la escuela<\/a><\/li><li class='ez-toc-page-1 ez-toc-heading-level-3'><a class=\"ez-toc-link ez-toc-heading-5\" href=\"https:\/\/www.vblawgroup.com\/es\/abogados-de-lesiones-infantiles-en-san-antonio\/#Lesiones_en_parques_infantiles\" >Lesiones en parques infantiles<\/a><\/li><li class='ez-toc-page-1 ez-toc-heading-level-3'><a class=\"ez-toc-link ez-toc-heading-6\" href=\"https:\/\/www.vblawgroup.com\/es\/abogados-de-lesiones-infantiles-en-san-antonio\/#Lesiones_deportivas\" >Lesiones deportivas<\/a><\/li><li class='ez-toc-page-1 ez-toc-heading-level-3'><a class=\"ez-toc-link ez-toc-heading-7\" href=\"https:\/\/www.vblawgroup.com\/es\/abogados-de-lesiones-infantiles-en-san-antonio\/#Accidentes_de_autobus_escolar\" >Accidentes de autob\u00fas escolar<\/a><\/li><li class='ez-toc-page-1 ez-toc-heading-level-3'><a class=\"ez-toc-link ez-toc-heading-8\" href=\"https:\/\/www.vblawgroup.com\/es\/abogados-de-lesiones-infantiles-en-san-antonio\/#Mordeduras_de_perro\" >Mordeduras de perro<\/a><\/li><li class='ez-toc-page-1 ez-toc-heading-level-3'><a class=\"ez-toc-link ez-toc-heading-9\" href=\"https:\/\/www.vblawgroup.com\/es\/abogados-de-lesiones-infantiles-en-san-antonio\/#Negligencia_medica\" >Negligencia m\u00e9dica<\/a><\/li><\/ul><\/li><li class='ez-toc-page-1 ez-toc-heading-level-2'><a class=\"ez-toc-link ez-toc-heading-10\" href=\"https:\/\/www.vblawgroup.com\/es\/abogados-de-lesiones-infantiles-en-san-antonio\/#Cuando_contratar_a_un_abogado_especializado_en_lesiones_personales\" >Cu\u00e1ndo contratar a un abogado especializado en lesiones personales<\/a><\/li><\/ul><\/nav><\/div>\n<h2><span class=\"ez-toc-section\" id=\"Como_pueden_ayudarle_nuestros_abogados_especializados_en_lesiones_infantiles_en_San_Antonio\"><\/span>C\u00f3mo pueden ayudarle nuestros abogados especializados en lesiones infantiles en San Antonio<span class=\"ez-toc-section-end\"><\/span><\/h2>\n<p>En Texas Law Guns, Injury &amp; Accident Lawyers, entendemos que no hay nada m\u00e1s angustiante que ver a su hijo sufrir da\u00f1os por la negligencia o las malas acciones de otra persona. Nuestro dedicado equipo de abogados especializados en lesiones infantiles en San Antonio puede ayudarle de varias maneras, desde servicios legales especializados hasta apoyo moral continuo.<\/p>\n<ul>\n<li>Nuestros abogados compasivos abordan cada caso con empat\u00eda, asegur\u00e1ndose de que usted y su hijo lesionado se sientan escuchados y apoyados durante todo el proceso legal. Nos tomamos el tiempo necesario para comprender las circunstancias \u00fanicas de su caso y le ofrecemos atenci\u00f3n personalizada para abordar sus necesidades y preocupaciones espec\u00edficas.<\/li>\n<li>Hemos <a href=\"https:\/\/www.vblawgroup.com\/blog\/personal-injury\/how-to-win-personal-injury-case-in-texas\/\">llevado con \u00e9xito<\/a> diversos casos de accidentes con lesiones infantiles, incluidos los derivados de accidentes de tr\u00e1fico, negligencia m\u00e9dica y productos defectuosos. Nuestra experiencia nos permite navegar por el sistema legal de manera eficiente y eficaz en su nombre.<\/li>\n<li>Los abogados de nuestro bufete tienen una amplia experiencia en la negociaci\u00f3n con compa\u00f1\u00edas de seguros para garantizar que se protejan los derechos de su hijo y que reciba la indemnizaci\u00f3n que se merece. No tememos enfrentarnos a los ajustadores de seguros y luchar por los intereses de su hijo.<\/li>\n<li>Aunque siempre nos esforzamos por alcanzar un acuerdo justo, estamos preparados para llevar su caso a juicio si es necesario. Nuestros abogados, con amplia experiencia en juicios, cuentan con las habilidades y los recursos necesarios para presentar un caso convincente ante el tribunal y abogar por la m\u00e1xima indemnizaci\u00f3n.<\/li>\n<\/ul>\n<p>Nuestros abogados especializados en lesiones infantiles en San Antonio trabajan a comisi\u00f3n. Esto significa que no tendr\u00e1 que preocuparse por los honorarios iniciales del abogado, ya que solo cobramos si conseguimos un acuerdo o un veredicto favorable.<\/p>\n<h2><span class=\"ez-toc-section\" id=\"Lesiones_comunes_en_accidentes_infantiles\"><\/span>Lesiones comunes en accidentes infantiles<span class=\"ez-toc-section-end\"><\/span><\/h2>\n<p>Hay varias situaciones que pueden provocar lesiones en los ni\u00f1os, desde incidentes relacionados con la escuela hasta accidentes en parques infantiles, accidentes deportivos y mucho m\u00e1s. A continuaci\u00f3n se ofrece una descripci\u00f3n general de los tipos m\u00e1s comunes de accidentes que causan lesiones a los ni\u00f1os.<\/p>\n<h3><span class=\"ez-toc-section\" id=\"Accidentes_de_trafico\"><\/span>Accidentes de tr\u00e1fico<span class=\"ez-toc-section-end\"><\/span><\/h3>\n<p>Los accidentes de tr\u00e1fico en los que se ven involucrados ni\u00f1os son una realidad desgarradora que pone de relieve la importancia de la seguridad vial. Estos accidentes pueden tener consecuencias devastadoras para los ni\u00f1os, ya que sus cuerpos a\u00fan se est\u00e1n desarrollando y son m\u00e1s vulnerables a los impactos. Incluso con asientos de seguridad y cinturones de seguridad adecuados, la fuerza de una colisi\u00f3n puede causar lesiones graves, como fracturas, traumatismos craneales, lesiones cervicales, lesiones medulares y da\u00f1os en \u00f3rganos internos. El impacto emocional tambi\u00e9n puede ser enorme, as\u00ed que hable con nuestros <a href=\"https:\/\/www.vblawgroup.com\/san-antonio-car-accident-attorney\/\">abogados especializados en accidentes de tr\u00e1fico<\/a> si su hijo resulta herido por un conductor negligente.<\/p>\n<h3><span class=\"ez-toc-section\" id=\"Lesiones_en_la_escuela\"><\/span>Lesiones en la escuela<span class=\"ez-toc-section-end\"><\/span><\/h3>\n<p>Las escuelas p\u00fablicas deben ser entornos seguros, pero pueden producirse lesiones, especialmente en las siguientes condiciones:<\/p>\n<ul>\n<li><b>Incidentes de acoso escolar: <\/b>El acoso escolar puede escalar hasta convertirse en violencia f\u00edsica, causando graves da\u00f1os a la v\u00edctima. Si su hijo resulta herido, puede haber motivos para emprender acciones legales contra la escuela o los padres del acosador, dependiendo de las circunstancias.<\/li>\n<li><b>Supervisi\u00f3n negligente:<\/b> Si un ni\u00f1o sufre da\u00f1os debido a que la escuela no ha proporcionado la supervisi\u00f3n adecuada, la escuela puede ser considerada responsable de las lesiones sufridas.<\/li>\n<li><b>Lesiones en actividades relacionadas con la escuela<\/b>: Las actividades y eventos patrocinados por la escuela pueden a veces dar lugar a accidentes y lesiones devastadores. Ya se trate de una excursi\u00f3n, un evento deportivo o una actividad extracurricular, la escuela puede ser considerada responsable de las lesiones resultantes de su incumplimiento en el mantenimiento de un entorno seguro.<\/li>\n<\/ul>\n<h3><span class=\"ez-toc-section\" id=\"Lesiones_en_parques_infantiles\"><\/span>Lesiones en parques infantiles<span class=\"ez-toc-section-end\"><\/span><\/h3>\n<p>Los parques infantiles est\u00e1n pensados para ser espacios divertidos, pero tambi\u00e9n pueden presentar diversos riesgos que provocan lesiones debilitantes.<\/p>\n<ul>\n<li><b>Accidentes relacionados con el equipamiento:<\/b> El equipamiento de los parques infantiles puede funcionar mal o estar en mal estado, lo que puede provocar cortes, fracturas e incluso lesiones medulares o cerebrales traum\u00e1ticas. En tales casos, la parte responsable del mantenimiento del parque infantil puede ser considerada responsable.<\/li>\n<li><b>Ca\u00eddas y fracturas: <\/b>Los tropiezos, resbalones y ca\u00eddas pueden provocar fracturas, esguinces u otras lesiones. Unas superficies adecuadas y unas medidas de seguridad adecuadas pueden ayudar a reducir el riesgo de este tipo de accidentes, y no proporcionarlas puede hacer que los responsables del parque sean responsables.<\/li>\n<\/ul>\n<h3><span class=\"ez-toc-section\" id=\"Lesiones_deportivas\"><\/span>Lesiones deportivas<span class=\"ez-toc-section-end\"><\/span><\/h3>\n<p>La pr\u00e1ctica de deportes es una actividad muy popular entre los ni\u00f1os, pero tambi\u00e9n conlleva riesgos inherentes, algunos de los cuales se pueden prevenir. Por ejemplo:<\/p>\n<ul>\n<li>Los deportes de contacto o los accidentes durante las actividades recreativas pueden provocar conmociones cerebrales o lesiones en la cabeza. Los entrenadores, organizadores u otras partes pueden ser considerados responsables si no se han seguido los protocolos de seguridad adecuados.<\/li>\n<li>Los deportes que implican correr, saltar o contacto f\u00edsico pueden provocar lesiones en los tejidos blandos, fracturas \u00f3seas, esguinces o distensiones. En algunos casos, la negligencia por parte de los entrenadores o las instalaciones deportivas podr\u00eda contribuir a tales lesiones.<\/li>\n<\/ul>\n<h3><span class=\"ez-toc-section\" id=\"Accidentes_de_autobus_escolar\"><\/span>Accidentes de autob\u00fas escolar<span class=\"ez-toc-section-end\"><\/span><\/h3>\n<p>La negligencia del conductor, el mal mantenimiento del veh\u00edculo y las condiciones inseguras de la carretera pueden causar o contribuir a un accidente de autob\u00fas escolar. Su hijo puede tener derecho a una indemnizaci\u00f3n si ha resultado herido por negligencia del distrito escolar o de la empresa de autobuses.<\/p>\n<h3><span class=\"ez-toc-section\" id=\"Mordeduras_de_perro\"><\/span>Mordeduras de perro<span class=\"ez-toc-section-end\"><\/span><\/h3>\n<p>Los ni\u00f1os corren un mayor riesgo de sufrir mordeduras de perro debido a su tama\u00f1o m\u00e1s peque\u00f1o, sus movimientos impredecibles y su comprensi\u00f3n limitada del lenguaje corporal de los perros. Cuando el perro ataca, puede provocar lesiones f\u00edsicas, cicatrices y traumas emocionales. Buscar atenci\u00f3n m\u00e9dica y consultar con un abogado especializado en lesiones personales son pasos esenciales para garantizar el bienestar del ni\u00f1o y proteger sus derechos legales.<\/p>\n<h3><span class=\"ez-toc-section\" id=\"Negligencia_medica\"><\/span>Negligencia m\u00e9dica<span class=\"ez-toc-section-end\"><\/span><\/h3>\n<p>La negligencia m\u00e9dica se produce cuando un profesional sanitario, como un m\u00e9dico, una enfermera o un centro m\u00e9dico, no proporciona la atenci\u00f3n adecuada, lo que provoca da\u00f1os al paciente. Desgraciadamente, los ni\u00f1os no son inmunes a los errores m\u00e9dicos, y estos incidentes pueden tener consecuencias devastadoras tanto para el ni\u00f1o como para su familia.<\/p>\n<p>Ya se trate de un diagn\u00f3stico err\u00f3neo, un error en la medicaci\u00f3n, un error quir\u00fargico o un tratamiento inadecuado, las repercusiones de la negligencia m\u00e9dica en la salud y el bienestar de un ni\u00f1o pueden ser graves y duraderas. En estas situaciones dif\u00edciles, es fundamental buscar la representaci\u00f3n legal de abogados con experiencia en lesiones infantiles para que las partes negligentes rindan cuentas.<\/p>\n<h2><span class=\"ez-toc-section\" id=\"Cuando_contratar_a_un_abogado_especializado_en_lesiones_personales\"><\/span>Cu\u00e1ndo contratar a un abogado especializado en lesiones personales<span class=\"ez-toc-section-end\"><\/span><\/h2>\n<p>Como se ha mencionado anteriormente, los ni\u00f1os pueden ser propensos a los accidentes, e incluso un accidente fortuito puede causar lesiones graves. Como padre, \u00bfc\u00f3mo puede determinar si debe llamar a un abogado especializado en lesiones infantiles en San Antonio, adem\u00e1s de a su m\u00e9dico? A continuaci\u00f3n, se presentan algunas situaciones clave en las que es esencial contratar a un abogado para la lesi\u00f3n de su hijo:<\/p>\n<ul>\n<li><b>Lesiones graves y debilitantes: <\/b>Cuando su hijo ha sufrido una lesi\u00f3n grave o con consecuencias a largo plazo, es fundamental contratar a un abogado. Esto se debe a que los costos asociados con lesiones graves o permanentes, como facturas m\u00e9dicas, cuidados continuos y rehabilitaci\u00f3n, pueden ser astron\u00f3micos. Un abogado con experiencia en lesiones infantiles puede ayudarle a estimar los costos futuros y negociar un paquete de compensaci\u00f3n justo para cubrir estos gastos.<\/li>\n<li><b>La lesi\u00f3n fue causada por negligencia o da\u00f1o intencional: <\/b>Si la lesi\u00f3n de su hijo fue el resultado del comportamiento negligente o intencionalmente da\u00f1ino de otra persona, es necesario contar con la participaci\u00f3n de un abogado. Este puede ayudar a establecer la responsabilidad de la parte culpable, recopilar las pruebas necesarias y presentar un caso convincente para garantizar que usted reciba la indemnizaci\u00f3n que se merece.<\/li>\n<li><b>Tiene que lidiar con las compa\u00f1\u00edas de seguros: <\/b>Las compa\u00f1\u00edas de seguros suelen intentar minimizar los pagos. Pueden emplear diversas t\u00e1cticas, como denegar las reclamaciones u ofrecer acuerdos r\u00e1pidos y bajos, que pueden no cubrir todos los gastos m\u00e9dicos y de rehabilitaci\u00f3n de su hijo. Un abogado especializado en lesiones personales puede negociar h\u00e1bilmente con los ajustadores de seguros, evitando que usted acepte un acuerdo por debajo del valor real.<\/li>\n<\/ul>\n","protected":false},"excerpt":{"rendered":"<p>Para los ni\u00f1os, los accidentes y lesiones leves son parte del crecimiento. Sin embargo, hay ocasiones en que las lesiones son graves y el accidente es el resultado de la negligencia de otra persona. Si su hijo resulta herido porque un conductor fue imprudente o porque el fabricante de un equipo de juegos infantiles fue&#8230; <a href=\"https:\/\/www.vblawgroup.com\/es\/abogados-de-lesiones-infantiles-en-san-antonio\/\">read more<\/a><\/p>\n","protected":false},"author":10,"featured_media":0,"parent":0,"menu_order":0,"comment_status":"closed","ping_status":"closed","template":"","meta":{"_acf_changed":false,"footnotes":""},"class_list":["post-911","page","type-page","status-publish","hentry"],"acf":[],"_links":{"self":[{"href":"https:\/\/www.vblawgroup.com\/es\/wp-json\/wp\/v2\/pages\/911","targetHints":{"allow":["GET"]}}],"collection":[{"href":"https:\/\/www.vblawgroup.com\/es\/wp-json\/wp\/v2\/pages"}],"about":[{"href":"https:\/\/www.vblawgroup.com\/es\/wp-json\/wp\/v2\/types\/page"}],"author":[{"embeddable":true,"href":"https:\/\/www.vblawgroup.com\/es\/wp-json\/wp\/v2\/users\/10"}],"replies":[{"embeddable":true,"href":"https:\/\/www.vblawgroup.com\/es\/wp-json\/wp\/v2\/comments?post=911"}],"version-history":[{"count":0,"href":"https:\/\/www.vblawgroup.com\/es\/wp-json\/wp\/v2\/pages\/911\/revisions"}],"wp:attachment":[{"href":"https:\/\/www.vblawgroup.com\/es\/wp-json\/wp\/v2\/media?parent=911"}],"curies":[{"name":"wp","href":"https:\/\/api.w.org\/{rel}","templated":true}]}}