{"id":912,"date":"2025-07-07T19:05:53","date_gmt":"2025-07-07T19:05:53","guid":{"rendered":"https:\/\/www.vblawgroup.com\/es\/?page_id=912"},"modified":"2025-07-07T19:05:53","modified_gmt":"2025-07-07T19:05:53","slug":"abogados-consulta-gratis-san-antonio","status":"publish","type":"page","link":"https:\/\/www.vblawgroup.com\/es\/abogados-consulta-gratis-san-antonio\/","title":{"rendered":"Abogados de consulta gratuita en San Antonio cerca de m\u00ed"},"content":{"rendered":"<p>Si usted o un ser querido ha sufrido una lesi\u00f3n, probablemente tenga muchas preguntas en este momento. \u00bfTengo un caso? \u00bfCu\u00e1l es el proceso de reclamaci\u00f3n por lesiones personales? \u00bfQu\u00e9 puede hacer por m\u00ed un abogado especializado en lesiones personales en San Antonio?<\/p>\n<p>Todas estas preguntas las podemos responder durante su consulta inicial gratuita. En Texas Law Guns, Injury &amp; Accident Lawyers, nuestro equipo legal cuenta con d\u00e9cadas de <a href=\"https:\/\/www.vblawgroup.com\/es\/sobre-nosotros\/\">experiencia colectiva<\/a> defendiendo a clientes ante compa\u00f1\u00edas de seguros y otras grandes empresas. Conocemos las t\u00e1cticas que estas empresas utilizan para intimidar o pagar menos de lo debido a las v\u00edctimas y exigiremos la m\u00e1xima indemnizaci\u00f3n por sus lesiones.<\/p>\n<div id=\"ez-toc-container\" class=\"ez-toc-v2_0_76 counter-hierarchy ez-toc-counter ez-toc-grey ez-toc-container-direction\">\n<div class=\"ez-toc-title-container\">\n<p class=\"ez-toc-title\" style=\"cursor:inherit\">Table of Contents<\/p>\n<span class=\"ez-toc-title-toggle\"><a href=\"#\" class=\"ez-toc-pull-right ez-toc-btn ez-toc-btn-xs ez-toc-btn-default ez-toc-toggle\" aria-label=\"Toggle Table of Content\"><span class=\"ez-toc-js-icon-con\"><span class=\"\"><span class=\"eztoc-hide\" style=\"display:none;\">Toggle<\/span><span class=\"ez-toc-icon-toggle-span\"><svg style=\"fill: #999;color:#999\" xmlns=\"http:\/\/www.w3.org\/2000\/svg\" class=\"list-377408\" width=\"20px\" height=\"20px\" viewBox=\"0 0 24 24\" fill=\"none\"><path d=\"M6 6H4v2h2V6zm14 0H8v2h12V6zM4 11h2v2H4v-2zm16 0H8v2h12v-2zM4 16h2v2H4v-2zm16 0H8v2h12v-2z\" fill=\"currentColor\"><\/path><\/svg><svg style=\"fill: #999;color:#999\" class=\"arrow-unsorted-368013\" xmlns=\"http:\/\/www.w3.org\/2000\/svg\" width=\"10px\" height=\"10px\" viewBox=\"0 0 24 24\" version=\"1.2\" baseProfile=\"tiny\"><path d=\"M18.2 9.3l-6.2-6.3-6.2 6.3c-.2.2-.3.4-.3.7s.1.5.3.7c.2.2.4.3.7.3h11c.3 0 .5-.1.7-.3.2-.2.3-.5.3-.7s-.1-.5-.3-.7zM5.8 14.7l6.2 6.3 6.2-6.3c.2-.2.3-.5.3-.7s-.1-.5-.3-.7c-.2-.2-.4-.3-.7-.3h-11c-.3 0-.5.1-.7.3-.2.2-.3.5-.3.7s.1.5.3.7z\"\/><\/svg><\/span><\/span><\/span><\/a><\/span><\/div>\n<nav><ul class='ez-toc-list ez-toc-list-level-1 ' ><li class='ez-toc-page-1 ez-toc-heading-level-2'><a class=\"ez-toc-link ez-toc-heading-1\" href=\"https:\/\/www.vblawgroup.com\/es\/abogados-consulta-gratis-san-antonio\/#%C2%BFQue_ocurre_durante_una_consulta_gratuita_con_un_abogado_especializado_en_lesiones_personales_en_San_Antonio\" >\u00bfQu\u00e9 ocurre durante una consulta gratuita con un abogado especializado en lesiones personales en San Antonio?<\/a><ul class='ez-toc-list-level-3' ><li class='ez-toc-heading-level-3'><a class=\"ez-toc-link ez-toc-heading-2\" href=\"https:\/\/www.vblawgroup.com\/es\/abogados-consulta-gratis-san-antonio\/#Antes_de_llegar\" >Antes de llegar<\/a><\/li><li class='ez-toc-page-1 ez-toc-heading-level-3'><a class=\"ez-toc-link ez-toc-heading-3\" href=\"https:\/\/www.vblawgroup.com\/es\/abogados-consulta-gratis-san-antonio\/#Durante_la_consulta\" >Durante la consulta<\/a><\/li><\/ul><\/li><li class='ez-toc-page-1 ez-toc-heading-level-2'><a class=\"ez-toc-link ez-toc-heading-4\" href=\"https:\/\/www.vblawgroup.com\/es\/abogados-consulta-gratis-san-antonio\/#Despues_de_su_consulta_gratuita\" >Despu\u00e9s de su consulta gratuita<\/a><\/li><li class='ez-toc-page-1 ez-toc-heading-level-2'><a class=\"ez-toc-link ez-toc-heading-5\" href=\"https:\/\/www.vblawgroup.com\/es\/abogados-consulta-gratis-san-antonio\/#%C2%BFComo_puedo_concertar_una_consulta_gratuita_con_un_abogado_especializado_en_lesiones_personales_cerca_de_mi_en_San_Antonio\" >\u00bfC\u00f3mo puedo concertar una consulta gratuita con un abogado especializado en lesiones personales cerca de m\u00ed en San Antonio?<\/a><\/li><\/ul><\/nav><\/div>\n<h2><span class=\"ez-toc-section\" id=\"%C2%BFQue_ocurre_durante_una_consulta_gratuita_con_un_abogado_especializado_en_lesiones_personales_en_San_Antonio\"><\/span>\u00bfQu\u00e9 ocurre durante una consulta gratuita con un abogado especializado en lesiones personales en San Antonio?<span class=\"ez-toc-section-end\"><\/span><\/h2>\n<p>Quiz\u00e1s nos haya encontrado buscando en Google \u00ababogado especializado en lesiones personales cerca de m\u00ed\u00bb, o tal vez le haya recomendado un amigo o familiar. Independientemente de c\u00f3mo haya conocido Texas Law Guns, Injury &amp; Accident Lawyers, estaremos encantados de ver si podemos ayudarle.<\/p>\n<p>Durante esta primera reuni\u00f3n, nos familiarizaremos con usted y su caso, pero lo m\u00e1s importante es que usted nos conocer\u00e1 a nosotros. Dado que los casos de lesiones personales pueden tardar bastante en resolverse, especialmente si hay una cantidad importante de dinero en juego, su relaci\u00f3n con su abogado puede durar mucho tiempo y es importante que se sienta c\u00f3modo y seguro de su decisi\u00f3n de contratar a Texas Law Guns, Injury &amp; Accident Lawyers.<\/p>\n<p>Desde nuestro punto de vista, buscamos identificar lo que sucedi\u00f3 y determinar la responsabilidad. Hay ocasiones en las que los accidentes ocurren sin que nadie tenga la culpa. Para ganar un caso de lesiones personales, debemos establecer la <a href=\"https:\/\/statutes.capitol.texas.gov\/Docs\/CP\/htm\/CP.33.htm\" target=\"_blank\" rel=\"noopener\">responsabilidad<\/a> o la culpa de la otra parte.<\/p>\n<h3><span class=\"ez-toc-section\" id=\"Antes_de_llegar\"><\/span>Antes de llegar<span class=\"ez-toc-section-end\"><\/span><\/h3>\n<p>Antes de asistir a la consulta, recopile toda la documentaci\u00f3n que pueda arrojar luz sobre lo que ocurri\u00f3 y cu\u00e1les pueden ser sus da\u00f1os. Estos materiales incluyen:<\/p>\n<ul>\n<li><b>Historial m\u00e9dico: <\/b>Su historial m\u00e9dico proporciona informaci\u00f3n sobre sus lesiones, la gravedad de estas y las opciones de tratamiento propuestas.<\/li>\n<li><b>Recibos de pago: <\/b>Debe conservar los recibos de todo lo que haya pagado de su bolsillo, incluidas las facturas m\u00e9dicas. Su abogado necesitar\u00e1 estos recibos para calcular los da\u00f1os.<\/li>\n<li><b>Informes policiales: <\/b>El uso de informes policiales para establecer la negligencia puede ayudar a los abogados especializados en lesiones personales a negociar un acuerdo justo con las aseguradoras. Por lo general, los accidentes de tr\u00e1fico van acompa\u00f1ados de un informe policial.<\/li>\n<li><b>Correspondencia con la otra parte: <\/b>Si la parte negligente o su aseguradora se han puesto en contacto con usted por correo electr\u00f3nico o carta, o le han dejado un mensaje de voz, lleve consigo esas comunicaciones, ya que pueden ser vitales para su caso.<\/li>\n<\/ul>\n<p>Tambi\u00e9n es una buena idea pensar con antelaci\u00f3n en cualquier pregunta que pueda tener. Por ejemplo, muchos clientes nuevos nos hacen preguntas como las siguientes:<\/p>\n<ul>\n<li>\u00bfCu\u00e1nto tiempo suele tardar en resolverse un caso de lesiones personales?<\/li>\n<li>\u00bfA qu\u00e9 indemnizaci\u00f3n puedo tener derecho?<\/li>\n<li>\u00bfTienen experiencia en casos como el m\u00edo?<\/li>\n<li>\u00bfCu\u00e1nto cuesta presentar una demanda por lesiones personales?<\/li>\n<\/ul>\n<p>Su abogado especializado en lesiones personales le ofrecer\u00e1 una consulta gratuita y le proporcionar\u00e1 respuestas honestas y directas para que comprenda sus opciones y el proceso legal, y tenga una idea razonable de lo que puede esperar.<\/p>\n<h3><span class=\"ez-toc-section\" id=\"Durante_la_consulta\"><\/span>Durante la consulta<span class=\"ez-toc-section-end\"><\/span><\/h3>\n<p>Durante la consulta, el abogado le pedir\u00e1 que describa el incidente que provoc\u00f3 su lesi\u00f3n. Revisar\u00e1 los documentos relacionados con su caso y le har\u00e1 preguntas sobre el accidente, qui\u00e9nes estuvieron involucrados y qu\u00e9 lesiones sufri\u00f3.<\/p>\n<p>Bas\u00e1ndose en la informaci\u00f3n que usted proporcione, el abogado evaluar\u00e1 los puntos fuertes y d\u00e9biles de su caso. Es posible que le explique sus opciones legales, incluida la probabilidad de \u00e9xito en los tribunales o en las negociaciones para llegar a un acuerdo. Tambi\u00e9n es posible que repase el posible calendario de su caso y lo que deber\u00e1 hacer para prepararse una vez que haya contratado a un representante legal.<\/p>\n<p>En alg\u00fan momento de la conversaci\u00f3n, le explicaremos nuestro acuerdo de honorarios. En Texas Law Guns, Injury &amp; Accident Lawyers, representamos a clientes con lesiones personales en base a resultados, lo que significa que solo cobramos si ganamos su caso. No tiene absolutamente nada que perder al trabajar con un abogado de lesiones personales de San Antonio de primera categor\u00eda y, potencialmente, mucho que ganar. Asignaremos un valor justo a su reclamaci\u00f3n por accidente y lucharemos por el dinero que necesita para reconstruir su vida.<\/p>\n<h2><span class=\"ez-toc-section\" id=\"Despues_de_su_consulta_gratuita\"><\/span>Despu\u00e9s de su consulta gratuita<span class=\"ez-toc-section-end\"><\/span><\/h2>\n<p>Si nos contrata, investigaremos el accidente y reuniremos pruebas que respalden su caso. Esto puede incluir la revisi\u00f3n de registros m\u00e9dicos, informes policiales y declaraciones de testigos, as\u00ed como la realizaci\u00f3n de nuestra propia investigaci\u00f3n independiente. Tambi\u00e9n es posible que le pidamos que se someta a una evaluaci\u00f3n m\u00e9dica para determinar el alcance de las lesiones sufridas en el accidente y su posible impacto a largo plazo en su vida.<\/p>\n<p>Una vez que confirmemos la responsabilidad e identifiquemos una cantidad justa de indemnizaci\u00f3n, negociaremos con las compa\u00f1\u00edas de seguros u otras partes involucradas en su caso para llegar a un acuerdo extrajudicial. Esto puede implicar una extensa comunicaci\u00f3n y negociaci\u00f3n, lo que lleva tiempo. Si la compa\u00f1\u00eda de seguros no ofrece un acuerdo justo, su abogado puede presentar una demanda por lesiones personales en su nombre. Esto implicar\u00e1 la redacci\u00f3n y presentaci\u00f3n de documentos legales y la preparaci\u00f3n de los procedimientos judiciales.<\/p>\n<p>Si su caso llega a juicio, su abogado le representar\u00e1 en el tribunal y presentar\u00e1 pruebas para respaldar su reclamaci\u00f3n de indemnizaci\u00f3n econ\u00f3mica. Argumentar\u00e1 en su nombre y defender\u00e1 sus intereses. Aunque muy pocos casos de lesiones personales llegan a juicio (las estad\u00edsticas de la <a href=\"https:\/\/bjs.ojp.gov\/content\/pub\/ascii\/TCILC.TXT\" target=\"_blank\" rel=\"noopener\">Bureau of Justice<\/a> sit\u00faan la media entre el 3 % y el 4 %), somos litigantes experimentados que sabemos c\u00f3mo presentar un caso s\u00f3lido ante un juez o un jurado.<\/p>\n<p>A lo largo de todo el proceso, su abogado de San Antonio le mantendr\u00e1 informado sobre el progreso de su caso y le orientar\u00e1 sobre el mejor curso de acci\u00f3n. Tambi\u00e9n se encargar\u00e1 de todos los asuntos legales relacionados con su caso, lo que le permitir\u00e1 centrarse en su recuperaci\u00f3n y bienestar.<\/p>\n<h2><span class=\"ez-toc-section\" id=\"%C2%BFComo_puedo_concertar_una_consulta_gratuita_con_un_abogado_especializado_en_lesiones_personales_cerca_de_mi_en_San_Antonio\"><\/span>\u00bfC\u00f3mo puedo concertar una consulta gratuita con un abogado especializado en lesiones personales cerca de m\u00ed en San Antonio?<span class=\"ez-toc-section-end\"><\/span><\/h2>\n<p>\u00bfHa resultado herido en un accidente de tr\u00e1fico o en cualquier otro accidente causado por otra persona? Despu\u00e9s de una lesi\u00f3n grave, es fundamental obtener asesoramiento legal fiable sobre sus derechos. En Texas Law Guns, Injury &amp; Accident Lawyers, nuestros experimentados abogados de lesiones personales de San Antonio se comprometen a ayudarle a obtener una indemnizaci\u00f3n justa de las partes responsables.<\/p>\n<p>Entendemos lo dif\u00edcil que es pensar en emprender acciones legales cuando las lesiones le causan un dolor constante y tiene que acudir con frecuencia al m\u00e9dico. Por eso hacemos que su consulta gratuita con un abogado especializado en accidentes sea lo m\u00e1s sencilla y \u00fatil posible. Tanto si necesita la ayuda de un abogado especializado en resbalones y ca\u00eddas como de un <a href=\"https:\/\/www.vblawgroup.com\/es\/san-antonio-abogado-de-accidente-de-auto\/\">abogado especializado en accidentes de tr\u00e1fico en San Antonio<\/a>, estamos aqu\u00ed para ayudarle a usted y a su familia. Para concertar hoy mismo una consulta gratuita en nuestro bufete, llame al (512) 800-0000 o <a href=\"https:\/\/www.vblawgroup.com\/es\/contactenos\/\">p\u00f3ngase en contacto con nosotros a trav\u00e9s de Internet<\/a>.<\/p>\n","protected":false},"excerpt":{"rendered":"<p>Si usted o un ser querido ha sufrido una lesi\u00f3n, probablemente tenga muchas preguntas en este momento. \u00bfTengo un caso? \u00bfCu\u00e1l es el proceso de reclamaci\u00f3n por lesiones personales? \u00bfQu\u00e9 puede hacer por m\u00ed un abogado especializado en lesiones personales en San Antonio? Todas estas preguntas las podemos responder durante su consulta inicial gratuita. En&#8230; <a href=\"https:\/\/www.vblawgroup.com\/es\/abogados-consulta-gratis-san-antonio\/\">read more<\/a><\/p>\n","protected":false},"author":10,"featured_media":0,"parent":0,"menu_order":0,"comment_status":"closed","ping_status":"closed","template":"","meta":{"_acf_changed":false,"footnotes":""},"class_list":["post-912","page","type-page","status-publish","hentry"],"acf":[],"_links":{"self":[{"href":"https:\/\/www.vblawgroup.com\/es\/wp-json\/wp\/v2\/pages\/912","targetHints":{"allow":["GET"]}}],"collection":[{"href":"https:\/\/www.vblawgroup.com\/es\/wp-json\/wp\/v2\/pages"}],"about":[{"href":"https:\/\/www.vblawgroup.com\/es\/wp-json\/wp\/v2\/types\/page"}],"author":[{"embeddable":true,"href":"https:\/\/www.vblawgroup.com\/es\/wp-json\/wp\/v2\/users\/10"}],"replies":[{"embeddable":true,"href":"https:\/\/www.vblawgroup.com\/es\/wp-json\/wp\/v2\/comments?post=912"}],"version-history":[{"count":0,"href":"https:\/\/www.vblawgroup.com\/es\/wp-json\/wp\/v2\/pages\/912\/revisions"}],"wp:attachment":[{"href":"https:\/\/www.vblawgroup.com\/es\/wp-json\/wp\/v2\/media?parent=912"}],"curies":[{"name":"wp","href":"https:\/\/api.w.org\/{rel}","templated":true}]}}