{"id":937,"date":"2025-07-14T19:52:01","date_gmt":"2025-07-14T19:52:01","guid":{"rendered":"https:\/\/www.vblawgroup.com\/es\/?page_id=937"},"modified":"2025-07-14T19:52:01","modified_gmt":"2025-07-14T19:52:01","slug":"defecto-del-airbag","status":"publish","type":"page","link":"https:\/\/www.vblawgroup.com\/es\/areas-de-practica\/defecto-del-airbag\/","title":{"rendered":"Abogado especializado en defectos de airbags en San Antonio"},"content":{"rendered":"<p>Los airbags est\u00e1n instalados en los veh\u00edculos y est\u00e1n dise\u00f1ados para inflarse y amortiguar a los pasajeros en caso de <a href=\"https:\/\/www.vblawgroup.com\/es\/san-antonio-abogado-de-accidente-de-auto\/\">accidente de tr\u00e1fico<\/a>. Sin embargo, los airbags defectuosos pueden explotar al inflarse o no desplegarse, causando lesiones graves o mortales. En los \u00faltimos a\u00f1os se han producido varias retiradas de airbags de gran repercusi\u00f3n medi\u00e1tica. Si usted o un ser querido ha resultado herido debido a un airbag defectuoso, deje que Texas Law Guns, Injury &amp; Accident Lawyers le ayude. Nuestros abogados especializados en defectos de airbags en San Antonio investigar\u00e1n a fondo su caso y trabajar\u00e1n para conseguir la indemnizaci\u00f3n que se merece.<\/p>\n<div id=\"ez-toc-container\" class=\"ez-toc-v2_0_76 counter-hierarchy ez-toc-counter ez-toc-grey ez-toc-container-direction\">\n<div class=\"ez-toc-title-container\">\n<p class=\"ez-toc-title\" style=\"cursor:inherit\">Table of Contents<\/p>\n<span class=\"ez-toc-title-toggle\"><a href=\"#\" class=\"ez-toc-pull-right ez-toc-btn ez-toc-btn-xs ez-toc-btn-default ez-toc-toggle\" aria-label=\"Toggle Table of Content\"><span class=\"ez-toc-js-icon-con\"><span class=\"\"><span class=\"eztoc-hide\" style=\"display:none;\">Toggle<\/span><span class=\"ez-toc-icon-toggle-span\"><svg style=\"fill: #999;color:#999\" xmlns=\"http:\/\/www.w3.org\/2000\/svg\" class=\"list-377408\" width=\"20px\" height=\"20px\" viewBox=\"0 0 24 24\" fill=\"none\"><path d=\"M6 6H4v2h2V6zm14 0H8v2h12V6zM4 11h2v2H4v-2zm16 0H8v2h12v-2zM4 16h2v2H4v-2zm16 0H8v2h12v-2z\" fill=\"currentColor\"><\/path><\/svg><svg style=\"fill: #999;color:#999\" class=\"arrow-unsorted-368013\" xmlns=\"http:\/\/www.w3.org\/2000\/svg\" width=\"10px\" height=\"10px\" viewBox=\"0 0 24 24\" version=\"1.2\" baseProfile=\"tiny\"><path d=\"M18.2 9.3l-6.2-6.3-6.2 6.3c-.2.2-.3.4-.3.7s.1.5.3.7c.2.2.4.3.7.3h11c.3 0 .5-.1.7-.3.2-.2.3-.5.3-.7s-.1-.5-.3-.7zM5.8 14.7l6.2 6.3 6.2-6.3c.2-.2.3-.5.3-.7s-.1-.5-.3-.7c-.2-.2-.4-.3-.7-.3h-11c-.3 0-.5.1-.7.3-.2.2-.3.5-.3.7s.1.5.3.7z\"\/><\/svg><\/span><\/span><\/span><\/a><\/span><\/div>\n<nav><ul class='ez-toc-list ez-toc-list-level-1 ' ><li class='ez-toc-page-1 ez-toc-heading-level-2'><a class=\"ez-toc-link ez-toc-heading-1\" href=\"https:\/\/www.vblawgroup.com\/es\/areas-de-practica\/defecto-del-airbag\/#Deje_que_Texas_Law_Guns_Injury_Accident_Lawyers_le_ayude_con_su_caso\" >Deje que Texas Law Guns, Injury &amp; Accident Lawyers le ayude con su caso<\/a><\/li><li class='ez-toc-page-1 ez-toc-heading-level-2'><a class=\"ez-toc-link ez-toc-heading-2\" href=\"https:\/\/www.vblawgroup.com\/es\/areas-de-practica\/defecto-del-airbag\/#%C2%BFPor_que_es_necesario_un_abogado_para_este_caso\" >\u00bfPor qu\u00e9 es necesario un abogado para este caso?<\/a><\/li><li class='ez-toc-page-1 ez-toc-heading-level-2'><a class=\"ez-toc-link ez-toc-heading-3\" href=\"https:\/\/www.vblawgroup.com\/es\/areas-de-practica\/defecto-del-airbag\/#%C2%BFCon_que_frecuencia_se_defectuan_los_airbags\" >\u00bfCon qu\u00e9 frecuencia se defect\u00faan los airbags?<\/a><\/li><li class='ez-toc-page-1 ez-toc-heading-level-2'><a class=\"ez-toc-link ez-toc-heading-4\" href=\"https:\/\/www.vblawgroup.com\/es\/areas-de-practica\/defecto-del-airbag\/#%C2%BFCuanto_se_puede_reclamar_en_este_caso\" >\u00bfCu\u00e1nto se puede reclamar en este caso?<\/a><\/li><li class='ez-toc-page-1 ez-toc-heading-level-2'><a class=\"ez-toc-link ez-toc-heading-5\" href=\"https:\/\/www.vblawgroup.com\/es\/areas-de-practica\/defecto-del-airbag\/#Pongase_en_contacto_con_un_abogado_especializado_en_airbags_defectuosos_en_San_Antonio\" >P\u00f3ngase en contacto con un abogado especializado en airbags defectuosos en San Antonio<\/a><\/li><\/ul><\/nav><\/div>\n<h2><span class=\"ez-toc-section\" id=\"Deje_que_Texas_Law_Guns_Injury_Accident_Lawyers_le_ayude_con_su_caso\"><\/span>Deje que Texas Law Guns, Injury &amp; Accident Lawyers le ayude con su caso<span class=\"ez-toc-section-end\"><\/span><\/h2>\n<p>Si ha resultado herido por un airbag defectuoso, busque la ayuda de un abogado experto que cuente con los recursos necesarios para enfrentarse a las grandes empresas. En Texas Law Guns, Injury &amp; Accident Lawyers, estamos preparados para llevar su caso.<\/p>\n<ul>\n<li>Nuestro bufete se dedica por completo a casos de lesiones personales. Esto nos proporciona un conocimiento especializado y una ventaja \u00fanica sobre otros bufetes que se centran en m\u00faltiples \u00e1reas de pr\u00e1ctica diferentes.<\/li>\n<li>Nos dedicamos a prestar toda nuestra atenci\u00f3n a cada cliente. Escuchamos atentamente cada situaci\u00f3n mientras formulamos una estrategia integral para el caso.<\/li>\n<li>Nuestros clientes con defectos en los airbags no pagan ni un centavo por adelantado ni de su bolsillo. Los clientes solo nos deben los honorarios legales despu\u00e9s de que hayamos conseguido la indemnizaci\u00f3n que merecen.<\/li>\n<\/ul>\n<h2><span class=\"ez-toc-section\" id=\"%C2%BFPor_que_es_necesario_un_abogado_para_este_caso\"><\/span>\u00bfPor qu\u00e9 es necesario un abogado para este caso?<span class=\"ez-toc-section-end\"><\/span><\/h2>\n<p>Los casos de airbags defectuosos pueden ser complicados y a menudo involucran a muchas partes. Su abogado especializado en defectos de airbags en San Antonio se encargar\u00e1 de investigar a fondo el incidente que le caus\u00f3 el da\u00f1o. Su abogado trabajar\u00e1 para rastrear el origen del airbag de su veh\u00edculo. Colaborar\u00e1 con expertos en automoci\u00f3n para determinar si el airbag era eficaz o no.<\/p>\n<p>Su abogado trabajar\u00e1 con expertos m\u00e9dicos cualificados para determinar el alcance de sus lesiones y calcular el total de los da\u00f1os. Con esta informaci\u00f3n, trabajar\u00e1 para negociar un acuerdo justo en su nombre.<\/p>\n<h2><span class=\"ez-toc-section\" id=\"%C2%BFCon_que_frecuencia_se_defectuan_los_airbags\"><\/span>\u00bfCon qu\u00e9 frecuencia se defect\u00faan los airbags?<span class=\"ez-toc-section-end\"><\/span><\/h2>\n<p>La Administraci\u00f3n Nacional de Seguridad del Tr\u00e1fico en Carreteras (NHTSA) afirma que <a href=\"https:\/\/www.nhtsa.gov\/equipment\/air-bags\" target=\"_blank\" rel=\"noopener\">los airbags han salvado<\/a> m\u00e1s de 50 000 vidas entre 1987 y 2017. Los veh\u00edculos modernos cuentan con airbags avanzados y, por lo general, no solo se encuentran en el volante y el salpicadero, sino tambi\u00e9n en los asientos y alrededor de los marcos de las puertas (airbags laterales).<\/p>\n<p>En los \u00faltimos a\u00f1os, en Estados Unidos se ha producido la mayor retirada de veh\u00edculos de la historia debido a airbags defectuosos. Decenas de millones de veh\u00edculos con airbags Takata est\u00e1n siendo retirados del mercado. Estos airbags, cuando se exponen a altas temperaturas y humedad, pueden explotar al activarse. Estas explosiones han causado numerosas lesiones y muertes. Hasta ahora se han retirado del mercado alrededor de 41,6 millones de veh\u00edculos <a href=\"https:\/\/www.nhtsa.gov\/equipment\/takata-recall-spotlight\" target=\"_blank\" rel=\"noopener\">equipados con airbags Takata<\/a>.<\/p>\n<p>La NHTSA tambi\u00e9n advierte de que hay determinadas marcas y modelos de veh\u00edculos que pueden tener airbags falsificados que no funcionan correctamente y pueden causar graves da\u00f1os a los conductores y pasajeros.<\/p>\n<h2><span class=\"ez-toc-section\" id=\"%C2%BFCuanto_se_puede_reclamar_en_este_caso\"><\/span>\u00bfCu\u00e1nto se puede reclamar en este caso?<span class=\"ez-toc-section-end\"><\/span><\/h2>\n<p>Si usted o un ser querido ha resultado herido debido a un airbag defectuoso, busque asistencia legal inmediatamente. En Texas Law Guns, Injury &amp; Accident Lawyers, investigaremos lo sucedido para que pueda obtener la indemnizaci\u00f3n que le corresponde. Esto puede incluir:<\/p>\n<ul>\n<li>El coste de sus facturas m\u00e9dicas actuales y futuras<\/li>\n<li>La recuperaci\u00f3n de los ingresos perdidos si no puede trabajar<\/li>\n<li>Da\u00f1os por dolor y sufrimiento<\/li>\n<li>Da\u00f1os por p\u00e9rdida de disfrute de la vida<\/li>\n<li>Posibles da\u00f1os punitivos contra el fabricante del airbag o del veh\u00edculo<\/li>\n<\/ul>\n<h2><span class=\"ez-toc-section\" id=\"Pongase_en_contacto_con_un_abogado_especializado_en_airbags_defectuosos_en_San_Antonio\"><\/span>P\u00f3ngase en contacto con un abogado especializado en airbags defectuosos en San Antonio<span class=\"ez-toc-section-end\"><\/span><\/h2>\n<p>Si necesita un abogado especializado en defectos de airbags en San Antonio, puede ponerse en contacto con nosotros para una <a href=\"https:\/\/www.vblawgroup.com\/es\/contactenos\/\">consulta gratuita<\/a> en l\u00ednea o llam\u00e1ndonos al (210) 800-0000.<\/p>\n","protected":false},"excerpt":{"rendered":"<p>Los airbags est\u00e1n instalados en los veh\u00edculos y est\u00e1n dise\u00f1ados para inflarse y amortiguar a los pasajeros en caso de accidente de tr\u00e1fico. Sin embargo, los airbags defectuosos pueden explotar al inflarse o no desplegarse, causando lesiones graves o mortales. En los \u00faltimos a\u00f1os se han producido varias retiradas de airbags de gran repercusi\u00f3n medi\u00e1tica&#8230;. <a href=\"https:\/\/www.vblawgroup.com\/es\/areas-de-practica\/defecto-del-airbag\/\">read more<\/a><\/p>\n","protected":false},"author":10,"featured_media":0,"parent":226,"menu_order":0,"comment_status":"closed","ping_status":"closed","template":"","meta":{"_acf_changed":false,"footnotes":""},"class_list":["post-937","page","type-page","status-publish","hentry"],"acf":[],"_links":{"self":[{"href":"https:\/\/www.vblawgroup.com\/es\/wp-json\/wp\/v2\/pages\/937","targetHints":{"allow":["GET"]}}],"collection":[{"href":"https:\/\/www.vblawgroup.com\/es\/wp-json\/wp\/v2\/pages"}],"about":[{"href":"https:\/\/www.vblawgroup.com\/es\/wp-json\/wp\/v2\/types\/page"}],"author":[{"embeddable":true,"href":"https:\/\/www.vblawgroup.com\/es\/wp-json\/wp\/v2\/users\/10"}],"replies":[{"embeddable":true,"href":"https:\/\/www.vblawgroup.com\/es\/wp-json\/wp\/v2\/comments?post=937"}],"version-history":[{"count":0,"href":"https:\/\/www.vblawgroup.com\/es\/wp-json\/wp\/v2\/pages\/937\/revisions"}],"up":[{"embeddable":true,"href":"https:\/\/www.vblawgroup.com\/es\/wp-json\/wp\/v2\/pages\/226"}],"wp:attachment":[{"href":"https:\/\/www.vblawgroup.com\/es\/wp-json\/wp\/v2\/media?parent=937"}],"curies":[{"name":"wp","href":"https:\/\/api.w.org\/{rel}","templated":true}]}}