{"id":939,"date":"2025-07-14T19:56:46","date_gmt":"2025-07-14T19:56:46","guid":{"rendered":"https:\/\/www.vblawgroup.com\/es\/?page_id=939"},"modified":"2025-07-14T19:56:46","modified_gmt":"2025-07-14T19:56:46","slug":"abogado-defectos-de-automoviles-en-san-antonio","status":"publish","type":"page","link":"https:\/\/www.vblawgroup.com\/es\/abogado-defectos-de-automoviles-en-san-antonio\/","title":{"rendered":"Abogado especializado en defectos de autom\u00f3viles en San Antonio"},"content":{"rendered":"<p>Cuando se sube a su veh\u00edculo, nunca deber\u00eda preocuparse por que alguna de las piezas del veh\u00edculo sea defectuosa. Desgraciadamente, los autom\u00f3viles y las piezas de autom\u00f3vil defectuosos llegan al mercado y a los coches de los consumidores constantemente. En Texas Law Guns, Injury &amp; Accident Lawyers, estamos aqu\u00ed para ayudarle si usted o un ser querido resulta herido en un accidente debido a un veh\u00edculo defectuoso. Nuestros abogados especializados en defectos de autom\u00f3viles en San Antonio est\u00e1n preparados para ayudarle a superar esta situaci\u00f3n. P\u00f3ngase en contacto con nosotros hoy mismo para hablar de su caso.<\/p>\n<div id=\"ez-toc-container\" class=\"ez-toc-v2_0_76 counter-hierarchy ez-toc-counter ez-toc-grey ez-toc-container-direction\">\n<div class=\"ez-toc-title-container\">\n<p class=\"ez-toc-title\" style=\"cursor:inherit\">Table of Contents<\/p>\n<span class=\"ez-toc-title-toggle\"><a href=\"#\" class=\"ez-toc-pull-right ez-toc-btn ez-toc-btn-xs ez-toc-btn-default ez-toc-toggle\" aria-label=\"Toggle Table of Content\"><span class=\"ez-toc-js-icon-con\"><span class=\"\"><span class=\"eztoc-hide\" style=\"display:none;\">Toggle<\/span><span class=\"ez-toc-icon-toggle-span\"><svg style=\"fill: #999;color:#999\" xmlns=\"http:\/\/www.w3.org\/2000\/svg\" class=\"list-377408\" width=\"20px\" height=\"20px\" viewBox=\"0 0 24 24\" fill=\"none\"><path d=\"M6 6H4v2h2V6zm14 0H8v2h12V6zM4 11h2v2H4v-2zm16 0H8v2h12v-2zM4 16h2v2H4v-2zm16 0H8v2h12v-2z\" fill=\"currentColor\"><\/path><\/svg><svg style=\"fill: #999;color:#999\" class=\"arrow-unsorted-368013\" xmlns=\"http:\/\/www.w3.org\/2000\/svg\" width=\"10px\" height=\"10px\" viewBox=\"0 0 24 24\" version=\"1.2\" baseProfile=\"tiny\"><path d=\"M18.2 9.3l-6.2-6.3-6.2 6.3c-.2.2-.3.4-.3.7s.1.5.3.7c.2.2.4.3.7.3h11c.3 0 .5-.1.7-.3.2-.2.3-.5.3-.7s-.1-.5-.3-.7zM5.8 14.7l6.2 6.3 6.2-6.3c.2-.2.3-.5.3-.7s-.1-.5-.3-.7c-.2-.2-.4-.3-.7-.3h-11c-.3 0-.5.1-.7.3-.2.2-.3.5-.3.7s.1.5.3.7z\"\/><\/svg><\/span><\/span><\/span><\/a><\/span><\/div>\n<nav><ul class='ez-toc-list ez-toc-list-level-1 ' ><li class='ez-toc-page-1 ez-toc-heading-level-2'><a class=\"ez-toc-link ez-toc-heading-1\" href=\"https:\/\/www.vblawgroup.com\/es\/abogado-defectos-de-automoviles-en-san-antonio\/#Texas_Law_Guns_Injury_Accident_Lawyers_esta_aqui_para_ayudarle\" >Texas Law Guns, Injury &amp; Accident Lawyers est\u00e1 aqu\u00ed para ayudarle<\/a><\/li><li class='ez-toc-page-1 ez-toc-heading-level-2'><a class=\"ez-toc-link ez-toc-heading-2\" href=\"https:\/\/www.vblawgroup.com\/es\/abogado-defectos-de-automoviles-en-san-antonio\/#%C2%BFComo_puede_ayudar_un_abogado_en_este_caso\" >\u00bfC\u00f3mo puede ayudar un abogado en este caso?<\/a><\/li><li class='ez-toc-page-1 ez-toc-heading-level-2'><a class=\"ez-toc-link ez-toc-heading-3\" href=\"https:\/\/www.vblawgroup.com\/es\/abogado-defectos-de-automoviles-en-san-antonio\/#%C2%BFSon_frecuentes_los_defectos_en_los_automoviles\" >\u00bfSon frecuentes los defectos en los autom\u00f3viles?<\/a><\/li><li class='ez-toc-page-1 ez-toc-heading-level-2'><a class=\"ez-toc-link ez-toc-heading-4\" href=\"https:\/\/www.vblawgroup.com\/es\/abogado-defectos-de-automoviles-en-san-antonio\/#%C2%BFCuanta_indemnizacion_se_puede_obtener_en_estos_casos\" >\u00bfCu\u00e1nta indemnizaci\u00f3n se puede obtener en estos casos?<\/a><\/li><li class='ez-toc-page-1 ez-toc-heading-level-2'><a class=\"ez-toc-link ez-toc-heading-5\" href=\"https:\/\/www.vblawgroup.com\/es\/abogado-defectos-de-automoviles-en-san-antonio\/#Llame_hoy_mismo_a_un_abogado_especializado_en_defectos_de_automoviles_de_San_Antonio_en_Texas_Law_Guns_Injury_Accident_Lawyers\" >Llame hoy mismo a un abogado especializado en defectos de autom\u00f3viles de San Antonio en Texas Law Guns, Injury &amp; Accident Lawyers<\/a><\/li><\/ul><\/nav><\/div>\n<h2><span class=\"ez-toc-section\" id=\"Texas_Law_Guns_Injury_Accident_Lawyers_esta_aqui_para_ayudarle\"><\/span>Texas Law Guns, Injury &amp; Accident Lawyers est\u00e1 aqu\u00ed para ayudarle<span class=\"ez-toc-section-end\"><\/span><\/h2>\n<p>Si ha resultado lesionado debido a un veh\u00edculo o una pieza defectuosa, busque un abogado con los recursos y la experiencia necesarios para llevar su caso.<\/p>\n<ul>\n<li>En Texas Law Guns, Injury &amp; Accident Lawyers, tenemos una tasa de \u00e9xito del 99 % y hemos conseguido cientos de millones de d\u00f3lares en indemnizaciones para nuestros clientes.<\/li>\n<li>Dedicamos toda nuestra atenci\u00f3n a cada caso. Siempre tendr\u00e1 acceso a su abogado para hacerle preguntas relacionadas con su caso.<\/li>\n<li>Nuestros clientes no pagan ning\u00fan costo por adelantado ni de su bolsillo por su caso. Solo cobramos los honorarios legales despu\u00e9s de obtener la indemnizaci\u00f3n que usted merece a trav\u00e9s de un acuerdo o un veredicto.<\/li>\n<\/ul>\n<h2><span class=\"ez-toc-section\" id=\"%C2%BFComo_puede_ayudar_un_abogado_en_este_caso\"><\/span>\u00bfC\u00f3mo puede ayudar un abogado en este caso?<span class=\"ez-toc-section-end\"><\/span><\/h2>\n<p>Los casos de defectos en autom\u00f3viles pueden volverse muy complicados porque implican enfrentarse a grandes empresas automotrices y fabricantes de piezas. Su abogado tendr\u00e1 los recursos y la experiencia necesarios para enfrentarse a cualquier oponente. Llevar\u00e1 a cabo una investigaci\u00f3n exhaustiva recopilando todas las pruebas relacionadas con el veh\u00edculo y las piezas involucradas.<\/p>\n<p>Su abogado especializado en defectos de autom\u00f3viles en San Antonio se encargar\u00e1 de que sea evaluado por un profesional sanitario de confianza que pueda valorar sus lesiones. Tras calcular el total de sus p\u00e9rdidas, su abogado negociar\u00e1 una indemnizaci\u00f3n justa en su nombre o preparar\u00e1 su caso para el juicio.<\/p>\n<h2><span class=\"ez-toc-section\" id=\"%C2%BFSon_frecuentes_los_defectos_en_los_automoviles\"><\/span>\u00bfSon frecuentes los defectos en los autom\u00f3viles?<span class=\"ez-toc-section-end\"><\/span><\/h2>\n<p>Si consultamos el Departamento de Transporte de Texas, podemos ver que los veh\u00edculos defectuosos son piezas de autom\u00f3vil que causaron lesiones graves o muertes <a href=\"https:\/\/ftp.txdot.gov\/pub\/txdot-info\/trf\/crash_statistics\/2018\/29.pdf\" target=\"_blank\" rel=\"noopener\">durante el \u00faltimo a\u00f1o<\/a>:<\/p>\n<ul>\n<li>Faros defectuosos o inexistentes: 62 incidentes<\/li>\n<li>Luces de freno defectuosas o inexistentes: 70 incidentes<\/li>\n<li>Luces traseras defectuosas o inexistentes: 71 incidentes<\/li>\n<li>Luces de giro defectuosas o inexistentes: 66 incidentes<\/li>\n<li>Frenos de remolque defectuosos o inexistentes: 88 incidentes<\/li>\n<li>Frenos del veh\u00edculo defectuosos o inexistentes: 680 incidentes<\/li>\n<li>Mecanismo de direcci\u00f3n defectuoso: 494 incidentes<\/li>\n<li>Neum\u00e1ticos defectuosos o lisos: 2328 incidentes<\/li>\n<li>Enganche de remolque defectuoso: 146 incidentes<\/li>\n<\/ul>\n<p>En los \u00faltimos a\u00f1os, se han producido numerosas <a href=\"https:\/\/www.recalls.gov\/nhtsa.html\" target=\"_blank\" rel=\"noopener\">retiradas nacionales<\/a> de veh\u00edculos y piezas de veh\u00edculos defectuosos. Quiz\u00e1s la m\u00e1s conocida sea la <a href=\"https:\/\/www.vblawgroup.com\/san-antonio\/products-liability-lawyer\/airbag-defect\/\">retirada de los airbags Takata<\/a>, responsables de numerosas muertes y cientos de heridos en Estados Unidos.<\/p>\n<h2><span class=\"ez-toc-section\" id=\"%C2%BFCuanta_indemnizacion_se_puede_obtener_en_estos_casos\"><\/span>\u00bfCu\u00e1nta indemnizaci\u00f3n se puede obtener en estos casos?<span class=\"ez-toc-section-end\"><\/span><\/h2>\n<p>Si usted o un ser querido ha resultado herido debido a un veh\u00edculo o una pieza de veh\u00edculo defectuosa, busque asistencia legal hoy mismo. En Texas Law Guns, Injury &amp; Accident Lawyers, trabajaremos para garantizarle una indemnizaci\u00f3n por todos los gastos relacionados con sus lesiones, que pueden incluir:<\/p>\n<ul>\n<li>Cobertura de todos los gastos m\u00e9dicos<\/li>\n<li>Recuperaci\u00f3n de los salarios perdidos si no puede trabajar<\/li>\n<li>Da\u00f1os por dolor y sufrimiento<\/li>\n<li>Da\u00f1os por p\u00e9rdida de disfrute de la vida<\/li>\n<li>Posibles da\u00f1os punitivos contra la empresa o el fabricante del autom\u00f3vil o la pieza<\/li>\n<\/ul>\n<h2><span class=\"ez-toc-section\" id=\"Llame_hoy_mismo_a_un_abogado_especializado_en_defectos_de_automoviles_de_San_Antonio_en_Texas_Law_Guns_Injury_Accident_Lawyers\"><\/span>Llame hoy mismo a un abogado especializado en defectos de autom\u00f3viles de San Antonio en Texas Law Guns, Injury &amp; Accident Lawyers<span class=\"ez-toc-section-end\"><\/span><\/h2>\n<p>Si necesita un abogado especializado en defectos de autom\u00f3viles en San Antonio, puede ponerse en contacto con nosotros para una <a href=\"https:\/\/www.vblawgroup.com\/es\/contactenos\/\">consulta gratuita<\/a> en l\u00ednea o llam\u00e1ndonos al (844) 529-4867.<\/p>\n","protected":false},"excerpt":{"rendered":"<p>Cuando se sube a su veh\u00edculo, nunca deber\u00eda preocuparse por que alguna de las piezas del veh\u00edculo sea defectuosa. Desgraciadamente, los autom\u00f3viles y las piezas de autom\u00f3vil defectuosos llegan al mercado y a los coches de los consumidores constantemente. En Texas Law Guns, Injury &amp; Accident Lawyers, estamos aqu\u00ed para ayudarle si usted o un&#8230; <a href=\"https:\/\/www.vblawgroup.com\/es\/abogado-defectos-de-automoviles-en-san-antonio\/\">read more<\/a><\/p>\n","protected":false},"author":10,"featured_media":0,"parent":0,"menu_order":0,"comment_status":"closed","ping_status":"closed","template":"","meta":{"_acf_changed":false,"footnotes":""},"class_list":["post-939","page","type-page","status-publish","hentry"],"acf":[],"_links":{"self":[{"href":"https:\/\/www.vblawgroup.com\/es\/wp-json\/wp\/v2\/pages\/939","targetHints":{"allow":["GET"]}}],"collection":[{"href":"https:\/\/www.vblawgroup.com\/es\/wp-json\/wp\/v2\/pages"}],"about":[{"href":"https:\/\/www.vblawgroup.com\/es\/wp-json\/wp\/v2\/types\/page"}],"author":[{"embeddable":true,"href":"https:\/\/www.vblawgroup.com\/es\/wp-json\/wp\/v2\/users\/10"}],"replies":[{"embeddable":true,"href":"https:\/\/www.vblawgroup.com\/es\/wp-json\/wp\/v2\/comments?post=939"}],"version-history":[{"count":0,"href":"https:\/\/www.vblawgroup.com\/es\/wp-json\/wp\/v2\/pages\/939\/revisions"}],"wp:attachment":[{"href":"https:\/\/www.vblawgroup.com\/es\/wp-json\/wp\/v2\/media?parent=939"}],"curies":[{"name":"wp","href":"https:\/\/api.w.org\/{rel}","templated":true}]}}