{"id":948,"date":"2025-09-15T18:14:54","date_gmt":"2025-09-15T18:14:54","guid":{"rendered":"https:\/\/www.vblawgroup.com\/es\/?page_id=948"},"modified":"2025-09-15T18:16:05","modified_gmt":"2025-09-15T18:16:05","slug":"abogados-de-responsabilidad-de-bares-en-san-antonio","status":"publish","type":"page","link":"https:\/\/www.vblawgroup.com\/es\/abogados-de-responsabilidad-de-bares-en-san-antonio\/","title":{"rendered":"Abogados de Responsabilidad de Bares en San Antonio"},"content":{"rendered":"<p>Cada a\u00f1o, el consumo irresponsable de alcohol causa miles de lesiones e incluso muertes en Texas. En 2021, hubo <a href=\"https:\/\/www.idrivesafely.com\/defensive-driving\/trending\/learn-latest-drunk-driving-statistics-and-laws-texas\" target=\"_blank\" rel=\"noopener\">25,261 choques por conducir ebrio<\/a> en todo el estado, matando a 1,029 personas y dejando a otras 2,522 con lesiones graves como las siguientes:<\/p>\n<ul>\n<li>Lesi\u00f3n cerebral traum\u00e1tica<\/li>\n<li>Lesiones en la m\u00e9dula espinal<\/li>\n<li>Huesos rotos<\/li>\n<li>Cicatrices y desfiguraci\u00f3n<\/li>\n<li>Lesiones en tejidos blandos<\/li>\n<\/ul>\n<p>Se estima que el 24% de todos los accidentes de tr\u00e1fico mortales de ese a\u00f1o estuvieron relacionados con la conducci\u00f3n bajo los efectos del alcohol, y muchos de ellos ocurrieron en San Antonio, que tuvo la <a href=\"https:\/\/www.tpr.org\/podcast\/the-source\/2022-12-20\/san-antonio-holds-the-top-spot-for-drunk-driving-per-capita-among-texas-metro-areas\" target=\"_blank\" rel=\"noopener\">tasa m\u00e1s alta de accidentes de DUI<\/a> per c\u00e1pita entre las grandes ciudades de Texas en 2021.<\/p>\n<p>Sin embargo, beber y conducir no es la \u00fanica causa de lesiones relacionadas con el alcohol. La intoxicaci\u00f3n ha sido un factor en agresiones f\u00edsicas, lesiones por resbalones y ca\u00eddas, y otros accidentes evitables. Si usted ha sido lesionado por un conductor intoxicado o perdido a alguien que usted ama, usted puede ser capaz de demandar a esa persona y el bar, club, o (dependiendo de las circunstancias) de acogida que les proporcion\u00f3 con el alcohol.<\/p>\n<p>En el Texas Law Guns, Injury &amp; Accident Lawyers, nuestros abogados de dram shop de San Antonio tienen a\u00f1os de experiencia en la celebraci\u00f3n de estos establecimientos y las partes responsables de cualquier da\u00f1o causado por los clientes intoxicados o invitados. Utilizando nuestro amplio conocimiento de la ley de Texas dram shop, vamos a luchar agresivamente por la compensaci\u00f3n que necesita para recuperarse de lesiones graves y reconstruir su vida.<\/p>\n<div id=\"ez-toc-container\" class=\"ez-toc-v2_0_76 counter-hierarchy ez-toc-counter ez-toc-grey ez-toc-container-direction\">\n<div class=\"ez-toc-title-container\">\n<p class=\"ez-toc-title\" style=\"cursor:inherit\">Table of Contents<\/p>\n<span class=\"ez-toc-title-toggle\"><a href=\"#\" class=\"ez-toc-pull-right ez-toc-btn ez-toc-btn-xs ez-toc-btn-default ez-toc-toggle\" aria-label=\"Toggle Table of Content\"><span class=\"ez-toc-js-icon-con\"><span class=\"\"><span class=\"eztoc-hide\" style=\"display:none;\">Toggle<\/span><span class=\"ez-toc-icon-toggle-span\"><svg style=\"fill: #999;color:#999\" xmlns=\"http:\/\/www.w3.org\/2000\/svg\" class=\"list-377408\" width=\"20px\" height=\"20px\" viewBox=\"0 0 24 24\" fill=\"none\"><path d=\"M6 6H4v2h2V6zm14 0H8v2h12V6zM4 11h2v2H4v-2zm16 0H8v2h12v-2zM4 16h2v2H4v-2zm16 0H8v2h12v-2z\" fill=\"currentColor\"><\/path><\/svg><svg style=\"fill: #999;color:#999\" class=\"arrow-unsorted-368013\" xmlns=\"http:\/\/www.w3.org\/2000\/svg\" width=\"10px\" height=\"10px\" viewBox=\"0 0 24 24\" version=\"1.2\" baseProfile=\"tiny\"><path d=\"M18.2 9.3l-6.2-6.3-6.2 6.3c-.2.2-.3.4-.3.7s.1.5.3.7c.2.2.4.3.7.3h11c.3 0 .5-.1.7-.3.2-.2.3-.5.3-.7s-.1-.5-.3-.7zM5.8 14.7l6.2 6.3 6.2-6.3c.2-.2.3-.5.3-.7s-.1-.5-.3-.7c-.2-.2-.4-.3-.7-.3h-11c-.3 0-.5.1-.7.3-.2.2-.3.5-.3.7s.1.5.3.7z\"\/><\/svg><\/span><\/span><\/span><\/a><\/span><\/div>\n<nav><ul class='ez-toc-list ez-toc-list-level-1 ' ><li class='ez-toc-page-1 ez-toc-heading-level-2'><a class=\"ez-toc-link ez-toc-heading-1\" href=\"https:\/\/www.vblawgroup.com\/es\/abogados-de-responsabilidad-de-bares-en-san-antonio\/#%C2%BFPor_que_elegirnos\" >\u00bfPor qu\u00e9 elegirnos?<\/a><\/li><li class='ez-toc-page-1 ez-toc-heading-level-2'><a class=\"ez-toc-link ez-toc-heading-2\" href=\"https:\/\/www.vblawgroup.com\/es\/abogados-de-responsabilidad-de-bares-en-san-antonio\/#Texas_Dram_Shop_Leyes_Explicadas\" >Texas Dram Shop Leyes Explicadas<\/a><\/li><li class='ez-toc-page-1 ez-toc-heading-level-2'><a class=\"ez-toc-link ez-toc-heading-3\" href=\"https:\/\/www.vblawgroup.com\/es\/abogados-de-responsabilidad-de-bares-en-san-antonio\/#Compensacion_en_una_reclamacion_de_responsabilidad_de_Dram_Shop_de_San_Antonio\" >Compensaci\u00f3n en una reclamaci\u00f3n de responsabilidad de Dram Shop de San Antonio<\/a><\/li><li class='ez-toc-page-1 ez-toc-heading-level-2'><a class=\"ez-toc-link ez-toc-heading-4\" href=\"https:\/\/www.vblawgroup.com\/es\/abogados-de-responsabilidad-de-bares-en-san-antonio\/#FAQS\" >FAQS<\/a><ul class='ez-toc-list-level-3' ><li class='ez-toc-heading-level-3'><a class=\"ez-toc-link ez-toc-heading-5\" href=\"https:\/\/www.vblawgroup.com\/es\/abogados-de-responsabilidad-de-bares-en-san-antonio\/#%C2%BFComo_puede_un_abogado_de_Dram_Shop_de_San_Antonio_ayudar_a_mi_caso_de_accidente_de_conducir_ebrio\" >\u00bfC\u00f3mo puede un abogado de Dram Shop de San Antonio ayudar a mi caso de accidente de conducir ebrio?<\/a><\/li><li class='ez-toc-page-1 ez-toc-heading-level-3'><a class=\"ez-toc-link ez-toc-heading-6\" href=\"https:\/\/www.vblawgroup.com\/es\/abogados-de-responsabilidad-de-bares-en-san-antonio\/#Me_lesione_en_un_accidente_automovilistico_despues_de_que_un_bar_me_sirvio_de_mas_%C2%BFPuedo_demandar_al_bar\" >Me lesion\u00e9 en un accidente automovil\u00edstico despu\u00e9s de que un bar me sirvi\u00f3 de m\u00e1s. \u00bfPuedo demandar al bar?<\/a><\/li><\/ul><\/li><li class='ez-toc-page-1 ez-toc-heading-level-2'><a class=\"ez-toc-link ez-toc-heading-7\" href=\"https:\/\/www.vblawgroup.com\/es\/abogados-de-responsabilidad-de-bares-en-san-antonio\/#%C2%BFLastimado_en_un_accidente_relacionado_con_el_alcohol_%C2%A1Obtener_una_consulta_gratuita_de_un_abogado_de_Dram_Shop_de_San_Antonio\" >\u00bfLastimado en un accidente relacionado con el alcohol? \u00a1Obtener una consulta gratuita de un abogado de Dram Shop de San Antonio!<\/a><\/li><\/ul><\/nav><\/div>\n<h2><span class=\"ez-toc-section\" id=\"%C2%BFPor_que_elegirnos\"><\/span>\u00bfPor qu\u00e9 elegirnos?<span class=\"ez-toc-section-end\"><\/span><\/h2>\n<p>The Texas Law Guns, Injury &amp; Accident Lawyers es un bufete de abogados de lesiones personales <a href=\"https:\/\/www.vblawgroup.com\/testimonials\/\">de<\/a> San Antonio. Nuestra misi\u00f3n es proporcionar la representaci\u00f3n legal experta y asertiva a \u00e9sos da\u00f1ada por la negligencia o la fechor\u00eda de otra persona. Cuando usted trabaja con nosotros, se beneficia de lo siguiente:<\/p>\n<ul>\n<li>Conocemos la ley de lesiones personales de Texas. Nuestros abogados de conductores ebrios tratan regularmente con las compa\u00f1\u00edas de seguros, negocian acuerdos favorables, y litigan casos de responsabilidad de dram shop en la corte cuando es necesario.<\/li>\n<li>Tenemos acceso a expertos m\u00e9dicos, especialistas en reconstrucci\u00f3n de accidentes e investigadores que pueden ayudar a fortalecer su caso.<\/li>\n<li>Nuestros abogados de accidentes de auto toman casos sobre una base de contingencia. Esto significa que no le cuesta nada contratarnos para su demanda por lesiones personales o muerte por negligencia, y s\u00f3lo paga los honorarios del abogado si ganamos.<\/li>\n<\/ul>\n<p>Cuando usted sufre una lesi\u00f3n personal, puede ser extremadamente estresante y abrumadora. La contrataci\u00f3n de una empresa de lesiones personales de San Antonio puede proporcionar a usted ya su familia con la tranquilidad de saber que los profesionales experimentados est\u00e1n manejando los aspectos legales de su caso.<\/p>\n<h2><span class=\"ez-toc-section\" id=\"Texas_Dram_Shop_Leyes_Explicadas\"><\/span>Texas Dram Shop Leyes Explicadas<span class=\"ez-toc-section-end\"><\/span><\/h2>\n<p>Dram shop leyes se introdujeron por primera vez en Texas hace m\u00e1s de 35 a\u00f1os. Un fallo de la Corte Suprema de Texas en el caso de <i>El Chico v. Poole<\/i> sostuvo que los bares tienen el deber para con el p\u00fablico de no servir alcohol a sabiendas a los clientes que ya est\u00e1n intoxicados. La legislatura estatal respondi\u00f3 promulgando lo que hoy se conoce como la <a href=\"https:\/\/statutes.capitol.texas.gov\/Docs\/AL\/htm\/AL.2.htm\" target=\"_blank\" rel=\"noopener\">Ley de Bebidas Alcoh\u00f3licas de Texas (Texas Dram Shop Act<\/a>).<\/p>\n<p>Esta ley permite a cualquier persona lesionada por un individuo intoxicado (es decir, un conductor ebrio) presentar una demanda por lesiones personales contra el establecimiento o anfitri\u00f3n social que sirvi\u00f3 alcohol en exceso al acusado. Los negocios que venden alcohol pueden ser responsables de las lesiones de la v\u00edctima de un accidente si sirvieron alcohol a&#8230;<\/p>\n<ul>\n<li>Un menor de 18 a\u00f1os o;<\/li>\n<li>Un cliente que estaba claramente borracho hasta el punto de que podr\u00eda ser un peligro para s\u00ed mismo o para los dem\u00e1s y<\/li>\n<li>La intoxicaci\u00f3n de esa persona result\u00f3 en un accidente automovil\u00edstico.<\/li>\n<\/ul>\n<p>A diferencia de algunos estados, Texas no tiene todo lo que abarca las leyes de responsabilidad social de acogida. Como resultado, una parte lesionada por lo general no puede demandar a los que sobre-servir a familiares o amigos en sus propias casas a menos que:<\/p>\n<ul>\n<li>Esos anfitriones sean mayores de 21 a\u00f1os y proporcionen alcohol a alguien menor de 18 a\u00f1os.<\/li>\n<\/ul>\n<ul>\n<li>El anfitri\u00f3n no sea el c\u00f3nyuge, padre, madre, tutor o guardi\u00e1n legal del menor, y<\/li>\n<li>El anfitri\u00f3n sab\u00eda que estaba sirviendo alcohol a un menor o permitiendo que el menor bebiera alcohol en su propiedad.<\/li>\n<\/ul>\n<p>Para establecer la responsabilidad civil, un demandante perjudicado debe demostrar que:<\/p>\n<ul>\n<li>El establecimiento vendi\u00f3, sirvi\u00f3 o proporcion\u00f3 alcohol al individuo que caus\u00f3 la lesi\u00f3n o los da\u00f1os.<\/li>\n<li>El individuo estaba claramente intoxicado en el momento en que se le sirvi\u00f3 el alcohol.<\/li>\n<li>El establecimiento sigui\u00f3 sirviendo al individuo a pesar de que estaba claramente intoxicado.<\/li>\n<li>La intoxicaci\u00f3n del individuo fue una causa pr\u00f3xima de las lesiones o da\u00f1os catastr\u00f3ficos del demandante.<\/li>\n<\/ul>\n<p>Como se puede imaginar, estos casos pueden ser dif\u00edciles de probar, ya que pocos camareros admitir\u00e1n haber servido en exceso a un conductor ebrio. La forma m\u00e1s com\u00fan de demostrar el exceso de servicio es a trav\u00e9s de pruebas circunstanciales, testimonios de testigos, o la opini\u00f3n de un experto toxic\u00f3logo, todos los cuales pueden ser recogidos y evaluados por un abogado con experiencia en accidentes de conducci\u00f3n en estado de embriaguez.<\/p>\n<h2><span class=\"ez-toc-section\" id=\"Compensacion_en_una_reclamacion_de_responsabilidad_de_Dram_Shop_de_San_Antonio\"><\/span>Compensaci\u00f3n en una reclamaci\u00f3n de responsabilidad de Dram Shop de San Antonio<span class=\"ez-toc-section-end\"><\/span><\/h2>\n<p>Cuando usted se lesiona en un accidente de conducir ebrio que implica responsabilidad dram shop, su compensaci\u00f3n depender\u00e1 de factores \u00fanicos a su caso. Incluyen el valor monetario de sus p\u00e9rdidas, el alcance de sus lesiones, y su impacto anticipado en su vida. A continuaci\u00f3n encontrar\u00e1 una lista de algunos da\u00f1os a los que puede tener derecho despu\u00e9s de un accidente grave:<\/p>\n<ul>\n<li>Gastos m\u00e9dicos pasados y futuros, como desplazamientos en ambulancia, facturas m\u00e9dicas, visitas al m\u00e9dico, fisioterapia y otros gastos relacionados.<\/li>\n<li>Salarios perdidos y\/o p\u00e9rdida de la capacidad de ganarse la vida<\/li>\n<li>Da\u00f1os materiales<\/li>\n<li>Dolor f\u00edsico y sufrimiento<\/li>\n<li>Angustia emocional<\/li>\n<li>P\u00e9rdida de calidad de vida<\/li>\n<li>P\u00e9rdida de consorcio (para v\u00edctimas de lesiones matrimoniales)<\/li>\n<li>Indemnizaci\u00f3n por muerte por negligencia, como gastos de funeral y entierro (en accidentes mortales).<\/li>\n<\/ul>\n<p>En algunos casos, las v\u00edctimas de accidentes pueden tener derecho a da\u00f1os punitivos, destinados a castigar al establecimiento por su comportamiento imprudente o negligente. Estos da\u00f1os pueden aplicarse si el lugar rutinariamente vende alcohol a menores o tiene un historial de servir demasiado a los clientes que van a tener accidentes automovil\u00edsticos. Su abogado de lesiones personales puede evaluar su caso y ayudarle a determinar qu\u00e9 tipo de indemnizaci\u00f3n puede recibir.<\/p>\n<h2><span class=\"ez-toc-section\" id=\"FAQS\"><\/span>FAQS<span class=\"ez-toc-section-end\"><\/span><\/h2>\n<h3><span class=\"ez-toc-section\" id=\"%C2%BFComo_puede_un_abogado_de_Dram_Shop_de_San_Antonio_ayudar_a_mi_caso_de_accidente_de_conducir_ebrio\"><\/span>\u00bfC\u00f3mo puede un abogado de Dram Shop de San Antonio ayudar a mi caso de accidente de conducir ebrio?<span class=\"ez-toc-section-end\"><\/span><\/h3>\n<p>Cuando usted ha sido herido en un accidente relacionado con el alcohol, la presentaci\u00f3n de una demanda civil es s\u00f3lo el primer paso. Estas reclamaciones de accidente de conducir ebrio generalmente implican bares, casinos, restaurantes y otros establecimientos m\u00e1s grandes protegidos por los proveedores de seguros obstinados y abogados agresivos. Sin representaci\u00f3n legal, usted podr\u00eda estar enfrentando una oferta de bola baja en el mejor de los casos y la negaci\u00f3n total de reclamo en el peor.<\/p>\n<p>Un <a href=\"https:\/\/www.vblawgroup.com\/san-antonio\/car-accident-attorney\/drunk-driving-accidents\/\">abogado de accidente de conducir ebrio de San Antonio<\/a> en el Texas Law Guns, Injury &amp; Accident Lawyers, utilizar\u00e1 sus antecedentes y experiencia para disuadir cualquier intento de negarle la compensaci\u00f3n financiera que se merece. Una vez que usted contrata a nuestro bufete de abogados, lo haremos:<\/p>\n<ul>\n<li><b>Investigar el accidente:<\/b> Su abogado de la ley dram shop llevar\u00e1 a cabo una investigaci\u00f3n exhaustiva de las circunstancias que rodearon su lesi\u00f3n, incluyendo el establecimiento que sirvi\u00f3 el alcohol, el conductor ebrio que caus\u00f3 la lesi\u00f3n, y cualquier otro factor que pueda haber contribuido al incidente. Esto incluye la recopilaci\u00f3n de pruebas como el informe de la polic\u00eda y las fotos de la escena del accidente, entrevistar a testigos, y trabajar con expertos para construir un caso s\u00f3lido.<\/li>\n<li><b>Establecer la responsabilidad:<\/b> Una vez que recopilamos pruebas suficientes, podemos demostrar que el establecimiento o anfitri\u00f3n social sirvi\u00f3 alcohol a una persona obviamente intoxicada y que la intoxicaci\u00f3n del individuo fue una causa pr\u00f3xima de su lesi\u00f3n o da\u00f1os.<\/li>\n<li><b>Determinar los da\u00f1os:<\/b> Determinaremos el alcance de sus da\u00f1os, incluidos los gastos de atenci\u00f3n m\u00e9dica, salarios perdidos, dolor y sufrimiento, y otras p\u00e9rdidas. Esto puede incluir trabajar con expertos para evaluar el impacto a largo plazo de sus lesiones.<\/li>\n<li><b>Negociar un acuerdo:<\/b> Negociaremos con el establecimiento o la compa\u00f1\u00eda de seguros del anfitri\u00f3n en su nombre para llegar a un acuerdo justo. En caso de que eso resulte imposible por cualquier motivo, podemos representarle ante los tribunales y luchar por sus derechos.<\/li>\n<\/ul>\n<p>Un abogado de lesiones personales de San Antonio puede proporcionar una valiosa orientaci\u00f3n jur\u00eddica y la defensa en un caso de lesiones personales que implican lesiones o da\u00f1os relacionados con el alcohol. Deje que nuestro equipo legal le ayude a navegar por el sistema, proteger sus derechos, y trabajar hacia una resoluci\u00f3n justa de su caso.<\/p>\n<h3><span class=\"ez-toc-section\" id=\"Me_lesione_en_un_accidente_automovilistico_despues_de_que_un_bar_me_sirvio_de_mas_%C2%BFPuedo_demandar_al_bar\"><\/span>Me lesion\u00e9 en un accidente automovil\u00edstico despu\u00e9s de que un bar me sirvi\u00f3 de m\u00e1s. \u00bfPuedo demandar al bar?<span class=\"ez-toc-section-end\"><\/span><\/h3>\n<p>S\u00ed, es posible. Bajo las leyes de licencia de licor del estado, cada establecimiento es responsable de proporcionar un servicio adecuado a sus clientes. Por lo tanto, un conductor ebrio que resulta herido en una colisi\u00f3n puede demandar al establecimiento que le sirvi\u00f3 alcohol en exceso.<\/p>\n<p>Si esto le sucede a usted, su siguiente paso debe ser ponerse en contacto con un abogado de San Antonio dram shop que puede investigar su caso, determinar si existen pruebas suficientes para presentar una demanda civil y ayudarle a determinar cu\u00e1les deben ser sus pr\u00f3ximos pasos.<\/p>\n<h2><span class=\"ez-toc-section\" id=\"%C2%BFLastimado_en_un_accidente_relacionado_con_el_alcohol_%C2%A1Obtener_una_consulta_gratuita_de_un_abogado_de_Dram_Shop_de_San_Antonio\"><\/span>\u00bfLastimado en un accidente relacionado con el alcohol? \u00a1Obtener una consulta gratuita de un abogado de Dram Shop de San Antonio!<span class=\"ez-toc-section-end\"><\/span><\/h2>\n<p>Si usted ha sido herido o perdido a un ser querido despu\u00e9s de un anfitri\u00f3n o establecimiento de alcohol servido en exceso a una persona obviamente intoxicada, es importante tomar medidas para proteger sus derechos y buscar justicia. Esto incluye <a href=\"https:\/\/www.vblawgroup.com\/es\/san-antonio-abogado-de-accidente-de-auto\/\">hablar con un abogado con experiencia en accidentes de auto con un fondo fuerte y exitoso<\/a> en Texas dram shop reclamaciones.<\/p>\n<p>En el Texas Law Guns, Injury &amp; Accident Lawyers, nuestros experimentados abogados de lesiones personales de San Antonio est\u00e1n comprometidos a ayudar a las personas y familias afectadas por estas tr\u00e1gicas situaciones. Tenemos el conocimiento, la experiencia y los recursos para responsabilizar a los establecimientos negligentes y luchar por la compensaci\u00f3n que usted merece. Para obtener m\u00e1s informaci\u00f3n sobre c\u00f3mo podemos ayudarle a presentar una demanda por lesiones personales o muerte por negligencia, programe su consulta gratuita llamando al (210) 800-0000 o <a href=\"https:\/\/www.vblawgroup.com\/es\/contactenos\/\">poni\u00e9ndose en contacto con nosotros en l\u00ednea<\/a>.<\/p>\n","protected":false},"excerpt":{"rendered":"<p>Cada a\u00f1o, el consumo irresponsable de alcohol causa miles de lesiones e incluso muertes en Texas. En 2021, hubo 25,261 choques por conducir ebrio en todo el estado, matando a 1,029 personas y dejando a otras 2,522 con lesiones graves como las siguientes: Lesi\u00f3n cerebral traum\u00e1tica Lesiones en la m\u00e9dula espinal Huesos rotos Cicatrices y&#8230; <a href=\"https:\/\/www.vblawgroup.com\/es\/abogados-de-responsabilidad-de-bares-en-san-antonio\/\">read more<\/a><\/p>\n","protected":false},"author":10,"featured_media":0,"parent":0,"menu_order":0,"comment_status":"closed","ping_status":"closed","template":"","meta":{"_acf_changed":false,"footnotes":""},"class_list":["post-948","page","type-page","status-publish","hentry"],"acf":[],"_links":{"self":[{"href":"https:\/\/www.vblawgroup.com\/es\/wp-json\/wp\/v2\/pages\/948","targetHints":{"allow":["GET"]}}],"collection":[{"href":"https:\/\/www.vblawgroup.com\/es\/wp-json\/wp\/v2\/pages"}],"about":[{"href":"https:\/\/www.vblawgroup.com\/es\/wp-json\/wp\/v2\/types\/page"}],"author":[{"embeddable":true,"href":"https:\/\/www.vblawgroup.com\/es\/wp-json\/wp\/v2\/users\/10"}],"replies":[{"embeddable":true,"href":"https:\/\/www.vblawgroup.com\/es\/wp-json\/wp\/v2\/comments?post=948"}],"version-history":[{"count":0,"href":"https:\/\/www.vblawgroup.com\/es\/wp-json\/wp\/v2\/pages\/948\/revisions"}],"wp:attachment":[{"href":"https:\/\/www.vblawgroup.com\/es\/wp-json\/wp\/v2\/media?parent=948"}],"curies":[{"name":"wp","href":"https:\/\/api.w.org\/{rel}","templated":true}]}}