{"id":952,"date":"2025-09-15T18:30:33","date_gmt":"2025-09-15T18:30:33","guid":{"rendered":"https:\/\/www.vblawgroup.com\/es\/?page_id=952"},"modified":"2025-09-15T18:30:33","modified_gmt":"2025-09-15T18:30:33","slug":"huesos-rotos-despues-de-un-accidente-de-coche-de-texas","status":"publish","type":"page","link":"https:\/\/www.vblawgroup.com\/es\/huesos-rotos-despues-de-un-accidente-de-coche-de-texas\/","title":{"rendered":"Huesos Rotos Despu\u00e9s De Un Accidente De Coche De Texas"},"content":{"rendered":"<p>Los accidentes de coche en Texas pueden provocar algo m\u00e1s que peque\u00f1os cortes o contusiones. A veces, los conductores y pasajeros involucrados en estos choques terminan con lesiones catastr\u00f3ficas como huesos rotos. Esto puede suceder incluso si usted est\u00e1 usando su cintur\u00f3n de seguridad en el momento y su bolsa de aire se abre como se supone que debe hacerlo. Las colisiones a alta velocidad suelen ser la <a href=\"https:\/\/www.vblawgroup.com\/san-antonio\/car-accident-attorney\/injuries\/\">causa de estas graves lesiones<\/a>, que pueden tardar mucho tiempo en curarse e incluso requerir cirug\u00eda.<\/p>\n<p>Las fracturas \u00f3seas son un gran problema porque pueden acarrear elevadas facturas m\u00e9dicas, incapacitarte para trabajar durante un tiempo y provocar semanas e incluso meses de dolor y movilidad limitada. Para empeorar las cosas, las compa\u00f1\u00edas de seguros tienden a luchar contra las reclamaciones leg\u00edtimas de accidentes con u\u00f1as y dientes, lo que resulta en una recuperaci\u00f3n m\u00e1s lenta y estresante.<\/p>\n<p>Ah\u00ed es donde los Texas Law Guns, Injury &amp; Accident Lawyers, entran en juego. Entendemos lo dif\u00edcil que puede ser y estamos aqu\u00ed para ayudarle a ganar la compensaci\u00f3n financiera que necesita para pagar sus facturas m\u00e9dicas, el acceso al tratamiento en curso, y cuidar de su familia. Si la compa\u00f1\u00eda de seguros para un conductor culpable intenta lowball usted, sabemos c\u00f3mo jugar duro, tanto en la mesa de negociaci\u00f3n y en los <a href=\"https:\/\/www.vblawgroup.com\/blog\/personal-injury\/texas-personal-injury-case-go-trial\/\">tribunales<\/a>.<\/p>\n<div id=\"ez-toc-container\" class=\"ez-toc-v2_0_76 counter-hierarchy ez-toc-counter ez-toc-grey ez-toc-container-direction\">\n<div class=\"ez-toc-title-container\">\n<p class=\"ez-toc-title\" style=\"cursor:inherit\">Table of Contents<\/p>\n<span class=\"ez-toc-title-toggle\"><a href=\"#\" class=\"ez-toc-pull-right ez-toc-btn ez-toc-btn-xs ez-toc-btn-default ez-toc-toggle\" aria-label=\"Toggle Table of Content\"><span class=\"ez-toc-js-icon-con\"><span class=\"\"><span class=\"eztoc-hide\" style=\"display:none;\">Toggle<\/span><span class=\"ez-toc-icon-toggle-span\"><svg style=\"fill: #999;color:#999\" xmlns=\"http:\/\/www.w3.org\/2000\/svg\" class=\"list-377408\" width=\"20px\" height=\"20px\" viewBox=\"0 0 24 24\" fill=\"none\"><path d=\"M6 6H4v2h2V6zm14 0H8v2h12V6zM4 11h2v2H4v-2zm16 0H8v2h12v-2zM4 16h2v2H4v-2zm16 0H8v2h12v-2z\" fill=\"currentColor\"><\/path><\/svg><svg style=\"fill: #999;color:#999\" class=\"arrow-unsorted-368013\" xmlns=\"http:\/\/www.w3.org\/2000\/svg\" width=\"10px\" height=\"10px\" viewBox=\"0 0 24 24\" version=\"1.2\" baseProfile=\"tiny\"><path d=\"M18.2 9.3l-6.2-6.3-6.2 6.3c-.2.2-.3.4-.3.7s.1.5.3.7c.2.2.4.3.7.3h11c.3 0 .5-.1.7-.3.2-.2.3-.5.3-.7s-.1-.5-.3-.7zM5.8 14.7l6.2 6.3 6.2-6.3c.2-.2.3-.5.3-.7s-.1-.5-.3-.7c-.2-.2-.4-.3-.7-.3h-11c-.3 0-.5.1-.7.3-.2.2-.3.5-.3.7s.1.5.3.7z\"\/><\/svg><\/span><\/span><\/span><\/a><\/span><\/div>\n<nav><ul class='ez-toc-list ez-toc-list-level-1 ' ><li class='ez-toc-page-1 ez-toc-heading-level-2'><a class=\"ez-toc-link ez-toc-heading-1\" href=\"https:\/\/www.vblawgroup.com\/es\/huesos-rotos-despues-de-un-accidente-de-coche-de-texas\/#Por_que_usted_debe_contratar_a_los_Texas_Law_Guns\" >Por qu\u00e9 usted debe contratar a los Texas Law Guns<\/a><\/li><li class='ez-toc-page-1 ez-toc-heading-level-2'><a class=\"ez-toc-link ez-toc-heading-2\" href=\"https:\/\/www.vblawgroup.com\/es\/huesos-rotos-despues-de-un-accidente-de-coche-de-texas\/#Huesos_comunmente_rotos_en_accidentes_de_coche\" >Huesos com\u00fanmente rotos en accidentes de coche<\/a><\/li><li class='ez-toc-page-1 ez-toc-heading-level-2'><a class=\"ez-toc-link ez-toc-heading-3\" href=\"https:\/\/www.vblawgroup.com\/es\/huesos-rotos-despues-de-un-accidente-de-coche-de-texas\/#Indemnizacion_por_huesos_rotos\" >Indemnizaci\u00f3n por huesos rotos<\/a><\/li><li class='ez-toc-page-1 ez-toc-heading-level-2'><a class=\"ez-toc-link ez-toc-heading-4\" href=\"https:\/\/www.vblawgroup.com\/es\/huesos-rotos-despues-de-un-accidente-de-coche-de-texas\/#FAQS\" >FAQS<\/a><ul class='ez-toc-list-level-3' ><li class='ez-toc-heading-level-3'><a class=\"ez-toc-link ez-toc-heading-5\" href=\"https:\/\/www.vblawgroup.com\/es\/huesos-rotos-despues-de-un-accidente-de-coche-de-texas\/#%C2%BFComo_se_si_me_he_roto_un_hueso_en_un_accidente_de_coche\" >\u00bfC\u00f3mo s\u00e9 si me he roto un hueso en un accidente de coche?<\/a><\/li><li class='ez-toc-page-1 ez-toc-heading-level-3'><a class=\"ez-toc-link ez-toc-heading-6\" href=\"https:\/\/www.vblawgroup.com\/es\/huesos-rotos-despues-de-un-accidente-de-coche-de-texas\/#%C2%BFNecesito_un_abogado_de_accidente_de_coche_para_una_reclamacion_de_fractura_osea\" >\u00bfNecesito un abogado de accidente de coche para una reclamaci\u00f3n de fractura \u00f3sea?<\/a><\/li><\/ul><\/li><li class='ez-toc-page-1 ez-toc-heading-level-2'><a class=\"ez-toc-link ez-toc-heading-7\" href=\"https:\/\/www.vblawgroup.com\/es\/huesos-rotos-despues-de-un-accidente-de-coche-de-texas\/#Obtenga_una_consulta_gratuita_con_un_abogado_de_accidente_de_coche_de_Texas\" >Obtenga una consulta gratuita con un abogado de accidente de coche de Texas<\/a><\/li><\/ul><\/nav><\/div>\n<h2><span class=\"ez-toc-section\" id=\"Por_que_usted_debe_contratar_a_los_Texas_Law_Guns\"><\/span>Por qu\u00e9 usted debe contratar a los Texas Law Guns<span class=\"ez-toc-section-end\"><\/span><\/h2>\n<p>Si usted est\u00e1 tratando con uno o m\u00e1s huesos rotos <a href=\"https:\/\/www.vblawgroup.com\/san-antonio\/car-accident-attorney\/\">despu\u00e9s de un accidente de coche en Texas<\/a>, la elecci\u00f3n del abogado adecuado es esencial. En los Texas Law Guns, Abogados de Lesiones y Accidentes, sabemos que estas lesiones de choque pueden tener un gran impacto en su vida y no se conformar\u00e1n con nada menos que una compensaci\u00f3n completa y justa. Entendemos lo que est\u00e1 pasando y sabemos c\u00f3mo obtener resultados.<\/p>\n<p>Otras razones para contratar a nuestro bufete de abogados incluyen<\/p>\n<ul>\n<li><b>Amplia experiencia con lesiones por accidentes automovil\u00edsticos:<\/b> Hemos visto muchos casos como el suyo. Esto significa que sabemos lo que est\u00e1 en juego para usted y qu\u00e9 estrategias legales tienen la mejor oportunidad de conseguir lo que se merece por su lesi\u00f3n.<\/li>\n<li><b>Luchamos duro:<\/b> Nos llaman LAW GUNS por una raz\u00f3n. Vamos m\u00e1s all\u00e1 por nuestros clientes y no nos echamos atr\u00e1s. Vamos a hacer frente a las compa\u00f1\u00edas de seguros y sus abogados para usted y exigir el dinero que necesita para recuperar.<\/li>\n<li><b>Estrategias personalizadas:<\/b> Usted no es s\u00f3lo otro n\u00famero de caso para nosotros. Nuestros abogados de accidente de coche de Texas le escuchar\u00e1, tomar el tiempo para entender su situaci\u00f3n y crear un plan que es \u00fanico para su caso.<\/li>\n<li><b>No hay honorarios por adelantado:<\/b> Tomamos casos sobre una base de honorarios de contingencia, por lo que no tiene que preocuparse de encontrar el dinero para pagarnos por adelantado. S\u00f3lo nos pagan si ganamos su caso, y tomaremos nuestros honorarios de abogado de su acuerdo o premio.<\/li>\n<\/ul>\n<h2><span class=\"ez-toc-section\" id=\"Huesos_comunmente_rotos_en_accidentes_de_coche\"><\/span>Huesos com\u00fanmente rotos en accidentes de coche<span class=\"ez-toc-section-end\"><\/span><\/h2>\n<p>En un accidente de coche, cualquier hueso puede fracturarse si se aplica suficiente fuerza sobre \u00e9l, y las circunstancias son diferentes para cada caso. Sin embargo, ciertos huesos son m\u00e1s propensos a romperse o experimentar fracturas compuestas en un accidente automovil\u00edstico que otros:<\/p>\n<ul>\n<li><b>Clav\u00edcula:<\/b> La clav\u00edcula es el hueso del cuerpo humano que se rompe con m\u00e1s frecuencia. Esto es especialmente cierto en el caso de los ni\u00f1os y adolescentes, cuyas clav\u00edculas todav\u00eda se est\u00e1n endureciendo y desarrollando plenamente hasta que alcanzan los 20 a\u00f1os de edad. La naturaleza de los accidentes de autom\u00f3vil, que a menudo incluyen paradas bruscas o cambios de direcci\u00f3n, contribuye a la prevalencia de las fracturas de clav\u00edcula.<\/li>\n<li><b>Pierna:<\/b> La pierna tiene tres huesos principales: el f\u00e9mur (hueso del muslo), la tibia y el peron\u00e9 (los dos huesos que forman la parte inferior de la pierna). En un accidente de tr\u00e1fico, cualquiera de ellos puede romperse, sobre todo si las rodillas chocan contra el salpicadero durante el impacto. Esto puede ocurrir por la fuerza de la colisi\u00f3n de dos coches o si el coche choca contra algo duro, como un \u00e1rbol o un poste.<\/li>\n<li><b>Brazo\/mu\u00f1eca:<\/b> Al igual que la pierna, el brazo est\u00e1 formado por tres huesos: el h\u00famero (hueso de la parte superior del brazo), el radio y el c\u00fabito (ambos en el antebrazo). Los huesos del brazo y la mu\u00f1eca pueden romperse f\u00e1cilmente en un accidente de tr\u00e1fico debido a un traumatismo por alto impacto. Muchas veces, las personas intentan naturalmente protegerse con los brazos, lo que provoca roturas en estas zonas.<\/li>\n<li><b>Tobillo:<\/b> Cuando los veh\u00edculos chocan, los pies y los tobillos pueden ser atrapados o golpeados de manera que los huesos se fracturen. Las fracturas de tobillo provocadas por accidentes de tr\u00e1fico son graves y, en ocasiones, pueden requerir una intervenci\u00f3n quir\u00fargica.<\/li>\n<li><b>Cadera:<\/b> Para los mayores de 65 a\u00f1os, la cadera es el hueso que m\u00e1s se rompe. La fragilidad de los huesos de la cadera aumenta con la edad, y el impacto de los accidentes de coche puede resultar f\u00e1cilmente en fracturas. Las fracturas de cadera son lesiones graves que casi siempre necesitan intervenci\u00f3n quir\u00fargica para curarse correctamente.<\/li>\n<\/ul>\n<h2><span class=\"ez-toc-section\" id=\"Indemnizacion_por_huesos_rotos\"><\/span>Indemnizaci\u00f3n por huesos rotos<span class=\"ez-toc-section-end\"><\/span><\/h2>\n<p>Si te has roto un hueso en un accidente de tr\u00e1fico, la indemnizaci\u00f3n a la que puedes tener derecho se divide generalmente en dos categor\u00edas: econ\u00f3mica (que puede cuantificarse mediante recibos, facturas, etc.) y no econ\u00f3mica, que es m\u00e1s intangible pero sigue siendo v\u00e1lida. He aqu\u00ed un desglose de lo que podr\u00edas esperar:<\/p>\n<ul>\n<li><b>Gastos m\u00e9dicos:<\/b> Aqu\u00ed se pueden incluir los costes de cualquier tratamiento m\u00e9dico relacionado con tus huesos rotos, como visitas a urgencias, cirug\u00edas, radiograf\u00edas y pruebas de imagen, fisioterapia, medicamentos recetados y dispositivos m\u00e9dicos (como muletas o aparatos ortop\u00e9dicos).<\/li>\n<li><b>Tratamiento m\u00e9dico futuro:<\/b> Si tu lesi\u00f3n requiere cuidados continuos (como cirug\u00edas adicionales o terapia a largo plazo para controlar el dolor), es posible que tambi\u00e9n te compensen por futuros gastos m\u00e9dicos.<\/li>\n<li><b>P\u00e9rdida de ingresos:<\/b> Si tiene que faltar al trabajo debido a sus lesiones por accidente, puede ser indemnizado por los salarios perdidos durante ese tiempo.<\/li>\n<li><b>P\u00e9rdida de capacidad laboral:<\/b> Si las lesiones graves afectan a su capacidad para ganar dinero en el futuro -por ejemplo, si ya no puede hacer el mismo trabajo-, puede ser indemnizado por esa p\u00e9rdida.<\/li>\n<li><b>Dolor y sufrimiento:<\/b> Se trata de una indemnizaci\u00f3n por el dolor f\u00edsico y la angustia emocional que has padecido a causa del accidente y tus lesiones.<\/li>\n<li><b>Da\u00f1os materiales:<\/b> Si su veh\u00edculo o cualquier bien personal result\u00f3 da\u00f1ado o destruido en el accidente, podr\u00eda ser indemnizado por los gastos de reparaci\u00f3n o sustituci\u00f3n.<\/li>\n<li><b>P\u00e9rdida del disfrute de la vida:<\/b> Si las lesiones de su accidente de auto le impiden disfrutar de aficiones, ejercicio y otros placeres de la vida, usted podr\u00eda recibir una compensaci\u00f3n por esa p\u00e9rdida.<\/li>\n<li><b>Da\u00f1os punitivos:<\/b> En algunos casos, si el conductor culpable fue especialmente imprudente o negligente, usted podr\u00eda recibir <a href=\"https:\/\/statutes.capitol.texas.gov\/Docs\/CP\/htm\/CP.41.htm\" target=\"_blank\" rel=\"noopener\">da\u00f1os punitivos<\/a>, que est\u00e1n destinados a castigar al malhechor y disuadir comportamientos similares.<\/li>\n<\/ul>\n<p>Es importante documentar todo lo relacionado con el accidente y las lesiones. Esto incluye tomar fotos de sus lesiones, mantener registros m\u00e9dicos y registrar los d\u00edas de trabajo perdidos. Un abogado con experiencia en lesiones personales puede ayudarle a entender lo que la compensaci\u00f3n monetaria que usted podr\u00eda tener derecho y c\u00f3mo <a href=\"https:\/\/www.vblawgroup.com\/blog\/car-accident\/maximize-accident-settlement-texas\/\">maximizar su reclamo<\/a>.<\/p>\n<h2><span class=\"ez-toc-section\" id=\"FAQS\"><\/span>FAQS<span class=\"ez-toc-section-end\"><\/span><\/h2>\n<h3><span class=\"ez-toc-section\" id=\"%C2%BFComo_se_si_me_he_roto_un_hueso_en_un_accidente_de_coche\"><\/span>\u00bfC\u00f3mo s\u00e9 si me he roto un hueso en un accidente de coche?<span class=\"ez-toc-section-end\"><\/span><\/h3>\n<p>Aunque los huesos rotos pueden parecer lesiones obvias, no siempre es as\u00ed. Despu\u00e9s de un accidente de coche, la descarga de adrenalina en su sistema a veces puede enmascarar el dolor, y una ruptura puede parecer s\u00f3lo un moret\u00f3n o un esguince. Por eso, aunque creas que no es nada grave, es importante que recibas atenci\u00f3n m\u00e9dica despu\u00e9s de un accidente.<\/p>\n<p>Estos son algunos signos de que puedes tener un hueso roto:<\/p>\n<ul>\n<li><b>Dolor intenso:<\/b> Si te duele mucho en una zona concreta, sobre todo al tocarla o poner peso sobre ella, podr\u00eda ser se\u00f1al de rotura.<\/li>\n<li><b>Deformidad: <\/b>si una extremidad tiene un aspecto extra\u00f1o o est\u00e1 fuera de lugar, o se encuentra en un \u00e1ngulo extra\u00f1o, es una se\u00f1al de alarma.<\/li>\n<li><b>Hinchaz\u00f3n, hematomas o sensibilidad:<\/b> Estas son reacciones comunes en el cuerpo cuando se tiene una fractura.<\/li>\n<li><b>Entumecimiento y hormigueo:<\/b> Esto podr\u00eda significar que un hueso se ha roto y est\u00e1 presionando contra los nervios.<\/li>\n<li><b>Dificultad para moverse:<\/b> Si no puedes mover una extremidad con normalidad, o sin mucho dolor, es se\u00f1al de que puedes tener una fractura.<\/li>\n<\/ul>\n<p>Para saber si realmente te has roto un hueso, los m\u00e9dicos suelen hacer una radiograf\u00eda. A veces, sin embargo, las fracturas no aparecen en las radiograf\u00edas, sobre todo las fracturas por sobrecarga o las fracturas muy peque\u00f1as. Es entonces cuando los m\u00e9dicos pueden utilizar una gammagraf\u00eda \u00f3sea, una tomograf\u00eda computarizada o una resonancia magn\u00e9tica para obtener una mejor visi\u00f3n. Una vez confirmada la fractura, el tratamiento depender\u00e1 del tipo de fractura. Esto es lo que puedes esperar<\/p>\n<ul>\n<li><b>Yesos:<\/b> La mayor\u00eda de las veces, se utilizar\u00e1 un yeso o una escayola de fibra de vidrio para mantener todo en su sitio mientras se cura el hueso.<\/li>\n<li><b>Escayola o f\u00e9rula funcional:<\/b> Estos dispositivos te permiten moverte un poco, lo que a veces es mejor para la curaci\u00f3n.<\/li>\n<li><b>Tracci\u00f3n:<\/b> Consiste en tirar suavemente del hueso para colocarlo en su sitio.<\/li>\n<li><b>Fijaci\u00f3n externa:<\/b> Si la fractura es muy grave, los m\u00e9dicos pueden colocar clavos met\u00e1licos en el hueso para mantenerlo todo alineado.<\/li>\n<li><b>Cirug\u00eda:<\/b> A veces, la cirug\u00eda es la mejor forma de arreglar la fractura. Los cirujanos pueden utilizar tornillos o barras para mantener unido el hueso.<\/li>\n<\/ul>\n<p>La curaci\u00f3n de una fractura puede durar de semanas a meses, y tendr\u00e1s que evitar que el hueso se mueva demasiado durante todo ese tiempo. Incluso despu\u00e9s de que te quiten la escayola o la f\u00e9rula, es posible que no vuelvas a la normalidad. Usted podr\u00eda necesitar terapia f\u00edsica para recuperar su fuerza y flexibilidad, porque no usar los m\u00fasculos alrededor de su hueso roto puede hacerlos d\u00e9biles.<\/p>\n<h3><span class=\"ez-toc-section\" id=\"%C2%BFNecesito_un_abogado_de_accidente_de_coche_para_una_reclamacion_de_fractura_osea\"><\/span>\u00bfNecesito un abogado de accidente de coche para una reclamaci\u00f3n de fractura \u00f3sea?<span class=\"ez-toc-section-end\"><\/span><\/h3>\n<p>La decisi\u00f3n de <a href=\"https:\/\/www.vblawgroup.com\/blog\/firm-news\/why-hire-a-personal-injury-lawyer-in-2023\/\">contratar a un abogado de accidentes de coche<\/a> despu\u00e9s de sufrir una fractura puede depender de las caracter\u00edsticas espec\u00edficas de su caso, pero los siguientes factores pueden hacer que la representaci\u00f3n legal sea beneficiosa:<\/p>\n<ul>\n<li>Si su accidente involucra asuntos legales o de seguros complejos, un abogado puede navegar por estos sistemas en su nombre.<\/li>\n<li>Los huesos rotos son lesiones importantes que pueden tener graves consecuencias. Un abogado especializado en lesiones por accidente puede ayudarle a asegurarse de que recibe la m\u00e1xima indemnizaci\u00f3n proporcional a la gravedad de su lesi\u00f3n.<\/li>\n<li>Si hay una disputa sobre qui\u00e9n es el responsable del accidente, un abogado con experiencia puede ayudar a demostrar la culpa.<\/li>\n<li>Las compa\u00f1\u00edas de seguros a menudo tratan de minimizar los pagos. Un abogado experto en accidentes sabe negociar con estas compa\u00f1\u00edas y puede luchar por un acuerdo justo.<\/li>\n<li>Puede ser dif\u00edcil calcular todos los da\u00f1os y perjuicios que se le deben, incluidos los gastos m\u00e9dicos futuros, la p\u00e9rdida de ingresos y el dolor y el sufrimiento. Un abogado sabe c\u00f3mo contabilizarlos de forma exhaustiva.<\/li>\n<li>Hay un plazo de dos a\u00f1os para la presentaci\u00f3n de reclamaciones por lesiones personales; se conoce como el <a href=\"https:\/\/statutes.capitol.texas.gov\/Docs\/CP\/htm\/CP.16.htm\" target=\"_blank\" rel=\"noopener\">estatuto de limitaciones<\/a>. Un abogado especializado en accidentes puede ayudarle a asegurarse de que todas sus reclamaciones se presenten a tiempo.<\/li>\n<li>Si necesita llevar su caso a los tribunales, un abogado le representar\u00e1 y trabajar\u00e1 para presentar su caso de la mejor manera posible.<\/li>\n<\/ul>\n<p>Si bien no es obligatorio contratar a un abogado para una reclamaci\u00f3n de hueso roto despu\u00e9s de un accidente de coche, hacerlo a menudo puede conducir a un mejor acuerdo y aliviar el estr\u00e9s de manejar el proceso legal por su cuenta.<\/p>\n<h2><span class=\"ez-toc-section\" id=\"Obtenga_una_consulta_gratuita_con_un_abogado_de_accidente_de_coche_de_Texas\"><\/span>Obtenga una consulta gratuita con un abogado de accidente de coche de Texas<span class=\"ez-toc-section-end\"><\/span><\/h2>\n<p>Sufrir de huesos rotos despu\u00e9s de un accidente de coche en Texas puede dejarte estresado, con dolor y preocupado por el futuro. El equipo legal de Texas Law Guns, Injury &amp; Accident Lawyers, se dedica a guiar a las v\u00edctimas de accidentes a trav\u00e9s de este dif\u00edcil momento con asesoramiento jur\u00eddico especializado y atenci\u00f3n personalizada. Las secuelas de un accidente no debe dictar el resto de su vida-asociarse con el equipo legal adecuado puede hacer toda la diferencia en su viaje a la curaci\u00f3n y la estabilidad financiera. Para programar su consulta inicial gratuita con uno de nuestros abogados de lesiones personales, llame al (210) 800-0000 o <a href=\"https:\/\/www.vblawgroup.com\/es\/contactenos\/\">p\u00f3ngase en contacto con nosotros en l\u00ednea hoy<\/a>.<\/p>\n<ul>\n<li><a href=\"https:\/\/www.vblawgroup.com\/san-antonio\/car-accident-attorney\/injuries\/organ-damage\/\">Da\u00f1os en los \u00f3rganos despu\u00e9s de un accidente<\/a><\/li>\n<\/ul>\n","protected":false},"excerpt":{"rendered":"<p>Los accidentes de coche en Texas pueden provocar algo m\u00e1s que peque\u00f1os cortes o contusiones. A veces, los conductores y pasajeros involucrados en estos choques terminan con lesiones catastr\u00f3ficas como huesos rotos. Esto puede suceder incluso si usted est\u00e1 usando su cintur\u00f3n de seguridad en el momento y su bolsa de aire se abre como&#8230; <a href=\"https:\/\/www.vblawgroup.com\/es\/huesos-rotos-despues-de-un-accidente-de-coche-de-texas\/\">read more<\/a><\/p>\n","protected":false},"author":10,"featured_media":0,"parent":0,"menu_order":0,"comment_status":"closed","ping_status":"closed","template":"","meta":{"_acf_changed":false,"footnotes":""},"class_list":["post-952","page","type-page","status-publish","hentry"],"acf":[],"_links":{"self":[{"href":"https:\/\/www.vblawgroup.com\/es\/wp-json\/wp\/v2\/pages\/952","targetHints":{"allow":["GET"]}}],"collection":[{"href":"https:\/\/www.vblawgroup.com\/es\/wp-json\/wp\/v2\/pages"}],"about":[{"href":"https:\/\/www.vblawgroup.com\/es\/wp-json\/wp\/v2\/types\/page"}],"author":[{"embeddable":true,"href":"https:\/\/www.vblawgroup.com\/es\/wp-json\/wp\/v2\/users\/10"}],"replies":[{"embeddable":true,"href":"https:\/\/www.vblawgroup.com\/es\/wp-json\/wp\/v2\/comments?post=952"}],"version-history":[{"count":0,"href":"https:\/\/www.vblawgroup.com\/es\/wp-json\/wp\/v2\/pages\/952\/revisions"}],"wp:attachment":[{"href":"https:\/\/www.vblawgroup.com\/es\/wp-json\/wp\/v2\/media?parent=952"}],"curies":[{"name":"wp","href":"https:\/\/api.w.org\/{rel}","templated":true}]}}