{"id":954,"date":"2025-09-15T18:42:53","date_gmt":"2025-09-15T18:42:53","guid":{"rendered":"https:\/\/www.vblawgroup.com\/es\/?page_id=954"},"modified":"2025-09-15T18:42:53","modified_gmt":"2025-09-15T18:42:53","slug":"dano-nervioso-tras-un-accidente-en-texas","status":"publish","type":"page","link":"https:\/\/www.vblawgroup.com\/es\/dano-nervioso-tras-un-accidente-en-texas\/","title":{"rendered":"Da\u00f1o Nervioso Tras un Accidente en Texas"},"content":{"rendered":"<p><img loading=\"lazy\" decoding=\"async\" class=\"alignnone wp-image-15014 size-large hoverZoomLink\" src=\"https:\/\/www.vblawgroup.com\/wp-content\/uploads\/2024\/12\/nerve-damage-1024x536.jpg\" alt=\"Nerve Damage After Accident in Texas\" width=\"1024\" height=\"536\" \/><\/p>\n<p>Los accidentes de tr\u00e1fico, los resbalones y las ca\u00eddas, e incluso los errores quir\u00fargicos, son accidentes evitables que pueden causarle lesiones devastadoras. Aunque las fracturas \u00f3seas, los traumatismos craneoencef\u00e1licos y las hemorragias internas suelen ser las consecuencias m\u00e1s comunes, tambi\u00e9n se corre el riesgo de sufrir lesiones nerviosas. Dependiendo del alcance de la lesi\u00f3n, puede sufrir desde entumecimiento y hormigueo en las extremidades hasta dolor intenso, da\u00f1os permanentes e incluso par\u00e1lisis. Para empeorar las cosas, pocas compa\u00f1\u00edas de seguros est\u00e1n interesados en compensar de manera justa.<\/p>\n<p>En Texas Law Guns, Injury &amp; Accident Lawyers <a href=\"https:\/\/www.vblawgroup.com\/san-antonio\/car-accident-attorney\/\">nuestros abogados de accidentes de confianza<\/a> han visto de primera mano c\u00f3mo el da\u00f1o a los nervios puede afectar su vida. En casos graves, puede necesitar atenci\u00f3n m\u00e9dica continua y ser incapaz de trabajar para mantener a su familia. Si esto le sucede a usted o a un ser querido en Texas y desea emprender acciones legales contra la parte culpable, ll\u00e1menos inmediatamente para una consulta gratuita y revisi\u00f3n de su caso.<\/p>\n<div id=\"ez-toc-container\" class=\"ez-toc-v2_0_76 counter-hierarchy ez-toc-counter ez-toc-grey ez-toc-container-direction\">\n<div class=\"ez-toc-title-container\">\n<p class=\"ez-toc-title\" style=\"cursor:inherit\">Table of Contents<\/p>\n<span class=\"ez-toc-title-toggle\"><a href=\"#\" class=\"ez-toc-pull-right ez-toc-btn ez-toc-btn-xs ez-toc-btn-default ez-toc-toggle\" aria-label=\"Toggle Table of Content\"><span class=\"ez-toc-js-icon-con\"><span class=\"\"><span class=\"eztoc-hide\" style=\"display:none;\">Toggle<\/span><span class=\"ez-toc-icon-toggle-span\"><svg style=\"fill: #999;color:#999\" xmlns=\"http:\/\/www.w3.org\/2000\/svg\" class=\"list-377408\" width=\"20px\" height=\"20px\" viewBox=\"0 0 24 24\" fill=\"none\"><path d=\"M6 6H4v2h2V6zm14 0H8v2h12V6zM4 11h2v2H4v-2zm16 0H8v2h12v-2zM4 16h2v2H4v-2zm16 0H8v2h12v-2z\" fill=\"currentColor\"><\/path><\/svg><svg style=\"fill: #999;color:#999\" class=\"arrow-unsorted-368013\" xmlns=\"http:\/\/www.w3.org\/2000\/svg\" width=\"10px\" height=\"10px\" viewBox=\"0 0 24 24\" version=\"1.2\" baseProfile=\"tiny\"><path d=\"M18.2 9.3l-6.2-6.3-6.2 6.3c-.2.2-.3.4-.3.7s.1.5.3.7c.2.2.4.3.7.3h11c.3 0 .5-.1.7-.3.2-.2.3-.5.3-.7s-.1-.5-.3-.7zM5.8 14.7l6.2 6.3 6.2-6.3c.2-.2.3-.5.3-.7s-.1-.5-.3-.7c-.2-.2-.4-.3-.7-.3h-11c-.3 0-.5.1-.7.3-.2.2-.3.5-.3.7s.1.5.3.7z\"\/><\/svg><\/span><\/span><\/span><\/a><\/span><\/div>\n<nav><ul class='ez-toc-list ez-toc-list-level-1 ' ><li class='ez-toc-page-1 ez-toc-heading-level-2'><a class=\"ez-toc-link ez-toc-heading-1\" href=\"https:\/\/www.vblawgroup.com\/es\/dano-nervioso-tras-un-accidente-en-texas\/#Lesiones_de_Dano_Nervioso_una_Vision_General\" >Lesiones de Da\u00f1o Nervioso: una Visi\u00f3n General<\/a><\/li><li class='ez-toc-page-1 ez-toc-heading-level-2'><a class=\"ez-toc-link ez-toc-heading-2\" href=\"https:\/\/www.vblawgroup.com\/es\/dano-nervioso-tras-un-accidente-en-texas\/#Como_reconocer_los_sintomas_de_las_lesiones_nerviosas\" >C\u00f3mo reconocer los s\u00edntomas de las lesiones nerviosas<\/a><\/li><li class='ez-toc-page-1 ez-toc-heading-level-2'><a class=\"ez-toc-link ez-toc-heading-3\" href=\"https:\/\/www.vblawgroup.com\/es\/dano-nervioso-tras-un-accidente-en-texas\/#Causas_comunes_de_las_lesiones_nerviosas\" >Causas comunes de las lesiones nerviosas<\/a><\/li><li class='ez-toc-page-1 ez-toc-heading-level-2'><a class=\"ez-toc-link ez-toc-heading-4\" href=\"https:\/\/www.vblawgroup.com\/es\/dano-nervioso-tras-un-accidente-en-texas\/#Diagnostico_y_tratamiento_de_las_lesiones_nerviosas\" >Diagn\u00f3stico y tratamiento de las lesiones nerviosas<\/a><\/li><li class='ez-toc-page-1 ez-toc-heading-level-2'><a class=\"ez-toc-link ez-toc-heading-5\" href=\"https:\/\/www.vblawgroup.com\/es\/dano-nervioso-tras-un-accidente-en-texas\/#Opciones_de_tratamiento\" >Opciones de tratamiento<\/a><\/li><li class='ez-toc-page-1 ez-toc-heading-level-2'><a class=\"ez-toc-link ez-toc-heading-6\" href=\"https:\/\/www.vblawgroup.com\/es\/dano-nervioso-tras-un-accidente-en-texas\/#Indemnizacion_por_danos_nerviosos\" >Indemnizaci\u00f3n por da\u00f1os nerviosos<\/a><ul class='ez-toc-list-level-3' ><li class='ez-toc-heading-level-3'><a class=\"ez-toc-link ez-toc-heading-7\" href=\"https:\/\/www.vblawgroup.com\/es\/dano-nervioso-tras-un-accidente-en-texas\/#Danos_economicos\" >Da\u00f1os econ\u00f3micos<\/a><\/li><li class='ez-toc-page-1 ez-toc-heading-level-3'><a class=\"ez-toc-link ez-toc-heading-8\" href=\"https:\/\/www.vblawgroup.com\/es\/dano-nervioso-tras-un-accidente-en-texas\/#Danos_no_economicos\" >Da\u00f1os no econ\u00f3micos<\/a><\/li><\/ul><\/li><li class='ez-toc-page-1 ez-toc-heading-level-2'><a class=\"ez-toc-link ez-toc-heading-9\" href=\"https:\/\/www.vblawgroup.com\/es\/dano-nervioso-tras-un-accidente-en-texas\/#%C2%BFComo_puede_ayudar_un_abogado_de_lesiones_personales\" >\u00bfC\u00f3mo puede ayudar un abogado de lesiones personales?<\/a><\/li><li class='ez-toc-page-1 ez-toc-heading-level-2'><a class=\"ez-toc-link ez-toc-heading-10\" href=\"https:\/\/www.vblawgroup.com\/es\/dano-nervioso-tras-un-accidente-en-texas\/#Obtenga_una_consulta_gratuita_de_un_abogado_de_lesiones_personales_de_Texas\" >Obtenga una consulta gratuita de un abogado de lesiones personales de Texas<\/a><\/li><\/ul><\/nav><\/div>\n<h2><span class=\"ez-toc-section\" id=\"Lesiones_de_Dano_Nervioso_una_Vision_General\"><\/span>Lesiones de Da\u00f1o Nervioso: una Visi\u00f3n General<span class=\"ez-toc-section-end\"><\/span><\/h2>\n<p>Los nervios forman una red de comunicaci\u00f3n vital en el cuerpo. Controlan el movimiento, la sensaci\u00f3n y las funciones involuntarias mediante la transmisi\u00f3n de se\u00f1ales desde el cerebro y la m\u00e9dula espinal a los m\u00fasculos y \u00f3rganos. Cuando los nervios resultan da\u00f1ados, estas se\u00f1ales sensoriales se interrumpen, provocando s\u00edntomas que van desde peque\u00f1as molestias hasta la p\u00e9rdida total de la funci\u00f3n. En cualquier caso, su calidad de vida se ve afectada.<\/p>\n<p>Aqu\u00ed est\u00e1n los tipos comunes de da\u00f1o a los nervios asociados con accidentes de lesiones personales:<\/p>\n<ul>\n<li><b>Perif\u00e9rico:<\/b> El da\u00f1o a los nervios perif\u00e9ricos ocurre cuando el trauma perturba los nervios fuera del cerebro y la m\u00e9dula espinal. Estos nervios son como las l\u00edneas de comunicaci\u00f3n del cuerpo a las manos, brazos, pies y piernas. Cuando se da\u00f1an, se puede sentir una amplia gama de s\u00edntomas que incluyen debilidad, dolor f\u00edsico agudo o p\u00e9rdida de sensibilidad en esas \u00e1reas. Los problemas de los nervios perif\u00e9ricos pueden hacer que las tareas cotidianas, como caminar o agarrar un bol\u00edgrafo, resulten imposibles.<\/li>\n<li><b>Auton\u00f3micos:<\/b> Las lesiones nerviosas aut\u00f3nomas afectan a los nervios que controlan funciones en las que ni siquiera piensas, como respirar, digerir los alimentos o mantener constante el latido del coraz\u00f3n. Con este tipo de lesi\u00f3n, puedes experimentar latidos irregulares, problemas digestivos o incluso sentirte mareado al ponerte de pie. Estos s\u00edntomas pueden ser alarmantes e impredecibles, convirtiendo momentos sencillos en fuentes de ansiedad.<\/li>\n<li><b>Motor:<\/b> Las lesiones de los nervios motores afectan a los nervios responsables del movimiento. Cuando estos nervios se lesionan, se interrumpen las se\u00f1ales motoras que indican a los m\u00fasculos que se muevan. Esto puede provocar problemas graves, como debilidad muscular o incluso p\u00e9rdida de sensibilidad y par\u00e1lisis en algunas partes del cuerpo. Puede resultarte dif\u00edcil controlar las expresiones faciales, levantar objetos cotidianos o caminar con firmeza.<\/li>\n<li><b>Sensoriales: <\/b>Las lesiones de los nervios sensoriales afectan a la capacidad de sentir. Cuando se lesionan, los efectos a largo plazo pueden ir desde el entumecimiento total hasta una sensaci\u00f3n abrumadora de quemaz\u00f3n u hormigueo, a menudo descrita como \u00abpinchazos\u00bb. Incluso un roce ligero, como rozar la manga de una camisa, puede resultar muy doloroso. Este tipo de da\u00f1o puede cambiar dr\u00e1sticamente la forma de interactuar con el mundo, haciendo que incluso las peque\u00f1as experiencias cotidianas resulten inc\u00f3modas.<\/li>\n<\/ul>\n<p>Cada tipo de lesi\u00f3n nerviosa es diferente, pero todas tienen algo en com\u00fan: alteran la vida cotidiana de un modo inesperado. Este tipo de lesiones tambi\u00e9n pueden desarrollarse de forma inmediata o gradual, por lo que es fundamental acudir al m\u00e9dico tras un accidente grave, <a href=\"https:\/\/www.vblawgroup.com\/blog\/car-accident\/delayed-pain-after-car-accident\/\">aunque los s\u00edntomas parezcan leves al principio<\/a>.<\/p>\n<h2><span class=\"ez-toc-section\" id=\"Como_reconocer_los_sintomas_de_las_lesiones_nerviosas\"><\/span>C\u00f3mo reconocer los s\u00edntomas de las lesiones nerviosas<span class=\"ez-toc-section-end\"><\/span><\/h2>\n<p>Las lesiones nerviosas suelen presentarse de forma diferente en funci\u00f3n de su gravedad y localizaci\u00f3n. A continuaci\u00f3n se muestra una amplia gama de s\u00edntomas comunes a tener en cuenta:<\/p>\n<ul>\n<li><b>Hormigueo o entumecimiento:<\/b> El hormigueo o entumecimiento suele ser uno de los primeros signos de da\u00f1o nervioso. Esta sensaci\u00f3n suele comenzar en las manos o los pies y puede extenderse con el tiempo, dejando en las zonas afectadas una sensaci\u00f3n extra\u00f1a o de desconexi\u00f3n. Incluso el da\u00f1o a un solo nervio puede tener estos efectos adversos.<\/li>\n<li><b>Dolor agudo e irradiado:<\/b> Este s\u00edntoma com\u00fan puede sentirse como una descarga el\u00e9ctrica o una sensaci\u00f3n de quemaz\u00f3n. Las molestias pueden hacerse m\u00e1s intensas con el movimiento o al aplicar presi\u00f3n sobre la zona lesionada, provocando espasmos musculares y dificultando el alivio.<\/li>\n<li><b>Debilidad o par\u00e1lisis:<\/b> Es posible que le cueste agarrar objetos, levantar objetos o incluso caminar con firmeza. Con el tiempo, la falta de fuerza en determinados m\u00fasculos puede limitar a\u00fan m\u00e1s su amplitud de movimiento y afectar a su calidad de vida.<\/li>\n<li><b>Sensibilidad al tacto:<\/b> Incluso un contacto ligero, como rozar la ropa o tocar una superficie, puede resultar inc\u00f3modo o insoportable. Esta reacci\u00f3n exacerbada puede hacer que las actividades cotidianas resulten f\u00edsicamente agotadoras.<\/li>\n<li><b>Problemas de coordinaci\u00f3n:<\/b> Puede tener dificultades para mantener el equilibrio o realizar tareas que requieran precisi\u00f3n, como escribir o utilizar herramientas. Estas dificultades pueden interferir en las rutinas laborales y personales.<\/li>\n<\/ul>\n<p>La progresi\u00f3n de las lesiones nerviosas var\u00eda. Algunas lesiones graves se resuelven con tratamiento, mientras que otras se vuelven cr\u00f3nicas y requieren tratamiento de por vida.<\/p>\n<h2><span class=\"ez-toc-section\" id=\"Causas_comunes_de_las_lesiones_nerviosas\"><\/span>Causas comunes de las lesiones nerviosas<span class=\"ez-toc-section-end\"><\/span><\/h2>\n<p>Las lesiones nerviosas pueden deberse a diversas situaciones, pero los accidentes siguen siendo una de las causas m\u00e1s comunes.<\/p>\n<ul>\n<li><b>Accidentes de coche y cami\u00f3n:<\/b> La fuerza de una colisi\u00f3n a alta velocidad suele provocar traumatismos en zonas cr\u00edticas como la columna vertebral, el cuello o las extremidades. El latigazo cervical hace que la cabeza se mueva de un lado a otro, estirando o comprimiendo los nervios de la columna cervical, mientras que los airbags a veces pueden ejercer suficiente presi\u00f3n para provocar la compresi\u00f3n de nervios en la parte superior del cuerpo. Las consecuencias de estos accidentes de coche a menudo dejan a las v\u00edctimas con dolor cr\u00f3nico, problemas de movilidad y necesidades de atenci\u00f3n a largo plazo.<\/li>\n<li><b>Resbalones y ca\u00eddas:<\/b> Tal vez usted est\u00e1 visitando el patio de comidas en su centro comercial favorito, paso en un refresco derramado, y de repente, est\u00e1s abajo. Puede que al principio se encuentre bien, pero si la ca\u00edda le ha aplastado o estirado un nervio de la espalda o las piernas, puede causarle graves problemas m\u00e1s adelante. Los huesos rotos por el impacto pueden atrapar nervios cercanos, provocando un dolor agudo o entumecimiento que hace insoportable caminar o estar sentado durante periodos prolongados.<\/li>\n<li><b>Incidentes laborales:<\/b> En los trabajos con maquinaria pesada, los accidentes pueden ser especialmente devastadores. Cuando una extremidad queda atrapada o aplastada, los nervios sufren a menudo graves traumatismos que afectan tanto a la funci\u00f3n motora como a la sensibilidad. Estas lesiones pueden dejar a los empleados no s\u00f3lo con limitaciones f\u00edsicas, sino tambi\u00e9n con estr\u00e9s financiero debido a la p\u00e9rdida de salarios y a los crecientes gastos m\u00e9dicos.<\/li>\n<li><b>Negligencia m\u00e9dica:<\/b> Durante las intervenciones quir\u00fargicas u otros procedimientos, los nervios pueden seccionarse, comprimirse o estirarse accidentalmente. Estos errores pueden dejar a los pacientes con dolor cr\u00f3nico, movilidad reducida o incluso da\u00f1os permanentes en los nervios. Las secuelas de estas lesiones a menudo incluyen sufrimiento f\u00edsico y angustia emocional, ya que las v\u00edctimas de accidentes luchan por adaptarse a una vida que no hab\u00edan previsto.<\/li>\n<\/ul>\n<h2><span class=\"ez-toc-section\" id=\"Diagnostico_y_tratamiento_de_las_lesiones_nerviosas\"><\/span>Diagn\u00f3stico y tratamiento de las lesiones nerviosas<span class=\"ez-toc-section-end\"><\/span><\/h2>\n<p>Todo comienza con un diagn\u00f3stico adecuado. Sin \u00e9l, no es posible un tratamiento correcto y la lesi\u00f3n puede empeorar con el tiempo. Por eso, los profesionales m\u00e9dicos recurren a una combinaci\u00f3n de pruebas y herramientas para determinar el alcance de la lesi\u00f3n nerviosa y el mejor camino a seguir en el proceso de recuperaci\u00f3n.<\/p>\n<ul>\n<li><b>Estudios de imagen:<\/b> Pruebas como radiograf\u00edas, resonancias magn\u00e9ticas y tomograf\u00edas computarizadas proporcionan una visi\u00f3n detallada de la zona afectada. Por ejemplo, en los accidentes de tr\u00e1fico, la fuerza del impacto suele afectar a la m\u00e9dula espinal o a las ra\u00edces nerviosas cercanas, y el diagn\u00f3stico por imagen ayuda a determinar la localizaci\u00f3n exacta del da\u00f1o.<\/li>\n<li><b>Electromiograf\u00eda (EMG):<\/b> Consiste en colocar peque\u00f1as agujas en los m\u00fasculos para medir la actividad el\u00e9ctrica. Si hay una disfunci\u00f3n, <a href=\"https:\/\/www.hopkinsmedicine.org\/health\/treatment-tests-and-therapies\/electromyography-emg\" target=\"_blank\" rel=\"noopener\">los resultados de la EMG pueden mostrar si el problema est\u00e1 en el propio nervio<\/a>, en el m\u00fasculo o en alg\u00fan punto intermedio.<\/li>\n<li><b>Pruebas de conducci\u00f3n nerviosa:<\/b> Estas pruebas eval\u00faan la rapidez con que las se\u00f1ales el\u00e9ctricas se mueven a trav\u00e9s de los nervios y la intensidad de esas se\u00f1ales. Por ejemplo, si experimenta hormigueo o entumecimiento en las manos, un estudio de conducci\u00f3n nerviosa puede revelar si la causa es el s\u00edndrome del t\u00fanel carpiano u otro problema subyacente.<\/li>\n<\/ul>\n<h2><span class=\"ez-toc-section\" id=\"Opciones_de_tratamiento\"><\/span>Opciones de tratamiento<span class=\"ez-toc-section-end\"><\/span><\/h2>\n<p>Tras un diagn\u00f3stico preciso, las opciones de tratamiento de las lesiones nerviosas se centran en aliviar los s\u00edntomas y promover la recuperaci\u00f3n:<\/p>\n<ul>\n<li><b>Medicamentos:<\/b> Se suelen recetar analg\u00e9sicos, antiinflamatorios o medicamentos espec\u00edficos para los nervios, como la gabapentina.<\/li>\n<li><b>Fisioterapia:<\/b> Estos ejercicios ayudan a recuperar la fuerza, la movilidad y la coordinaci\u00f3n, sobre todo despu\u00e9s de lesiones de los nervios motores.<\/li>\n<li><b>Intervenci\u00f3n quir\u00fargica:<\/b> En casos graves, puede ser necesaria la cirug\u00eda para descomprimir o reparar los nervios da\u00f1ados.<\/li>\n<li><b>Ajustes del estilo de vida:<\/b> Las t\u00e9cnicas de adaptaci\u00f3n o los dispositivos de asistencia, como los aparatos ortop\u00e9dicos, pueden mejorar el funcionamiento diario.<\/li>\n<\/ul>\n<p>Los plazos de recuperaci\u00f3n var\u00edan en funci\u00f3n de la gravedad del estado general del paciente. Algunas lesiones f\u00edsicas se curan en cuesti\u00f3n de semanas, mientras que otras requieren a\u00f1os de terapia continua. Un abogado con experiencia puede revisar su caso y explicarle sus opciones legales de indemnizaci\u00f3n.<\/p>\n<h2><span class=\"ez-toc-section\" id=\"Indemnizacion_por_danos_nerviosos\"><\/span>Indemnizaci\u00f3n por da\u00f1os nerviosos<span class=\"ez-toc-section-end\"><\/span><\/h2>\n<p>Las v\u00edctimas de da\u00f1os en los nervios a menudo se enfrentan a altos gastos m\u00e9dicos y desaf\u00edos personales. Afortunadamente, la ley de Texas ofrece v\u00edas para <a href=\"https:\/\/statutes.capitol.texas.gov\/docs\/cp\/htm\/cp.41.htm\" target=\"_blank\" rel=\"noopener\">recuperar los da\u00f1os compensatorios<\/a>, incluidos los que se indican a continuaci\u00f3n.<\/p>\n<h3><span class=\"ez-toc-section\" id=\"Danos_economicos\"><\/span>Da\u00f1os econ\u00f3micos<span class=\"ez-toc-section-end\"><\/span><\/h3>\n<ul>\n<li><b>Facturas m\u00e9dicas:<\/b> Las facturas de atenci\u00f3n m\u00e9dica son a menudo la mayor parte de una reclamaci\u00f3n por da\u00f1os nerviosos. Esto incluye estancias en el hospital, pruebas de diagn\u00f3stico, sesiones de terapia f\u00edsica, cirug\u00edas y medicamentos recetados. Si se necesitan cuidados continuos, como cirug\u00edas adicionales o rehabilitaci\u00f3n especializada, esos costes previstos tambi\u00e9n pueden incluirse en su demanda por lesiones personales.<\/li>\n<li><b>P\u00e9rdida de ingresos:<\/b> Si su lesi\u00f3n nerviosa le impide trabajar (o le obliga a trabajar menos horas) <a href=\"https:\/\/www.vblawgroup.com\/es\/calculo-de-los-salarios-perdidos-tras-un-accidente\/\">, tiene derecho a recuperar los salarios dejados de percibir<\/a>. Si su lesi\u00f3n afecta a su capacidad para desempe\u00f1ar su trabajo a largo plazo, puede solicitar una indemnizaci\u00f3n justa por su potencial de ingresos perdidos.<\/li>\n<li><b>Costes de rehabilitaci\u00f3n:<\/b> Estos costes pueden incluir fisioterapia, terapia ocupacional o equipos especializados como aparatos ortop\u00e9dicos o ayudas para la movilidad. Si su casa necesita modificaciones, como rampas para sillas de ruedas o barras de apoyo, esos gastos tambi\u00e9n son recuperables.<\/li>\n<li><b>Da\u00f1os materiales:<\/b> Si su veh\u00edculo, ropa, tel\u00e9fono m\u00f3vil u otros bienes personales resultaron da\u00f1ados en el accidente, es posible que pueda incluirlos en su demanda por lesiones personales.<\/li>\n<\/ul>\n<h3><span class=\"ez-toc-section\" id=\"Danos_no_economicos\"><\/span>Da\u00f1os no econ\u00f3micos<span class=\"ez-toc-section-end\"><\/span><\/h3>\n<ul>\n<li><b>Dolor y sufrimiento:<\/b> Esta indemnizaci\u00f3n reconoce la carga emocional que supone vivir con un dolor constante, tener una movilidad limitada o enfrentarse a la incertidumbre de si alguna vez se recuperar\u00e1 del todo. Reconoce c\u00f3mo esta lesi\u00f3n afecta a su salud mental y a su bienestar general.<\/li>\n<li><b>P\u00e9rdida de placer:<\/b> Las lesiones nerviosas pueden quitarte las alegr\u00edas sencillas de la vida. Quiz\u00e1 le encantaba ir de excursi\u00f3n, pero ahora el dolor de piernas se lo impide. La indemnizaci\u00f3n por p\u00e9rdida de disfrute pretende reconocer esas p\u00e9rdidas y proporcionar cierto alivio.<\/li>\n<li><b>P\u00e9rdida de consorcio:<\/b> Si las lesiones nerviosas perjudican la relaci\u00f3n con su c\u00f3nyuge, puede reclamar una indemnizaci\u00f3n justa por c\u00f3mo han cambiado las cosas.<\/li>\n<\/ul>\n<p>El valor de una reclamaci\u00f3n por lesiones personales depende de la gravedad de la lesi\u00f3n y del pron\u00f3stico a largo plazo. La representaci\u00f3n legal de un abogado con experiencia le ofrece la mejor oportunidad de conseguir la m\u00e1xima indemnizaci\u00f3n por da\u00f1os nerviosos.<\/p>\n<h2><span class=\"ez-toc-section\" id=\"%C2%BFComo_puede_ayudar_un_abogado_de_lesiones_personales\"><\/span>\u00bfC\u00f3mo puede ayudar un abogado de lesiones personales?<span class=\"ez-toc-section-end\"><\/span><\/h2>\n<p>Cuando sufre da\u00f1os nerviosos como consecuencia de un accidente, un abogado especializado en lesiones personales puede proporcionarle asesoramiento jur\u00eddico y ayudarle a presentar una reclamaci\u00f3n de indemnizaci\u00f3n. Empiezan investigando lo sucedido, lo que significa reunir pruebas en el lugar del accidente, recoger declaraciones de testigos y consultar a expertos m\u00e9dicos. Este nivel de detalle garantiza que se tengan en cuenta todos los aspectos de su lesi\u00f3n, desde los costes inmediatos del tratamiento m\u00e9dico hasta las repercusiones a largo plazo.<\/p>\n<p>Es importante tener en cuenta que las compa\u00f1\u00edas de seguros rara vez est\u00e1n de su lado. Su objetivo es llegar a un acuerdo r\u00e1pido y pagar lo menos posible. Un abogado con experiencia sabe c\u00f3mo hacer frente a las ofertas a la baja de los peritos de seguros y utilizar las pruebas para exigir la indemnizaci\u00f3n que realmente se merece. Tambi\u00e9n calcular\u00e1 el alcance total de sus da\u00f1os (facturas m\u00e9dicas, salarios perdidos, potencial de ingresos futuros y el dolor a largo plazo que ha sufrido) para asegurarse de que no se pasa por alto ning\u00fan detalle.<\/p>\n<p>Si las negociaciones no conducen a un acuerdo justo, un abogado experto en accidentes puede llevar su caso ante los tribunales. Le representar\u00e1 ante un juez y un jurado, presentando los hechos de forma clara y persuasiva. A lo largo del proceso legal, usted tendr\u00e1 la tranquilidad de saber que alguien est\u00e1 luchando por sus mejores intereses y va la milla extra para ganar la compensaci\u00f3n financiera que necesita.<\/p>\n<h2><span class=\"ez-toc-section\" id=\"Obtenga_una_consulta_gratuita_de_un_abogado_de_lesiones_personales_de_Texas\"><\/span>Obtenga una consulta gratuita de un abogado de lesiones personales de Texas<span class=\"ez-toc-section-end\"><\/span><\/h2>\n<p>El da\u00f1o nervioso despu\u00e9s de un accidente puede traer desaf\u00edos de por vida. Cuando su accidente fue causado por la negligencia de otra persona, usted merece una compensaci\u00f3n justa por sus p\u00e9rdidas financieras, as\u00ed como el impacto futuro en su vida, pero el proceso legal puede parecer agotador para alguien que todav\u00eda est\u00e1 en el dolor de sus lesiones.<\/p>\n<p>En Texas Law Guns, Injury &amp; Accident Lawyers, entendemos por lo que est\u00e1 pasando y estamos listos para luchar por usted, su familia y su futuro. Programar su consulta inicial gratuita ahora, y vamos a ayudarle a luchar por la soluci\u00f3n justa que necesita para reconstruir su vida. Para obtener m\u00e1s informaci\u00f3n acerca de c\u00f3mo presentar una demanda por lesiones personales despu\u00e9s de sufrir da\u00f1os en los nervios, llame a nuestro bufete de abogados al (210) 800-0000 o <a href=\"https:\/\/www.vblawgroup.com\/es\/contactenos\/\">p\u00f3ngase en contacto con nosotros en l\u00ednea<\/a> hoy.<\/p>\n","protected":false},"excerpt":{"rendered":"<p>Los accidentes de tr\u00e1fico, los resbalones y las ca\u00eddas, e incluso los errores quir\u00fargicos, son accidentes evitables que pueden causarle lesiones devastadoras. Aunque las fracturas \u00f3seas, los traumatismos craneoencef\u00e1licos y las hemorragias internas suelen ser las consecuencias m\u00e1s comunes, tambi\u00e9n se corre el riesgo de sufrir lesiones nerviosas. Dependiendo del alcance de la lesi\u00f3n, puede&#8230; <a href=\"https:\/\/www.vblawgroup.com\/es\/dano-nervioso-tras-un-accidente-en-texas\/\">read more<\/a><\/p>\n","protected":false},"author":10,"featured_media":0,"parent":0,"menu_order":0,"comment_status":"closed","ping_status":"closed","template":"","meta":{"_acf_changed":false,"footnotes":""},"class_list":["post-954","page","type-page","status-publish","hentry"],"acf":[],"_links":{"self":[{"href":"https:\/\/www.vblawgroup.com\/es\/wp-json\/wp\/v2\/pages\/954","targetHints":{"allow":["GET"]}}],"collection":[{"href":"https:\/\/www.vblawgroup.com\/es\/wp-json\/wp\/v2\/pages"}],"about":[{"href":"https:\/\/www.vblawgroup.com\/es\/wp-json\/wp\/v2\/types\/page"}],"author":[{"embeddable":true,"href":"https:\/\/www.vblawgroup.com\/es\/wp-json\/wp\/v2\/users\/10"}],"replies":[{"embeddable":true,"href":"https:\/\/www.vblawgroup.com\/es\/wp-json\/wp\/v2\/comments?post=954"}],"version-history":[{"count":0,"href":"https:\/\/www.vblawgroup.com\/es\/wp-json\/wp\/v2\/pages\/954\/revisions"}],"wp:attachment":[{"href":"https:\/\/www.vblawgroup.com\/es\/wp-json\/wp\/v2\/media?parent=954"}],"curies":[{"name":"wp","href":"https:\/\/api.w.org\/{rel}","templated":true}]}}