{"id":960,"date":"2025-09-15T19:41:34","date_gmt":"2025-09-15T19:41:34","guid":{"rendered":"https:\/\/www.vblawgroup.com\/es\/?page_id=960"},"modified":"2025-09-15T19:41:34","modified_gmt":"2025-09-15T19:41:34","slug":"abogados-de-lesiones-de-trabajadores-portuarios","status":"publish","type":"page","link":"https:\/\/www.vblawgroup.com\/es\/abogados-de-lesiones-de-trabajadores-portuarios\/","title":{"rendered":"Abogados de Lesiones de Trabajadores Portuarios"},"content":{"rendered":"<p>El trabajo de estibador en Texas es sin duda una de las ocupaciones m\u00e1s peligrosas. Los muelles bulliciosos, alt\u00edsimos contenedores de carga, maquinaria pesada, y la actividad mar\u00edtima constante crear un entorno en el que un accidente puede ocurrir en cualquier momento. Todos los d\u00edas, los trabajadores portuarios se ponen en peligro, sabiendo que un solo momento de falta de atenci\u00f3n o un percance menor puede dar lugar a lesiones devastadoras.<\/p>\n<p>Si usted o un ser querido se ha lesionado mientras trabajaba en el muelle, sabe lo catastr\u00f3fica que puede ser una lesi\u00f3n. Adem\u00e1s de una dif\u00edcil recuperaci\u00f3n, se enfrenta a la p\u00e9rdida de ingresos y al aumento de las facturas m\u00e9dicas. En momentos como estos, usted necesita un abogado que entiende los peligros especiales de su profesi\u00f3n y agresivamente perseguir la compensaci\u00f3n que se merece.<\/p>\n<p>En Texas Law Guns, Injury &amp; Accident Lawyers, nos mantenemos firmes al lado de los trabajadores portuarios lesionados de Texas y sus familias. Su seguridad y bienestar son nuestras principales prioridades, y estamos aqu\u00ed para ayudarle a obtener los resultados que necesita para reconstruir su vida. No dude en ponerse en contacto con nosotros hoy para una consulta gratuita.<\/p>\n<div id=\"ez-toc-container\" class=\"ez-toc-v2_0_76 counter-hierarchy ez-toc-counter ez-toc-grey ez-toc-container-direction\">\n<div class=\"ez-toc-title-container\">\n<p class=\"ez-toc-title\" style=\"cursor:inherit\">Table of Contents<\/p>\n<span class=\"ez-toc-title-toggle\"><a href=\"#\" class=\"ez-toc-pull-right ez-toc-btn ez-toc-btn-xs ez-toc-btn-default ez-toc-toggle\" aria-label=\"Toggle Table of Content\"><span class=\"ez-toc-js-icon-con\"><span class=\"\"><span class=\"eztoc-hide\" style=\"display:none;\">Toggle<\/span><span class=\"ez-toc-icon-toggle-span\"><svg style=\"fill: #999;color:#999\" xmlns=\"http:\/\/www.w3.org\/2000\/svg\" class=\"list-377408\" width=\"20px\" height=\"20px\" viewBox=\"0 0 24 24\" fill=\"none\"><path d=\"M6 6H4v2h2V6zm14 0H8v2h12V6zM4 11h2v2H4v-2zm16 0H8v2h12v-2zM4 16h2v2H4v-2zm16 0H8v2h12v-2z\" fill=\"currentColor\"><\/path><\/svg><svg style=\"fill: #999;color:#999\" class=\"arrow-unsorted-368013\" xmlns=\"http:\/\/www.w3.org\/2000\/svg\" width=\"10px\" height=\"10px\" viewBox=\"0 0 24 24\" version=\"1.2\" baseProfile=\"tiny\"><path d=\"M18.2 9.3l-6.2-6.3-6.2 6.3c-.2.2-.3.4-.3.7s.1.5.3.7c.2.2.4.3.7.3h11c.3 0 .5-.1.7-.3.2-.2.3-.5.3-.7s-.1-.5-.3-.7zM5.8 14.7l6.2 6.3 6.2-6.3c.2-.2.3-.5.3-.7s-.1-.5-.3-.7c-.2-.2-.4-.3-.7-.3h-11c-.3 0-.5.1-.7.3-.2.2-.3.5-.3.7s.1.5.3.7z\"\/><\/svg><\/span><\/span><\/span><\/a><\/span><\/div>\n<nav><ul class='ez-toc-list ez-toc-list-level-1 ' ><li class='ez-toc-page-1 ez-toc-heading-level-2'><a class=\"ez-toc-link ez-toc-heading-1\" href=\"https:\/\/www.vblawgroup.com\/es\/abogados-de-lesiones-de-trabajadores-portuarios\/#%C2%BFPor_que_contratar_a_los_Texas_Law_Guns_Abogados_de_Lesiones_y_Accidentes_para_su_caso_de_lesiones_de_Longshore\" >\u00bfPor qu\u00e9 contratar a los Texas Law Guns, Abogados de Lesiones y Accidentes, para su caso de lesiones de Longshore?<\/a><\/li><li class='ez-toc-page-1 ez-toc-heading-level-2'><a class=\"ez-toc-link ez-toc-heading-2\" href=\"https:\/\/www.vblawgroup.com\/es\/abogados-de-lesiones-de-trabajadores-portuarios\/#Lesiones_comunes_de_estibadores\" >Lesiones comunes de estibadores<\/a><\/li><li class='ez-toc-page-1 ez-toc-heading-level-2'><a class=\"ez-toc-link ez-toc-heading-3\" href=\"https:\/\/www.vblawgroup.com\/es\/abogados-de-lesiones-de-trabajadores-portuarios\/#Cobertura_en_virtud_de_la_Ley_de_compensacion_de_los_trabajadores_portuarios_y_estibadores_Longshore_and_Harbor_Workers_Compensation_Act\" >Cobertura en virtud de la Ley de compensaci\u00f3n de los trabajadores portuarios y estibadores (Longshore and Harbor Workers Compensation Act)<\/a><\/li><li class='ez-toc-page-1 ez-toc-heading-level-2'><a class=\"ez-toc-link ez-toc-heading-4\" href=\"https:\/\/www.vblawgroup.com\/es\/abogados-de-lesiones-de-trabajadores-portuarios\/#Como_presentar_una_reclamacion_en_virtud_de_la_LHWCA\" >C\u00f3mo presentar una reclamaci\u00f3n en virtud de la LHWCA<\/a><\/li><li class='ez-toc-page-1 ez-toc-heading-level-2'><a class=\"ez-toc-link ez-toc-heading-5\" href=\"https:\/\/www.vblawgroup.com\/es\/abogados-de-lesiones-de-trabajadores-portuarios\/#FAQS\" >FAQS<\/a><ul class='ez-toc-list-level-3' ><li class='ez-toc-heading-level-3'><a class=\"ez-toc-link ez-toc-heading-6\" href=\"https:\/\/www.vblawgroup.com\/es\/abogados-de-lesiones-de-trabajadores-portuarios\/#%C2%BFComo_se_si_estoy_cubierto_por_la_LHWCA\" >\u00bfC\u00f3mo s\u00e9 si estoy cubierto por la LHWCA?<\/a><ul class='ez-toc-list-level-4' ><li class='ez-toc-heading-level-4'><a class=\"ez-toc-link ez-toc-heading-7\" href=\"https:\/\/www.vblawgroup.com\/es\/abogados-de-lesiones-de-trabajadores-portuarios\/#Prueba_de_estado\" >Prueba de estado<\/a><\/li><li class='ez-toc-page-1 ez-toc-heading-level-4'><a class=\"ez-toc-link ez-toc-heading-8\" href=\"https:\/\/www.vblawgroup.com\/es\/abogados-de-lesiones-de-trabajadores-portuarios\/#Prueba_del_lugar_de_trabajo\" >Prueba del lugar de trabajo<\/a><\/li><\/ul><\/li><li class='ez-toc-page-1 ez-toc-heading-level-3'><a class=\"ez-toc-link ez-toc-heading-9\" href=\"https:\/\/www.vblawgroup.com\/es\/abogados-de-lesiones-de-trabajadores-portuarios\/#%C2%BFCual_es_la_compensacion_disponible_para_una_lesion_de_los_trabajadores_de_Longshore\" >\u00bfCu\u00e1l es la compensaci\u00f3n disponible para una lesi\u00f3n de los trabajadores de Longshore?<\/a><\/li><li class='ez-toc-page-1 ez-toc-heading-level-3'><a class=\"ez-toc-link ez-toc-heading-10\" href=\"https:\/\/www.vblawgroup.com\/es\/abogados-de-lesiones-de-trabajadores-portuarios\/#%C2%BFComo_puede_un_abogado_de_Texas_Longshore_Trabajadores_Lesiones_ayudarme\" >\u00bfC\u00f3mo puede un abogado de Texas Longshore Trabajadores Lesiones ayudarme?<\/a><\/li><\/ul><\/li><li class='ez-toc-page-1 ez-toc-heading-level-2'><a class=\"ez-toc-link ez-toc-heading-11\" href=\"https:\/\/www.vblawgroup.com\/es\/abogados-de-lesiones-de-trabajadores-portuarios\/#Obtenga_una_consulta_gratuita_con_un_abogado_de_Texas_Longshore_lesiones_de_los_trabajadores\" >Obtenga una consulta gratuita con un abogado de Texas Longshore lesiones de los trabajadores<\/a><\/li><\/ul><\/nav><\/div>\n<h2><span class=\"ez-toc-section\" id=\"%C2%BFPor_que_contratar_a_los_Texas_Law_Guns_Abogados_de_Lesiones_y_Accidentes_para_su_caso_de_lesiones_de_Longshore\"><\/span>\u00bfPor qu\u00e9 contratar a los Texas Law Guns, Abogados de Lesiones y Accidentes, para su caso de lesiones de Longshore?<span class=\"ez-toc-section-end\"><\/span><\/h2>\n<p>Cuando usted ha sido lesionado, hay mucho en juego: su bienestar f\u00edsico y mental, la estabilidad financiera, y, por supuesto, su futuro. En el Texas Law Guns, Injury &amp; Accident Lawyers, sabemos por lo que est\u00e1 pasando y estamos en una posici\u00f3n \u00fanica para luchar por sus derechos. Cuando usted trabaja con nuestro <a href=\"https:\/\/www.vblawgroup.com\/es\/sobre-nosotros\/\">bufete de abogados de lesiones personales<\/a>, usted se beneficia de lo siguiente:<\/p>\n<ul>\n<li><b>D\u00e9cadas de Experiencia:<\/b> Nuestros abogados est\u00e1n bien versados en derecho mar\u00edtimo y tienen a\u00f1os de experiencia en el manejo de casos de lesiones de longshore. Estamos profundamente familiarizados con la <a href=\"https:\/\/www.dol.gov\/agencies\/owcp\/dlhwc\/lhwca\" target=\"_blank\" rel=\"noopener\">Longshore and Harbor Workers&#8217; Compensation Act (LHWCA)<\/a>, y otras leyes que pueden aplicarse a su reclamo.<\/li>\n<\/ul>\n<ul>\n<li><b>Historial Probado:<\/b> Nuestros abogados experimentados han <a href=\"https:\/\/www.vblawgroup.com\/es\/resultados-de-casos\/\">representado con \u00e9xito a<\/a> numerosos trabajadores portuarios y sus familias, logrando acuerdos y veredictos sustanciales. Nuestros resultados consistentes demuestran nuestra capacidad en litigios mar\u00edtimos.<\/li>\n<\/ul>\n<ul>\n<li><b>Defensa s\u00f3lida:<\/b> Una lesi\u00f3n en el lugar de trabajo puede tener un impacto devastador en usted y su familia. Nuestro equipo legal estar\u00e1 a su lado, proporcionando apoyo y orientaci\u00f3n adaptados a sus necesidades individuales.<\/li>\n<\/ul>\n<ul>\n<li><b>Investigaci\u00f3n exhaustiva:<\/b> Para que su caso sea lo m\u00e1s s\u00f3lido posible, investigamos a fondo las circunstancias que rodearon su lesi\u00f3n, reunimos pruebas y consultamos con expertos mar\u00edtimos cuando es necesario.<\/li>\n<\/ul>\n<ul>\n<li><b>Excelentes habilidades de negociaci\u00f3n:<\/b> Poseemos excepcionales habilidades de negociaci\u00f3n y tenemos la reputaci\u00f3n de lograr acuerdos favorables. Sabemos c\u00f3mo negociar con las compa\u00f1\u00edas de seguros, propietarios de buques, y otras partes involucradas en asuntos relacionados con longshore. Mientras que muchos casos se resuelven fuera de los tribunales, siempre estamos dispuestos a llevar su caso a juicio si es necesario.<\/li>\n<\/ul>\n<p>En el Texas Law Guns, Injury &amp; Accident Lawyers, somos inquebrantables en nuestro compromiso con la justicia para usted y su familia. P\u00f3ngase en contacto con nosotros hoy para discutir su caso de lesiones de longshore y descubrir c\u00f3mo podemos hacer una diferencia para usted.<\/p>\n<h2><span class=\"ez-toc-section\" id=\"Lesiones_comunes_de_estibadores\"><\/span>Lesiones comunes de estibadores<span class=\"ez-toc-section-end\"><\/span><\/h2>\n<p>La peligrosa naturaleza del trabajo de estibador, junto con la presencia constante de equipos pesados y maquinaria, crea un entorno en el que incluso las violaciones de seguridad de menor importancia pueden tener graves consecuencias. Las lesiones sufridas durante las tareas de estibador o estibador pueden ser catastr\u00f3ficas y, en casos tr\u00e1gicos, mortales.<\/p>\n<p>Entre las causas m\u00e1s comunes de lesiones mar\u00edtimas figuran<\/p>\n<ul>\n<li>Equipos defectuosos o que funcionan mal<\/li>\n<li>Incendios o explosiones debidos a la presencia de materiales inflamables<\/li>\n<li>Electrocuci\u00f3n<\/li>\n<li>Resbalones y ca\u00eddas<\/li>\n<li>Ahogamiento<\/li>\n<li>Accidentes de gr\u00faa<\/li>\n<li>Accidentes con carretillas elevadoras<\/li>\n<li>Exposici\u00f3n a sustancias nocivas<\/li>\n<li>Negligencia de compa\u00f1eros de trabajo<\/li>\n<\/ul>\n<p>Basta una fracci\u00f3n de segundo para que las cosas empeoren en el acelerado entorno de las operaciones portuarias. Afortunadamente, la Ley de compensaci\u00f3n de estibadores y trabajadores portuarios (LHWCA) est\u00e1 dise\u00f1ada espec\u00edficamente para proteger a los trabajadores mar\u00edtimos como usted, que pueden no ser elegibles para la cobertura en virtud de la <a href=\"https:\/\/transportationinstitute.org\/jones-act\/\" target=\"_blank\" rel=\"noopener\">Ley Jones<\/a> o las leyes tradicionales de compensaci\u00f3n de trabajadores. Esta legislaci\u00f3n es una red de seguridad vital, que garantiza que usted tenga acceso a la ayuda y la indemnizaci\u00f3n que necesita en caso de sufrir una lesi\u00f3n.<\/p>\n<h2><span class=\"ez-toc-section\" id=\"Cobertura_en_virtud_de_la_Ley_de_compensacion_de_los_trabajadores_portuarios_y_estibadores_Longshore_and_Harbor_Workers_Compensation_Act\"><\/span>Cobertura en virtud de la Ley de compensaci\u00f3n de los trabajadores portuarios y estibadores (Longshore and Harbor Workers Compensation Act)<span class=\"ez-toc-section-end\"><\/span><\/h2>\n<p>Para tener derecho a las prestaciones de la Ley de Indemnizaci\u00f3n de los Trabajadores Portuarios (Longshore Harbor Workers Compensation Act, LHWCA), su trabajo debe realizarse en aguas navegables o en zonas estrechamente relacionadas con ellas. Estas zonas incluyen muelles, terminales, embarcaderos, plataformas petrol\u00edferas y plataformas.<\/p>\n<p>Los trabajos generalmente cubiertos por la LHWCA incluyen:<\/p>\n<ul>\n<li>Carga de mercanc\u00edas en un buque<\/li>\n<li>Descarga de carga de un buque<\/li>\n<li>Reparaci\u00f3n y\/o mantenimiento de buques<\/li>\n<li>Construcci\u00f3n y\/o desmantelamiento de buques<\/li>\n<li>Trabajo portuario (por ejemplo, trabajadores portuarios)<\/li>\n<li>Trabajo en una plataforma fija<\/li>\n<li>Actividades realizadas en el puerto, como mantenimiento y construcci\u00f3n<\/li>\n<li>Estiba y desestiba<\/li>\n<\/ul>\n<p>La cobertura de la LHWCA se extiende tanto a los trabajadores internacionales como a los nacionales. Esto incluye al personal civil y a los trabajadores contratados que realizan trabajos en el extranjero, ya sea para el ej\u00e9rcito estadounidense o para empresas privadas que operan en la plataforma continental exterior de Estados Unidos.<\/p>\n<h2><span class=\"ez-toc-section\" id=\"Como_presentar_una_reclamacion_en_virtud_de_la_LHWCA\"><\/span>C\u00f3mo presentar una reclamaci\u00f3n en virtud de la LHWCA<span class=\"ez-toc-section-end\"><\/span><\/h2>\n<p>Para presentar con \u00e9xito una reclamaci\u00f3n en virtud de la Longshore Harbor Workers Compensation Act, es esencial comprender el proceso.<\/p>\n<p>Las reclamaciones en virtud de la LHWCA deben presentarse dentro de plazos estrictos. Por lo general, las reclamaciones relacionadas con lesiones derivadas de incidentes en el lugar de trabajo deben presentarse en un plazo de 30 d\u00edas a partir del suceso. Para las reclamaciones relacionadas con enfermedades profesionales como el mesotelioma, el plazo puede ampliarse a un a\u00f1o. Retrasar la presentaci\u00f3n de una reclamaci\u00f3n LHWCA puede disminuir la probabilidad de aprobaci\u00f3n.<\/p>\n<p>A diferencia de muchas otras reclamaciones de indemnizaci\u00f3n por accidente de trabajo tramitadas por organismos estatales, las reclamaciones LHWCA deben pasar por la Oficina Federal de Programas de Indemnizaci\u00f3n por Accidentes de Trabajo (OWCP). Esta distinci\u00f3n es una parte esencial del proceso de reclamaci\u00f3n de la LHWCA.<\/p>\n<p>Es importante se\u00f1alar que las reclamaciones LHWCA se clasifican como reclamaciones sin culpa, lo que significa que la compensaci\u00f3n se paga independientemente de si la culpa caus\u00f3 la lesi\u00f3n. Esto implica que incluso si un trabajador desempe\u00f1\u00f3 un papel en el accidente o lesi\u00f3n de longshore, todav\u00eda pueden calificar para la compensaci\u00f3n. Sin embargo, la LHWCA no ofrece indemnizaci\u00f3n en los casos en que la lesi\u00f3n de un trabajador se deba a su propia intoxicaci\u00f3n o a la intenci\u00f3n deliberada de hacerse da\u00f1o a s\u00ed mismo o a otros.<\/p>\n<h2><span class=\"ez-toc-section\" id=\"FAQS\"><\/span>FAQS<span class=\"ez-toc-section-end\"><\/span><\/h2>\n<h3><span class=\"ez-toc-section\" id=\"%C2%BFComo_se_si_estoy_cubierto_por_la_LHWCA\"><\/span>\u00bfC\u00f3mo s\u00e9 si estoy cubierto por la LHWCA?<span class=\"ez-toc-section-end\"><\/span><\/h3>\n<p>Para tener derecho a la cobertura de la Longshore Harbor Workers Compensation Act (LHWCA), debe cumplir dos criterios: la prueba de estado y la prueba de situs.<\/p>\n<h4><span class=\"ez-toc-section\" id=\"Prueba_de_estado\"><\/span>Prueba de estado<span class=\"ez-toc-section-end\"><\/span><\/h4>\n<p>Esta prueba eval\u00faa si su trabajo puede considerarse realmente mar\u00edtimo. En otras palabras, una parte sustancial de su trabajo debe implicar actividades relacionadas con el agua o contribuir al aspecto mar\u00edtimo del negocio de su empleador. Entre los trabajadores que pueden cumplir los criterios de la prueba del estatuto figuran:<\/p>\n<ul>\n<li>Cargadores y descargadores<\/li>\n<li>Estibadores<\/li>\n<li>Constructores navales<\/li>\n<li>Desguazadores de buques<\/li>\n<li>Reparadores de buques<\/li>\n<li>Conductores de camiones que participan en el transporte de contenedores mar\u00edtimos en alta mar.<\/li>\n<\/ul>\n<p>Hay que tener en cuenta que no todos los trabajadores cuyas funciones se desarrollan en el agua cumplen autom\u00e1ticamente la prueba de la situaci\u00f3n. La LHWCA excluye espec\u00edficamente de la cobertura a determinados tipos de empleados, como:<\/p>\n<ul>\n<li>Empleados de puertos deportivos que no participan en actividades de construcci\u00f3n o ampliaci\u00f3n (por ejemplo, personal administrativo).<\/li>\n<li>constructores navales y mec\u00e1nicos que trabajen en embarcaciones de recreo de menos de 65 pies de eslora<\/li>\n<li>Trabajadores de la acuicultura<\/li>\n<li>capitanes o tripulantes de embarcaciones navegables<\/li>\n<\/ul>\n<h4><span class=\"ez-toc-section\" id=\"Prueba_del_lugar_de_trabajo\"><\/span>Prueba del lugar de trabajo<span class=\"ez-toc-section-end\"><\/span><\/h4>\n<p>La prueba del lugar de trabajo examina la ubicaci\u00f3n de su trabajo. Para cumplir los requisitos de la prueba del lugar de trabajo, \u00e9ste debe estar situado aproximadamente a una milla de las aguas navegables. Esto incluye diversos entornos de trabajo como buques, muelles, embarcaderos, terminales, astilleros y otras instalaciones mar\u00edtimas.<\/p>\n<p>Si usted cree que cumple estos criterios y ha sufrido una lesi\u00f3n relacionada con el trabajo, buscar asesoramiento legal puede ayudarle a asegurar la cobertura y la compensaci\u00f3n m\u00e1xima a la que puede tener derecho.<\/p>\n<h3><span class=\"ez-toc-section\" id=\"%C2%BFCual_es_la_compensacion_disponible_para_una_lesion_de_los_trabajadores_de_Longshore\"><\/span>\u00bfCu\u00e1l es la compensaci\u00f3n disponible para una lesi\u00f3n de los trabajadores de Longshore?<span class=\"ez-toc-section-end\"><\/span><\/h3>\n<p>Los trabajadores portuarios que cumplen ciertos criterios de elegibilidad pueden tener derecho a una indemnizaci\u00f3n por sus lesiones. Dependiendo de las circunstancias, estos beneficios pueden incluir:<\/p>\n<ul>\n<li>Prestaciones por incapacidad temporal o permanente<\/li>\n<li>Tratamiento m\u00e9dico<\/li>\n<li>Transporte para recibir atenci\u00f3n m\u00e9dica<\/li>\n<li>Gastos de rehabilitaci\u00f3n<\/li>\n<li>Fisioterapia<\/li>\n<li>Cuidados auxiliares<\/li>\n<\/ul>\n<p>El LHWCA tambi\u00e9n proporciona a los trabajadores lesionados o sus familiares sobrevivientes con la opci\u00f3n de emprender acciones legales contra un tercero por negligencia que result\u00f3 en lesiones o muerte accidental. Si usted o un ser querido ha sufrido una lesi\u00f3n de un trabajador estibador, p\u00f3ngase en contacto con el Texas Law Guns, Injury &amp; Accident Lawyers para discutir sus opciones legales.<\/p>\n<h3><span class=\"ez-toc-section\" id=\"%C2%BFComo_puede_un_abogado_de_Texas_Longshore_Trabajadores_Lesiones_ayudarme\"><\/span>\u00bfC\u00f3mo puede un abogado de Texas Longshore Trabajadores Lesiones ayudarme?<span class=\"ez-toc-section-end\"><\/span><\/h3>\n<p>Longshore Harbor Workers Compensation Act reclamaciones pueden ser dif\u00edciles de navegar. A menudo presenta desaf\u00edos, especialmente cuando se enfrentan a cuestiones como las compa\u00f1\u00edas de seguros pagar de menos o negar las reclamaciones leg\u00edtimas. Cuando usted contrata a un abogado de lesiones del trabajador de Texas longshore para manejar su caso:<\/p>\n<ul>\n<li><b>Negociaci\u00f3n efectiva con las aseguradoras:<\/b> Un abogado con experiencia puede ser su abogado fuerte cuando se trata de compa\u00f1\u00edas de seguros. Tienen los conocimientos jur\u00eddicos y habilidades de negociaci\u00f3n para hacer retroceder en contra de las aseguradoras que pueden tratar de minimizar o negar sus beneficios leg\u00edtimos.<\/li>\n<li><b>Experiencia en procedimientos de reclamaci\u00f3n y apelaci\u00f3n:<\/b> El proceso de reclamaciones y apelaciones de la LHWCA puede ser complejo y confuso. Un abogado con experiencia en lesiones de estibadores entiende los entresijos de este proceso y puede guiarle a trav\u00e9s de \u00e9l, asegur\u00e1ndose de que cumple con todos los requisitos y plazos.<\/li>\n<li><b>Maximizar la compensaci\u00f3n:<\/b> El objetivo final de un abogado de lesiones de trabajadores estibadores es asegurar la cantidad total de compensaci\u00f3n financiera que le corresponde. Ellos trabajar\u00e1n diligentemente para asegurar que usted reciba el apoyo financiero que necesita para cubrir los gastos m\u00e9dicos, salarios perdidos, y otros da\u00f1os resultantes de su lesi\u00f3n.<\/li>\n<\/ul>\n<p>Tener un abogado experto y dedicado de su lado puede aumentar significativamente sus posibilidades de un resultado exitoso. Si usted est\u00e1 enfrentando desaf\u00edos con su demanda de lesiones de los trabajadores de longshore, llame a la Ley de Texas Guns, Lesiones y Accidentes de Abogados.<\/p>\n<h2><span class=\"ez-toc-section\" id=\"Obtenga_una_consulta_gratuita_con_un_abogado_de_Texas_Longshore_lesiones_de_los_trabajadores\"><\/span>Obtenga una consulta gratuita con un abogado de Texas Longshore lesiones de los trabajadores<span class=\"ez-toc-section-end\"><\/span><\/h2>\n<p>Con los trabajadores del mar, la naturaleza del trabajo pone de relieve el riesgo siempre presente de accidentes. Cuando se enfrentan a las angustiosas secuelas de una lesi\u00f3n frente al mar, usted sabe las dificultades que conlleva. Adem\u00e1s de los retos de la recuperaci\u00f3n, est\u00e1n las cargas financieras de la p\u00e9rdida de ingresos y el aumento de los gastos m\u00e9dicos. Usted necesita algo m\u00e1s que la representaci\u00f3n legal, necesita fuertes defensores que saben c\u00f3mo construir y perseguir un caso convincente.<\/p>\n<p>En Texas Law Guns, Injury &amp; Accident Lawyers, estamos aqu\u00ed para guiarlo hacia los resultados que necesita para reconstruir su vida. Llegar a nuestro bufete de abogados hoy para una consulta gratuita, y vamos a ser los campeones de su causa. Para programar su consulta inicial gratuita con uno de nuestros abogados de lesiones personales, llame al (210) 800-0000 o <a href=\"https:\/\/www.vblawgroup.com\/es\/contactenos\/\">p\u00f3ngase en contacto con nosotros en l\u00ednea hoy<\/a>.<\/p>\n","protected":false},"excerpt":{"rendered":"<p>El trabajo de estibador en Texas es sin duda una de las ocupaciones m\u00e1s peligrosas. Los muelles bulliciosos, alt\u00edsimos contenedores de carga, maquinaria pesada, y la actividad mar\u00edtima constante crear un entorno en el que un accidente puede ocurrir en cualquier momento. Todos los d\u00edas, los trabajadores portuarios se ponen en peligro, sabiendo que un&#8230; <a href=\"https:\/\/www.vblawgroup.com\/es\/abogados-de-lesiones-de-trabajadores-portuarios\/\">read more<\/a><\/p>\n","protected":false},"author":10,"featured_media":0,"parent":0,"menu_order":0,"comment_status":"closed","ping_status":"closed","template":"","meta":{"_acf_changed":false,"footnotes":""},"class_list":["post-960","page","type-page","status-publish","hentry"],"acf":[],"_links":{"self":[{"href":"https:\/\/www.vblawgroup.com\/es\/wp-json\/wp\/v2\/pages\/960","targetHints":{"allow":["GET"]}}],"collection":[{"href":"https:\/\/www.vblawgroup.com\/es\/wp-json\/wp\/v2\/pages"}],"about":[{"href":"https:\/\/www.vblawgroup.com\/es\/wp-json\/wp\/v2\/types\/page"}],"author":[{"embeddable":true,"href":"https:\/\/www.vblawgroup.com\/es\/wp-json\/wp\/v2\/users\/10"}],"replies":[{"embeddable":true,"href":"https:\/\/www.vblawgroup.com\/es\/wp-json\/wp\/v2\/comments?post=960"}],"version-history":[{"count":0,"href":"https:\/\/www.vblawgroup.com\/es\/wp-json\/wp\/v2\/pages\/960\/revisions"}],"wp:attachment":[{"href":"https:\/\/www.vblawgroup.com\/es\/wp-json\/wp\/v2\/media?parent=960"}],"curies":[{"name":"wp","href":"https:\/\/api.w.org\/{rel}","templated":true}]}}