{"id":966,"date":"2025-09-15T19:59:42","date_gmt":"2025-09-15T19:59:42","guid":{"rendered":"https:\/\/www.vblawgroup.com\/es\/?page_id=966"},"modified":"2025-09-15T19:59:42","modified_gmt":"2025-09-15T19:59:42","slug":"abogados-de-explosiones-en-plantas-y-refinerias-de-san-antonio","status":"publish","type":"page","link":"https:\/\/www.vblawgroup.com\/es\/abogados-de-explosiones-en-plantas-y-refinerias-de-san-antonio\/","title":{"rendered":"Abogados de Explosiones en Plantas y Refiner\u00edas de San Antonio"},"content":{"rendered":"<p>Las plantas y refiner\u00edas desempe\u00f1an un papel crucial en el suministro de productos esenciales y oportunidades de empleo en San Antonio. Sin embargo, la propia naturaleza de estos lugares de trabajo puede conllevar riesgos inherentes. Si usted o un ser querido ha sufrido lesiones debido a la negligencia que resulta en una explosi\u00f3n, nuestra planta y refiner\u00eda explosi\u00f3n abogados est\u00e1n aqu\u00ed para abogar por su recuperaci\u00f3n financiera y apoyar a su familia.<\/p>\n<p>En The Texas Law Guns, abogados de lesiones y accidentes, representamos a trabajadores lesionados, proveedores y otras personas que han sufrido da\u00f1os en este tipo de incidentes. Cuando tomamos su caso, hacemos una investigaci\u00f3n a fondo para descubrir los hechos, se\u00f1alar a la parte responsable, y construir el caso m\u00e1s fuerte posible en su nombre. Su enfoque principal debe ser en su recuperaci\u00f3n, deje que nuestros abogados experimentados manejar el resto.<\/p>\n<div id=\"ez-toc-container\" class=\"ez-toc-v2_0_76 counter-hierarchy ez-toc-counter ez-toc-grey ez-toc-container-direction\">\n<div class=\"ez-toc-title-container\">\n<p class=\"ez-toc-title\" style=\"cursor:inherit\">Table of Contents<\/p>\n<span class=\"ez-toc-title-toggle\"><a href=\"#\" class=\"ez-toc-pull-right ez-toc-btn ez-toc-btn-xs ez-toc-btn-default ez-toc-toggle\" aria-label=\"Toggle Table of Content\"><span class=\"ez-toc-js-icon-con\"><span class=\"\"><span class=\"eztoc-hide\" style=\"display:none;\">Toggle<\/span><span class=\"ez-toc-icon-toggle-span\"><svg style=\"fill: #999;color:#999\" xmlns=\"http:\/\/www.w3.org\/2000\/svg\" class=\"list-377408\" width=\"20px\" height=\"20px\" viewBox=\"0 0 24 24\" fill=\"none\"><path d=\"M6 6H4v2h2V6zm14 0H8v2h12V6zM4 11h2v2H4v-2zm16 0H8v2h12v-2zM4 16h2v2H4v-2zm16 0H8v2h12v-2z\" fill=\"currentColor\"><\/path><\/svg><svg style=\"fill: #999;color:#999\" class=\"arrow-unsorted-368013\" xmlns=\"http:\/\/www.w3.org\/2000\/svg\" width=\"10px\" height=\"10px\" viewBox=\"0 0 24 24\" version=\"1.2\" baseProfile=\"tiny\"><path d=\"M18.2 9.3l-6.2-6.3-6.2 6.3c-.2.2-.3.4-.3.7s.1.5.3.7c.2.2.4.3.7.3h11c.3 0 .5-.1.7-.3.2-.2.3-.5.3-.7s-.1-.5-.3-.7zM5.8 14.7l6.2 6.3 6.2-6.3c.2-.2.3-.5.3-.7s-.1-.5-.3-.7c-.2-.2-.4-.3-.7-.3h-11c-.3 0-.5.1-.7.3-.2.2-.3.5-.3.7s.1.5.3.7z\"\/><\/svg><\/span><\/span><\/span><\/a><\/span><\/div>\n<nav><ul class='ez-toc-list ez-toc-list-level-1 ' ><li class='ez-toc-page-1 ez-toc-heading-level-2'><a class=\"ez-toc-link ez-toc-heading-1\" href=\"https:\/\/www.vblawgroup.com\/es\/abogados-de-explosiones-en-plantas-y-refinerias-de-san-antonio\/#%C2%BFPor_que_contratar_a_la_Ley_de_Texas_Guns_lesiones_y_accidentes_de_abogados_para_su_planta_y_la_explosion_de_la_refineria_de_reclamacion\" >\u00bfPor qu\u00e9 contratar a la Ley de Texas Guns, lesiones y accidentes de abogados, para su planta y la explosi\u00f3n de la refiner\u00eda de reclamaci\u00f3n?<\/a><\/li><li class='ez-toc-page-1 ez-toc-heading-level-2'><a class=\"ez-toc-link ez-toc-heading-2\" href=\"https:\/\/www.vblawgroup.com\/es\/abogados-de-explosiones-en-plantas-y-refinerias-de-san-antonio\/#Causas_comunes_de_explosiones_en_plantas_y_refinerias_de_petroleo\" >Causas comunes de explosiones en plantas y refiner\u00edas de petr\u00f3leo<\/a><\/li><li class='ez-toc-page-1 ez-toc-heading-level-2'><a class=\"ez-toc-link ez-toc-heading-3\" href=\"https:\/\/www.vblawgroup.com\/es\/abogados-de-explosiones-en-plantas-y-refinerias-de-san-antonio\/#Lesiones_comunes_por_explosiones_en_plantas_y_refinerias\" >Lesiones comunes por explosiones en plantas y refiner\u00edas<\/a><\/li><li class='ez-toc-page-1 ez-toc-heading-level-2'><a class=\"ez-toc-link ez-toc-heading-4\" href=\"https:\/\/www.vblawgroup.com\/es\/abogados-de-explosiones-en-plantas-y-refinerias-de-san-antonio\/#%C2%BFQuien_puede_ser_responsable_de_una_explosion_industrial\" >\u00bfQui\u00e9n puede ser responsable de una explosi\u00f3n industrial?<\/a><\/li><li class='ez-toc-page-1 ez-toc-heading-level-2'><a class=\"ez-toc-link ez-toc-heading-5\" href=\"https:\/\/www.vblawgroup.com\/es\/abogados-de-explosiones-en-plantas-y-refinerias-de-san-antonio\/#Que_hacer_tras_una_explosion_industrial\" >Qu\u00e9 hacer tras una explosi\u00f3n industrial<\/a><\/li><li class='ez-toc-page-1 ez-toc-heading-level-2'><a class=\"ez-toc-link ez-toc-heading-6\" href=\"https:\/\/www.vblawgroup.com\/es\/abogados-de-explosiones-en-plantas-y-refinerias-de-san-antonio\/#FAQS\" >FAQS<\/a><ul class='ez-toc-list-level-3' ><li class='ez-toc-heading-level-3'><a class=\"ez-toc-link ez-toc-heading-7\" href=\"https:\/\/www.vblawgroup.com\/es\/abogados-de-explosiones-en-plantas-y-refinerias-de-san-antonio\/#Me_lesione_como_empleado_%C2%BFPuedo_presentar_una_demanda_por_lesiones_personales_en_Texas\" >Me lesion\u00e9 como empleado. \u00bfPuedo presentar una demanda por lesiones personales en Texas?<\/a><\/li><li class='ez-toc-page-1 ez-toc-heading-level-3'><a class=\"ez-toc-link ez-toc-heading-8\" href=\"https:\/\/www.vblawgroup.com\/es\/abogados-de-explosiones-en-plantas-y-refinerias-de-san-antonio\/#%C2%BFCuanto_vale_mi_caso\" >\u00bfCu\u00e1nto vale mi caso?<\/a><\/li><\/ul><\/li><\/ul><\/nav><\/div>\n<h2><span class=\"ez-toc-section\" id=\"%C2%BFPor_que_contratar_a_la_Ley_de_Texas_Guns_lesiones_y_accidentes_de_abogados_para_su_planta_y_la_explosion_de_la_refineria_de_reclamacion\"><\/span>\u00bfPor qu\u00e9 contratar a la Ley de Texas Guns, lesiones y accidentes de abogados, para su planta y la explosi\u00f3n de la refiner\u00eda de reclamaci\u00f3n?<span class=\"ez-toc-section-end\"><\/span><\/h2>\n<p>Cuando se trata de su planta y la demanda explosi\u00f3n de la refiner\u00eda, la elecci\u00f3n del equipo legal adecuado es crucial. En The Texas Law Guns, Injury &amp; Accident Lawyers, ofrecemos una serie de ventajas para asegurar que su caso sea manejado con experiencia y cuidado:<\/p>\n<ul>\n<li><b>Abogados con experiencia:<\/b> Nuestros abogados de lesiones personales tienen una amplia experiencia en casos de explosi\u00f3n de plantas y refiner\u00edas, habiendo manejado con \u00e9xito reclamaciones similares en el pasado.<\/li>\n<li><b>Apoyo total:<\/b> Nos encargamos de todos los aspectos de su caso, desde la obtenci\u00f3n de informes m\u00e9dicos hasta la redacci\u00f3n y presentaci\u00f3n de su reclamaci\u00f3n al seguro o demanda judicial.<\/li>\n<li><b>Comunicaci\u00f3n eficaz:<\/b> Lidiar con el papeleo y la comunicaci\u00f3n puede ser abrumador. Deje que nuestro bufete de abogados se encargue de ello por usted, asegur\u00e1ndose de que toda la documentaci\u00f3n necesaria se gestiona adecuadamente.<\/li>\n<li><b>Gesti\u00f3n de pruebas:<\/b> Recogemos, organizamos y presentamos su archivo de pruebas, asegur\u00e1ndonos de que no se pasa por alto ninguna informaci\u00f3n crucial.<\/li>\n<li><b>Entrevistas con testigos:<\/b> Llevamos a cabo entrevistas con compa\u00f1eros de trabajo y otros testigos para construir un caso s\u00f3lido en su nombre.<\/li>\n<li><b>Experiencia en negociaci\u00f3n:<\/b> Creamos y enviamos una carta de demanda y h\u00e1bilmente negociamos con la parte contraria o su compa\u00f1\u00eda de seguros para asegurar el mejor resultado posible para su reclamo.<\/li>\n<\/ul>\n<p>Adem\u00e1s, nuestro bufete de abogados opera sobre una base de honorarios de contingencia, lo que significa que usted no nos paga a menos que recuperemos una compensaci\u00f3n financiera para usted. Este compromiso subraya nuestra dedicaci\u00f3n a su caso y asegura que nuestros intereses se alinean con los suyos. Cuando usted elige The Texas Law Guns, Injury &amp; Accident Lawyers, usted est\u00e1 eligiendo la representaci\u00f3n experimentada, confiable, y cliente-centrado para su demanda del accidente de la planta y de la refiner\u00eda.<\/p>\n<h2><span class=\"ez-toc-section\" id=\"Causas_comunes_de_explosiones_en_plantas_y_refinerias_de_petroleo\"><\/span>Causas comunes de explosiones en plantas y refiner\u00edas de petr\u00f3leo<span class=\"ez-toc-section-end\"><\/span><\/h2>\n<p>Las explosiones de plantas y refiner\u00edas de petr\u00f3leo pueden ocurrir debido a una amplia gama de factores, y la comprensi\u00f3n de estas causas es una parte clave de la determinaci\u00f3n de la responsabilidad. Algunas causas comunes incluyen:<\/p>\n<ul>\n<li>Mal funcionamiento de la maquinaria, v\u00e1lvulas defectuosas o equipos antiguos y defectuosos.<\/li>\n<li>Reacciones qu\u00edmicas inesperadas o mezcla de sustancias peligrosas<\/li>\n<li>Mantenimiento deficiente, falta de medidas de seguridad o formaci\u00f3n inadecuada<\/li>\n<li>Errores cometidos por trabajadores u operarios (error humano)<\/li>\n<li>Fugas de gas, petr\u00f3leo, <a href=\"https:\/\/www.vblawgroup.com\/san-antonio\/chemical-spill-attorney\/\">productos qu\u00edmicos<\/a> u otros materiales t\u00f3xicos<\/li>\n<li>Sucesos como terremotos, huracanes o inundaciones<\/li>\n<li>Protocolos y procedimientos de seguridad insuficientes<\/li>\n<li>Incendios y chispas incontrolables<\/li>\n<li>Mantenimiento inadecuado de calderas, hornos y pozos<\/li>\n<li>Productos qu\u00edmicos t\u00f3xicos o materiales peligrosos almacenados incorrectamente, as\u00ed como productos qu\u00edmicos corrosivos, sucios y mal identificados<\/li>\n<li>Infracciones de las normas y reglamentos de seguridad de la OSHA<\/li>\n<\/ul>\n<p>Comprender las diferentes causas ayuda a determinar la responsabilidad y a exigir responsabilidades a las partes implicadas cuando se producen explosiones en una planta. Tambi\u00e9n subraya la importancia de adoptar medidas de seguridad rigurosas y de cumplir las normas del sector.<\/p>\n<h2><span class=\"ez-toc-section\" id=\"Lesiones_comunes_por_explosiones_en_plantas_y_refinerias\"><\/span>Lesiones comunes por explosiones en plantas y refiner\u00edas<span class=\"ez-toc-section-end\"><\/span><\/h2>\n<p>Las v\u00edctimas de explosiones suelen sufrir lesiones catastr\u00f3ficas. Algunas de las lesiones m\u00e1s comunes son<\/p>\n<ul>\n<li>Da\u00f1o facial y desfiguraci\u00f3n<\/li>\n<li>Da\u00f1os graves en \u00f3rganos y lesiones internas<\/li>\n<li>Amputaci\u00f3n traum\u00e1tica y amputaciones quir\u00fargicas (p\u00e9rdida de extremidades)<\/li>\n<li>Cortes graves, rasgu\u00f1os, laceraciones y contusiones<\/li>\n<li>Da\u00f1o Pulmonar Inmediato y Corrosivo (Lesiones Respiratorias)<\/li>\n<li>P\u00e9rdida potencialmente permanente de visi\u00f3n y audici\u00f3n<\/li>\n<li>Lesiones de cabeza, cuello y cr\u00e1neo<\/li>\n<li>Lesiones <a href=\"https:\/\/www.vblawgroup.com\/es\/areas-de-practica\/lesion-cerebral\/\">cerebrales<\/a> traum\u00e1ticas<\/li>\n<li>Lesiones de la m\u00e9dula espinal<\/li>\n<li>Huesos rotos o fracturados<\/li>\n<li>Lesiones por aplastamiento<\/li>\n<li>Quemaduras graves<\/li>\n<li>Quemaduras el\u00e9ctricas<\/li>\n<li>Exposici\u00f3n t\u00f3xica<\/li>\n<li>Muerte por negligencia<\/li>\n<\/ul>\n<p>Trabajaremos con diligencia para recopilar facturas y registros m\u00e9dicos de todos los profesionales sanitarios y centros en los que haya recibido o vaya a recibir tratamiento. Este enfoque nos permite fundamentar su reclamaci\u00f3n por lesiones contra la otra parte. Nuestro objetivo es asegurar que usted reciba la compensaci\u00f3n que se merece por el peaje de estas lesiones han tenido en su vida.<\/p>\n<h2><span class=\"ez-toc-section\" id=\"%C2%BFQuien_puede_ser_responsable_de_una_explosion_industrial\"><\/span>\u00bfQui\u00e9n puede ser responsable de una explosi\u00f3n industrial?<span class=\"ez-toc-section-end\"><\/span><\/h2>\n<p>Para recuperar una indemnizaci\u00f3n justa por una explosi\u00f3n industrial, debe establecer que otra parte le deb\u00eda un deber de cuidado, incumpli\u00f3 ese deber, y en \u00faltima instancia caus\u00f3 su accidente y los da\u00f1os resultantes. En estos casos, la parte responsable puede ser una o m\u00e1s de las siguientes:<\/p>\n<ul>\n<li><b>La planta o refiner\u00eda:<\/b> La instalaci\u00f3n donde se produjo la explosi\u00f3n puede ser considerada responsable si se determina que su negligencia, falta de mantenimiento o incumplimiento de las normas de seguridad contribuyeron al incidente.<\/li>\n<li><b>Terceros proveedores:<\/b> Si terceros proveedores suministraron equipos, materiales o servicios a la planta o refiner\u00eda y sus productos o acciones fueron un factor en la explosi\u00f3n, pueden ser responsables de los da\u00f1os.<\/li>\n<li><b>Fabricantes de equipos:<\/b> Los fabricantes de equipos y maquinaria utilizados en la planta o refiner\u00eda pueden ser considerados responsables si los equipos defectuosos o defectuosos desempe\u00f1aron un papel en la explosi\u00f3n.<\/li>\n<li><b>Contratistas y subcontratistas:<\/b> Los contratistas y subcontratistas implicados en trabajos de construcci\u00f3n, mantenimiento o reparaci\u00f3n en la instalaci\u00f3n pueden ser considerados responsables si sus acciones o negligencia contribuyeron a la explosi\u00f3n.<\/li>\n<li><b>Proveedores de materiales:<\/b> Las empresas que suministran materiales, productos qu\u00edmicos o componentes a la planta o refiner\u00eda pueden ser responsables si sus productos o materiales no eran seguros o contribuyeron a la explosi\u00f3n.<\/li>\n<\/ul>\n<p>Demostrar la responsabilidad implica una investigaci\u00f3n exhaustiva para determinar qu\u00e9 parte o partes fueron responsables de las condiciones que condujeron a la explosi\u00f3n. Establecer esta responsabilidad es un paso fundamental para obtener una indemnizaci\u00f3n por las lesiones, los da\u00f1os y las p\u00e9rdidas econ\u00f3micas sufridas.<\/p>\n<h2><span class=\"ez-toc-section\" id=\"Que_hacer_tras_una_explosion_industrial\"><\/span>Qu\u00e9 hacer tras una explosi\u00f3n industrial<span class=\"ez-toc-section-end\"><\/span><\/h2>\n<p>Una explosi\u00f3n industrial puede ser un acontecimiento que altere la vida. Inmediatamente despu\u00e9s, saber qu\u00e9 medidas tomar puede tener un impacto significativo en su seguridad, bienestar y capacidad para solicitar una indemnizaci\u00f3n. Estos son los pasos cruciales a seguir despu\u00e9s de una explosi\u00f3n en una planta o refiner\u00eda de petr\u00f3leo:<\/p>\n<ul>\n<li><b>Priorizar la seguridad:<\/b> Su seguridad y la seguridad de los dem\u00e1s debe ser la m\u00e1xima prioridad. Si a\u00fan se encuentra en una zona peligrosa, trasl\u00e1dese a un lugar seguro, lejos del lugar de la explosi\u00f3n. Siga los procedimientos de evacuaci\u00f3n y atienda las instrucciones del personal de emergencia.<\/li>\n<li><b>Busque atenci\u00f3n m\u00e9dica:<\/b> Aunque sus lesiones parezcan leves, es esencial que busque atenci\u00f3n m\u00e9dica inmediata. Las lesiones provocadas por las explosiones pueden no ser aparentes, y una r\u00e1pida evaluaci\u00f3n m\u00e9dica puede identificar lesiones ocultas o internas.<\/li>\n<li><b>Informe del incidente:<\/b> Notif\u00edquelo a las autoridades competentes, como la direcci\u00f3n de la planta o refiner\u00eda, el cuerpo de bomberos local y cualquier organismo regulador pertinente. Notificar el incidente garantiza que se documente e investigue adecuadamente.<\/li>\n<li><b>Documente la escena:<\/b> Si no hay peligro, documente el lugar de la explosi\u00f3n. Tome fotograf\u00edas o v\u00eddeos de la zona, incluidos los equipos da\u00f1ados, las estructuras o los peligros medioambientales. Esta documentaci\u00f3n puede ser valiosa para investigaciones y reclamaciones posteriores.<\/li>\n<li><b>Preserve las pruebas:<\/b> Evite manipular o mover cualquier prueba relacionada con la explosi\u00f3n. Esto incluye el equipo da\u00f1ado, los registros de seguridad y cualquier posible fuente de ignici\u00f3n. Preservar las pruebas es crucial para determinar la responsabilidad.<\/li>\n<li><b>Recopile informaci\u00f3n sobre testigos:<\/b> Si hubo testigos de la explosi\u00f3n, recopile su informaci\u00f3n de contacto. Los relatos de los testigos pueden proporcionar informaci\u00f3n crucial durante las investigaciones y los procedimientos judiciales.<\/li>\n<li><b>Consulte con un abogado:<\/b> P\u00f3ngase en contacto con un abogado con experiencia especializado en casos de explosiones industriales. Un abogado especializado en accidentes en refiner\u00edas puede orientarle sobre sus derechos, asistirle en la conservaci\u00f3n de pruebas y ayudarle a navegar por el proceso legal.<\/li>\n<\/ul>\n<p>Buscar asesoramiento legal desde el principio puede ayudar a asegurar que sus derechos est\u00e9n protegidos mientras busca una compensaci\u00f3n por sus lesiones y p\u00e9rdidas.<\/p>\n<h2><span class=\"ez-toc-section\" id=\"FAQS\"><\/span>FAQS<span class=\"ez-toc-section-end\"><\/span><\/h2>\n<h3><span class=\"ez-toc-section\" id=\"Me_lesione_como_empleado_%C2%BFPuedo_presentar_una_demanda_por_lesiones_personales_en_Texas\"><\/span>Me lesion\u00e9 como empleado. \u00bfPuedo presentar una demanda por lesiones personales en Texas?<span class=\"ez-toc-section-end\"><\/span><\/h3>\n<p>Si usted ha sido <a href=\"https:\/\/www.vblawgroup.com\/es\/areas-de-practica\/accidentes-laborales\/\">lesionado como empleado<\/a> en Texas, su ruta a la compensaci\u00f3n depender\u00e1 de si su empleador tiene seguro de compensaci\u00f3n de trabajadores y las circunstancias que rodean su lesi\u00f3n.<\/p>\n<p>Si su empleador tiene seguro, usted tiene la opci\u00f3n de presentar una reclamaci\u00f3n de beneficios de compensaci\u00f3n de trabajadores. Debe demostrar que la lesi\u00f3n se produjo en el curso y el \u00e1mbito de su empleo para recibir prestaciones de ingresos, prestaciones m\u00e9dicas, prestaciones de rehabilitaci\u00f3n profesional y otras compensaciones. No es necesario demostrar que su empresa actu\u00f3 con negligencia o cometi\u00f3 alguna infracci\u00f3n: la indemnizaci\u00f3n por accidente de trabajo est\u00e1 dise\u00f1ada para proporcionar prestaciones con independencia de la culpa.<\/p>\n<p>Si su empresa no tiene seguro de accidentes laborales, usted tiene derecho a presentar una demanda por lesiones personales. En este caso, tendr\u00e1 que demostrar que la negligencia de otra persona, distinta de su empresario, caus\u00f3 sus lesiones. Esto podr\u00eda ser un tercero, como un contratista, fabricante de equipos, u otro individuo o entidad.<\/p>\n<p>En Texas, es importante ser consciente de la ley de prescripci\u00f3n para ambos tipos de reclamaciones:<\/p>\n<ul>\n<li><b>Reclamaci\u00f3n de Compensaci\u00f3n de Trabajadores:<\/b> Normalmente, el plazo de prescripci\u00f3n para presentar una reclamaci\u00f3n de compensaci\u00f3n de trabajadores en Texas es de <a href=\"https:\/\/www.tdi.texas.gov\/wc\/act\/index.html\" target=\"_blank\" rel=\"noopener\">un a\u00f1o<\/a> a partir de la fecha de la lesi\u00f3n. Este plazo es relativamente corto en comparaci\u00f3n con las reclamaciones por lesiones personales.<\/li>\n<li><b>Demanda por lesiones personales:<\/b> El plazo de prescripci\u00f3n para presentar una demanda por lesiones personales en Texas es generalmente <a href=\"https:\/\/statutes.capitol.texas.gov\/Docs\/CP\/htm\/CP.16.htm\" target=\"_blank\" rel=\"noopener\">de dos a\u00f1os<\/a> a partir de la fecha de la lesi\u00f3n.<\/li>\n<\/ul>\n<h3><span class=\"ez-toc-section\" id=\"%C2%BFCuanto_vale_mi_caso\"><\/span>\u00bfCu\u00e1nto vale mi caso?<span class=\"ez-toc-section-end\"><\/span><\/h3>\n<p>El valor exacto de una demanda por lesiones catastr\u00f3ficas depende de varios factores. A<\/p>\n","protected":false},"excerpt":{"rendered":"<p>Las plantas y refiner\u00edas desempe\u00f1an un papel crucial en el suministro de productos esenciales y oportunidades de empleo en San Antonio. Sin embargo, la propia naturaleza de estos lugares de trabajo puede conllevar riesgos inherentes. Si usted o un ser querido ha sufrido lesiones debido a la negligencia que resulta en una explosi\u00f3n, nuestra planta&#8230; <a href=\"https:\/\/www.vblawgroup.com\/es\/abogados-de-explosiones-en-plantas-y-refinerias-de-san-antonio\/\">read more<\/a><\/p>\n","protected":false},"author":10,"featured_media":0,"parent":0,"menu_order":0,"comment_status":"closed","ping_status":"closed","template":"","meta":{"_acf_changed":false,"footnotes":""},"class_list":["post-966","page","type-page","status-publish","hentry"],"acf":[],"_links":{"self":[{"href":"https:\/\/www.vblawgroup.com\/es\/wp-json\/wp\/v2\/pages\/966","targetHints":{"allow":["GET"]}}],"collection":[{"href":"https:\/\/www.vblawgroup.com\/es\/wp-json\/wp\/v2\/pages"}],"about":[{"href":"https:\/\/www.vblawgroup.com\/es\/wp-json\/wp\/v2\/types\/page"}],"author":[{"embeddable":true,"href":"https:\/\/www.vblawgroup.com\/es\/wp-json\/wp\/v2\/users\/10"}],"replies":[{"embeddable":true,"href":"https:\/\/www.vblawgroup.com\/es\/wp-json\/wp\/v2\/comments?post=966"}],"version-history":[{"count":0,"href":"https:\/\/www.vblawgroup.com\/es\/wp-json\/wp\/v2\/pages\/966\/revisions"}],"wp:attachment":[{"href":"https:\/\/www.vblawgroup.com\/es\/wp-json\/wp\/v2\/media?parent=966"}],"curies":[{"name":"wp","href":"https:\/\/api.w.org\/{rel}","templated":true}]}}