{"id":968,"date":"2025-09-15T20:05:42","date_gmt":"2025-09-15T20:05:42","guid":{"rendered":"https:\/\/www.vblawgroup.com\/es\/?page_id=968"},"modified":"2025-09-15T20:05:42","modified_gmt":"2025-09-15T20:05:42","slug":"timberwood-park-accidentes-y-lesiones-abogados","status":"publish","type":"page","link":"https:\/\/www.vblawgroup.com\/es\/timberwood-park-accidentes-y-lesiones-abogados\/","title":{"rendered":"Timberwood Park Accidentes y Lesiones Abogados"},"content":{"rendered":"<p>Timberwood Park, una comunidad en crecimiento al norte de San Antonio, es conocida por su tranquilo ambiente suburbano, sus grandes terrenos residenciales y su acceso a la naturaleza, lo que la convierte en un lugar deseable para vivir. Sin embargo, como en cualquier \u00e1rea con creciente tr\u00e1fico y desarrollo, los accidentes pueden ocurrir y ocurren. Ya sea un accidente de coche en una de las concurridas carreteras que conducen a San Antonio o una lesi\u00f3n catastr\u00f3fica por un resbal\u00f3n y ca\u00edda en un negocio local, estos incidentes pueden alterar su vida en un instante.<\/p>\n<p>Si ha sufrido un accidente en Timberwood Park, su prioridad debe ser centrarse en su recuperaci\u00f3n y bienestar. Sin embargo, es posible que tambi\u00e9n se enfrentan a la carga financiera de las facturas m\u00e9dicas de montaje y los salarios perdidos, as\u00ed como el estr\u00e9s de tratar con las compa\u00f1\u00edas de seguros que son reacios a compensar de manera justa.<\/p>\n<p>En el Texas Law Guns, Injury &amp; Accident Lawyers, entendemos los desaf\u00edos que est\u00e1 enfrentando. <a href=\"https:\/\/www.vblawgroup.com\/es\/sobre-nosotros\/\">Nuestro equipo legal<\/a> est\u00e1 aqu\u00ed para dar la cara por usted y luchar para obtener la compensaci\u00f3n financiera que necesita. Con nuestra experiencia en la ley de lesiones personales y nuestro compromiso de tratar a cada cliente como familia, le ayudaremos a trav\u00e9s de este dif\u00edcil momento.<\/p>\n<div id=\"ez-toc-container\" class=\"ez-toc-v2_0_76 counter-hierarchy ez-toc-counter ez-toc-grey ez-toc-container-direction\">\n<div class=\"ez-toc-title-container\">\n<p class=\"ez-toc-title\" style=\"cursor:inherit\">Table of Contents<\/p>\n<span class=\"ez-toc-title-toggle\"><a href=\"#\" class=\"ez-toc-pull-right ez-toc-btn ez-toc-btn-xs ez-toc-btn-default ez-toc-toggle\" aria-label=\"Toggle Table of Content\"><span class=\"ez-toc-js-icon-con\"><span class=\"\"><span class=\"eztoc-hide\" style=\"display:none;\">Toggle<\/span><span class=\"ez-toc-icon-toggle-span\"><svg style=\"fill: #999;color:#999\" xmlns=\"http:\/\/www.w3.org\/2000\/svg\" class=\"list-377408\" width=\"20px\" height=\"20px\" viewBox=\"0 0 24 24\" fill=\"none\"><path d=\"M6 6H4v2h2V6zm14 0H8v2h12V6zM4 11h2v2H4v-2zm16 0H8v2h12v-2zM4 16h2v2H4v-2zm16 0H8v2h12v-2z\" fill=\"currentColor\"><\/path><\/svg><svg style=\"fill: #999;color:#999\" class=\"arrow-unsorted-368013\" xmlns=\"http:\/\/www.w3.org\/2000\/svg\" width=\"10px\" height=\"10px\" viewBox=\"0 0 24 24\" version=\"1.2\" baseProfile=\"tiny\"><path d=\"M18.2 9.3l-6.2-6.3-6.2 6.3c-.2.2-.3.4-.3.7s.1.5.3.7c.2.2.4.3.7.3h11c.3 0 .5-.1.7-.3.2-.2.3-.5.3-.7s-.1-.5-.3-.7zM5.8 14.7l6.2 6.3 6.2-6.3c.2-.2.3-.5.3-.7s-.1-.5-.3-.7c-.2-.2-.4-.3-.7-.3h-11c-.3 0-.5.1-.7.3-.2.2-.3.5-.3.7s.1.5.3.7z\"\/><\/svg><\/span><\/span><\/span><\/a><\/span><\/div>\n<nav><ul class='ez-toc-list ez-toc-list-level-1 ' ><li class='ez-toc-page-1 ez-toc-heading-level-2'><a class=\"ez-toc-link ez-toc-heading-1\" href=\"https:\/\/www.vblawgroup.com\/es\/timberwood-park-accidentes-y-lesiones-abogados\/#%C2%BFPor_que_contratarnos_para_su_accidente_en_Timberwood_Park\" >\u00bfPor qu\u00e9 contratarnos para su accidente en Timberwood Park?<\/a><\/li><li class='ez-toc-page-1 ez-toc-heading-level-2'><a class=\"ez-toc-link ez-toc-heading-2\" href=\"https:\/\/www.vblawgroup.com\/es\/timberwood-park-accidentes-y-lesiones-abogados\/#%C2%BFCuanto_vale_mi_demanda_por_lesiones_personales\" >\u00bfCu\u00e1nto vale mi demanda por lesiones personales?<\/a><\/li><li class='ez-toc-page-1 ez-toc-heading-level-2'><a class=\"ez-toc-link ez-toc-heading-3\" href=\"https:\/\/www.vblawgroup.com\/es\/timberwood-park-accidentes-y-lesiones-abogados\/#%C2%BFCuanto_tiempo_tengo_para_presentar_una_demanda_por_lesiones_personales\" >\u00bfCu\u00e1nto tiempo tengo para presentar una demanda por lesiones personales?<\/a><\/li><li class='ez-toc-page-1 ez-toc-heading-level-2'><a class=\"ez-toc-link ez-toc-heading-4\" href=\"https:\/\/www.vblawgroup.com\/es\/timberwood-park-accidentes-y-lesiones-abogados\/#%C2%BFTendre_que_ir_a_juicio\" >\u00bfTendr\u00e9 que ir a juicio?<\/a><\/li><li class='ez-toc-page-1 ez-toc-heading-level-2'><a class=\"ez-toc-link ez-toc-heading-5\" href=\"https:\/\/www.vblawgroup.com\/es\/timberwood-park-accidentes-y-lesiones-abogados\/#Por_que_necesita_un_abogado_de_accidentes_en_Timberwood_Park\" >Por qu\u00e9 necesita un abogado de accidentes en Timberwood Park<\/a><\/li><li class='ez-toc-page-1 ez-toc-heading-level-2'><a class=\"ez-toc-link ez-toc-heading-6\" href=\"https:\/\/www.vblawgroup.com\/es\/timberwood-park-accidentes-y-lesiones-abogados\/#Tipos_de_accidentes_y_lesiones_que_manejamos_en_Timberwood_Park\" >Tipos de accidentes y lesiones que manejamos en Timberwood Park<\/a><\/li><li class='ez-toc-page-1 ez-toc-heading-level-2'><a class=\"ez-toc-link ez-toc-heading-7\" href=\"https:\/\/www.vblawgroup.com\/es\/timberwood-park-accidentes-y-lesiones-abogados\/#Que_hacer_si_usted_ha_sido_herido\" >Qu\u00e9 hacer si usted ha sido herido<\/a><\/li><li class='ez-toc-page-1 ez-toc-heading-level-2'><a class=\"ez-toc-link ez-toc-heading-8\" href=\"https:\/\/www.vblawgroup.com\/es\/timberwood-park-accidentes-y-lesiones-abogados\/#%C2%BFTiene_preguntas_Hable_hoy_con_un_abogado_de_accidentes_y_lesiones_de_Timberwood_Park\" >\u00bfTiene preguntas? Hable hoy con un abogado de accidentes y lesiones de Timberwood Park<\/a><\/li><\/ul><\/nav><\/div>\n<h2><span class=\"ez-toc-section\" id=\"%C2%BFPor_que_contratarnos_para_su_accidente_en_Timberwood_Park\"><\/span>\u00bfPor qu\u00e9 contratarnos para su accidente en Timberwood Park?<span class=\"ez-toc-section-end\"><\/span><\/h2>\n<p>Cuando usted ha sufrido lesiones que alteran la vida, usted quiere trabajar con un bufete de abogados que sabe c\u00f3mo luchar por usted y obtener resultados. \u00c9stas son algunas de las muchas razones por las que la contrataci\u00f3n de los Texas Law Guns, Injury &amp; Accident Lawyers es la mejor decisi\u00f3n para su accidente o demanda por lesiones.<\/p>\n<ul>\n<li><b>No nos pagan a menos que usted lo hace:<\/b> Trabajamos sobre una base de honorarios de contingencia, lo que significa que no tendr\u00e1 que pagar nada por adelantado. S\u00f3lo nos pagan si ganamos su caso y recuperar la indemnizaci\u00f3n en su nombre. Esto asegura que usted tenga acceso a una representaci\u00f3n legal de primer nivel sin preocuparse por la carga financiera. Nuestro acuerdo de no ganar, sin honorarios le da la tranquilidad de saber que estamos totalmente invertidos en su caso. Si no conseguimos una indemnizaci\u00f3n para usted, no nos deber\u00e1 ni un c\u00e9ntimo.<\/li>\n<li><b>Resultados probados con millones recuperados:<\/b> Con los a\u00f1os, nuestro equipo ha recuperado millones de d\u00f3lares en acuerdos y veredictos para las v\u00edctimas de accidentes en todo Texas. Nuestro historial de \u00e9xito habla por s\u00ed mismo &#8211; sabemos c\u00f3mo construir casos fuertes que conducen a la m\u00e1xima compensaci\u00f3n. Ya sea a trav\u00e9s de negociaciones o en juicio, luchamos agresivamente para asegurar que usted reciba cada d\u00f3lar que le corresponde. Cuando nos contrata, est\u00e1 eligiendo un bufete con una reputaci\u00f3n positiva y un historial de resultados reales.<\/li>\n<li><b>Manejamos las compa\u00f1\u00edas de seguros dif\u00edciles:<\/b> Las compa\u00f1\u00edas de seguros no est\u00e1n de su lado &#8211; que est\u00e1n mirando hacia fuera para su l\u00ednea de fondo. A menudo utilizan t\u00e1cticas para retrasar, minimizar o negar las reclamaciones, con la esperanza de que se conforme con menos de lo que se merece. Tenemos una amplia experiencia en el trato con los ajustadores de seguros y sus t\u00e1cticas. Si se niegan a ofrecer una cantidad razonable, no dudaremos en llevar su caso a los tribunales.<\/li>\n<li><b>Atenci\u00f3n personalizada y cuidado compasivo:<\/b> Creemos en tratar a nuestros clientes como familia. Usted nunca se sentir\u00e1 como otro n\u00famero de caso con nosotros. Estamos aqu\u00ed para proporcionar orientaci\u00f3n y apoyo durante todo el proceso, desde la consulta inicial hasta la resoluci\u00f3n final. Nuestro equipo compasivo est\u00e1 siempre disponible para responder a sus preguntas, mantenerlo actualizado sobre su caso, y asegurarse de que se sienta confiado en nuestra representaci\u00f3n.<\/li>\n<li><b>Abogados litigantes con experiencia:<\/b> Si bien muchos casos de lesiones personales se resuelven a trav\u00e9s de acuerdos favorables, hay ocasiones en las que es necesario ir a juicio para lograr justicia. En Villarreal &amp; Begum, somos abogados litigantes experimentados que no temen llevar su caso a los tribunales si eso es lo que se necesita para asegurar la compensaci\u00f3n que usted merece.<\/li>\n<\/ul>\n<p>Si no est\u00e1 seguro de si tiene una demanda v\u00e1lida o si duda en contratar a un abogado, ofrecemos consultas gratuitas para ayudarle a obtener las respuestas que necesita. Durante esta consulta, vamos a revisar los detalles de su caso, responder a sus preguntas, y proporcionar una evaluaci\u00f3n honesta de sus opciones legales. No hay obligaci\u00f3n de contratarnos despu\u00e9s de la consulta, y usted saldr\u00e1 con una mejor comprensi\u00f3n de sus derechos y los pr\u00f3ximos pasos que debe tomar.<\/p>\n<h2><span class=\"ez-toc-section\" id=\"%C2%BFCuanto_vale_mi_demanda_por_lesiones_personales\"><\/span>\u00bfCu\u00e1nto vale mi demanda por lesiones personales?<span class=\"ez-toc-section-end\"><\/span><\/h2>\n<p>El valor de su demanda por lesiones personales depende de varios factores, incluyendo la gravedad de sus lesiones, el costo de sus facturas m\u00e9dicas, los salarios perdidos y la p\u00e9rdida de ingresos futuros, y el impacto que el accidente ha tenido en su vida. Las reclamaciones tambi\u00e9n pueden incluir una indemnizaci\u00f3n por el dolor y el sufrimiento, el trauma emocional, la p\u00e9rdida de consorcio, y cualquier gasto de su bolsillo como dispositivos m\u00e9dicos y reparaciones de da\u00f1os a la propiedad. Cada caso es diferente, y vamos a trabajar en estrecha colaboraci\u00f3n con usted para evaluar el alcance total de sus da\u00f1os.<\/p>\n<p>En Texas Law Guns, Injury &amp; Accident Lawyers, nuestro equipo de abogados experimentados evaluar\u00e1 su caso a fondo para proporcionar una estimaci\u00f3n del valor de su reclamo. Aunque ning\u00fan abogado puede garantizar una cantidad espec\u00edfica, estamos comprometidos a luchar por una indemnizaci\u00f3n que refleje el alcance total de sus p\u00e9rdidas monetarias.<\/p>\n<h2><span class=\"ez-toc-section\" id=\"%C2%BFCuanto_tiempo_tengo_para_presentar_una_demanda_por_lesiones_personales\"><\/span>\u00bfCu\u00e1nto tiempo tengo para presentar una demanda por lesiones personales?<span class=\"ez-toc-section-end\"><\/span><\/h2>\n<p>En Texas, el plazo de prescripci\u00f3n para presentar una demanda por lesiones personales es <a href=\"https:\/\/statutes.capitol.texas.gov\/docs\/cp\/htm\/cp.16.htm\" target=\"_blank\" rel=\"noopener\">generalmente de dos a\u00f1os a partir de la fecha del accidente<\/a>. Esto significa que usted tiene dos a\u00f1os para iniciar una acci\u00f3n legal contra la parte culpable. Sin embargo, ciertas excepciones pueden aplicarse dependiendo de las circunstancias de su caso, por lo que es importante actuar con rapidez y consultar con un abogado tan pronto como sea posible.<\/p>\n<p>Si se le pasa la fecha l\u00edmite para presentar su demanda por accidente, usted podr\u00eda perder su derecho a reclamar una indemnizaci\u00f3n justa por sus lesiones. P\u00f3ngase en contacto con un abogado con experiencia en el Texas Law Guns, Injury &amp; Accident Lawyers hoy para asegurarse de que su reclamaci\u00f3n se presente dentro del plazo adecuado.<\/p>\n<h2><span class=\"ez-toc-section\" id=\"%C2%BFTendre_que_ir_a_juicio\"><\/span>\u00bfTendr\u00e9 que ir a juicio?<span class=\"ez-toc-section-end\"><\/span><\/h2>\n<p>Muchos casos de lesiones personales se resuelven fuera de los tribunales a trav\u00e9s de negociaciones con las compa\u00f1\u00edas de seguros. La mayor\u00eda de nuestros clientes nunca tienen que poner un pie en un tribunal. Sin embargo, si la compa\u00f1\u00eda de seguros se niega a ofrecer un acuerdo justo, estamos totalmente preparados para llevar su caso a juicio. Nuestros abogados tienen una amplia experiencia en juicios y estar\u00e1n a su lado en cada paso del camino si es necesario ir a juicio. Si su caso se resuelve a trav\u00e9s de negociaciones o va a juicio, usted puede confiar en que vamos a luchar para asegurar el mejor resultado posible para usted.<\/p>\n<h2><span class=\"ez-toc-section\" id=\"Por_que_necesita_un_abogado_de_accidentes_en_Timberwood_Park\"><\/span>Por qu\u00e9 necesita un abogado de accidentes en Timberwood Park<span class=\"ez-toc-section-end\"><\/span><\/h2>\n<p>Si usted ha sido lesionado en un accidente evitable, es posible que se pregunte si es necesario contratar a un abogado. Si bien es posible manejar una reclamaci\u00f3n por su cuenta, tener un abogado con experiencia en lesiones personales de su lado es una gran ventaja. Las compa\u00f1\u00edas de seguros a menudo tratan de minimizar o negar las reclamaciones v\u00e1lidas, y el manejo del proceso legal por su cuenta puede ser estresante y consume mucho tiempo.<\/p>\n<p>Texas Law Guns, Injury &amp; Accident Lawyers tiene un historial probado de representar con \u00e9xito a las v\u00edctimas de lesiones en Timberwood Park y en todo Texas. Tomamos un enfoque agresivo a las demandas por lesiones personales para que usted reciba la m\u00e1xima compensaci\u00f3n por sus lesiones, da\u00f1os y p\u00e9rdidas financieras. Desde accidentes automovil\u00edsticos hasta lesiones en el lugar de trabajo, tenemos la experiencia y los recursos necesarios para hacer que las partes responsables rindan cuentas por sus acciones negligentes.<\/p>\n<h2><span class=\"ez-toc-section\" id=\"Tipos_de_accidentes_y_lesiones_que_manejamos_en_Timberwood_Park\"><\/span>Tipos de accidentes y lesiones que manejamos en Timberwood Park<span class=\"ez-toc-section-end\"><\/span><\/h2>\n<p>En el Texas Law Guns, Injury &amp; Accident Lawyers, representamos a clientes que han sido lesionados en una amplia gama de accidentes en Timberwood Park. Aqu\u00ed est\u00e1n algunos de los tipos m\u00e1s comunes de accidentes y lesiones que manejamos:<\/p>\n<ul>\n<li><b>Accidentes automovil\u00edsticos:<\/b> Desde choques por detr\u00e1s hasta accidentes en intersecciones, las colisiones de veh\u00edculos motorizados son una de las principales causas de lesiones graves en Timberwood Park. Nuestros abogados experimentados en accidentes automovil\u00edsticos le ayudan a recuperar la compensaci\u00f3n por sus facturas m\u00e9dicas, salarios perdidos y da\u00f1os al veh\u00edculo del conductor negligente.<\/li>\n<li><b>Accidentes de camiones:<\/b> Los accidentes automovil\u00edsticos que involucran camiones comerciales pueden ser particularmente devastadores debido al tama\u00f1o y peso de estos veh\u00edculos m\u00e1s grandes. Nuestros abogados de accidentes de camiones tienen experiencia en el manejo de estos casos complejos y la b\u00fasqueda de reclamaciones contra los conductores de camiones, empresas de transporte por carretera, y sus aseguradoras.<\/li>\n<li><b>Accidentes de Motocicleta:<\/b> Los motociclistas son especialmente vulnerables en la carretera, y <a href=\"https:\/\/www.vblawgroup.com\/blog\/motorcycle-accidents\/how-to-file-a-lawsuit-after-a-texas-motorcycle-crash\/\">los accidentes a menudo resultan en lesiones graves<\/a>. Si usted ha sido lesionado, nuestros abogados de accidentes de motocicleta pueden ayudarle a obtener una indemnizaci\u00f3n justa para sus gastos m\u00e9dicos, gastos de rehabilitaci\u00f3n, y mucho m\u00e1s.<\/li>\n<li><b>Accidentes por resbalones y ca\u00eddas:<\/b> Si usted ha sido lesionado en la propiedad de otra persona debido a condiciones inseguras, usted puede tener derecho a una indemnizaci\u00f3n por las lesiones de su accidente. Los propietarios tienen el deber de mantener las instalaciones seguras, y nuestros abogados de responsabilidad de locales pueden ayudar a hacerlos responsables.<\/li>\n<li><b>Lesiones en el lugar de trabajo:<\/b> Si usted ha sido lesionado en un sitio de construcci\u00f3n o en una oficina, podemos ayudarle a navegar por las reclamaciones de indemnizaci\u00f3n de los trabajadores y explorar otras v\u00edas potenciales de compensaci\u00f3n.<\/li>\n<li><b>Muerte por negligencia:<\/b> Perder a un ser querido en un accidente devastador es una de las experiencias m\u00e1s dif\u00edciles que alguien puede enfrentar. Si su familia est\u00e1 sufriendo una p\u00e9rdida de este tipo, nuestros abogados de muerte por negligencia est\u00e1n aqu\u00ed para ayudarle a buscar justicia y compensaci\u00f3n por su p\u00e9rdida.<\/li>\n<\/ul>\n<h2><span class=\"ez-toc-section\" id=\"Que_hacer_si_usted_ha_sido_herido\"><\/span>Qu\u00e9 hacer si usted ha sido herido<span class=\"ez-toc-section-end\"><\/span><\/h2>\n<p>Resultar herido en un accidente puede dejarlo asustado, abrumado y dolorido, pero <a href=\"https:\/\/www.vblawgroup.com\/blog\/truck-accidents\/liable-truck-accidents\/\">saber qu\u00e9 pasos tomar despu\u00e9s<\/a> puede ayudar a proteger su bienestar y su potencial demanda por lesiones personales.<\/p>\n<ul>\n<li><b>Compruebe si hay lesiones:<\/b> Su salud es la m\u00e1xima prioridad. Compruebe si usted y los dem\u00e1s implicados en el accidente tienen lesiones. Si alguien est\u00e1 gravemente herido, llame al 911 inmediatamente. Incluso si usted no piensa que est\u00e1 herido, es importante buscar atenci\u00f3n m\u00e9dica, ya que las lesiones internas, algunas lesiones cerebrales traum\u00e1ticas, y otros da\u00f1os potencialmente graves no siempre son inmediatamente evidentes.<\/li>\n<li><b>Llama a las autoridades:<\/b> En algunos casos, te conviene llamar a la polic\u00eda despu\u00e9s de un accidente. Ellos pueden crear un informe oficial del accidente que documenta el incidente, que puede ser valioso para su reclamo de seguro o caso de lesiones personales. Si usted est\u00e1 en un accidente de auto, <a href=\"https:\/\/www.tdi.texas.gov\/tips\/what-to-do-after-a-wreck.html\" target=\"_blank\" rel=\"noopener\">tener un informe de la polic\u00eda a menudo es requerido por las aseguradoras<\/a>.<\/li>\n<li><b>Documenta la escena:<\/b> Si puedes, haz fotos del lugar del accidente, incluidos los veh\u00edculos, los da\u00f1os materiales y las lesiones. Esta documentaci\u00f3n puede servir como prueba fundamental m\u00e1s adelante. Aseg\u00farate tambi\u00e9n de obtener los datos de contacto de los testigos.<\/li>\n<li><b>Intercambia informaci\u00f3n:<\/b> Si en el accidente se ha visto implicada otra persona, por ejemplo en un accidente de tr\u00e1fico o en un resbal\u00f3n y ca\u00edda, intercambia informaci\u00f3n de contacto y del seguro con la otra parte. Aseg\u00farate de recopilar datos como nombres, n\u00fameros de tel\u00e9fono, direcciones y n\u00fameros de p\u00f3liza de seguro.<\/li>\n<li><b>Evita admitir la culpa:<\/b> Es natural sentirse conmocionado tras un accidente, pero ten cuidado con lo que dices. Evita hacer declaraciones que puedan interpretarse como admisi\u00f3n de culpa, aunque creas que eres parcialmente responsable. Deje la determinaci\u00f3n de la culpa en manos de los peritos y los profesionales del derecho.<\/li>\n<li><b>Informe a su compa\u00f1\u00eda de seguros:<\/b> Comunique el accidente a su compa\u00f1\u00eda de seguros lo antes posible. Facil\u00edteles los hechos ocurridos, pero evite hacer una declaraci\u00f3n grabada sin consultar antes con un abogado.<\/li>\n<li><b>Consulte con un abogado de lesiones personales:<\/b> Siempre es una buena idea hablar con un abogado despu\u00e9s de un accidente con lesiones indemnizables. Un abogado de lesiones personales puede ayudarle a proteger sus derechos, tratar con las compa\u00f1\u00edas de seguros y guiarle a trav\u00e9s del proceso legal para obtener la compensaci\u00f3n que se merece.<\/li>\n<\/ul>\n<h2><span class=\"ez-toc-section\" id=\"%C2%BFTiene_preguntas_Hable_hoy_con_un_abogado_de_accidentes_y_lesiones_de_Timberwood_Park\"><\/span>\u00bfTiene preguntas? Hable hoy con un abogado de accidentes y lesiones de Timberwood Park<span class=\"ez-toc-section-end\"><\/span><\/h2>\n<p>Si usted ha sido lesionado en un accidente en Timberwood Park, no espere para obtener representaci\u00f3n legal. Cuanto antes se ponga en contacto con nuestro equipo, antes podremos empezar a trabajar en su caso y luchar por la compensaci\u00f3n que necesita.<\/p>\n<p>En Texas Law Guns, Injury &amp; Accident Lawyers, estamos comprometidos a proporcionar representaci\u00f3n personalizada, compasiva y agresiva a las v\u00edctimas de accidentes en todo Texas. Con nuestra promesa de no ganar, sin honorarios, no hay riesgo en obtener la ayuda que necesita. Para programar una consulta gratuita, llame a nuestro bufete de abogados de lesiones personales al (210) 800-0000 o <a href=\"https:\/\/www.vblawgroup.com\/es\/contactenos\/\">p\u00f3ngase en contacto con nosotros en l\u00ednea<\/a> hoy.<\/p>\n","protected":false},"excerpt":{"rendered":"<p>Timberwood Park, una comunidad en crecimiento al norte de San Antonio, es conocida por su tranquilo ambiente suburbano, sus grandes terrenos residenciales y su acceso a la naturaleza, lo que la convierte en un lugar deseable para vivir. Sin embargo, como en cualquier \u00e1rea con creciente tr\u00e1fico y desarrollo, los accidentes pueden ocurrir y ocurren&#8230;. <a href=\"https:\/\/www.vblawgroup.com\/es\/timberwood-park-accidentes-y-lesiones-abogados\/\">read more<\/a><\/p>\n","protected":false},"author":10,"featured_media":0,"parent":0,"menu_order":0,"comment_status":"closed","ping_status":"closed","template":"","meta":{"_acf_changed":false,"footnotes":""},"class_list":["post-968","page","type-page","status-publish","hentry"],"acf":[],"_links":{"self":[{"href":"https:\/\/www.vblawgroup.com\/es\/wp-json\/wp\/v2\/pages\/968","targetHints":{"allow":["GET"]}}],"collection":[{"href":"https:\/\/www.vblawgroup.com\/es\/wp-json\/wp\/v2\/pages"}],"about":[{"href":"https:\/\/www.vblawgroup.com\/es\/wp-json\/wp\/v2\/types\/page"}],"author":[{"embeddable":true,"href":"https:\/\/www.vblawgroup.com\/es\/wp-json\/wp\/v2\/users\/10"}],"replies":[{"embeddable":true,"href":"https:\/\/www.vblawgroup.com\/es\/wp-json\/wp\/v2\/comments?post=968"}],"version-history":[{"count":0,"href":"https:\/\/www.vblawgroup.com\/es\/wp-json\/wp\/v2\/pages\/968\/revisions"}],"wp:attachment":[{"href":"https:\/\/www.vblawgroup.com\/es\/wp-json\/wp\/v2\/media?parent=968"}],"curies":[{"name":"wp","href":"https:\/\/api.w.org\/{rel}","templated":true}]}}